{"id":649,"date":"2025-08-05T08:47:04","date_gmt":"2025-08-05T08:47:04","guid":{"rendered":"https:\/\/spinbetter.cash\/tr\/?page_id=649"},"modified":"2025-08-05T08:47:17","modified_gmt":"2025-08-05T08:47:17","slug":"freebet-spinbetter","status":"publish","type":"page","link":"https:\/\/spinbetter.cash\/tr\/bonus\/freebet-spinbetter\/","title":{"rendered":"SpinBetter&#8217;dan Freebet"},"content":{"rendered":"","protected":false},"excerpt":{"rendered":"","protected":false},"author":1,"featured_media":0,"parent":152,"menu_order":0,"comment_status":"closed","ping_status":"closed","template":"","meta":{"_acf_changed":false,"footnotes":""},"class_list":["post-649","page","type-page","status-publish","hentry"],"acf":[],"yoast_head":"<!-- This site is optimized with the Yoast SEO plugin v27.3 - https:\/\/yoast.com\/product\/yoast-seo-wordpress\/ -->\n<title>Freebet SpinBetter \u1405 The International&#039;da 200EUR&#039;a Kadar<\/title>\n<meta name=\"description\" content=\"The International&#039;a kazanan bahisler yap\u0131n ve 200 EUR&#039;ya kadar \u00fccretsiz bahis kazan\u0131n. 3 Eyl\u00fcl - 16 Eyl\u00fcl 2025 tarihleri aras\u0131nda SpinBetter promosyonuna kat\u0131l\u0131n.\" \/>\n<meta name=\"robots\" content=\"index, follow, max-snippet:-1, max-image-preview:large, max-video-preview:-1\" \/>\n<meta property=\"og:locale\" content=\"tr_TR\" \/>\n<meta property=\"og:type\" content=\"article\" \/>\n<meta property=\"og:title\" content=\"Freebet SpinBetter \u1405 The International&#039;da 200EUR&#039;a Kadar\" \/>\n<meta property=\"og:description\" content=\"The International&#039;a kazanan bahisler yap\u0131n ve 200 EUR&#039;ya kadar \u00fccretsiz bahis kazan\u0131n. 3 Eyl\u00fcl - 16 Eyl\u00fcl 2025 tarihleri aras\u0131nda SpinBetter promosyonuna kat\u0131l\u0131n.\" \/>\n<meta property=\"og:url\" content=\"https:\/\/spinbetter.cash\/tr\/bonus\/freebet-spinbetter\/\" \/>\n<meta property=\"og:site_name\" content=\"Spinbetter Football TR\" \/>\n<meta property=\"article:modified_time\" content=\"2025-08-05T08:47:17+00:00\" \/>\n<meta name=\"twitter:card\" content=\"summary_large_image\" \/>\n<script type=\"application\/ld+json\" class=\"yoast-schema-graph\">{\"@context\":\"https:\\\/\\\/schema.org\",\"@graph\":[{\"@type\":\"WebPage\",\"@id\":\"https:\\\/\\\/spinbetter.cash\\\/tr\\\/bonus\\\/freebet-spinbetter\\\/\",\"url\":\"https:\\\/\\\/spinbetter.cash\\\/tr\\\/bonus\\\/freebet-spinbetter\\\/\",\"name\":\"Freebet SpinBetter \u1405 The International'da 200EUR'a Kadar\",\"isPartOf\":{\"@id\":\"https:\\\/\\\/spinbetter.cash\\\/tr\\\/#website\"},\"datePublished\":\"2025-08-05T08:47:04+00:00\",\"dateModified\":\"2025-08-05T08:47:17+00:00\",\"description\":\"The International'a kazanan bahisler yap\u0131n ve 200 EUR'ya kadar \u00fccretsiz bahis kazan\u0131n. 3 Eyl\u00fcl - 16 Eyl\u00fcl 2025 tarihleri aras\u0131nda SpinBetter promosyonuna kat\u0131l\u0131n.\",\"breadcrumb\":{\"@id\":\"https:\\\/\\\/spinbetter.cash\\\/tr\\\/bonus\\\/freebet-spinbetter\\\/#breadcrumb\"},\"inLanguage\":\"tr\",\"potentialAction\":[{\"@type\":\"ReadAction\",\"target\":[\"https:\\\/\\\/spinbetter.cash\\\/tr\\\/bonus\\\/freebet-spinbetter\\\/\"]}]},{\"@type\":\"BreadcrumbList\",\"@id\":\"https:\\\/\\\/spinbetter.cash\\\/tr\\\/bonus\\\/freebet-spinbetter\\\/#breadcrumb\",\"itemListElement\":[{\"@type\":\"ListItem\",\"position\":1,\"name\":\"Home\",\"item\":\"https:\\\/\\\/spinbetter.cash\\\/tr\\\/\"},{\"@type\":\"ListItem\",\"position\":2,\"name\":\"Bonus\",\"item\":\"https:\\\/\\\/spinbetter.cash\\\/tr\\\/bonus\\\/\"},{\"@type\":\"ListItem\",\"position\":3,\"name\":\"SpinBetter&#8217;dan Freebet\"}]},{\"@type\":\"WebSite\",\"@id\":\"https:\\\/\\\/spinbetter.cash\\\/tr\\\/#website\",\"url\":\"https:\\\/\\\/spinbetter.cash\\\/tr\\\/\",\"name\":\"Spinbetter Football TR\",\"description\":\"My WordPress Blog\",\"potentialAction\":[{\"@type\":\"SearchAction\",\"target\":{\"@type\":\"EntryPoint\",\"urlTemplate\":\"https:\\\/\\\/spinbetter.cash\\\/tr\\\/?s={search_term_string}\"},\"query-input\":{\"@type\":\"PropertyValueSpecification\",\"valueRequired\":true,\"valueName\":\"search_term_string\"}}],\"inLanguage\":\"tr\"}]}<\/script>\n<!-- \/ Yoast SEO plugin. -->","yoast_head_json":{"title":"Freebet SpinBetter \u1405 The International'da 200EUR'a Kadar","description":"The International'a kazanan bahisler yap\u0131n ve 200 EUR'ya kadar \u00fccretsiz bahis kazan\u0131n. 3 Eyl\u00fcl - 16 Eyl\u00fcl 2025 tarihleri aras\u0131nda SpinBetter promosyonuna kat\u0131l\u0131n.","robots":{"index":"index","follow":"follow","max-snippet":"max-snippet:-1","max-image-preview":"max-image-preview:large","max-video-preview":"max-video-preview:-1"},"og_locale":"tr_TR","og_type":"article","og_title":"Freebet SpinBetter \u1405 The International'da 200EUR'a Kadar","og_description":"The International'a kazanan bahisler yap\u0131n ve 200 EUR'ya kadar \u00fccretsiz bahis kazan\u0131n. 3 Eyl\u00fcl - 16 Eyl\u00fcl 2025 tarihleri aras\u0131nda SpinBetter promosyonuna kat\u0131l\u0131n.","og_url":"https:\/\/spinbetter.cash\/tr\/bonus\/freebet-spinbetter\/","og_site_name":"Spinbetter Football TR","article_modified_time":"2025-08-05T08:47:17+00:00","twitter_card":"summary_large_image","schema":{"@context":"https:\/\/schema.org","@graph":[{"@type":"WebPage","@id":"https:\/\/spinbetter.cash\/tr\/bonus\/freebet-spinbetter\/","url":"https:\/\/spinbetter.cash\/tr\/bonus\/freebet-spinbetter\/","name":"Freebet SpinBetter \u1405 The International'da 200EUR'a Kadar","isPartOf":{"@id":"https:\/\/spinbetter.cash\/tr\/#website"},"datePublished":"2025-08-05T08:47:04+00:00","dateModified":"2025-08-05T08:47:17+00:00","description":"The International'a kazanan bahisler yap\u0131n ve 200 EUR'ya kadar \u00fccretsiz bahis kazan\u0131n. 3 Eyl\u00fcl - 16 Eyl\u00fcl 2025 tarihleri aras\u0131nda SpinBetter promosyonuna kat\u0131l\u0131n.","breadcrumb":{"@id":"https:\/\/spinbetter.cash\/tr\/bonus\/freebet-spinbetter\/#breadcrumb"},"inLanguage":"tr","potentialAction":[{"@type":"ReadAction","target":["https:\/\/spinbetter.cash\/tr\/bonus\/freebet-spinbetter\/"]}]},{"@type":"BreadcrumbList","@id":"https:\/\/spinbetter.cash\/tr\/bonus\/freebet-spinbetter\/#breadcrumb","itemListElement":[{"@type":"ListItem","position":1,"name":"Home","item":"https:\/\/spinbetter.cash\/tr\/"},{"@type":"ListItem","position":2,"name":"Bonus","item":"https:\/\/spinbetter.cash\/tr\/bonus\/"},{"@type":"ListItem","position":3,"name":"SpinBetter&#8217;dan Freebet"}]},{"@type":"WebSite","@id":"https:\/\/spinbetter.cash\/tr\/#website","url":"https:\/\/spinbetter.cash\/tr\/","name":"Spinbetter Football TR","description":"My WordPress Blog","potentialAction":[{"@type":"SearchAction","target":{"@type":"EntryPoint","urlTemplate":"https:\/\/spinbetter.cash\/tr\/?s={search_term_string}"},"query-input":{"@type":"PropertyValueSpecification","valueRequired":true,"valueName":"search_term_string"}}],"inLanguage":"tr"}]}},"_links":{"self":[{"href":"https:\/\/spinbetter.cash\/tr\/wp-json\/wp\/v2\/pages\/649","targetHints":{"allow":["GET"]}}],"collection":[{"href":"https:\/\/spinbetter.cash\/tr\/wp-json\/wp\/v2\/pages"}],"about":[{"href":"https:\/\/spinbetter.cash\/tr\/wp-json\/wp\/v2\/types\/page"}],"author":[{"embeddable":true,"href":"https:\/\/spinbetter.cash\/tr\/wp-json\/wp\/v2\/users\/1"}],"replies":[{"embeddable":true,"href":"https:\/\/spinbetter.cash\/tr\/wp-json\/wp\/v2\/comments?post=649"}],"version-history":[{"count":1,"href":"https:\/\/spinbetter.cash\/tr\/wp-json\/wp\/v2\/pages\/649\/revisions"}],"predecessor-version":[{"id":650,"href":"https:\/\/spinbetter.cash\/tr\/wp-json\/wp\/v2\/pages\/649\/revisions\/650"}],"up":[{"embeddable":true,"href":"https:\/\/spinbetter.cash\/tr\/wp-json\/wp\/v2\/pages\/152"}],"wp:attachment":[{"href":"https:\/\/spinbetter.cash\/tr\/wp-json\/wp\/v2\/media?parent=649"}],"curies":[{"name":"wp","href":"https:\/\/api.w.org\/{rel}","templated":true}]}}