{"id":647,"date":"2025-07-31T14:40:05","date_gmt":"2025-07-31T14:40:05","guid":{"rendered":"https:\/\/spinbetter.cash\/tr\/?page_id=647"},"modified":"2025-07-31T14:40:18","modified_gmt":"2025-07-31T14:40:18","slug":"20-cashback","status":"publish","type":"page","link":"https:\/\/spinbetter.cash\/tr\/bonus\/20-cashback\/","title":{"rendered":"%20&#8217;ye varan geri \u00f6deme"},"content":{"rendered":"","protected":false},"excerpt":{"rendered":"","protected":false},"author":1,"featured_media":0,"parent":152,"menu_order":0,"comment_status":"closed","ping_status":"closed","template":"","meta":{"_acf_changed":false,"footnotes":""},"class_list":["post-647","page","type-page","status-publish","hentry"],"acf":[],"yoast_head":"<!-- This site is optimized with the Yoast SEO plugin v27.3 - https:\/\/yoast.com\/product\/yoast-seo-wordpress\/ -->\n<title>SpinBetter&#039;dan futbol para iadesi \u1405 bahislerin &#039;sine kadar<\/title>\n<meta name=\"description\" content=\"SpinBetter&#039;da futbola bahis yap\u0131n ve kay\u0131plar\u0131n\u0131z\u0131n &#039;sine kadar\u0131n\u0131 geri al\u0131n. Bonus hesab\u0131n\u0131za haftal\u0131k 500\u20ac&#039;ya kadar geri \u00f6deme \u2013 4.08&#039;den 5.10&#039;a kadar kat\u0131l\u0131n!\" \/>\n<meta name=\"robots\" content=\"index, follow, max-snippet:-1, max-image-preview:large, max-video-preview:-1\" \/>\n<meta property=\"og:locale\" content=\"tr_TR\" \/>\n<meta property=\"og:type\" content=\"article\" \/>\n<meta property=\"og:title\" content=\"SpinBetter&#039;dan futbol para iadesi \u1405 bahislerin &#039;sine kadar\" \/>\n<meta property=\"og:description\" content=\"SpinBetter&#039;da futbola bahis yap\u0131n ve kay\u0131plar\u0131n\u0131z\u0131n &#039;sine kadar\u0131n\u0131 geri al\u0131n. Bonus hesab\u0131n\u0131za haftal\u0131k 500\u20ac&#039;ya kadar geri \u00f6deme \u2013 4.08&#039;den 5.10&#039;a kadar kat\u0131l\u0131n!\" \/>\n<meta property=\"og:url\" content=\"https:\/\/spinbetter.cash\/tr\/bonus\/20-cashback\/\" \/>\n<meta property=\"og:site_name\" content=\"Spinbetter Football TR\" \/>\n<meta property=\"article:modified_time\" content=\"2025-07-31T14:40:18+00:00\" \/>\n<meta name=\"twitter:card\" content=\"summary_large_image\" \/>\n<script type=\"application\/ld+json\" class=\"yoast-schema-graph\">{\"@context\":\"https:\\\/\\\/schema.org\",\"@graph\":[{\"@type\":\"WebPage\",\"@id\":\"https:\\\/\\\/spinbetter.cash\\\/tr\\\/bonus\\\/20-cashback\\\/\",\"url\":\"https:\\\/\\\/spinbetter.cash\\\/tr\\\/bonus\\\/20-cashback\\\/\",\"name\":\"SpinBetter'dan futbol para iadesi \u1405 bahislerin 'sine kadar\",\"isPartOf\":{\"@id\":\"https:\\\/\\\/spinbetter.cash\\\/tr\\\/#website\"},\"datePublished\":\"2025-07-31T14:40:05+00:00\",\"dateModified\":\"2025-07-31T14:40:18+00:00\",\"description\":\"SpinBetter'da futbola bahis yap\u0131n ve kay\u0131plar\u0131n\u0131z\u0131n 'sine kadar\u0131n\u0131 geri al\u0131n. Bonus hesab\u0131n\u0131za haftal\u0131k 500\u20ac'ya kadar geri \u00f6deme \u2013 4.08'den 5.10'a kadar kat\u0131l\u0131n!\",\"breadcrumb\":{\"@id\":\"https:\\\/\\\/spinbetter.cash\\\/tr\\\/bonus\\\/20-cashback\\\/#breadcrumb\"},\"inLanguage\":\"tr\",\"potentialAction\":[{\"@type\":\"ReadAction\",\"target\":[\"https:\\\/\\\/spinbetter.cash\\\/tr\\\/bonus\\\/20-cashback\\\/\"]}]},{\"@type\":\"BreadcrumbList\",\"@id\":\"https:\\\/\\\/spinbetter.cash\\\/tr\\\/bonus\\\/20-cashback\\\/#breadcrumb\",\"itemListElement\":[{\"@type\":\"ListItem\",\"position\":1,\"name\":\"Home\",\"item\":\"https:\\\/\\\/spinbetter.cash\\\/tr\\\/\"},{\"@type\":\"ListItem\",\"position\":2,\"name\":\"Bonus\",\"item\":\"https:\\\/\\\/spinbetter.cash\\\/tr\\\/bonus\\\/\"},{\"@type\":\"ListItem\",\"position\":3,\"name\":\"%20&#8217;ye varan geri \u00f6deme\"}]},{\"@type\":\"WebSite\",\"@id\":\"https:\\\/\\\/spinbetter.cash\\\/tr\\\/#website\",\"url\":\"https:\\\/\\\/spinbetter.cash\\\/tr\\\/\",\"name\":\"Spinbetter Football TR\",\"description\":\"My WordPress Blog\",\"potentialAction\":[{\"@type\":\"SearchAction\",\"target\":{\"@type\":\"EntryPoint\",\"urlTemplate\":\"https:\\\/\\\/spinbetter.cash\\\/tr\\\/?s={search_term_string}\"},\"query-input\":{\"@type\":\"PropertyValueSpecification\",\"valueRequired\":true,\"valueName\":\"search_term_string\"}}],\"inLanguage\":\"tr\"}]}<\/script>\n<!-- \/ Yoast SEO plugin. -->","yoast_head_json":{"title":"SpinBetter'dan futbol para iadesi \u1405 bahislerin 'sine kadar","description":"SpinBetter'da futbola bahis yap\u0131n ve kay\u0131plar\u0131n\u0131z\u0131n 'sine kadar\u0131n\u0131 geri al\u0131n. Bonus hesab\u0131n\u0131za haftal\u0131k 500\u20ac'ya kadar geri \u00f6deme \u2013 4.08'den 5.10'a kadar kat\u0131l\u0131n!","robots":{"index":"index","follow":"follow","max-snippet":"max-snippet:-1","max-image-preview":"max-image-preview:large","max-video-preview":"max-video-preview:-1"},"og_locale":"tr_TR","og_type":"article","og_title":"SpinBetter'dan futbol para iadesi \u1405 bahislerin 'sine kadar","og_description":"SpinBetter'da futbola bahis yap\u0131n ve kay\u0131plar\u0131n\u0131z\u0131n 'sine kadar\u0131n\u0131 geri al\u0131n. Bonus hesab\u0131n\u0131za haftal\u0131k 500\u20ac'ya kadar geri \u00f6deme \u2013 4.08'den 5.10'a kadar kat\u0131l\u0131n!","og_url":"https:\/\/spinbetter.cash\/tr\/bonus\/20-cashback\/","og_site_name":"Spinbetter Football TR","article_modified_time":"2025-07-31T14:40:18+00:00","twitter_card":"summary_large_image","schema":{"@context":"https:\/\/schema.org","@graph":[{"@type":"WebPage","@id":"https:\/\/spinbetter.cash\/tr\/bonus\/20-cashback\/","url":"https:\/\/spinbetter.cash\/tr\/bonus\/20-cashback\/","name":"SpinBetter'dan futbol para iadesi \u1405 bahislerin 'sine kadar","isPartOf":{"@id":"https:\/\/spinbetter.cash\/tr\/#website"},"datePublished":"2025-07-31T14:40:05+00:00","dateModified":"2025-07-31T14:40:18+00:00","description":"SpinBetter'da futbola bahis yap\u0131n ve kay\u0131plar\u0131n\u0131z\u0131n 'sine kadar\u0131n\u0131 geri al\u0131n. Bonus hesab\u0131n\u0131za haftal\u0131k 500\u20ac'ya kadar geri \u00f6deme \u2013 4.08'den 5.10'a kadar kat\u0131l\u0131n!","breadcrumb":{"@id":"https:\/\/spinbetter.cash\/tr\/bonus\/20-cashback\/#breadcrumb"},"inLanguage":"tr","potentialAction":[{"@type":"ReadAction","target":["https:\/\/spinbetter.cash\/tr\/bonus\/20-cashback\/"]}]},{"@type":"BreadcrumbList","@id":"https:\/\/spinbetter.cash\/tr\/bonus\/20-cashback\/#breadcrumb","itemListElement":[{"@type":"ListItem","position":1,"name":"Home","item":"https:\/\/spinbetter.cash\/tr\/"},{"@type":"ListItem","position":2,"name":"Bonus","item":"https:\/\/spinbetter.cash\/tr\/bonus\/"},{"@type":"ListItem","position":3,"name":"%20&#8217;ye varan geri \u00f6deme"}]},{"@type":"WebSite","@id":"https:\/\/spinbetter.cash\/tr\/#website","url":"https:\/\/spinbetter.cash\/tr\/","name":"Spinbetter Football TR","description":"My WordPress Blog","potentialAction":[{"@type":"SearchAction","target":{"@type":"EntryPoint","urlTemplate":"https:\/\/spinbetter.cash\/tr\/?s={search_term_string}"},"query-input":{"@type":"PropertyValueSpecification","valueRequired":true,"valueName":"search_term_string"}}],"inLanguage":"tr"}]}},"_links":{"self":[{"href":"https:\/\/spinbetter.cash\/tr\/wp-json\/wp\/v2\/pages\/647","targetHints":{"allow":["GET"]}}],"collection":[{"href":"https:\/\/spinbetter.cash\/tr\/wp-json\/wp\/v2\/pages"}],"about":[{"href":"https:\/\/spinbetter.cash\/tr\/wp-json\/wp\/v2\/types\/page"}],"author":[{"embeddable":true,"href":"https:\/\/spinbetter.cash\/tr\/wp-json\/wp\/v2\/users\/1"}],"replies":[{"embeddable":true,"href":"https:\/\/spinbetter.cash\/tr\/wp-json\/wp\/v2\/comments?post=647"}],"version-history":[{"count":1,"href":"https:\/\/spinbetter.cash\/tr\/wp-json\/wp\/v2\/pages\/647\/revisions"}],"predecessor-version":[{"id":648,"href":"https:\/\/spinbetter.cash\/tr\/wp-json\/wp\/v2\/pages\/647\/revisions\/648"}],"up":[{"embeddable":true,"href":"https:\/\/spinbetter.cash\/tr\/wp-json\/wp\/v2\/pages\/152"}],"wp:attachment":[{"href":"https:\/\/spinbetter.cash\/tr\/wp-json\/wp\/v2\/media?parent=647"}],"curies":[{"name":"wp","href":"https:\/\/api.w.org\/{rel}","templated":true}]}}