{"id":641,"date":"2025-07-04T07:21:41","date_gmt":"2025-07-04T07:21:41","guid":{"rendered":"https:\/\/spinbetter.cash\/tr\/?page_id=641"},"modified":"2025-07-04T07:21:41","modified_gmt":"2025-07-04T07:21:41","slug":"betting-cashback-from-spinbetter","status":"publish","type":"page","link":"https:\/\/spinbetter.cash\/tr\/bonus\/betting-cashback-from-spinbetter\/","title":{"rendered":"SpinBetter&#8217;dan bahis CASHBACK"},"content":{"rendered":"","protected":false},"excerpt":{"rendered":"","protected":false},"author":1,"featured_media":0,"parent":152,"menu_order":0,"comment_status":"closed","ping_status":"closed","template":"","meta":{"_acf_changed":false,"footnotes":""},"class_list":["post-641","page","type-page","status-publish","hentry"],"acf":[],"yoast_head":"<!-- This site is optimized with the Yoast SEO plugin v27.3 - https:\/\/yoast.com\/product\/yoast-seo-wordpress\/ -->\n<title>SpinBetter spor geri \u00f6demesi &gt; Kay\u0131plar\u0131n\u0131z\u0131 geri alma \u015fans\u0131n\u0131z<\/title>\n<meta name=\"description\" content=\"SpinBetter casino&#039;da korkmadan bahis yap\u0131n! Her hafta 1000 EUR&#039;ya kadar %3 geri kazan\u0131n. Kaybettiniz mi? SpinBetter paran\u0131n bir k\u0131sm\u0131n\u0131 iade edecek!\" \/>\n<meta name=\"robots\" content=\"index, follow, max-snippet:-1, max-image-preview:large, max-video-preview:-1\" \/>\n<meta property=\"og:locale\" content=\"tr_TR\" \/>\n<meta property=\"og:type\" content=\"article\" \/>\n<meta property=\"og:title\" content=\"SpinBetter spor geri \u00f6demesi &gt; Kay\u0131plar\u0131n\u0131z\u0131 geri alma \u015fans\u0131n\u0131z\" \/>\n<meta property=\"og:description\" content=\"SpinBetter casino&#039;da korkmadan bahis yap\u0131n! Her hafta 1000 EUR&#039;ya kadar %3 geri kazan\u0131n. Kaybettiniz mi? SpinBetter paran\u0131n bir k\u0131sm\u0131n\u0131 iade edecek!\" \/>\n<meta property=\"og:url\" content=\"https:\/\/spinbetter.cash\/tr\/bonus\/betting-cashback-from-spinbetter\/\" \/>\n<meta property=\"og:site_name\" content=\"Spinbetter Football TR\" \/>\n<meta name=\"twitter:card\" content=\"summary_large_image\" \/>\n<script type=\"application\/ld+json\" class=\"yoast-schema-graph\">{\"@context\":\"https:\\\/\\\/schema.org\",\"@graph\":[{\"@type\":\"WebPage\",\"@id\":\"https:\\\/\\\/spinbetter.cash\\\/tr\\\/bonus\\\/betting-cashback-from-spinbetter\\\/\",\"url\":\"https:\\\/\\\/spinbetter.cash\\\/tr\\\/bonus\\\/betting-cashback-from-spinbetter\\\/\",\"name\":\"SpinBetter spor geri \u00f6demesi > Kay\u0131plar\u0131n\u0131z\u0131 geri alma \u015fans\u0131n\u0131z\",\"isPartOf\":{\"@id\":\"https:\\\/\\\/spinbetter.cash\\\/tr\\\/#website\"},\"datePublished\":\"2025-07-04T07:21:41+00:00\",\"description\":\"SpinBetter casino'da korkmadan bahis yap\u0131n! Her hafta 1000 EUR'ya kadar %3 geri kazan\u0131n. Kaybettiniz mi? SpinBetter paran\u0131n bir k\u0131sm\u0131n\u0131 iade edecek!\",\"breadcrumb\":{\"@id\":\"https:\\\/\\\/spinbetter.cash\\\/tr\\\/bonus\\\/betting-cashback-from-spinbetter\\\/#breadcrumb\"},\"inLanguage\":\"tr\",\"potentialAction\":[{\"@type\":\"ReadAction\",\"target\":[\"https:\\\/\\\/spinbetter.cash\\\/tr\\\/bonus\\\/betting-cashback-from-spinbetter\\\/\"]}]},{\"@type\":\"BreadcrumbList\",\"@id\":\"https:\\\/\\\/spinbetter.cash\\\/tr\\\/bonus\\\/betting-cashback-from-spinbetter\\\/#breadcrumb\",\"itemListElement\":[{\"@type\":\"ListItem\",\"position\":1,\"name\":\"Home\",\"item\":\"https:\\\/\\\/spinbetter.cash\\\/tr\\\/\"},{\"@type\":\"ListItem\",\"position\":2,\"name\":\"Bonus\",\"item\":\"https:\\\/\\\/spinbetter.cash\\\/tr\\\/bonus\\\/\"},{\"@type\":\"ListItem\",\"position\":3,\"name\":\"SpinBetter&#8217;dan bahis CASHBACK\"}]},{\"@type\":\"WebSite\",\"@id\":\"https:\\\/\\\/spinbetter.cash\\\/tr\\\/#website\",\"url\":\"https:\\\/\\\/spinbetter.cash\\\/tr\\\/\",\"name\":\"Spinbetter Football TR\",\"description\":\"My WordPress Blog\",\"potentialAction\":[{\"@type\":\"SearchAction\",\"target\":{\"@type\":\"EntryPoint\",\"urlTemplate\":\"https:\\\/\\\/spinbetter.cash\\\/tr\\\/?s={search_term_string}\"},\"query-input\":{\"@type\":\"PropertyValueSpecification\",\"valueRequired\":true,\"valueName\":\"search_term_string\"}}],\"inLanguage\":\"tr\"}]}<\/script>\n<!-- \/ Yoast SEO plugin. -->","yoast_head_json":{"title":"SpinBetter spor geri \u00f6demesi > Kay\u0131plar\u0131n\u0131z\u0131 geri alma \u015fans\u0131n\u0131z","description":"SpinBetter casino'da korkmadan bahis yap\u0131n! Her hafta 1000 EUR'ya kadar %3 geri kazan\u0131n. Kaybettiniz mi? SpinBetter paran\u0131n bir k\u0131sm\u0131n\u0131 iade edecek!","robots":{"index":"index","follow":"follow","max-snippet":"max-snippet:-1","max-image-preview":"max-image-preview:large","max-video-preview":"max-video-preview:-1"},"og_locale":"tr_TR","og_type":"article","og_title":"SpinBetter spor geri \u00f6demesi > Kay\u0131plar\u0131n\u0131z\u0131 geri alma \u015fans\u0131n\u0131z","og_description":"SpinBetter casino'da korkmadan bahis yap\u0131n! Her hafta 1000 EUR'ya kadar %3 geri kazan\u0131n. Kaybettiniz mi? SpinBetter paran\u0131n bir k\u0131sm\u0131n\u0131 iade edecek!","og_url":"https:\/\/spinbetter.cash\/tr\/bonus\/betting-cashback-from-spinbetter\/","og_site_name":"Spinbetter Football TR","twitter_card":"summary_large_image","schema":{"@context":"https:\/\/schema.org","@graph":[{"@type":"WebPage","@id":"https:\/\/spinbetter.cash\/tr\/bonus\/betting-cashback-from-spinbetter\/","url":"https:\/\/spinbetter.cash\/tr\/bonus\/betting-cashback-from-spinbetter\/","name":"SpinBetter spor geri \u00f6demesi > Kay\u0131plar\u0131n\u0131z\u0131 geri alma \u015fans\u0131n\u0131z","isPartOf":{"@id":"https:\/\/spinbetter.cash\/tr\/#website"},"datePublished":"2025-07-04T07:21:41+00:00","description":"SpinBetter casino'da korkmadan bahis yap\u0131n! Her hafta 1000 EUR'ya kadar %3 geri kazan\u0131n. Kaybettiniz mi? SpinBetter paran\u0131n bir k\u0131sm\u0131n\u0131 iade edecek!","breadcrumb":{"@id":"https:\/\/spinbetter.cash\/tr\/bonus\/betting-cashback-from-spinbetter\/#breadcrumb"},"inLanguage":"tr","potentialAction":[{"@type":"ReadAction","target":["https:\/\/spinbetter.cash\/tr\/bonus\/betting-cashback-from-spinbetter\/"]}]},{"@type":"BreadcrumbList","@id":"https:\/\/spinbetter.cash\/tr\/bonus\/betting-cashback-from-spinbetter\/#breadcrumb","itemListElement":[{"@type":"ListItem","position":1,"name":"Home","item":"https:\/\/spinbetter.cash\/tr\/"},{"@type":"ListItem","position":2,"name":"Bonus","item":"https:\/\/spinbetter.cash\/tr\/bonus\/"},{"@type":"ListItem","position":3,"name":"SpinBetter&#8217;dan bahis CASHBACK"}]},{"@type":"WebSite","@id":"https:\/\/spinbetter.cash\/tr\/#website","url":"https:\/\/spinbetter.cash\/tr\/","name":"Spinbetter Football TR","description":"My WordPress Blog","potentialAction":[{"@type":"SearchAction","target":{"@type":"EntryPoint","urlTemplate":"https:\/\/spinbetter.cash\/tr\/?s={search_term_string}"},"query-input":{"@type":"PropertyValueSpecification","valueRequired":true,"valueName":"search_term_string"}}],"inLanguage":"tr"}]}},"_links":{"self":[{"href":"https:\/\/spinbetter.cash\/tr\/wp-json\/wp\/v2\/pages\/641","targetHints":{"allow":["GET"]}}],"collection":[{"href":"https:\/\/spinbetter.cash\/tr\/wp-json\/wp\/v2\/pages"}],"about":[{"href":"https:\/\/spinbetter.cash\/tr\/wp-json\/wp\/v2\/types\/page"}],"author":[{"embeddable":true,"href":"https:\/\/spinbetter.cash\/tr\/wp-json\/wp\/v2\/users\/1"}],"replies":[{"embeddable":true,"href":"https:\/\/spinbetter.cash\/tr\/wp-json\/wp\/v2\/comments?post=641"}],"version-history":[{"count":1,"href":"https:\/\/spinbetter.cash\/tr\/wp-json\/wp\/v2\/pages\/641\/revisions"}],"predecessor-version":[{"id":642,"href":"https:\/\/spinbetter.cash\/tr\/wp-json\/wp\/v2\/pages\/641\/revisions\/642"}],"up":[{"embeddable":true,"href":"https:\/\/spinbetter.cash\/tr\/wp-json\/wp\/v2\/pages\/152"}],"wp:attachment":[{"href":"https:\/\/spinbetter.cash\/tr\/wp-json\/wp\/v2\/media?parent=641"}],"curies":[{"name":"wp","href":"https:\/\/api.w.org\/{rel}","templated":true}]}}