{"id":619,"date":"2025-05-21T07:09:41","date_gmt":"2025-05-21T07:09:41","guid":{"rendered":"https:\/\/spinbetter.cash\/tr\/?page_id=619"},"modified":"2025-06-13T09:23:32","modified_gmt":"2025-06-13T09:23:32","slug":"bet-now-pay-later","status":"publish","type":"page","link":"https:\/\/spinbetter.cash\/tr\/bonus\/bet-now-pay-later\/","title":{"rendered":"\u015eimdi bahis yap &#8211; sonra \u00f6de"},"content":{"rendered":"","protected":false},"excerpt":{"rendered":"","protected":false},"author":1,"featured_media":0,"parent":152,"menu_order":0,"comment_status":"closed","ping_status":"closed","template":"","meta":{"_acf_changed":false,"footnotes":""},"class_list":["post-619","page","type-page","status-publish","hentry"],"acf":[],"yoast_head":"<!-- This site is optimized with the Yoast SEO plugin v27.3 - https:\/\/yoast.com\/product\/yoast-seo-wordpress\/ -->\n<title>SpinBetter&#039;da \u0130leri Bahis ile \u015eimdi Bahis Yap\u0131n, Sonra \u00d6deyin!<\/title>\n<meta name=\"description\" content=\"Azalan bakiyenin heyecan\u0131n\u0131z\u0131 engellemesine izin vermeyin! SpinBetter&#039;dan Advance Bet ile hesab\u0131n\u0131zda s\u0131f\u0131r olsa bile bahis yap\u0131n!\" \/>\n<meta name=\"robots\" content=\"index, follow, max-snippet:-1, max-image-preview:large, max-video-preview:-1\" \/>\n<meta property=\"og:locale\" content=\"tr_TR\" \/>\n<meta property=\"og:type\" content=\"article\" \/>\n<meta property=\"og:title\" content=\"SpinBetter&#039;da \u0130leri Bahis ile \u015eimdi Bahis Yap\u0131n, Sonra \u00d6deyin!\" \/>\n<meta property=\"og:description\" content=\"Azalan bakiyenin heyecan\u0131n\u0131z\u0131 engellemesine izin vermeyin! SpinBetter&#039;dan Advance Bet ile hesab\u0131n\u0131zda s\u0131f\u0131r olsa bile bahis yap\u0131n!\" \/>\n<meta property=\"og:url\" content=\"https:\/\/spinbetter.cash\/tr\/bonus\/bet-now-pay-later\/\" \/>\n<meta property=\"og:site_name\" content=\"Spinbetter Football TR\" \/>\n<meta property=\"article:modified_time\" content=\"2025-06-13T09:23:32+00:00\" \/>\n<meta name=\"twitter:card\" content=\"summary_large_image\" \/>\n<script type=\"application\/ld+json\" class=\"yoast-schema-graph\">{\"@context\":\"https:\\\/\\\/schema.org\",\"@graph\":[{\"@type\":\"WebPage\",\"@id\":\"https:\\\/\\\/spinbetter.cash\\\/tr\\\/bonus\\\/bet-now-pay-later\\\/\",\"url\":\"https:\\\/\\\/spinbetter.cash\\\/tr\\\/bonus\\\/bet-now-pay-later\\\/\",\"name\":\"SpinBetter'da \u0130leri Bahis ile \u015eimdi Bahis Yap\u0131n, Sonra \u00d6deyin!\",\"isPartOf\":{\"@id\":\"https:\\\/\\\/spinbetter.cash\\\/tr\\\/#website\"},\"datePublished\":\"2025-05-21T07:09:41+00:00\",\"dateModified\":\"2025-06-13T09:23:32+00:00\",\"description\":\"Azalan bakiyenin heyecan\u0131n\u0131z\u0131 engellemesine izin vermeyin! SpinBetter'dan Advance Bet ile hesab\u0131n\u0131zda s\u0131f\u0131r olsa bile bahis yap\u0131n!\",\"breadcrumb\":{\"@id\":\"https:\\\/\\\/spinbetter.cash\\\/tr\\\/bonus\\\/bet-now-pay-later\\\/#breadcrumb\"},\"inLanguage\":\"tr\",\"potentialAction\":[{\"@type\":\"ReadAction\",\"target\":[\"https:\\\/\\\/spinbetter.cash\\\/tr\\\/bonus\\\/bet-now-pay-later\\\/\"]}]},{\"@type\":\"BreadcrumbList\",\"@id\":\"https:\\\/\\\/spinbetter.cash\\\/tr\\\/bonus\\\/bet-now-pay-later\\\/#breadcrumb\",\"itemListElement\":[{\"@type\":\"ListItem\",\"position\":1,\"name\":\"Home\",\"item\":\"https:\\\/\\\/spinbetter.cash\\\/tr\\\/\"},{\"@type\":\"ListItem\",\"position\":2,\"name\":\"Bonus\",\"item\":\"https:\\\/\\\/spinbetter.cash\\\/tr\\\/bonus\\\/\"},{\"@type\":\"ListItem\",\"position\":3,\"name\":\"\u015eimdi bahis yap &#8211; sonra \u00f6de\"}]},{\"@type\":\"WebSite\",\"@id\":\"https:\\\/\\\/spinbetter.cash\\\/tr\\\/#website\",\"url\":\"https:\\\/\\\/spinbetter.cash\\\/tr\\\/\",\"name\":\"Spinbetter Football TR\",\"description\":\"My WordPress Blog\",\"potentialAction\":[{\"@type\":\"SearchAction\",\"target\":{\"@type\":\"EntryPoint\",\"urlTemplate\":\"https:\\\/\\\/spinbetter.cash\\\/tr\\\/?s={search_term_string}\"},\"query-input\":{\"@type\":\"PropertyValueSpecification\",\"valueRequired\":true,\"valueName\":\"search_term_string\"}}],\"inLanguage\":\"tr\"}]}<\/script>\n<!-- \/ Yoast SEO plugin. -->","yoast_head_json":{"title":"SpinBetter'da \u0130leri Bahis ile \u015eimdi Bahis Yap\u0131n, Sonra \u00d6deyin!","description":"Azalan bakiyenin heyecan\u0131n\u0131z\u0131 engellemesine izin vermeyin! SpinBetter'dan Advance Bet ile hesab\u0131n\u0131zda s\u0131f\u0131r olsa bile bahis yap\u0131n!","robots":{"index":"index","follow":"follow","max-snippet":"max-snippet:-1","max-image-preview":"max-image-preview:large","max-video-preview":"max-video-preview:-1"},"og_locale":"tr_TR","og_type":"article","og_title":"SpinBetter'da \u0130leri Bahis ile \u015eimdi Bahis Yap\u0131n, Sonra \u00d6deyin!","og_description":"Azalan bakiyenin heyecan\u0131n\u0131z\u0131 engellemesine izin vermeyin! SpinBetter'dan Advance Bet ile hesab\u0131n\u0131zda s\u0131f\u0131r olsa bile bahis yap\u0131n!","og_url":"https:\/\/spinbetter.cash\/tr\/bonus\/bet-now-pay-later\/","og_site_name":"Spinbetter Football TR","article_modified_time":"2025-06-13T09:23:32+00:00","twitter_card":"summary_large_image","schema":{"@context":"https:\/\/schema.org","@graph":[{"@type":"WebPage","@id":"https:\/\/spinbetter.cash\/tr\/bonus\/bet-now-pay-later\/","url":"https:\/\/spinbetter.cash\/tr\/bonus\/bet-now-pay-later\/","name":"SpinBetter'da \u0130leri Bahis ile \u015eimdi Bahis Yap\u0131n, Sonra \u00d6deyin!","isPartOf":{"@id":"https:\/\/spinbetter.cash\/tr\/#website"},"datePublished":"2025-05-21T07:09:41+00:00","dateModified":"2025-06-13T09:23:32+00:00","description":"Azalan bakiyenin heyecan\u0131n\u0131z\u0131 engellemesine izin vermeyin! SpinBetter'dan Advance Bet ile hesab\u0131n\u0131zda s\u0131f\u0131r olsa bile bahis yap\u0131n!","breadcrumb":{"@id":"https:\/\/spinbetter.cash\/tr\/bonus\/bet-now-pay-later\/#breadcrumb"},"inLanguage":"tr","potentialAction":[{"@type":"ReadAction","target":["https:\/\/spinbetter.cash\/tr\/bonus\/bet-now-pay-later\/"]}]},{"@type":"BreadcrumbList","@id":"https:\/\/spinbetter.cash\/tr\/bonus\/bet-now-pay-later\/#breadcrumb","itemListElement":[{"@type":"ListItem","position":1,"name":"Home","item":"https:\/\/spinbetter.cash\/tr\/"},{"@type":"ListItem","position":2,"name":"Bonus","item":"https:\/\/spinbetter.cash\/tr\/bonus\/"},{"@type":"ListItem","position":3,"name":"\u015eimdi bahis yap &#8211; sonra \u00f6de"}]},{"@type":"WebSite","@id":"https:\/\/spinbetter.cash\/tr\/#website","url":"https:\/\/spinbetter.cash\/tr\/","name":"Spinbetter Football TR","description":"My WordPress Blog","potentialAction":[{"@type":"SearchAction","target":{"@type":"EntryPoint","urlTemplate":"https:\/\/spinbetter.cash\/tr\/?s={search_term_string}"},"query-input":{"@type":"PropertyValueSpecification","valueRequired":true,"valueName":"search_term_string"}}],"inLanguage":"tr"}]}},"_links":{"self":[{"href":"https:\/\/spinbetter.cash\/tr\/wp-json\/wp\/v2\/pages\/619","targetHints":{"allow":["GET"]}}],"collection":[{"href":"https:\/\/spinbetter.cash\/tr\/wp-json\/wp\/v2\/pages"}],"about":[{"href":"https:\/\/spinbetter.cash\/tr\/wp-json\/wp\/v2\/types\/page"}],"author":[{"embeddable":true,"href":"https:\/\/spinbetter.cash\/tr\/wp-json\/wp\/v2\/users\/1"}],"replies":[{"embeddable":true,"href":"https:\/\/spinbetter.cash\/tr\/wp-json\/wp\/v2\/comments?post=619"}],"version-history":[{"count":3,"href":"https:\/\/spinbetter.cash\/tr\/wp-json\/wp\/v2\/pages\/619\/revisions"}],"predecessor-version":[{"id":622,"href":"https:\/\/spinbetter.cash\/tr\/wp-json\/wp\/v2\/pages\/619\/revisions\/622"}],"up":[{"embeddable":true,"href":"https:\/\/spinbetter.cash\/tr\/wp-json\/wp\/v2\/pages\/152"}],"wp:attachment":[{"href":"https:\/\/spinbetter.cash\/tr\/wp-json\/wp\/v2\/media?parent=619"}],"curies":[{"name":"wp","href":"https:\/\/api.w.org\/{rel}","templated":true}]}}