{"id":612,"date":"2025-05-21T06:58:07","date_gmt":"2025-05-21T06:58:07","guid":{"rendered":"https:\/\/spinbetter.cash\/tr\/?page_id=612"},"modified":"2025-06-13T09:20:37","modified_gmt":"2025-06-13T09:20:37","slug":"bet-in-the-app","status":"publish","type":"page","link":"https:\/\/spinbetter.cash\/tr\/bonus\/bet-in-the-app\/","title":{"rendered":"Bet in the App"},"content":{"rendered":"","protected":false},"excerpt":{"rendered":"","protected":false},"author":1,"featured_media":0,"parent":152,"menu_order":0,"comment_status":"closed","ping_status":"closed","template":"","meta":{"_acf_changed":false,"footnotes":""},"class_list":["post-612","page","type-page","status-publish","hentry"],"acf":[],"yoast_head":"<!-- This site is optimized with the Yoast SEO plugin v27.3 - https:\/\/yoast.com\/product\/yoast-seo-wordpress\/ -->\n<title>SpinBetter uygulamas\u0131nda bahis yap\u0131n &gt; 10\u20ac&#039;ya kadar kazan\u0131n!<\/title>\n<meta name=\"description\" content=\"Her bahsin daha fazla kazanmas\u0131n\u0131 m\u0131 istiyorsunuz? SpinBetter uygulamas\u0131n\u0131 indirin ve 10\u20ac&#039;ya kadar para yat\u0131rmadan \u00fccretsiz bahis kazan\u0131n!\" \/>\n<meta name=\"robots\" content=\"index, follow, max-snippet:-1, max-image-preview:large, max-video-preview:-1\" \/>\n<meta property=\"og:locale\" content=\"tr_TR\" \/>\n<meta property=\"og:type\" content=\"article\" \/>\n<meta property=\"og:title\" content=\"SpinBetter uygulamas\u0131nda bahis yap\u0131n &gt; 10\u20ac&#039;ya kadar kazan\u0131n!\" \/>\n<meta property=\"og:description\" content=\"Her bahsin daha fazla kazanmas\u0131n\u0131 m\u0131 istiyorsunuz? SpinBetter uygulamas\u0131n\u0131 indirin ve 10\u20ac&#039;ya kadar para yat\u0131rmadan \u00fccretsiz bahis kazan\u0131n!\" \/>\n<meta property=\"og:url\" content=\"https:\/\/spinbetter.cash\/tr\/bonus\/bet-in-the-app\/\" \/>\n<meta property=\"og:site_name\" content=\"Spinbetter Football TR\" \/>\n<meta property=\"article:modified_time\" content=\"2025-06-13T09:20:37+00:00\" \/>\n<meta name=\"twitter:card\" content=\"summary_large_image\" \/>\n<script type=\"application\/ld+json\" class=\"yoast-schema-graph\">{\"@context\":\"https:\\\/\\\/schema.org\",\"@graph\":[{\"@type\":\"WebPage\",\"@id\":\"https:\\\/\\\/spinbetter.cash\\\/tr\\\/bonus\\\/bet-in-the-app\\\/\",\"url\":\"https:\\\/\\\/spinbetter.cash\\\/tr\\\/bonus\\\/bet-in-the-app\\\/\",\"name\":\"SpinBetter uygulamas\u0131nda bahis yap\u0131n > 10\u20ac'ya kadar kazan\u0131n!\",\"isPartOf\":{\"@id\":\"https:\\\/\\\/spinbetter.cash\\\/tr\\\/#website\"},\"datePublished\":\"2025-05-21T06:58:07+00:00\",\"dateModified\":\"2025-06-13T09:20:37+00:00\",\"description\":\"Her bahsin daha fazla kazanmas\u0131n\u0131 m\u0131 istiyorsunuz? SpinBetter uygulamas\u0131n\u0131 indirin ve 10\u20ac'ya kadar para yat\u0131rmadan \u00fccretsiz bahis kazan\u0131n!\",\"breadcrumb\":{\"@id\":\"https:\\\/\\\/spinbetter.cash\\\/tr\\\/bonus\\\/bet-in-the-app\\\/#breadcrumb\"},\"inLanguage\":\"tr\",\"potentialAction\":[{\"@type\":\"ReadAction\",\"target\":[\"https:\\\/\\\/spinbetter.cash\\\/tr\\\/bonus\\\/bet-in-the-app\\\/\"]}]},{\"@type\":\"BreadcrumbList\",\"@id\":\"https:\\\/\\\/spinbetter.cash\\\/tr\\\/bonus\\\/bet-in-the-app\\\/#breadcrumb\",\"itemListElement\":[{\"@type\":\"ListItem\",\"position\":1,\"name\":\"Home\",\"item\":\"https:\\\/\\\/spinbetter.cash\\\/tr\\\/\"},{\"@type\":\"ListItem\",\"position\":2,\"name\":\"Bonus\",\"item\":\"https:\\\/\\\/spinbetter.cash\\\/tr\\\/bonus\\\/\"},{\"@type\":\"ListItem\",\"position\":3,\"name\":\"Bet in the App\"}]},{\"@type\":\"WebSite\",\"@id\":\"https:\\\/\\\/spinbetter.cash\\\/tr\\\/#website\",\"url\":\"https:\\\/\\\/spinbetter.cash\\\/tr\\\/\",\"name\":\"Spinbetter Football TR\",\"description\":\"My WordPress Blog\",\"potentialAction\":[{\"@type\":\"SearchAction\",\"target\":{\"@type\":\"EntryPoint\",\"urlTemplate\":\"https:\\\/\\\/spinbetter.cash\\\/tr\\\/?s={search_term_string}\"},\"query-input\":{\"@type\":\"PropertyValueSpecification\",\"valueRequired\":true,\"valueName\":\"search_term_string\"}}],\"inLanguage\":\"tr\"}]}<\/script>\n<!-- \/ Yoast SEO plugin. -->","yoast_head_json":{"title":"SpinBetter uygulamas\u0131nda bahis yap\u0131n > 10\u20ac'ya kadar kazan\u0131n!","description":"Her bahsin daha fazla kazanmas\u0131n\u0131 m\u0131 istiyorsunuz? SpinBetter uygulamas\u0131n\u0131 indirin ve 10\u20ac'ya kadar para yat\u0131rmadan \u00fccretsiz bahis kazan\u0131n!","robots":{"index":"index","follow":"follow","max-snippet":"max-snippet:-1","max-image-preview":"max-image-preview:large","max-video-preview":"max-video-preview:-1"},"og_locale":"tr_TR","og_type":"article","og_title":"SpinBetter uygulamas\u0131nda bahis yap\u0131n > 10\u20ac'ya kadar kazan\u0131n!","og_description":"Her bahsin daha fazla kazanmas\u0131n\u0131 m\u0131 istiyorsunuz? SpinBetter uygulamas\u0131n\u0131 indirin ve 10\u20ac'ya kadar para yat\u0131rmadan \u00fccretsiz bahis kazan\u0131n!","og_url":"https:\/\/spinbetter.cash\/tr\/bonus\/bet-in-the-app\/","og_site_name":"Spinbetter Football TR","article_modified_time":"2025-06-13T09:20:37+00:00","twitter_card":"summary_large_image","schema":{"@context":"https:\/\/schema.org","@graph":[{"@type":"WebPage","@id":"https:\/\/spinbetter.cash\/tr\/bonus\/bet-in-the-app\/","url":"https:\/\/spinbetter.cash\/tr\/bonus\/bet-in-the-app\/","name":"SpinBetter uygulamas\u0131nda bahis yap\u0131n > 10\u20ac'ya kadar kazan\u0131n!","isPartOf":{"@id":"https:\/\/spinbetter.cash\/tr\/#website"},"datePublished":"2025-05-21T06:58:07+00:00","dateModified":"2025-06-13T09:20:37+00:00","description":"Her bahsin daha fazla kazanmas\u0131n\u0131 m\u0131 istiyorsunuz? SpinBetter uygulamas\u0131n\u0131 indirin ve 10\u20ac'ya kadar para yat\u0131rmadan \u00fccretsiz bahis kazan\u0131n!","breadcrumb":{"@id":"https:\/\/spinbetter.cash\/tr\/bonus\/bet-in-the-app\/#breadcrumb"},"inLanguage":"tr","potentialAction":[{"@type":"ReadAction","target":["https:\/\/spinbetter.cash\/tr\/bonus\/bet-in-the-app\/"]}]},{"@type":"BreadcrumbList","@id":"https:\/\/spinbetter.cash\/tr\/bonus\/bet-in-the-app\/#breadcrumb","itemListElement":[{"@type":"ListItem","position":1,"name":"Home","item":"https:\/\/spinbetter.cash\/tr\/"},{"@type":"ListItem","position":2,"name":"Bonus","item":"https:\/\/spinbetter.cash\/tr\/bonus\/"},{"@type":"ListItem","position":3,"name":"Bet in the App"}]},{"@type":"WebSite","@id":"https:\/\/spinbetter.cash\/tr\/#website","url":"https:\/\/spinbetter.cash\/tr\/","name":"Spinbetter Football TR","description":"My WordPress Blog","potentialAction":[{"@type":"SearchAction","target":{"@type":"EntryPoint","urlTemplate":"https:\/\/spinbetter.cash\/tr\/?s={search_term_string}"},"query-input":{"@type":"PropertyValueSpecification","valueRequired":true,"valueName":"search_term_string"}}],"inLanguage":"tr"}]}},"_links":{"self":[{"href":"https:\/\/spinbetter.cash\/tr\/wp-json\/wp\/v2\/pages\/612","targetHints":{"allow":["GET"]}}],"collection":[{"href":"https:\/\/spinbetter.cash\/tr\/wp-json\/wp\/v2\/pages"}],"about":[{"href":"https:\/\/spinbetter.cash\/tr\/wp-json\/wp\/v2\/types\/page"}],"author":[{"embeddable":true,"href":"https:\/\/spinbetter.cash\/tr\/wp-json\/wp\/v2\/users\/1"}],"replies":[{"embeddable":true,"href":"https:\/\/spinbetter.cash\/tr\/wp-json\/wp\/v2\/comments?post=612"}],"version-history":[{"count":2,"href":"https:\/\/spinbetter.cash\/tr\/wp-json\/wp\/v2\/pages\/612\/revisions"}],"predecessor-version":[{"id":614,"href":"https:\/\/spinbetter.cash\/tr\/wp-json\/wp\/v2\/pages\/612\/revisions\/614"}],"up":[{"embeddable":true,"href":"https:\/\/spinbetter.cash\/tr\/wp-json\/wp\/v2\/pages\/152"}],"wp:attachment":[{"href":"https:\/\/spinbetter.cash\/tr\/wp-json\/wp\/v2\/media?parent=612"}],"curies":[{"name":"wp","href":"https:\/\/api.w.org\/{rel}","templated":true}]}}