{"id":434,"date":"2024-10-11T14:32:24","date_gmt":"2024-10-11T14:32:24","guid":{"rendered":"https:\/\/spinbetter.cash\/tr\/?page_id=434"},"modified":"2025-02-24T14:47:15","modified_gmt":"2025-02-24T14:47:15","slug":"player-reviews","status":"publish","type":"page","link":"https:\/\/spinbetter.cash\/tr\/player-reviews\/","title":{"rendered":"Oyuncu Yorumlar\u0131"},"content":{"rendered":"","protected":false},"excerpt":{"rendered":"","protected":false},"author":1,"featured_media":0,"parent":0,"menu_order":0,"comment_status":"closed","ping_status":"closed","template":"","meta":{"_acf_changed":false,"footnotes":""},"class_list":["post-434","page","type-page","status-publish","hentry"],"acf":[],"yoast_head":"<!-- This site is optimized with the Yoast SEO plugin v27.3 - https:\/\/yoast.com\/product\/yoast-seo-wordpress\/ -->\n<title>SpinBetter casino ve bahis\u00e7i oyuncu yorumlar\u0131<\/title>\n<meta name=\"description\" content=\"SpinBetter oyuncu yorumlar\u0131n\u0131 okuyun. Di\u011ferlerinin nas\u0131l bahis oynad\u0131\u011f\u0131n\u0131, kazand\u0131\u011f\u0131n\u0131 ve bonus ald\u0131\u011f\u0131n\u0131 \u00f6\u011frenin!\" \/>\n<meta name=\"robots\" content=\"index, follow, max-snippet:-1, max-image-preview:large, max-video-preview:-1\" \/>\n<meta property=\"og:locale\" content=\"tr_TR\" \/>\n<meta property=\"og:type\" content=\"article\" \/>\n<meta property=\"og:title\" content=\"SpinBetter casino ve bahis\u00e7i oyuncu yorumlar\u0131\" \/>\n<meta property=\"og:description\" content=\"SpinBetter oyuncu yorumlar\u0131n\u0131 okuyun. Di\u011ferlerinin nas\u0131l bahis oynad\u0131\u011f\u0131n\u0131, kazand\u0131\u011f\u0131n\u0131 ve bonus ald\u0131\u011f\u0131n\u0131 \u00f6\u011frenin!\" \/>\n<meta property=\"og:url\" content=\"https:\/\/spinbetter.cash\/tr\/player-reviews\/\" \/>\n<meta property=\"og:site_name\" content=\"Spinbetter Football TR\" \/>\n<meta property=\"article:modified_time\" content=\"2025-02-24T14:47:15+00:00\" \/>\n<meta name=\"twitter:card\" content=\"summary_large_image\" \/>\n<script type=\"application\/ld+json\" class=\"yoast-schema-graph\">{\"@context\":\"https:\\\/\\\/schema.org\",\"@graph\":[{\"@type\":\"WebPage\",\"@id\":\"https:\\\/\\\/spinbetter.cash\\\/tr\\\/player-reviews\\\/\",\"url\":\"https:\\\/\\\/spinbetter.cash\\\/tr\\\/player-reviews\\\/\",\"name\":\"SpinBetter casino ve bahis\u00e7i oyuncu yorumlar\u0131\",\"isPartOf\":{\"@id\":\"https:\\\/\\\/spinbetter.cash\\\/tr\\\/#website\"},\"datePublished\":\"2024-10-11T14:32:24+00:00\",\"dateModified\":\"2025-02-24T14:47:15+00:00\",\"description\":\"SpinBetter oyuncu yorumlar\u0131n\u0131 okuyun. Di\u011ferlerinin nas\u0131l bahis oynad\u0131\u011f\u0131n\u0131, kazand\u0131\u011f\u0131n\u0131 ve bonus ald\u0131\u011f\u0131n\u0131 \u00f6\u011frenin!\",\"breadcrumb\":{\"@id\":\"https:\\\/\\\/spinbetter.cash\\\/tr\\\/player-reviews\\\/#breadcrumb\"},\"inLanguage\":\"tr\",\"potentialAction\":[{\"@type\":\"ReadAction\",\"target\":[\"https:\\\/\\\/spinbetter.cash\\\/tr\\\/player-reviews\\\/\"]}]},{\"@type\":\"BreadcrumbList\",\"@id\":\"https:\\\/\\\/spinbetter.cash\\\/tr\\\/player-reviews\\\/#breadcrumb\",\"itemListElement\":[{\"@type\":\"ListItem\",\"position\":1,\"name\":\"Home\",\"item\":\"https:\\\/\\\/spinbetter.cash\\\/tr\\\/\"},{\"@type\":\"ListItem\",\"position\":2,\"name\":\"Oyuncu Yorumlar\u0131\"}]},{\"@type\":\"WebSite\",\"@id\":\"https:\\\/\\\/spinbetter.cash\\\/tr\\\/#website\",\"url\":\"https:\\\/\\\/spinbetter.cash\\\/tr\\\/\",\"name\":\"Spinbetter Football TR\",\"description\":\"My WordPress Blog\",\"potentialAction\":[{\"@type\":\"SearchAction\",\"target\":{\"@type\":\"EntryPoint\",\"urlTemplate\":\"https:\\\/\\\/spinbetter.cash\\\/tr\\\/?s={search_term_string}\"},\"query-input\":{\"@type\":\"PropertyValueSpecification\",\"valueRequired\":true,\"valueName\":\"search_term_string\"}}],\"inLanguage\":\"tr\"}]}<\/script>\n<!-- \/ Yoast SEO plugin. -->","yoast_head_json":{"title":"SpinBetter casino ve bahis\u00e7i oyuncu yorumlar\u0131","description":"SpinBetter oyuncu yorumlar\u0131n\u0131 okuyun. Di\u011ferlerinin nas\u0131l bahis oynad\u0131\u011f\u0131n\u0131, kazand\u0131\u011f\u0131n\u0131 ve bonus ald\u0131\u011f\u0131n\u0131 \u00f6\u011frenin!","robots":{"index":"index","follow":"follow","max-snippet":"max-snippet:-1","max-image-preview":"max-image-preview:large","max-video-preview":"max-video-preview:-1"},"og_locale":"tr_TR","og_type":"article","og_title":"SpinBetter casino ve bahis\u00e7i oyuncu yorumlar\u0131","og_description":"SpinBetter oyuncu yorumlar\u0131n\u0131 okuyun. Di\u011ferlerinin nas\u0131l bahis oynad\u0131\u011f\u0131n\u0131, kazand\u0131\u011f\u0131n\u0131 ve bonus ald\u0131\u011f\u0131n\u0131 \u00f6\u011frenin!","og_url":"https:\/\/spinbetter.cash\/tr\/player-reviews\/","og_site_name":"Spinbetter Football TR","article_modified_time":"2025-02-24T14:47:15+00:00","twitter_card":"summary_large_image","schema":{"@context":"https:\/\/schema.org","@graph":[{"@type":"WebPage","@id":"https:\/\/spinbetter.cash\/tr\/player-reviews\/","url":"https:\/\/spinbetter.cash\/tr\/player-reviews\/","name":"SpinBetter casino ve bahis\u00e7i oyuncu yorumlar\u0131","isPartOf":{"@id":"https:\/\/spinbetter.cash\/tr\/#website"},"datePublished":"2024-10-11T14:32:24+00:00","dateModified":"2025-02-24T14:47:15+00:00","description":"SpinBetter oyuncu yorumlar\u0131n\u0131 okuyun. Di\u011ferlerinin nas\u0131l bahis oynad\u0131\u011f\u0131n\u0131, kazand\u0131\u011f\u0131n\u0131 ve bonus ald\u0131\u011f\u0131n\u0131 \u00f6\u011frenin!","breadcrumb":{"@id":"https:\/\/spinbetter.cash\/tr\/player-reviews\/#breadcrumb"},"inLanguage":"tr","potentialAction":[{"@type":"ReadAction","target":["https:\/\/spinbetter.cash\/tr\/player-reviews\/"]}]},{"@type":"BreadcrumbList","@id":"https:\/\/spinbetter.cash\/tr\/player-reviews\/#breadcrumb","itemListElement":[{"@type":"ListItem","position":1,"name":"Home","item":"https:\/\/spinbetter.cash\/tr\/"},{"@type":"ListItem","position":2,"name":"Oyuncu Yorumlar\u0131"}]},{"@type":"WebSite","@id":"https:\/\/spinbetter.cash\/tr\/#website","url":"https:\/\/spinbetter.cash\/tr\/","name":"Spinbetter Football TR","description":"My WordPress Blog","potentialAction":[{"@type":"SearchAction","target":{"@type":"EntryPoint","urlTemplate":"https:\/\/spinbetter.cash\/tr\/?s={search_term_string}"},"query-input":{"@type":"PropertyValueSpecification","valueRequired":true,"valueName":"search_term_string"}}],"inLanguage":"tr"}]}},"_links":{"self":[{"href":"https:\/\/spinbetter.cash\/tr\/wp-json\/wp\/v2\/pages\/434","targetHints":{"allow":["GET"]}}],"collection":[{"href":"https:\/\/spinbetter.cash\/tr\/wp-json\/wp\/v2\/pages"}],"about":[{"href":"https:\/\/spinbetter.cash\/tr\/wp-json\/wp\/v2\/types\/page"}],"author":[{"embeddable":true,"href":"https:\/\/spinbetter.cash\/tr\/wp-json\/wp\/v2\/users\/1"}],"replies":[{"embeddable":true,"href":"https:\/\/spinbetter.cash\/tr\/wp-json\/wp\/v2\/comments?post=434"}],"version-history":[{"count":22,"href":"https:\/\/spinbetter.cash\/tr\/wp-json\/wp\/v2\/pages\/434\/revisions"}],"predecessor-version":[{"id":590,"href":"https:\/\/spinbetter.cash\/tr\/wp-json\/wp\/v2\/pages\/434\/revisions\/590"}],"wp:attachment":[{"href":"https:\/\/spinbetter.cash\/tr\/wp-json\/wp\/v2\/media?parent=434"}],"curies":[{"name":"wp","href":"https:\/\/api.w.org\/{rel}","templated":true}]}}