{"id":364,"date":"2024-10-11T14:32:41","date_gmt":"2024-10-11T14:32:41","guid":{"rendered":"https:\/\/spinbetter.cash\/tr\/?page_id=364"},"modified":"2026-01-13T08:50:32","modified_gmt":"2026-01-13T08:50:32","slug":"promocode","status":"publish","type":"page","link":"https:\/\/spinbetter.cash\/tr\/promocode\/","title":{"rendered":"Promosyon kodu"},"content":{"rendered":"","protected":false},"excerpt":{"rendered":"","protected":false},"author":1,"featured_media":0,"parent":0,"menu_order":0,"comment_status":"closed","ping_status":"closed","template":"","meta":{"_acf_changed":false,"footnotes":""},"class_list":["post-364","page","type-page","status-publish","hentry"],"acf":[],"yoast_head":"<!-- This site is optimized with the Yoast SEO plugin v27.3 - https:\/\/yoast.com\/product\/yoast-seo-wordpress\/ -->\n<title>SpinBetter Promosyon Kodu | Daha Fazla Promosyon Kodu Al\u0131n<\/title>\n<meta name=\"description\" content=\"SpinBetter promosyon kodunu kullan\u0131n - ilk para yat\u0131rma i\u015flemlerinizde bonus kazan\u0131n ve bahis ve oyunlarda ba\u015far\u0131 \u015fans\u0131n\u0131z\u0131 art\u0131r\u0131n!\" \/>\n<meta name=\"robots\" content=\"index, follow, max-snippet:-1, max-image-preview:large, max-video-preview:-1\" \/>\n<meta property=\"og:locale\" content=\"tr_TR\" \/>\n<meta property=\"og:type\" content=\"article\" \/>\n<meta property=\"og:title\" content=\"SpinBetter Promosyon Kodu | Daha Fazla Promosyon Kodu Al\u0131n\" \/>\n<meta property=\"og:description\" content=\"SpinBetter promosyon kodunu kullan\u0131n - ilk para yat\u0131rma i\u015flemlerinizde bonus kazan\u0131n ve bahis ve oyunlarda ba\u015far\u0131 \u015fans\u0131n\u0131z\u0131 art\u0131r\u0131n!\" \/>\n<meta property=\"og:url\" content=\"https:\/\/spinbetter.cash\/tr\/promocode\/\" \/>\n<meta property=\"og:site_name\" content=\"Spinbetter Football TR\" \/>\n<meta property=\"article:modified_time\" content=\"2026-01-13T08:50:32+00:00\" \/>\n<meta name=\"twitter:card\" content=\"summary_large_image\" \/>\n<script type=\"application\/ld+json\" class=\"yoast-schema-graph\">{\"@context\":\"https:\\\/\\\/schema.org\",\"@graph\":[{\"@type\":\"WebPage\",\"@id\":\"https:\\\/\\\/spinbetter.cash\\\/tr\\\/promocode\\\/\",\"url\":\"https:\\\/\\\/spinbetter.cash\\\/tr\\\/promocode\\\/\",\"name\":\"SpinBetter Promosyon Kodu | Daha Fazla Promosyon Kodu Al\u0131n\",\"isPartOf\":{\"@id\":\"https:\\\/\\\/spinbetter.cash\\\/tr\\\/#website\"},\"datePublished\":\"2024-10-11T14:32:41+00:00\",\"dateModified\":\"2026-01-13T08:50:32+00:00\",\"description\":\"SpinBetter promosyon kodunu kullan\u0131n - ilk para yat\u0131rma i\u015flemlerinizde bonus kazan\u0131n ve bahis ve oyunlarda ba\u015far\u0131 \u015fans\u0131n\u0131z\u0131 art\u0131r\u0131n!\",\"breadcrumb\":{\"@id\":\"https:\\\/\\\/spinbetter.cash\\\/tr\\\/promocode\\\/#breadcrumb\"},\"inLanguage\":\"tr\",\"potentialAction\":[{\"@type\":\"ReadAction\",\"target\":[\"https:\\\/\\\/spinbetter.cash\\\/tr\\\/promocode\\\/\"]}]},{\"@type\":\"BreadcrumbList\",\"@id\":\"https:\\\/\\\/spinbetter.cash\\\/tr\\\/promocode\\\/#breadcrumb\",\"itemListElement\":[{\"@type\":\"ListItem\",\"position\":1,\"name\":\"Home\",\"item\":\"https:\\\/\\\/spinbetter.cash\\\/tr\\\/\"},{\"@type\":\"ListItem\",\"position\":2,\"name\":\"Promosyon kodu\"}]},{\"@type\":\"WebSite\",\"@id\":\"https:\\\/\\\/spinbetter.cash\\\/tr\\\/#website\",\"url\":\"https:\\\/\\\/spinbetter.cash\\\/tr\\\/\",\"name\":\"Spinbetter Football TR\",\"description\":\"My WordPress Blog\",\"potentialAction\":[{\"@type\":\"SearchAction\",\"target\":{\"@type\":\"EntryPoint\",\"urlTemplate\":\"https:\\\/\\\/spinbetter.cash\\\/tr\\\/?s={search_term_string}\"},\"query-input\":{\"@type\":\"PropertyValueSpecification\",\"valueRequired\":true,\"valueName\":\"search_term_string\"}}],\"inLanguage\":\"tr\"}]}<\/script>\n<!-- \/ Yoast SEO plugin. -->","yoast_head_json":{"title":"SpinBetter Promosyon Kodu | Daha Fazla Promosyon Kodu Al\u0131n","description":"SpinBetter promosyon kodunu kullan\u0131n - ilk para yat\u0131rma i\u015flemlerinizde bonus kazan\u0131n ve bahis ve oyunlarda ba\u015far\u0131 \u015fans\u0131n\u0131z\u0131 art\u0131r\u0131n!","robots":{"index":"index","follow":"follow","max-snippet":"max-snippet:-1","max-image-preview":"max-image-preview:large","max-video-preview":"max-video-preview:-1"},"og_locale":"tr_TR","og_type":"article","og_title":"SpinBetter Promosyon Kodu | Daha Fazla Promosyon Kodu Al\u0131n","og_description":"SpinBetter promosyon kodunu kullan\u0131n - ilk para yat\u0131rma i\u015flemlerinizde bonus kazan\u0131n ve bahis ve oyunlarda ba\u015far\u0131 \u015fans\u0131n\u0131z\u0131 art\u0131r\u0131n!","og_url":"https:\/\/spinbetter.cash\/tr\/promocode\/","og_site_name":"Spinbetter Football TR","article_modified_time":"2026-01-13T08:50:32+00:00","twitter_card":"summary_large_image","schema":{"@context":"https:\/\/schema.org","@graph":[{"@type":"WebPage","@id":"https:\/\/spinbetter.cash\/tr\/promocode\/","url":"https:\/\/spinbetter.cash\/tr\/promocode\/","name":"SpinBetter Promosyon Kodu | Daha Fazla Promosyon Kodu Al\u0131n","isPartOf":{"@id":"https:\/\/spinbetter.cash\/tr\/#website"},"datePublished":"2024-10-11T14:32:41+00:00","dateModified":"2026-01-13T08:50:32+00:00","description":"SpinBetter promosyon kodunu kullan\u0131n - ilk para yat\u0131rma i\u015flemlerinizde bonus kazan\u0131n ve bahis ve oyunlarda ba\u015far\u0131 \u015fans\u0131n\u0131z\u0131 art\u0131r\u0131n!","breadcrumb":{"@id":"https:\/\/spinbetter.cash\/tr\/promocode\/#breadcrumb"},"inLanguage":"tr","potentialAction":[{"@type":"ReadAction","target":["https:\/\/spinbetter.cash\/tr\/promocode\/"]}]},{"@type":"BreadcrumbList","@id":"https:\/\/spinbetter.cash\/tr\/promocode\/#breadcrumb","itemListElement":[{"@type":"ListItem","position":1,"name":"Home","item":"https:\/\/spinbetter.cash\/tr\/"},{"@type":"ListItem","position":2,"name":"Promosyon kodu"}]},{"@type":"WebSite","@id":"https:\/\/spinbetter.cash\/tr\/#website","url":"https:\/\/spinbetter.cash\/tr\/","name":"Spinbetter Football TR","description":"My WordPress Blog","potentialAction":[{"@type":"SearchAction","target":{"@type":"EntryPoint","urlTemplate":"https:\/\/spinbetter.cash\/tr\/?s={search_term_string}"},"query-input":{"@type":"PropertyValueSpecification","valueRequired":true,"valueName":"search_term_string"}}],"inLanguage":"tr"}]}},"_links":{"self":[{"href":"https:\/\/spinbetter.cash\/tr\/wp-json\/wp\/v2\/pages\/364","targetHints":{"allow":["GET"]}}],"collection":[{"href":"https:\/\/spinbetter.cash\/tr\/wp-json\/wp\/v2\/pages"}],"about":[{"href":"https:\/\/spinbetter.cash\/tr\/wp-json\/wp\/v2\/types\/page"}],"author":[{"embeddable":true,"href":"https:\/\/spinbetter.cash\/tr\/wp-json\/wp\/v2\/users\/1"}],"replies":[{"embeddable":true,"href":"https:\/\/spinbetter.cash\/tr\/wp-json\/wp\/v2\/comments?post=364"}],"version-history":[{"count":30,"href":"https:\/\/spinbetter.cash\/tr\/wp-json\/wp\/v2\/pages\/364\/revisions"}],"predecessor-version":[{"id":680,"href":"https:\/\/spinbetter.cash\/tr\/wp-json\/wp\/v2\/pages\/364\/revisions\/680"}],"wp:attachment":[{"href":"https:\/\/spinbetter.cash\/tr\/wp-json\/wp\/v2\/media?parent=364"}],"curies":[{"name":"wp","href":"https:\/\/api.w.org\/{rel}","templated":true}]}}