{"id":354,"date":"2024-10-11T14:32:58","date_gmt":"2024-10-11T14:32:58","guid":{"rendered":"https:\/\/spinbetter.cash\/tr\/?page_id=354"},"modified":"2025-11-20T12:11:35","modified_gmt":"2025-11-20T12:11:35","slug":"registration","status":"publish","type":"page","link":"https:\/\/spinbetter.cash\/tr\/registration\/","title":{"rendered":"Kay\u0131t"},"content":{"rendered":"","protected":false},"excerpt":{"rendered":"","protected":false},"author":1,"featured_media":0,"parent":0,"menu_order":0,"comment_status":"closed","ping_status":"closed","template":"","meta":{"_acf_changed":false,"footnotes":""},"class_list":["post-354","page","type-page","status-publish","hentry"],"acf":[],"yoast_head":"<!-- This site is optimized with the Yoast SEO plugin v27.3 - https:\/\/yoast.com\/product\/yoast-seo-wordpress\/ -->\n<title>SpinBetter Kayd\u0131 | Bonusu al\u0131n ve kazanmaya ba\u015flay\u0131n!<\/title>\n<meta name=\"description\" content=\"SpinBetter&#039;a kay\u0131t olun. Kolay ba\u015flang\u0131\u00e7 &gt; bir hesap olu\u015fturun, bonus al\u0131n ve spor bahislerine ba\u015flay\u0131n ve bug\u00fcn kazan\u0131n!\" \/>\n<meta name=\"robots\" content=\"index, follow, max-snippet:-1, max-image-preview:large, max-video-preview:-1\" \/>\n<meta property=\"og:locale\" content=\"tr_TR\" \/>\n<meta property=\"og:type\" content=\"article\" \/>\n<meta property=\"og:title\" content=\"SpinBetter Kayd\u0131 | Bonusu al\u0131n ve kazanmaya ba\u015flay\u0131n!\" \/>\n<meta property=\"og:description\" content=\"SpinBetter&#039;a kay\u0131t olun. Kolay ba\u015flang\u0131\u00e7 &gt; bir hesap olu\u015fturun, bonus al\u0131n ve spor bahislerine ba\u015flay\u0131n ve bug\u00fcn kazan\u0131n!\" \/>\n<meta property=\"og:url\" content=\"https:\/\/spinbetter.cash\/tr\/registration\/\" \/>\n<meta property=\"og:site_name\" content=\"Spinbetter Football TR\" \/>\n<meta property=\"article:modified_time\" content=\"2025-11-20T12:11:35+00:00\" \/>\n<meta name=\"twitter:card\" content=\"summary_large_image\" \/>\n<script type=\"application\/ld+json\" class=\"yoast-schema-graph\">{\"@context\":\"https:\\\/\\\/schema.org\",\"@graph\":[{\"@type\":\"WebPage\",\"@id\":\"https:\\\/\\\/spinbetter.cash\\\/tr\\\/registration\\\/\",\"url\":\"https:\\\/\\\/spinbetter.cash\\\/tr\\\/registration\\\/\",\"name\":\"SpinBetter Kayd\u0131 | Bonusu al\u0131n ve kazanmaya ba\u015flay\u0131n!\",\"isPartOf\":{\"@id\":\"https:\\\/\\\/spinbetter.cash\\\/tr\\\/#website\"},\"datePublished\":\"2024-10-11T14:32:58+00:00\",\"dateModified\":\"2025-11-20T12:11:35+00:00\",\"description\":\"SpinBetter'a kay\u0131t olun. Kolay ba\u015flang\u0131\u00e7 > bir hesap olu\u015fturun, bonus al\u0131n ve spor bahislerine ba\u015flay\u0131n ve bug\u00fcn kazan\u0131n!\",\"breadcrumb\":{\"@id\":\"https:\\\/\\\/spinbetter.cash\\\/tr\\\/registration\\\/#breadcrumb\"},\"inLanguage\":\"tr\",\"potentialAction\":[{\"@type\":\"ReadAction\",\"target\":[\"https:\\\/\\\/spinbetter.cash\\\/tr\\\/registration\\\/\"]}]},{\"@type\":\"BreadcrumbList\",\"@id\":\"https:\\\/\\\/spinbetter.cash\\\/tr\\\/registration\\\/#breadcrumb\",\"itemListElement\":[{\"@type\":\"ListItem\",\"position\":1,\"name\":\"Home\",\"item\":\"https:\\\/\\\/spinbetter.cash\\\/tr\\\/\"},{\"@type\":\"ListItem\",\"position\":2,\"name\":\"Kay\u0131t\"}]},{\"@type\":\"WebSite\",\"@id\":\"https:\\\/\\\/spinbetter.cash\\\/tr\\\/#website\",\"url\":\"https:\\\/\\\/spinbetter.cash\\\/tr\\\/\",\"name\":\"Spinbetter Football TR\",\"description\":\"My WordPress Blog\",\"potentialAction\":[{\"@type\":\"SearchAction\",\"target\":{\"@type\":\"EntryPoint\",\"urlTemplate\":\"https:\\\/\\\/spinbetter.cash\\\/tr\\\/?s={search_term_string}\"},\"query-input\":{\"@type\":\"PropertyValueSpecification\",\"valueRequired\":true,\"valueName\":\"search_term_string\"}}],\"inLanguage\":\"tr\"}]}<\/script>\n<!-- \/ Yoast SEO plugin. -->","yoast_head_json":{"title":"SpinBetter Kayd\u0131 | Bonusu al\u0131n ve kazanmaya ba\u015flay\u0131n!","description":"SpinBetter'a kay\u0131t olun. Kolay ba\u015flang\u0131\u00e7 > bir hesap olu\u015fturun, bonus al\u0131n ve spor bahislerine ba\u015flay\u0131n ve bug\u00fcn kazan\u0131n!","robots":{"index":"index","follow":"follow","max-snippet":"max-snippet:-1","max-image-preview":"max-image-preview:large","max-video-preview":"max-video-preview:-1"},"og_locale":"tr_TR","og_type":"article","og_title":"SpinBetter Kayd\u0131 | Bonusu al\u0131n ve kazanmaya ba\u015flay\u0131n!","og_description":"SpinBetter'a kay\u0131t olun. Kolay ba\u015flang\u0131\u00e7 > bir hesap olu\u015fturun, bonus al\u0131n ve spor bahislerine ba\u015flay\u0131n ve bug\u00fcn kazan\u0131n!","og_url":"https:\/\/spinbetter.cash\/tr\/registration\/","og_site_name":"Spinbetter Football TR","article_modified_time":"2025-11-20T12:11:35+00:00","twitter_card":"summary_large_image","schema":{"@context":"https:\/\/schema.org","@graph":[{"@type":"WebPage","@id":"https:\/\/spinbetter.cash\/tr\/registration\/","url":"https:\/\/spinbetter.cash\/tr\/registration\/","name":"SpinBetter Kayd\u0131 | Bonusu al\u0131n ve kazanmaya ba\u015flay\u0131n!","isPartOf":{"@id":"https:\/\/spinbetter.cash\/tr\/#website"},"datePublished":"2024-10-11T14:32:58+00:00","dateModified":"2025-11-20T12:11:35+00:00","description":"SpinBetter'a kay\u0131t olun. Kolay ba\u015flang\u0131\u00e7 > bir hesap olu\u015fturun, bonus al\u0131n ve spor bahislerine ba\u015flay\u0131n ve bug\u00fcn kazan\u0131n!","breadcrumb":{"@id":"https:\/\/spinbetter.cash\/tr\/registration\/#breadcrumb"},"inLanguage":"tr","potentialAction":[{"@type":"ReadAction","target":["https:\/\/spinbetter.cash\/tr\/registration\/"]}]},{"@type":"BreadcrumbList","@id":"https:\/\/spinbetter.cash\/tr\/registration\/#breadcrumb","itemListElement":[{"@type":"ListItem","position":1,"name":"Home","item":"https:\/\/spinbetter.cash\/tr\/"},{"@type":"ListItem","position":2,"name":"Kay\u0131t"}]},{"@type":"WebSite","@id":"https:\/\/spinbetter.cash\/tr\/#website","url":"https:\/\/spinbetter.cash\/tr\/","name":"Spinbetter Football TR","description":"My WordPress Blog","potentialAction":[{"@type":"SearchAction","target":{"@type":"EntryPoint","urlTemplate":"https:\/\/spinbetter.cash\/tr\/?s={search_term_string}"},"query-input":{"@type":"PropertyValueSpecification","valueRequired":true,"valueName":"search_term_string"}}],"inLanguage":"tr"}]}},"_links":{"self":[{"href":"https:\/\/spinbetter.cash\/tr\/wp-json\/wp\/v2\/pages\/354","targetHints":{"allow":["GET"]}}],"collection":[{"href":"https:\/\/spinbetter.cash\/tr\/wp-json\/wp\/v2\/pages"}],"about":[{"href":"https:\/\/spinbetter.cash\/tr\/wp-json\/wp\/v2\/types\/page"}],"author":[{"embeddable":true,"href":"https:\/\/spinbetter.cash\/tr\/wp-json\/wp\/v2\/users\/1"}],"replies":[{"embeddable":true,"href":"https:\/\/spinbetter.cash\/tr\/wp-json\/wp\/v2\/comments?post=354"}],"version-history":[{"count":26,"href":"https:\/\/spinbetter.cash\/tr\/wp-json\/wp\/v2\/pages\/354\/revisions"}],"predecessor-version":[{"id":667,"href":"https:\/\/spinbetter.cash\/tr\/wp-json\/wp\/v2\/pages\/354\/revisions\/667"}],"wp:attachment":[{"href":"https:\/\/spinbetter.cash\/tr\/wp-json\/wp\/v2\/media?parent=354"}],"curies":[{"name":"wp","href":"https:\/\/api.w.org\/{rel}","templated":true}]}}