{"id":152,"date":"2023-05-18T17:39:43","date_gmt":"2023-05-18T17:39:43","guid":{"rendered":"https:\/\/spinbetter.cash\/tr\/?page_id=152"},"modified":"2025-12-10T21:50:57","modified_gmt":"2025-12-10T21:50:57","slug":"bonus","status":"publish","type":"page","link":"https:\/\/spinbetter.cash\/tr\/bonus\/","title":{"rendered":"Bonus"},"content":{"rendered":"","protected":false},"excerpt":{"rendered":"","protected":false},"author":1,"featured_media":0,"parent":0,"menu_order":0,"comment_status":"closed","ping_status":"closed","template":"","meta":{"_acf_changed":false,"footnotes":""},"class_list":["post-152","page","type-page","status-publish","hentry"],"acf":[],"yoast_head":"<!-- This site is optimized with the Yoast SEO plugin v27.3 - https:\/\/yoast.com\/product\/yoast-seo-wordpress\/ -->\n<title>SpinBetter Bonusu | Bonuslar\u0131n\u0131z\u0131 talep edin ve daha fazla kazan\u0131n!<\/title>\n<meta name=\"description\" content=\"SpinBetter c\u00f6mert bonuslar kazan\u0131n &gt; yat\u0131r\u0131mlar\u0131n\u0131z\u0131 art\u0131r\u0131n, spor ve casinolarda maksimum kazan\u00e7la ba\u015far\u0131l\u0131 bahisler yap\u0131n!\" \/>\n<meta name=\"robots\" content=\"index, follow, max-snippet:-1, max-image-preview:large, max-video-preview:-1\" \/>\n<meta property=\"og:locale\" content=\"tr_TR\" \/>\n<meta property=\"og:type\" content=\"article\" \/>\n<meta property=\"og:title\" content=\"SpinBetter Bonusu | Bonuslar\u0131n\u0131z\u0131 talep edin ve daha fazla kazan\u0131n!\" \/>\n<meta property=\"og:description\" content=\"SpinBetter c\u00f6mert bonuslar kazan\u0131n &gt; yat\u0131r\u0131mlar\u0131n\u0131z\u0131 art\u0131r\u0131n, spor ve casinolarda maksimum kazan\u00e7la ba\u015far\u0131l\u0131 bahisler yap\u0131n!\" \/>\n<meta property=\"og:url\" content=\"https:\/\/spinbetter.cash\/tr\/bonus\/\" \/>\n<meta property=\"og:site_name\" content=\"Spinbetter Football TR\" \/>\n<meta property=\"article:modified_time\" content=\"2025-12-10T21:50:57+00:00\" \/>\n<meta name=\"twitter:card\" content=\"summary_large_image\" \/>\n<script type=\"application\/ld+json\" class=\"yoast-schema-graph\">{\"@context\":\"https:\\\/\\\/schema.org\",\"@graph\":[{\"@type\":\"WebPage\",\"@id\":\"https:\\\/\\\/spinbetter.cash\\\/tr\\\/bonus\\\/\",\"url\":\"https:\\\/\\\/spinbetter.cash\\\/tr\\\/bonus\\\/\",\"name\":\"SpinBetter Bonusu | Bonuslar\u0131n\u0131z\u0131 talep edin ve daha fazla kazan\u0131n!\",\"isPartOf\":{\"@id\":\"https:\\\/\\\/spinbetter.cash\\\/tr\\\/#website\"},\"datePublished\":\"2023-05-18T17:39:43+00:00\",\"dateModified\":\"2025-12-10T21:50:57+00:00\",\"description\":\"SpinBetter c\u00f6mert bonuslar kazan\u0131n > yat\u0131r\u0131mlar\u0131n\u0131z\u0131 art\u0131r\u0131n, spor ve casinolarda maksimum kazan\u00e7la ba\u015far\u0131l\u0131 bahisler yap\u0131n!\",\"breadcrumb\":{\"@id\":\"https:\\\/\\\/spinbetter.cash\\\/tr\\\/bonus\\\/#breadcrumb\"},\"inLanguage\":\"tr\",\"potentialAction\":[{\"@type\":\"ReadAction\",\"target\":[\"https:\\\/\\\/spinbetter.cash\\\/tr\\\/bonus\\\/\"]}]},{\"@type\":\"BreadcrumbList\",\"@id\":\"https:\\\/\\\/spinbetter.cash\\\/tr\\\/bonus\\\/#breadcrumb\",\"itemListElement\":[{\"@type\":\"ListItem\",\"position\":1,\"name\":\"Home\",\"item\":\"https:\\\/\\\/spinbetter.cash\\\/tr\\\/\"},{\"@type\":\"ListItem\",\"position\":2,\"name\":\"Bonus\"}]},{\"@type\":\"WebSite\",\"@id\":\"https:\\\/\\\/spinbetter.cash\\\/tr\\\/#website\",\"url\":\"https:\\\/\\\/spinbetter.cash\\\/tr\\\/\",\"name\":\"Spinbetter Football TR\",\"description\":\"My WordPress Blog\",\"potentialAction\":[{\"@type\":\"SearchAction\",\"target\":{\"@type\":\"EntryPoint\",\"urlTemplate\":\"https:\\\/\\\/spinbetter.cash\\\/tr\\\/?s={search_term_string}\"},\"query-input\":{\"@type\":\"PropertyValueSpecification\",\"valueRequired\":true,\"valueName\":\"search_term_string\"}}],\"inLanguage\":\"tr\"}]}<\/script>\n<!-- \/ Yoast SEO plugin. -->","yoast_head_json":{"title":"SpinBetter Bonusu | Bonuslar\u0131n\u0131z\u0131 talep edin ve daha fazla kazan\u0131n!","description":"SpinBetter c\u00f6mert bonuslar kazan\u0131n > yat\u0131r\u0131mlar\u0131n\u0131z\u0131 art\u0131r\u0131n, spor ve casinolarda maksimum kazan\u00e7la ba\u015far\u0131l\u0131 bahisler yap\u0131n!","robots":{"index":"index","follow":"follow","max-snippet":"max-snippet:-1","max-image-preview":"max-image-preview:large","max-video-preview":"max-video-preview:-1"},"og_locale":"tr_TR","og_type":"article","og_title":"SpinBetter Bonusu | Bonuslar\u0131n\u0131z\u0131 talep edin ve daha fazla kazan\u0131n!","og_description":"SpinBetter c\u00f6mert bonuslar kazan\u0131n > yat\u0131r\u0131mlar\u0131n\u0131z\u0131 art\u0131r\u0131n, spor ve casinolarda maksimum kazan\u00e7la ba\u015far\u0131l\u0131 bahisler yap\u0131n!","og_url":"https:\/\/spinbetter.cash\/tr\/bonus\/","og_site_name":"Spinbetter Football TR","article_modified_time":"2025-12-10T21:50:57+00:00","twitter_card":"summary_large_image","schema":{"@context":"https:\/\/schema.org","@graph":[{"@type":"WebPage","@id":"https:\/\/spinbetter.cash\/tr\/bonus\/","url":"https:\/\/spinbetter.cash\/tr\/bonus\/","name":"SpinBetter Bonusu | Bonuslar\u0131n\u0131z\u0131 talep edin ve daha fazla kazan\u0131n!","isPartOf":{"@id":"https:\/\/spinbetter.cash\/tr\/#website"},"datePublished":"2023-05-18T17:39:43+00:00","dateModified":"2025-12-10T21:50:57+00:00","description":"SpinBetter c\u00f6mert bonuslar kazan\u0131n > yat\u0131r\u0131mlar\u0131n\u0131z\u0131 art\u0131r\u0131n, spor ve casinolarda maksimum kazan\u00e7la ba\u015far\u0131l\u0131 bahisler yap\u0131n!","breadcrumb":{"@id":"https:\/\/spinbetter.cash\/tr\/bonus\/#breadcrumb"},"inLanguage":"tr","potentialAction":[{"@type":"ReadAction","target":["https:\/\/spinbetter.cash\/tr\/bonus\/"]}]},{"@type":"BreadcrumbList","@id":"https:\/\/spinbetter.cash\/tr\/bonus\/#breadcrumb","itemListElement":[{"@type":"ListItem","position":1,"name":"Home","item":"https:\/\/spinbetter.cash\/tr\/"},{"@type":"ListItem","position":2,"name":"Bonus"}]},{"@type":"WebSite","@id":"https:\/\/spinbetter.cash\/tr\/#website","url":"https:\/\/spinbetter.cash\/tr\/","name":"Spinbetter Football TR","description":"My WordPress Blog","potentialAction":[{"@type":"SearchAction","target":{"@type":"EntryPoint","urlTemplate":"https:\/\/spinbetter.cash\/tr\/?s={search_term_string}"},"query-input":{"@type":"PropertyValueSpecification","valueRequired":true,"valueName":"search_term_string"}}],"inLanguage":"tr"}]}},"_links":{"self":[{"href":"https:\/\/spinbetter.cash\/tr\/wp-json\/wp\/v2\/pages\/152","targetHints":{"allow":["GET"]}}],"collection":[{"href":"https:\/\/spinbetter.cash\/tr\/wp-json\/wp\/v2\/pages"}],"about":[{"href":"https:\/\/spinbetter.cash\/tr\/wp-json\/wp\/v2\/types\/page"}],"author":[{"embeddable":true,"href":"https:\/\/spinbetter.cash\/tr\/wp-json\/wp\/v2\/users\/1"}],"replies":[{"embeddable":true,"href":"https:\/\/spinbetter.cash\/tr\/wp-json\/wp\/v2\/comments?post=152"}],"version-history":[{"count":21,"href":"https:\/\/spinbetter.cash\/tr\/wp-json\/wp\/v2\/pages\/152\/revisions"}],"predecessor-version":[{"id":677,"href":"https:\/\/spinbetter.cash\/tr\/wp-json\/wp\/v2\/pages\/152\/revisions\/677"}],"wp:attachment":[{"href":"https:\/\/spinbetter.cash\/tr\/wp-json\/wp\/v2\/media?parent=152"}],"curies":[{"name":"wp","href":"https:\/\/api.w.org\/{rel}","templated":true}]}}