{"id":651,"date":"2025-08-05T08:44:33","date_gmt":"2025-08-05T08:44:33","guid":{"rendered":"https:\/\/spinbetter.cash\/sv\/?page_id=651"},"modified":"2025-08-05T08:44:46","modified_gmt":"2025-08-05T08:44:46","slug":"freebet-spinbetter","status":"publish","type":"page","link":"https:\/\/spinbetter.cash\/sv\/bonus\/freebet-spinbetter\/","title":{"rendered":"Gratisspel fr\u00e5n SpinBetter"},"content":{"rendered":"","protected":false},"excerpt":{"rendered":"","protected":false},"author":1,"featured_media":0,"parent":152,"menu_order":0,"comment_status":"closed","ping_status":"closed","template":"","meta":{"_acf_changed":false,"footnotes":""},"class_list":["post-651","page","type-page","status-publish","hentry"],"acf":[],"yoast_head":"<!-- This site is optimized with the Yoast SEO plugin v27.3 - https:\/\/yoast.com\/product\/yoast-seo-wordpress\/ -->\n<title>Freebet SpinBetter \u1405 Upp till 200 EUR f\u00f6r spel p\u00e5 The International<\/title>\n<meta name=\"description\" content=\"L\u00e4gg vinnande spel p\u00e5 The International och f\u00e5 ett gratisspel p\u00e5 upp till 200 EUR. Delta i SpinBetter-kampanjen fr\u00e5n 3 september till 16 september 2025.\" \/>\n<meta name=\"robots\" content=\"index, follow, max-snippet:-1, max-image-preview:large, max-video-preview:-1\" \/>\n<meta property=\"og:locale\" content=\"sv_SE\" \/>\n<meta property=\"og:type\" content=\"article\" \/>\n<meta property=\"og:title\" content=\"Freebet SpinBetter \u1405 Upp till 200 EUR f\u00f6r spel p\u00e5 The International\" \/>\n<meta property=\"og:description\" content=\"L\u00e4gg vinnande spel p\u00e5 The International och f\u00e5 ett gratisspel p\u00e5 upp till 200 EUR. Delta i SpinBetter-kampanjen fr\u00e5n 3 september till 16 september 2025.\" \/>\n<meta property=\"og:url\" content=\"https:\/\/spinbetter.cash\/sv\/bonus\/freebet-spinbetter\/\" \/>\n<meta property=\"og:site_name\" content=\"Spinbetter Football SV\" \/>\n<meta property=\"article:modified_time\" content=\"2025-08-05T08:44:46+00:00\" \/>\n<meta name=\"twitter:card\" content=\"summary_large_image\" \/>\n<script type=\"application\/ld+json\" class=\"yoast-schema-graph\">{\"@context\":\"https:\\\/\\\/schema.org\",\"@graph\":[{\"@type\":\"WebPage\",\"@id\":\"https:\\\/\\\/spinbetter.cash\\\/sv\\\/bonus\\\/freebet-spinbetter\\\/\",\"url\":\"https:\\\/\\\/spinbetter.cash\\\/sv\\\/bonus\\\/freebet-spinbetter\\\/\",\"name\":\"Freebet SpinBetter \u1405 Upp till 200 EUR f\u00f6r spel p\u00e5 The International\",\"isPartOf\":{\"@id\":\"https:\\\/\\\/spinbetter.cash\\\/sv\\\/#website\"},\"datePublished\":\"2025-08-05T08:44:33+00:00\",\"dateModified\":\"2025-08-05T08:44:46+00:00\",\"description\":\"L\u00e4gg vinnande spel p\u00e5 The International och f\u00e5 ett gratisspel p\u00e5 upp till 200 EUR. Delta i SpinBetter-kampanjen fr\u00e5n 3 september till 16 september 2025.\",\"breadcrumb\":{\"@id\":\"https:\\\/\\\/spinbetter.cash\\\/sv\\\/bonus\\\/freebet-spinbetter\\\/#breadcrumb\"},\"inLanguage\":\"sv-SE\",\"potentialAction\":[{\"@type\":\"ReadAction\",\"target\":[\"https:\\\/\\\/spinbetter.cash\\\/sv\\\/bonus\\\/freebet-spinbetter\\\/\"]}]},{\"@type\":\"BreadcrumbList\",\"@id\":\"https:\\\/\\\/spinbetter.cash\\\/sv\\\/bonus\\\/freebet-spinbetter\\\/#breadcrumb\",\"itemListElement\":[{\"@type\":\"ListItem\",\"position\":1,\"name\":\"Home\",\"item\":\"https:\\\/\\\/spinbetter.cash\\\/sv\\\/\"},{\"@type\":\"ListItem\",\"position\":2,\"name\":\"Bonus\",\"item\":\"https:\\\/\\\/spinbetter.cash\\\/sv\\\/bonus\\\/\"},{\"@type\":\"ListItem\",\"position\":3,\"name\":\"Gratisspel fr\u00e5n SpinBetter\"}]},{\"@type\":\"WebSite\",\"@id\":\"https:\\\/\\\/spinbetter.cash\\\/sv\\\/#website\",\"url\":\"https:\\\/\\\/spinbetter.cash\\\/sv\\\/\",\"name\":\"Spinbetter Football SV\",\"description\":\"My WordPress Blog\",\"potentialAction\":[{\"@type\":\"SearchAction\",\"target\":{\"@type\":\"EntryPoint\",\"urlTemplate\":\"https:\\\/\\\/spinbetter.cash\\\/sv\\\/?s={search_term_string}\"},\"query-input\":{\"@type\":\"PropertyValueSpecification\",\"valueRequired\":true,\"valueName\":\"search_term_string\"}}],\"inLanguage\":\"sv-SE\"}]}<\/script>\n<!-- \/ Yoast SEO plugin. -->","yoast_head_json":{"title":"Freebet SpinBetter \u1405 Upp till 200 EUR f\u00f6r spel p\u00e5 The International","description":"L\u00e4gg vinnande spel p\u00e5 The International och f\u00e5 ett gratisspel p\u00e5 upp till 200 EUR. Delta i SpinBetter-kampanjen fr\u00e5n 3 september till 16 september 2025.","robots":{"index":"index","follow":"follow","max-snippet":"max-snippet:-1","max-image-preview":"max-image-preview:large","max-video-preview":"max-video-preview:-1"},"og_locale":"sv_SE","og_type":"article","og_title":"Freebet SpinBetter \u1405 Upp till 200 EUR f\u00f6r spel p\u00e5 The International","og_description":"L\u00e4gg vinnande spel p\u00e5 The International och f\u00e5 ett gratisspel p\u00e5 upp till 200 EUR. Delta i SpinBetter-kampanjen fr\u00e5n 3 september till 16 september 2025.","og_url":"https:\/\/spinbetter.cash\/sv\/bonus\/freebet-spinbetter\/","og_site_name":"Spinbetter Football SV","article_modified_time":"2025-08-05T08:44:46+00:00","twitter_card":"summary_large_image","schema":{"@context":"https:\/\/schema.org","@graph":[{"@type":"WebPage","@id":"https:\/\/spinbetter.cash\/sv\/bonus\/freebet-spinbetter\/","url":"https:\/\/spinbetter.cash\/sv\/bonus\/freebet-spinbetter\/","name":"Freebet SpinBetter \u1405 Upp till 200 EUR f\u00f6r spel p\u00e5 The International","isPartOf":{"@id":"https:\/\/spinbetter.cash\/sv\/#website"},"datePublished":"2025-08-05T08:44:33+00:00","dateModified":"2025-08-05T08:44:46+00:00","description":"L\u00e4gg vinnande spel p\u00e5 The International och f\u00e5 ett gratisspel p\u00e5 upp till 200 EUR. Delta i SpinBetter-kampanjen fr\u00e5n 3 september till 16 september 2025.","breadcrumb":{"@id":"https:\/\/spinbetter.cash\/sv\/bonus\/freebet-spinbetter\/#breadcrumb"},"inLanguage":"sv-SE","potentialAction":[{"@type":"ReadAction","target":["https:\/\/spinbetter.cash\/sv\/bonus\/freebet-spinbetter\/"]}]},{"@type":"BreadcrumbList","@id":"https:\/\/spinbetter.cash\/sv\/bonus\/freebet-spinbetter\/#breadcrumb","itemListElement":[{"@type":"ListItem","position":1,"name":"Home","item":"https:\/\/spinbetter.cash\/sv\/"},{"@type":"ListItem","position":2,"name":"Bonus","item":"https:\/\/spinbetter.cash\/sv\/bonus\/"},{"@type":"ListItem","position":3,"name":"Gratisspel fr\u00e5n SpinBetter"}]},{"@type":"WebSite","@id":"https:\/\/spinbetter.cash\/sv\/#website","url":"https:\/\/spinbetter.cash\/sv\/","name":"Spinbetter Football SV","description":"My WordPress Blog","potentialAction":[{"@type":"SearchAction","target":{"@type":"EntryPoint","urlTemplate":"https:\/\/spinbetter.cash\/sv\/?s={search_term_string}"},"query-input":{"@type":"PropertyValueSpecification","valueRequired":true,"valueName":"search_term_string"}}],"inLanguage":"sv-SE"}]}},"_links":{"self":[{"href":"https:\/\/spinbetter.cash\/sv\/wp-json\/wp\/v2\/pages\/651","targetHints":{"allow":["GET"]}}],"collection":[{"href":"https:\/\/spinbetter.cash\/sv\/wp-json\/wp\/v2\/pages"}],"about":[{"href":"https:\/\/spinbetter.cash\/sv\/wp-json\/wp\/v2\/types\/page"}],"author":[{"embeddable":true,"href":"https:\/\/spinbetter.cash\/sv\/wp-json\/wp\/v2\/users\/1"}],"replies":[{"embeddable":true,"href":"https:\/\/spinbetter.cash\/sv\/wp-json\/wp\/v2\/comments?post=651"}],"version-history":[{"count":1,"href":"https:\/\/spinbetter.cash\/sv\/wp-json\/wp\/v2\/pages\/651\/revisions"}],"predecessor-version":[{"id":652,"href":"https:\/\/spinbetter.cash\/sv\/wp-json\/wp\/v2\/pages\/651\/revisions\/652"}],"up":[{"embeddable":true,"href":"https:\/\/spinbetter.cash\/sv\/wp-json\/wp\/v2\/pages\/152"}],"wp:attachment":[{"href":"https:\/\/spinbetter.cash\/sv\/wp-json\/wp\/v2\/media?parent=651"}],"curies":[{"name":"wp","href":"https:\/\/api.w.org\/{rel}","templated":true}]}}