{"id":616,"date":"2025-05-21T22:17:44","date_gmt":"2025-05-21T22:17:44","guid":{"rendered":"https:\/\/spinbetter.cash\/sv\/?page_id=616"},"modified":"2025-06-13T08:09:22","modified_gmt":"2025-06-13T08:09:22","slug":"100-free-spins","status":"publish","type":"page","link":"https:\/\/spinbetter.cash\/sv\/bonus\/100-free-spins\/","title":{"rendered":"F\u00e5 100 FS &#8211; Omedelbart!"},"content":{"rendered":"","protected":false},"excerpt":{"rendered":"","protected":false},"author":1,"featured_media":0,"parent":152,"menu_order":0,"comment_status":"closed","ping_status":"closed","template":"","meta":{"_acf_changed":false,"footnotes":""},"class_list":["post-616","page","type-page","status-publish","hentry"],"acf":[],"yoast_head":"<!-- This site is optimized with the Yoast SEO plugin v27.3 - https:\/\/yoast.com\/product\/yoast-seo-wordpress\/ -->\n<title>100 FS p\u00e5 SpinBetter f\u00f6r att prenumerera p\u00e5 Telegram<\/title>\n<meta name=\"description\" content=\"F\u00e5 100 gratissnurr utan ins\u00e4ttning genom att prenumerera p\u00e5 v\u00e5rt Telegram-fl\u00f6de! G\u00e5 med i SpinBetter och f\u00e5 gratissnurr!\" \/>\n<meta name=\"robots\" content=\"index, follow, max-snippet:-1, max-image-preview:large, max-video-preview:-1\" \/>\n<meta property=\"og:locale\" content=\"sv_SE\" \/>\n<meta property=\"og:type\" content=\"article\" \/>\n<meta property=\"og:title\" content=\"100 FS p\u00e5 SpinBetter f\u00f6r att prenumerera p\u00e5 Telegram\" \/>\n<meta property=\"og:description\" content=\"F\u00e5 100 gratissnurr utan ins\u00e4ttning genom att prenumerera p\u00e5 v\u00e5rt Telegram-fl\u00f6de! G\u00e5 med i SpinBetter och f\u00e5 gratissnurr!\" \/>\n<meta property=\"og:url\" content=\"https:\/\/spinbetter.cash\/sv\/bonus\/100-free-spins\/\" \/>\n<meta property=\"og:site_name\" content=\"Spinbetter Football SV\" \/>\n<meta property=\"article:modified_time\" content=\"2025-06-13T08:09:22+00:00\" \/>\n<meta name=\"twitter:card\" content=\"summary_large_image\" \/>\n<script type=\"application\/ld+json\" class=\"yoast-schema-graph\">{\"@context\":\"https:\\\/\\\/schema.org\",\"@graph\":[{\"@type\":\"WebPage\",\"@id\":\"https:\\\/\\\/spinbetter.cash\\\/sv\\\/bonus\\\/100-free-spins\\\/\",\"url\":\"https:\\\/\\\/spinbetter.cash\\\/sv\\\/bonus\\\/100-free-spins\\\/\",\"name\":\"100 FS p\u00e5 SpinBetter f\u00f6r att prenumerera p\u00e5 Telegram\",\"isPartOf\":{\"@id\":\"https:\\\/\\\/spinbetter.cash\\\/sv\\\/#website\"},\"datePublished\":\"2025-05-21T22:17:44+00:00\",\"dateModified\":\"2025-06-13T08:09:22+00:00\",\"description\":\"F\u00e5 100 gratissnurr utan ins\u00e4ttning genom att prenumerera p\u00e5 v\u00e5rt Telegram-fl\u00f6de! G\u00e5 med i SpinBetter och f\u00e5 gratissnurr!\",\"breadcrumb\":{\"@id\":\"https:\\\/\\\/spinbetter.cash\\\/sv\\\/bonus\\\/100-free-spins\\\/#breadcrumb\"},\"inLanguage\":\"sv-SE\",\"potentialAction\":[{\"@type\":\"ReadAction\",\"target\":[\"https:\\\/\\\/spinbetter.cash\\\/sv\\\/bonus\\\/100-free-spins\\\/\"]}]},{\"@type\":\"BreadcrumbList\",\"@id\":\"https:\\\/\\\/spinbetter.cash\\\/sv\\\/bonus\\\/100-free-spins\\\/#breadcrumb\",\"itemListElement\":[{\"@type\":\"ListItem\",\"position\":1,\"name\":\"Home\",\"item\":\"https:\\\/\\\/spinbetter.cash\\\/sv\\\/\"},{\"@type\":\"ListItem\",\"position\":2,\"name\":\"Bonus\",\"item\":\"https:\\\/\\\/spinbetter.cash\\\/sv\\\/bonus\\\/\"},{\"@type\":\"ListItem\",\"position\":3,\"name\":\"F\u00e5 100 FS &#8211; Omedelbart!\"}]},{\"@type\":\"WebSite\",\"@id\":\"https:\\\/\\\/spinbetter.cash\\\/sv\\\/#website\",\"url\":\"https:\\\/\\\/spinbetter.cash\\\/sv\\\/\",\"name\":\"Spinbetter Football SV\",\"description\":\"My WordPress Blog\",\"potentialAction\":[{\"@type\":\"SearchAction\",\"target\":{\"@type\":\"EntryPoint\",\"urlTemplate\":\"https:\\\/\\\/spinbetter.cash\\\/sv\\\/?s={search_term_string}\"},\"query-input\":{\"@type\":\"PropertyValueSpecification\",\"valueRequired\":true,\"valueName\":\"search_term_string\"}}],\"inLanguage\":\"sv-SE\"}]}<\/script>\n<!-- \/ Yoast SEO plugin. -->","yoast_head_json":{"title":"100 FS p\u00e5 SpinBetter f\u00f6r att prenumerera p\u00e5 Telegram","description":"F\u00e5 100 gratissnurr utan ins\u00e4ttning genom att prenumerera p\u00e5 v\u00e5rt Telegram-fl\u00f6de! G\u00e5 med i SpinBetter och f\u00e5 gratissnurr!","robots":{"index":"index","follow":"follow","max-snippet":"max-snippet:-1","max-image-preview":"max-image-preview:large","max-video-preview":"max-video-preview:-1"},"og_locale":"sv_SE","og_type":"article","og_title":"100 FS p\u00e5 SpinBetter f\u00f6r att prenumerera p\u00e5 Telegram","og_description":"F\u00e5 100 gratissnurr utan ins\u00e4ttning genom att prenumerera p\u00e5 v\u00e5rt Telegram-fl\u00f6de! G\u00e5 med i SpinBetter och f\u00e5 gratissnurr!","og_url":"https:\/\/spinbetter.cash\/sv\/bonus\/100-free-spins\/","og_site_name":"Spinbetter Football SV","article_modified_time":"2025-06-13T08:09:22+00:00","twitter_card":"summary_large_image","schema":{"@context":"https:\/\/schema.org","@graph":[{"@type":"WebPage","@id":"https:\/\/spinbetter.cash\/sv\/bonus\/100-free-spins\/","url":"https:\/\/spinbetter.cash\/sv\/bonus\/100-free-spins\/","name":"100 FS p\u00e5 SpinBetter f\u00f6r att prenumerera p\u00e5 Telegram","isPartOf":{"@id":"https:\/\/spinbetter.cash\/sv\/#website"},"datePublished":"2025-05-21T22:17:44+00:00","dateModified":"2025-06-13T08:09:22+00:00","description":"F\u00e5 100 gratissnurr utan ins\u00e4ttning genom att prenumerera p\u00e5 v\u00e5rt Telegram-fl\u00f6de! G\u00e5 med i SpinBetter och f\u00e5 gratissnurr!","breadcrumb":{"@id":"https:\/\/spinbetter.cash\/sv\/bonus\/100-free-spins\/#breadcrumb"},"inLanguage":"sv-SE","potentialAction":[{"@type":"ReadAction","target":["https:\/\/spinbetter.cash\/sv\/bonus\/100-free-spins\/"]}]},{"@type":"BreadcrumbList","@id":"https:\/\/spinbetter.cash\/sv\/bonus\/100-free-spins\/#breadcrumb","itemListElement":[{"@type":"ListItem","position":1,"name":"Home","item":"https:\/\/spinbetter.cash\/sv\/"},{"@type":"ListItem","position":2,"name":"Bonus","item":"https:\/\/spinbetter.cash\/sv\/bonus\/"},{"@type":"ListItem","position":3,"name":"F\u00e5 100 FS &#8211; Omedelbart!"}]},{"@type":"WebSite","@id":"https:\/\/spinbetter.cash\/sv\/#website","url":"https:\/\/spinbetter.cash\/sv\/","name":"Spinbetter Football SV","description":"My WordPress Blog","potentialAction":[{"@type":"SearchAction","target":{"@type":"EntryPoint","urlTemplate":"https:\/\/spinbetter.cash\/sv\/?s={search_term_string}"},"query-input":{"@type":"PropertyValueSpecification","valueRequired":true,"valueName":"search_term_string"}}],"inLanguage":"sv-SE"}]}},"_links":{"self":[{"href":"https:\/\/spinbetter.cash\/sv\/wp-json\/wp\/v2\/pages\/616","targetHints":{"allow":["GET"]}}],"collection":[{"href":"https:\/\/spinbetter.cash\/sv\/wp-json\/wp\/v2\/pages"}],"about":[{"href":"https:\/\/spinbetter.cash\/sv\/wp-json\/wp\/v2\/types\/page"}],"author":[{"embeddable":true,"href":"https:\/\/spinbetter.cash\/sv\/wp-json\/wp\/v2\/users\/1"}],"replies":[{"embeddable":true,"href":"https:\/\/spinbetter.cash\/sv\/wp-json\/wp\/v2\/comments?post=616"}],"version-history":[{"count":3,"href":"https:\/\/spinbetter.cash\/sv\/wp-json\/wp\/v2\/pages\/616\/revisions"}],"predecessor-version":[{"id":619,"href":"https:\/\/spinbetter.cash\/sv\/wp-json\/wp\/v2\/pages\/616\/revisions\/619"}],"up":[{"embeddable":true,"href":"https:\/\/spinbetter.cash\/sv\/wp-json\/wp\/v2\/pages\/152"}],"wp:attachment":[{"href":"https:\/\/spinbetter.cash\/sv\/wp-json\/wp\/v2\/media?parent=616"}],"curies":[{"name":"wp","href":"https:\/\/api.w.org\/{rel}","templated":true}]}}