{"id":612,"date":"2025-05-21T22:15:10","date_gmt":"2025-05-21T22:15:10","guid":{"rendered":"https:\/\/spinbetter.cash\/sv\/?page_id=612"},"modified":"2025-06-13T08:12:53","modified_gmt":"2025-06-13T08:12:53","slug":"bet-in-the-app","status":"publish","type":"page","link":"https:\/\/spinbetter.cash\/sv\/bonus\/bet-in-the-app\/","title":{"rendered":"Satsa i appen"},"content":{"rendered":"","protected":false},"excerpt":{"rendered":"","protected":false},"author":1,"featured_media":0,"parent":152,"menu_order":0,"comment_status":"closed","ping_status":"closed","template":"","meta":{"_acf_changed":false,"footnotes":""},"class_list":["post-612","page","type-page","status-publish","hentry"],"acf":[],"yoast_head":"<!-- This site is optimized with the Yoast SEO plugin v27.3 - https:\/\/yoast.com\/product\/yoast-seo-wordpress\/ -->\n<title>Spela i SpinBetter-appen \u1409 F\u00e5 upp till 10 \u20ac i gratisspel!<\/title>\n<meta name=\"description\" content=\"Varje spel ger mer. Ladda ner SpinBetter-appen och f\u00e5 ett gratis spel utan ins\u00e4ttning upp till 10 \u20ac! Satsa n\u00e4r du \u00e4r p\u00e5 spr\u00e5ng!\" \/>\n<meta name=\"robots\" content=\"index, follow, max-snippet:-1, max-image-preview:large, max-video-preview:-1\" \/>\n<meta property=\"og:locale\" content=\"sv_SE\" \/>\n<meta property=\"og:type\" content=\"article\" \/>\n<meta property=\"og:title\" content=\"Spela i SpinBetter-appen \u1409 F\u00e5 upp till 10 \u20ac i gratisspel!\" \/>\n<meta property=\"og:description\" content=\"Varje spel ger mer. Ladda ner SpinBetter-appen och f\u00e5 ett gratis spel utan ins\u00e4ttning upp till 10 \u20ac! Satsa n\u00e4r du \u00e4r p\u00e5 spr\u00e5ng!\" \/>\n<meta property=\"og:url\" content=\"https:\/\/spinbetter.cash\/sv\/bonus\/bet-in-the-app\/\" \/>\n<meta property=\"og:site_name\" content=\"Spinbetter Football SV\" \/>\n<meta property=\"article:modified_time\" content=\"2025-06-13T08:12:53+00:00\" \/>\n<meta name=\"twitter:card\" content=\"summary_large_image\" \/>\n<script type=\"application\/ld+json\" class=\"yoast-schema-graph\">{\"@context\":\"https:\\\/\\\/schema.org\",\"@graph\":[{\"@type\":\"WebPage\",\"@id\":\"https:\\\/\\\/spinbetter.cash\\\/sv\\\/bonus\\\/bet-in-the-app\\\/\",\"url\":\"https:\\\/\\\/spinbetter.cash\\\/sv\\\/bonus\\\/bet-in-the-app\\\/\",\"name\":\"Spela i SpinBetter-appen \u1409 F\u00e5 upp till 10 \u20ac i gratisspel!\",\"isPartOf\":{\"@id\":\"https:\\\/\\\/spinbetter.cash\\\/sv\\\/#website\"},\"datePublished\":\"2025-05-21T22:15:10+00:00\",\"dateModified\":\"2025-06-13T08:12:53+00:00\",\"description\":\"Varje spel ger mer. Ladda ner SpinBetter-appen och f\u00e5 ett gratis spel utan ins\u00e4ttning upp till 10 \u20ac! Satsa n\u00e4r du \u00e4r p\u00e5 spr\u00e5ng!\",\"breadcrumb\":{\"@id\":\"https:\\\/\\\/spinbetter.cash\\\/sv\\\/bonus\\\/bet-in-the-app\\\/#breadcrumb\"},\"inLanguage\":\"sv-SE\",\"potentialAction\":[{\"@type\":\"ReadAction\",\"target\":[\"https:\\\/\\\/spinbetter.cash\\\/sv\\\/bonus\\\/bet-in-the-app\\\/\"]}]},{\"@type\":\"BreadcrumbList\",\"@id\":\"https:\\\/\\\/spinbetter.cash\\\/sv\\\/bonus\\\/bet-in-the-app\\\/#breadcrumb\",\"itemListElement\":[{\"@type\":\"ListItem\",\"position\":1,\"name\":\"Home\",\"item\":\"https:\\\/\\\/spinbetter.cash\\\/sv\\\/\"},{\"@type\":\"ListItem\",\"position\":2,\"name\":\"Bonus\",\"item\":\"https:\\\/\\\/spinbetter.cash\\\/sv\\\/bonus\\\/\"},{\"@type\":\"ListItem\",\"position\":3,\"name\":\"Satsa i appen\"}]},{\"@type\":\"WebSite\",\"@id\":\"https:\\\/\\\/spinbetter.cash\\\/sv\\\/#website\",\"url\":\"https:\\\/\\\/spinbetter.cash\\\/sv\\\/\",\"name\":\"Spinbetter Football SV\",\"description\":\"My WordPress Blog\",\"potentialAction\":[{\"@type\":\"SearchAction\",\"target\":{\"@type\":\"EntryPoint\",\"urlTemplate\":\"https:\\\/\\\/spinbetter.cash\\\/sv\\\/?s={search_term_string}\"},\"query-input\":{\"@type\":\"PropertyValueSpecification\",\"valueRequired\":true,\"valueName\":\"search_term_string\"}}],\"inLanguage\":\"sv-SE\"}]}<\/script>\n<!-- \/ Yoast SEO plugin. -->","yoast_head_json":{"title":"Spela i SpinBetter-appen \u1409 F\u00e5 upp till 10 \u20ac i gratisspel!","description":"Varje spel ger mer. Ladda ner SpinBetter-appen och f\u00e5 ett gratis spel utan ins\u00e4ttning upp till 10 \u20ac! Satsa n\u00e4r du \u00e4r p\u00e5 spr\u00e5ng!","robots":{"index":"index","follow":"follow","max-snippet":"max-snippet:-1","max-image-preview":"max-image-preview:large","max-video-preview":"max-video-preview:-1"},"og_locale":"sv_SE","og_type":"article","og_title":"Spela i SpinBetter-appen \u1409 F\u00e5 upp till 10 \u20ac i gratisspel!","og_description":"Varje spel ger mer. Ladda ner SpinBetter-appen och f\u00e5 ett gratis spel utan ins\u00e4ttning upp till 10 \u20ac! Satsa n\u00e4r du \u00e4r p\u00e5 spr\u00e5ng!","og_url":"https:\/\/spinbetter.cash\/sv\/bonus\/bet-in-the-app\/","og_site_name":"Spinbetter Football SV","article_modified_time":"2025-06-13T08:12:53+00:00","twitter_card":"summary_large_image","schema":{"@context":"https:\/\/schema.org","@graph":[{"@type":"WebPage","@id":"https:\/\/spinbetter.cash\/sv\/bonus\/bet-in-the-app\/","url":"https:\/\/spinbetter.cash\/sv\/bonus\/bet-in-the-app\/","name":"Spela i SpinBetter-appen \u1409 F\u00e5 upp till 10 \u20ac i gratisspel!","isPartOf":{"@id":"https:\/\/spinbetter.cash\/sv\/#website"},"datePublished":"2025-05-21T22:15:10+00:00","dateModified":"2025-06-13T08:12:53+00:00","description":"Varje spel ger mer. Ladda ner SpinBetter-appen och f\u00e5 ett gratis spel utan ins\u00e4ttning upp till 10 \u20ac! Satsa n\u00e4r du \u00e4r p\u00e5 spr\u00e5ng!","breadcrumb":{"@id":"https:\/\/spinbetter.cash\/sv\/bonus\/bet-in-the-app\/#breadcrumb"},"inLanguage":"sv-SE","potentialAction":[{"@type":"ReadAction","target":["https:\/\/spinbetter.cash\/sv\/bonus\/bet-in-the-app\/"]}]},{"@type":"BreadcrumbList","@id":"https:\/\/spinbetter.cash\/sv\/bonus\/bet-in-the-app\/#breadcrumb","itemListElement":[{"@type":"ListItem","position":1,"name":"Home","item":"https:\/\/spinbetter.cash\/sv\/"},{"@type":"ListItem","position":2,"name":"Bonus","item":"https:\/\/spinbetter.cash\/sv\/bonus\/"},{"@type":"ListItem","position":3,"name":"Satsa i appen"}]},{"@type":"WebSite","@id":"https:\/\/spinbetter.cash\/sv\/#website","url":"https:\/\/spinbetter.cash\/sv\/","name":"Spinbetter Football SV","description":"My WordPress Blog","potentialAction":[{"@type":"SearchAction","target":{"@type":"EntryPoint","urlTemplate":"https:\/\/spinbetter.cash\/sv\/?s={search_term_string}"},"query-input":{"@type":"PropertyValueSpecification","valueRequired":true,"valueName":"search_term_string"}}],"inLanguage":"sv-SE"}]}},"_links":{"self":[{"href":"https:\/\/spinbetter.cash\/sv\/wp-json\/wp\/v2\/pages\/612","targetHints":{"allow":["GET"]}}],"collection":[{"href":"https:\/\/spinbetter.cash\/sv\/wp-json\/wp\/v2\/pages"}],"about":[{"href":"https:\/\/spinbetter.cash\/sv\/wp-json\/wp\/v2\/types\/page"}],"author":[{"embeddable":true,"href":"https:\/\/spinbetter.cash\/sv\/wp-json\/wp\/v2\/users\/1"}],"replies":[{"embeddable":true,"href":"https:\/\/spinbetter.cash\/sv\/wp-json\/wp\/v2\/comments?post=612"}],"version-history":[{"count":3,"href":"https:\/\/spinbetter.cash\/sv\/wp-json\/wp\/v2\/pages\/612\/revisions"}],"predecessor-version":[{"id":615,"href":"https:\/\/spinbetter.cash\/sv\/wp-json\/wp\/v2\/pages\/612\/revisions\/615"}],"up":[{"embeddable":true,"href":"https:\/\/spinbetter.cash\/sv\/wp-json\/wp\/v2\/pages\/152"}],"wp:attachment":[{"href":"https:\/\/spinbetter.cash\/sv\/wp-json\/wp\/v2\/media?parent=612"}],"curies":[{"name":"wp","href":"https:\/\/api.w.org\/{rel}","templated":true}]}}