{"id":604,"date":"2025-05-21T22:09:28","date_gmt":"2025-05-21T22:09:28","guid":{"rendered":"https:\/\/spinbetter.cash\/sv\/?page_id=604"},"modified":"2025-06-13T08:14:41","modified_gmt":"2025-06-13T08:14:41","slug":"bet-now-pay-later","status":"publish","type":"page","link":"https:\/\/spinbetter.cash\/sv\/bonus\/bet-now-pay-later\/","title":{"rendered":"Satsa nu \u2013 betala senare"},"content":{"rendered":"","protected":false},"excerpt":{"rendered":"","protected":false},"author":1,"featured_media":0,"parent":152,"menu_order":0,"comment_status":"closed","ping_status":"closed","template":"","meta":{"_acf_changed":false,"footnotes":""},"class_list":["post-604","page","type-page","status-publish","hentry"],"acf":[],"yoast_head":"<!-- This site is optimized with the Yoast SEO plugin v27.3 - https:\/\/yoast.com\/product\/yoast-seo-wordpress\/ -->\n<title>Satsa nu, betala senare med f\u00f6rskottsspel hos SpinBetter!<\/title>\n<meta name=\"description\" content=\"Med SpinBetters Advance Bet kan du placera spel \u00e4ven om ditt kontosaldo \u00e4r noll! Anv\u00e4nd dina v\u00e4ntande spel\" \/>\n<meta name=\"robots\" content=\"index, follow, max-snippet:-1, max-image-preview:large, max-video-preview:-1\" \/>\n<meta property=\"og:locale\" content=\"sv_SE\" \/>\n<meta property=\"og:type\" content=\"article\" \/>\n<meta property=\"og:title\" content=\"Satsa nu, betala senare med f\u00f6rskottsspel hos SpinBetter!\" \/>\n<meta property=\"og:description\" content=\"Med SpinBetters Advance Bet kan du placera spel \u00e4ven om ditt kontosaldo \u00e4r noll! Anv\u00e4nd dina v\u00e4ntande spel\" \/>\n<meta property=\"og:url\" content=\"https:\/\/spinbetter.cash\/sv\/bonus\/bet-now-pay-later\/\" \/>\n<meta property=\"og:site_name\" content=\"Spinbetter Football SV\" \/>\n<meta property=\"article:modified_time\" content=\"2025-06-13T08:14:41+00:00\" \/>\n<meta name=\"twitter:card\" content=\"summary_large_image\" \/>\n<script type=\"application\/ld+json\" class=\"yoast-schema-graph\">{\"@context\":\"https:\\\/\\\/schema.org\",\"@graph\":[{\"@type\":\"WebPage\",\"@id\":\"https:\\\/\\\/spinbetter.cash\\\/sv\\\/bonus\\\/bet-now-pay-later\\\/\",\"url\":\"https:\\\/\\\/spinbetter.cash\\\/sv\\\/bonus\\\/bet-now-pay-later\\\/\",\"name\":\"Satsa nu, betala senare med f\u00f6rskottsspel hos SpinBetter!\",\"isPartOf\":{\"@id\":\"https:\\\/\\\/spinbetter.cash\\\/sv\\\/#website\"},\"datePublished\":\"2025-05-21T22:09:28+00:00\",\"dateModified\":\"2025-06-13T08:14:41+00:00\",\"description\":\"Med SpinBetters Advance Bet kan du placera spel \u00e4ven om ditt kontosaldo \u00e4r noll! Anv\u00e4nd dina v\u00e4ntande spel\",\"breadcrumb\":{\"@id\":\"https:\\\/\\\/spinbetter.cash\\\/sv\\\/bonus\\\/bet-now-pay-later\\\/#breadcrumb\"},\"inLanguage\":\"sv-SE\",\"potentialAction\":[{\"@type\":\"ReadAction\",\"target\":[\"https:\\\/\\\/spinbetter.cash\\\/sv\\\/bonus\\\/bet-now-pay-later\\\/\"]}]},{\"@type\":\"BreadcrumbList\",\"@id\":\"https:\\\/\\\/spinbetter.cash\\\/sv\\\/bonus\\\/bet-now-pay-later\\\/#breadcrumb\",\"itemListElement\":[{\"@type\":\"ListItem\",\"position\":1,\"name\":\"Home\",\"item\":\"https:\\\/\\\/spinbetter.cash\\\/sv\\\/\"},{\"@type\":\"ListItem\",\"position\":2,\"name\":\"Bonus\",\"item\":\"https:\\\/\\\/spinbetter.cash\\\/sv\\\/bonus\\\/\"},{\"@type\":\"ListItem\",\"position\":3,\"name\":\"Satsa nu \u2013 betala senare\"}]},{\"@type\":\"WebSite\",\"@id\":\"https:\\\/\\\/spinbetter.cash\\\/sv\\\/#website\",\"url\":\"https:\\\/\\\/spinbetter.cash\\\/sv\\\/\",\"name\":\"Spinbetter Football SV\",\"description\":\"My WordPress Blog\",\"potentialAction\":[{\"@type\":\"SearchAction\",\"target\":{\"@type\":\"EntryPoint\",\"urlTemplate\":\"https:\\\/\\\/spinbetter.cash\\\/sv\\\/?s={search_term_string}\"},\"query-input\":{\"@type\":\"PropertyValueSpecification\",\"valueRequired\":true,\"valueName\":\"search_term_string\"}}],\"inLanguage\":\"sv-SE\"}]}<\/script>\n<!-- \/ Yoast SEO plugin. -->","yoast_head_json":{"title":"Satsa nu, betala senare med f\u00f6rskottsspel hos SpinBetter!","description":"Med SpinBetters Advance Bet kan du placera spel \u00e4ven om ditt kontosaldo \u00e4r noll! Anv\u00e4nd dina v\u00e4ntande spel","robots":{"index":"index","follow":"follow","max-snippet":"max-snippet:-1","max-image-preview":"max-image-preview:large","max-video-preview":"max-video-preview:-1"},"og_locale":"sv_SE","og_type":"article","og_title":"Satsa nu, betala senare med f\u00f6rskottsspel hos SpinBetter!","og_description":"Med SpinBetters Advance Bet kan du placera spel \u00e4ven om ditt kontosaldo \u00e4r noll! Anv\u00e4nd dina v\u00e4ntande spel","og_url":"https:\/\/spinbetter.cash\/sv\/bonus\/bet-now-pay-later\/","og_site_name":"Spinbetter Football SV","article_modified_time":"2025-06-13T08:14:41+00:00","twitter_card":"summary_large_image","schema":{"@context":"https:\/\/schema.org","@graph":[{"@type":"WebPage","@id":"https:\/\/spinbetter.cash\/sv\/bonus\/bet-now-pay-later\/","url":"https:\/\/spinbetter.cash\/sv\/bonus\/bet-now-pay-later\/","name":"Satsa nu, betala senare med f\u00f6rskottsspel hos SpinBetter!","isPartOf":{"@id":"https:\/\/spinbetter.cash\/sv\/#website"},"datePublished":"2025-05-21T22:09:28+00:00","dateModified":"2025-06-13T08:14:41+00:00","description":"Med SpinBetters Advance Bet kan du placera spel \u00e4ven om ditt kontosaldo \u00e4r noll! Anv\u00e4nd dina v\u00e4ntande spel","breadcrumb":{"@id":"https:\/\/spinbetter.cash\/sv\/bonus\/bet-now-pay-later\/#breadcrumb"},"inLanguage":"sv-SE","potentialAction":[{"@type":"ReadAction","target":["https:\/\/spinbetter.cash\/sv\/bonus\/bet-now-pay-later\/"]}]},{"@type":"BreadcrumbList","@id":"https:\/\/spinbetter.cash\/sv\/bonus\/bet-now-pay-later\/#breadcrumb","itemListElement":[{"@type":"ListItem","position":1,"name":"Home","item":"https:\/\/spinbetter.cash\/sv\/"},{"@type":"ListItem","position":2,"name":"Bonus","item":"https:\/\/spinbetter.cash\/sv\/bonus\/"},{"@type":"ListItem","position":3,"name":"Satsa nu \u2013 betala senare"}]},{"@type":"WebSite","@id":"https:\/\/spinbetter.cash\/sv\/#website","url":"https:\/\/spinbetter.cash\/sv\/","name":"Spinbetter Football SV","description":"My WordPress Blog","potentialAction":[{"@type":"SearchAction","target":{"@type":"EntryPoint","urlTemplate":"https:\/\/spinbetter.cash\/sv\/?s={search_term_string}"},"query-input":{"@type":"PropertyValueSpecification","valueRequired":true,"valueName":"search_term_string"}}],"inLanguage":"sv-SE"}]}},"_links":{"self":[{"href":"https:\/\/spinbetter.cash\/sv\/wp-json\/wp\/v2\/pages\/604","targetHints":{"allow":["GET"]}}],"collection":[{"href":"https:\/\/spinbetter.cash\/sv\/wp-json\/wp\/v2\/pages"}],"about":[{"href":"https:\/\/spinbetter.cash\/sv\/wp-json\/wp\/v2\/types\/page"}],"author":[{"embeddable":true,"href":"https:\/\/spinbetter.cash\/sv\/wp-json\/wp\/v2\/users\/1"}],"replies":[{"embeddable":true,"href":"https:\/\/spinbetter.cash\/sv\/wp-json\/wp\/v2\/comments?post=604"}],"version-history":[{"count":3,"href":"https:\/\/spinbetter.cash\/sv\/wp-json\/wp\/v2\/pages\/604\/revisions"}],"predecessor-version":[{"id":607,"href":"https:\/\/spinbetter.cash\/sv\/wp-json\/wp\/v2\/pages\/604\/revisions\/607"}],"up":[{"embeddable":true,"href":"https:\/\/spinbetter.cash\/sv\/wp-json\/wp\/v2\/pages\/152"}],"wp:attachment":[{"href":"https:\/\/spinbetter.cash\/sv\/wp-json\/wp\/v2\/media?parent=604"}],"curies":[{"name":"wp","href":"https:\/\/api.w.org\/{rel}","templated":true}]}}