{"id":336,"date":"2024-10-11T14:31:35","date_gmt":"2024-10-11T14:31:35","guid":{"rendered":"https:\/\/spinbetter.cash\/sv\/?page_id=336"},"modified":"2025-06-13T08:00:36","modified_gmt":"2025-06-13T08:00:36","slug":"login","status":"publish","type":"page","link":"https:\/\/spinbetter.cash\/sv\/login\/","title":{"rendered":"Logga in"},"content":{"rendered":"","protected":false},"excerpt":{"rendered":"","protected":false},"author":1,"featured_media":0,"parent":0,"menu_order":0,"comment_status":"closed","ping_status":"closed","template":"","meta":{"_acf_changed":false,"footnotes":""},"class_list":["post-336","page","type-page","status-publish","hentry"],"acf":[],"yoast_head":"<!-- This site is optimized with the Yoast SEO plugin v27.3 - https:\/\/yoast.com\/product\/yoast-seo-wordpress\/ -->\n<title>SpinBetter Login | Snabb \u00e5tkomst till spel och vinster!<\/title>\n<meta name=\"description\" content=\"Logga in p\u00e5 SpinBetter &gt; Omedelbar tillg\u00e5ng till ditt konto, sportsbetting och gambling! Logga in och b\u00f6rja vinna just nu!\" \/>\n<meta name=\"robots\" content=\"index, follow, max-snippet:-1, max-image-preview:large, max-video-preview:-1\" \/>\n<meta property=\"og:locale\" content=\"sv_SE\" \/>\n<meta property=\"og:type\" content=\"article\" \/>\n<meta property=\"og:title\" content=\"SpinBetter Login | Snabb \u00e5tkomst till spel och vinster!\" \/>\n<meta property=\"og:description\" content=\"Logga in p\u00e5 SpinBetter &gt; Omedelbar tillg\u00e5ng till ditt konto, sportsbetting och gambling! Logga in och b\u00f6rja vinna just nu!\" \/>\n<meta property=\"og:url\" content=\"https:\/\/spinbetter.cash\/sv\/login\/\" \/>\n<meta property=\"og:site_name\" content=\"Spinbetter Football SV\" \/>\n<meta property=\"article:modified_time\" content=\"2025-06-13T08:00:36+00:00\" \/>\n<meta name=\"twitter:card\" content=\"summary_large_image\" \/>\n<script type=\"application\/ld+json\" class=\"yoast-schema-graph\">{\"@context\":\"https:\\\/\\\/schema.org\",\"@graph\":[{\"@type\":\"WebPage\",\"@id\":\"https:\\\/\\\/spinbetter.cash\\\/sv\\\/login\\\/\",\"url\":\"https:\\\/\\\/spinbetter.cash\\\/sv\\\/login\\\/\",\"name\":\"SpinBetter Login | Snabb \u00e5tkomst till spel och vinster!\",\"isPartOf\":{\"@id\":\"https:\\\/\\\/spinbetter.cash\\\/sv\\\/#website\"},\"datePublished\":\"2024-10-11T14:31:35+00:00\",\"dateModified\":\"2025-06-13T08:00:36+00:00\",\"description\":\"Logga in p\u00e5 SpinBetter > Omedelbar tillg\u00e5ng till ditt konto, sportsbetting och gambling! Logga in och b\u00f6rja vinna just nu!\",\"breadcrumb\":{\"@id\":\"https:\\\/\\\/spinbetter.cash\\\/sv\\\/login\\\/#breadcrumb\"},\"inLanguage\":\"sv-SE\",\"potentialAction\":[{\"@type\":\"ReadAction\",\"target\":[\"https:\\\/\\\/spinbetter.cash\\\/sv\\\/login\\\/\"]}]},{\"@type\":\"BreadcrumbList\",\"@id\":\"https:\\\/\\\/spinbetter.cash\\\/sv\\\/login\\\/#breadcrumb\",\"itemListElement\":[{\"@type\":\"ListItem\",\"position\":1,\"name\":\"Home\",\"item\":\"https:\\\/\\\/spinbetter.cash\\\/sv\\\/\"},{\"@type\":\"ListItem\",\"position\":2,\"name\":\"Logga in\"}]},{\"@type\":\"WebSite\",\"@id\":\"https:\\\/\\\/spinbetter.cash\\\/sv\\\/#website\",\"url\":\"https:\\\/\\\/spinbetter.cash\\\/sv\\\/\",\"name\":\"Spinbetter Football SV\",\"description\":\"My WordPress Blog\",\"potentialAction\":[{\"@type\":\"SearchAction\",\"target\":{\"@type\":\"EntryPoint\",\"urlTemplate\":\"https:\\\/\\\/spinbetter.cash\\\/sv\\\/?s={search_term_string}\"},\"query-input\":{\"@type\":\"PropertyValueSpecification\",\"valueRequired\":true,\"valueName\":\"search_term_string\"}}],\"inLanguage\":\"sv-SE\"}]}<\/script>\n<!-- \/ Yoast SEO plugin. -->","yoast_head_json":{"title":"SpinBetter Login | Snabb \u00e5tkomst till spel och vinster!","description":"Logga in p\u00e5 SpinBetter > Omedelbar tillg\u00e5ng till ditt konto, sportsbetting och gambling! Logga in och b\u00f6rja vinna just nu!","robots":{"index":"index","follow":"follow","max-snippet":"max-snippet:-1","max-image-preview":"max-image-preview:large","max-video-preview":"max-video-preview:-1"},"og_locale":"sv_SE","og_type":"article","og_title":"SpinBetter Login | Snabb \u00e5tkomst till spel och vinster!","og_description":"Logga in p\u00e5 SpinBetter > Omedelbar tillg\u00e5ng till ditt konto, sportsbetting och gambling! Logga in och b\u00f6rja vinna just nu!","og_url":"https:\/\/spinbetter.cash\/sv\/login\/","og_site_name":"Spinbetter Football SV","article_modified_time":"2025-06-13T08:00:36+00:00","twitter_card":"summary_large_image","schema":{"@context":"https:\/\/schema.org","@graph":[{"@type":"WebPage","@id":"https:\/\/spinbetter.cash\/sv\/login\/","url":"https:\/\/spinbetter.cash\/sv\/login\/","name":"SpinBetter Login | Snabb \u00e5tkomst till spel och vinster!","isPartOf":{"@id":"https:\/\/spinbetter.cash\/sv\/#website"},"datePublished":"2024-10-11T14:31:35+00:00","dateModified":"2025-06-13T08:00:36+00:00","description":"Logga in p\u00e5 SpinBetter > Omedelbar tillg\u00e5ng till ditt konto, sportsbetting och gambling! Logga in och b\u00f6rja vinna just nu!","breadcrumb":{"@id":"https:\/\/spinbetter.cash\/sv\/login\/#breadcrumb"},"inLanguage":"sv-SE","potentialAction":[{"@type":"ReadAction","target":["https:\/\/spinbetter.cash\/sv\/login\/"]}]},{"@type":"BreadcrumbList","@id":"https:\/\/spinbetter.cash\/sv\/login\/#breadcrumb","itemListElement":[{"@type":"ListItem","position":1,"name":"Home","item":"https:\/\/spinbetter.cash\/sv\/"},{"@type":"ListItem","position":2,"name":"Logga in"}]},{"@type":"WebSite","@id":"https:\/\/spinbetter.cash\/sv\/#website","url":"https:\/\/spinbetter.cash\/sv\/","name":"Spinbetter Football SV","description":"My WordPress Blog","potentialAction":[{"@type":"SearchAction","target":{"@type":"EntryPoint","urlTemplate":"https:\/\/spinbetter.cash\/sv\/?s={search_term_string}"},"query-input":{"@type":"PropertyValueSpecification","valueRequired":true,"valueName":"search_term_string"}}],"inLanguage":"sv-SE"}]}},"_links":{"self":[{"href":"https:\/\/spinbetter.cash\/sv\/wp-json\/wp\/v2\/pages\/336","targetHints":{"allow":["GET"]}}],"collection":[{"href":"https:\/\/spinbetter.cash\/sv\/wp-json\/wp\/v2\/pages"}],"about":[{"href":"https:\/\/spinbetter.cash\/sv\/wp-json\/wp\/v2\/types\/page"}],"author":[{"embeddable":true,"href":"https:\/\/spinbetter.cash\/sv\/wp-json\/wp\/v2\/users\/1"}],"replies":[{"embeddable":true,"href":"https:\/\/spinbetter.cash\/sv\/wp-json\/wp\/v2\/comments?post=336"}],"version-history":[{"count":21,"href":"https:\/\/spinbetter.cash\/sv\/wp-json\/wp\/v2\/pages\/336\/revisions"}],"predecessor-version":[{"id":570,"href":"https:\/\/spinbetter.cash\/sv\/wp-json\/wp\/v2\/pages\/336\/revisions\/570"}],"wp:attachment":[{"href":"https:\/\/spinbetter.cash\/sv\/wp-json\/wp\/v2\/media?parent=336"}],"curies":[{"name":"wp","href":"https:\/\/api.w.org\/{rel}","templated":true}]}}