{"id":632,"date":"2025-06-05T07:43:28","date_gmt":"2025-06-05T07:43:28","guid":{"rendered":"https:\/\/spinbetter.cash\/sl\/?page_id=632"},"modified":"2025-06-12T14:48:19","modified_gmt":"2025-06-12T14:48:19","slug":"bet-in-the-app","status":"publish","type":"page","link":"https:\/\/spinbetter.cash\/sl\/bonus\/bet-in-the-app\/","title":{"rendered":"Stavite v aplikaciji"},"content":{"rendered":"","protected":false},"excerpt":{"rendered":"","protected":false},"author":1,"featured_media":0,"parent":152,"menu_order":0,"comment_status":"closed","ping_status":"closed","template":"","meta":{"_acf_changed":false,"footnotes":""},"class_list":["post-632","page","type-page","status-publish","hentry"],"acf":[],"yoast_head":"<!-- This site is optimized with the Yoast SEO plugin v27.3 - https:\/\/yoast.com\/product\/yoast-seo-wordpress\/ -->\n<title>Stavite v aplikaciji SpinBetter &gt; Prejmite do 10 \u20ac brezpla\u010dne stave!<\/title>\n<meta name=\"description\" content=\"\u017delite, da vsaka stava prinese ve\u010d dobitka? Prenesite aplikacijo SpinBetter in prejmite brezpla\u010dno stavo do 10 \u20ac brez depozita!\" \/>\n<meta name=\"robots\" content=\"index, follow, max-snippet:-1, max-image-preview:large, max-video-preview:-1\" \/>\n<meta property=\"og:locale\" content=\"sl_SI\" \/>\n<meta property=\"og:type\" content=\"article\" \/>\n<meta property=\"og:title\" content=\"Stavite v aplikaciji SpinBetter &gt; Prejmite do 10 \u20ac brezpla\u010dne stave!\" \/>\n<meta property=\"og:description\" content=\"\u017delite, da vsaka stava prinese ve\u010d dobitka? Prenesite aplikacijo SpinBetter in prejmite brezpla\u010dno stavo do 10 \u20ac brez depozita!\" \/>\n<meta property=\"og:url\" content=\"https:\/\/spinbetter.cash\/sl\/bonus\/bet-in-the-app\/\" \/>\n<meta property=\"og:site_name\" content=\"SpinBetter football SL\" \/>\n<meta property=\"article:modified_time\" content=\"2025-06-12T14:48:19+00:00\" \/>\n<meta name=\"twitter:card\" content=\"summary_large_image\" \/>\n<script type=\"application\/ld+json\" class=\"yoast-schema-graph\">{\"@context\":\"https:\\\/\\\/schema.org\",\"@graph\":[{\"@type\":\"WebPage\",\"@id\":\"https:\\\/\\\/spinbetter.cash\\\/sl\\\/bonus\\\/bet-in-the-app\\\/\",\"url\":\"https:\\\/\\\/spinbetter.cash\\\/sl\\\/bonus\\\/bet-in-the-app\\\/\",\"name\":\"Stavite v aplikaciji SpinBetter > Prejmite do 10 \u20ac brezpla\u010dne stave!\",\"isPartOf\":{\"@id\":\"https:\\\/\\\/spinbetter.cash\\\/sl\\\/#website\"},\"datePublished\":\"2025-06-05T07:43:28+00:00\",\"dateModified\":\"2025-06-12T14:48:19+00:00\",\"description\":\"\u017delite, da vsaka stava prinese ve\u010d dobitka? Prenesite aplikacijo SpinBetter in prejmite brezpla\u010dno stavo do 10 \u20ac brez depozita!\",\"breadcrumb\":{\"@id\":\"https:\\\/\\\/spinbetter.cash\\\/sl\\\/bonus\\\/bet-in-the-app\\\/#breadcrumb\"},\"inLanguage\":\"sl-SI\",\"potentialAction\":[{\"@type\":\"ReadAction\",\"target\":[\"https:\\\/\\\/spinbetter.cash\\\/sl\\\/bonus\\\/bet-in-the-app\\\/\"]}]},{\"@type\":\"BreadcrumbList\",\"@id\":\"https:\\\/\\\/spinbetter.cash\\\/sl\\\/bonus\\\/bet-in-the-app\\\/#breadcrumb\",\"itemListElement\":[{\"@type\":\"ListItem\",\"position\":1,\"name\":\"Home\",\"item\":\"https:\\\/\\\/spinbetter.cash\\\/sl\\\/\"},{\"@type\":\"ListItem\",\"position\":2,\"name\":\"Bonus\",\"item\":\"https:\\\/\\\/spinbetter.cash\\\/sl\\\/bonus\\\/\"},{\"@type\":\"ListItem\",\"position\":3,\"name\":\"Stavite v aplikaciji\"}]},{\"@type\":\"WebSite\",\"@id\":\"https:\\\/\\\/spinbetter.cash\\\/sl\\\/#website\",\"url\":\"https:\\\/\\\/spinbetter.cash\\\/sl\\\/\",\"name\":\"SpinBetter football SL\",\"description\":\"My WordPress Blog\",\"potentialAction\":[{\"@type\":\"SearchAction\",\"target\":{\"@type\":\"EntryPoint\",\"urlTemplate\":\"https:\\\/\\\/spinbetter.cash\\\/sl\\\/?s={search_term_string}\"},\"query-input\":{\"@type\":\"PropertyValueSpecification\",\"valueRequired\":true,\"valueName\":\"search_term_string\"}}],\"inLanguage\":\"sl-SI\"}]}<\/script>\n<!-- \/ Yoast SEO plugin. -->","yoast_head_json":{"title":"Stavite v aplikaciji SpinBetter > Prejmite do 10 \u20ac brezpla\u010dne stave!","description":"\u017delite, da vsaka stava prinese ve\u010d dobitka? Prenesite aplikacijo SpinBetter in prejmite brezpla\u010dno stavo do 10 \u20ac brez depozita!","robots":{"index":"index","follow":"follow","max-snippet":"max-snippet:-1","max-image-preview":"max-image-preview:large","max-video-preview":"max-video-preview:-1"},"og_locale":"sl_SI","og_type":"article","og_title":"Stavite v aplikaciji SpinBetter > Prejmite do 10 \u20ac brezpla\u010dne stave!","og_description":"\u017delite, da vsaka stava prinese ve\u010d dobitka? Prenesite aplikacijo SpinBetter in prejmite brezpla\u010dno stavo do 10 \u20ac brez depozita!","og_url":"https:\/\/spinbetter.cash\/sl\/bonus\/bet-in-the-app\/","og_site_name":"SpinBetter football SL","article_modified_time":"2025-06-12T14:48:19+00:00","twitter_card":"summary_large_image","schema":{"@context":"https:\/\/schema.org","@graph":[{"@type":"WebPage","@id":"https:\/\/spinbetter.cash\/sl\/bonus\/bet-in-the-app\/","url":"https:\/\/spinbetter.cash\/sl\/bonus\/bet-in-the-app\/","name":"Stavite v aplikaciji SpinBetter > Prejmite do 10 \u20ac brezpla\u010dne stave!","isPartOf":{"@id":"https:\/\/spinbetter.cash\/sl\/#website"},"datePublished":"2025-06-05T07:43:28+00:00","dateModified":"2025-06-12T14:48:19+00:00","description":"\u017delite, da vsaka stava prinese ve\u010d dobitka? Prenesite aplikacijo SpinBetter in prejmite brezpla\u010dno stavo do 10 \u20ac brez depozita!","breadcrumb":{"@id":"https:\/\/spinbetter.cash\/sl\/bonus\/bet-in-the-app\/#breadcrumb"},"inLanguage":"sl-SI","potentialAction":[{"@type":"ReadAction","target":["https:\/\/spinbetter.cash\/sl\/bonus\/bet-in-the-app\/"]}]},{"@type":"BreadcrumbList","@id":"https:\/\/spinbetter.cash\/sl\/bonus\/bet-in-the-app\/#breadcrumb","itemListElement":[{"@type":"ListItem","position":1,"name":"Home","item":"https:\/\/spinbetter.cash\/sl\/"},{"@type":"ListItem","position":2,"name":"Bonus","item":"https:\/\/spinbetter.cash\/sl\/bonus\/"},{"@type":"ListItem","position":3,"name":"Stavite v aplikaciji"}]},{"@type":"WebSite","@id":"https:\/\/spinbetter.cash\/sl\/#website","url":"https:\/\/spinbetter.cash\/sl\/","name":"SpinBetter football SL","description":"My WordPress Blog","potentialAction":[{"@type":"SearchAction","target":{"@type":"EntryPoint","urlTemplate":"https:\/\/spinbetter.cash\/sl\/?s={search_term_string}"},"query-input":{"@type":"PropertyValueSpecification","valueRequired":true,"valueName":"search_term_string"}}],"inLanguage":"sl-SI"}]}},"_links":{"self":[{"href":"https:\/\/spinbetter.cash\/sl\/wp-json\/wp\/v2\/pages\/632","targetHints":{"allow":["GET"]}}],"collection":[{"href":"https:\/\/spinbetter.cash\/sl\/wp-json\/wp\/v2\/pages"}],"about":[{"href":"https:\/\/spinbetter.cash\/sl\/wp-json\/wp\/v2\/types\/page"}],"author":[{"embeddable":true,"href":"https:\/\/spinbetter.cash\/sl\/wp-json\/wp\/v2\/users\/1"}],"replies":[{"embeddable":true,"href":"https:\/\/spinbetter.cash\/sl\/wp-json\/wp\/v2\/comments?post=632"}],"version-history":[{"count":2,"href":"https:\/\/spinbetter.cash\/sl\/wp-json\/wp\/v2\/pages\/632\/revisions"}],"predecessor-version":[{"id":634,"href":"https:\/\/spinbetter.cash\/sl\/wp-json\/wp\/v2\/pages\/632\/revisions\/634"}],"up":[{"embeddable":true,"href":"https:\/\/spinbetter.cash\/sl\/wp-json\/wp\/v2\/pages\/152"}],"wp:attachment":[{"href":"https:\/\/spinbetter.cash\/sl\/wp-json\/wp\/v2\/media?parent=632"}],"curies":[{"name":"wp","href":"https:\/\/api.w.org\/{rel}","templated":true}]}}