{"id":354,"date":"2024-10-11T14:32:58","date_gmt":"2024-10-11T14:32:58","guid":{"rendered":"https:\/\/spinbetter.cash\/sl\/?page_id=354"},"modified":"2025-11-20T11:55:41","modified_gmt":"2025-11-20T11:55:41","slug":"registration","status":"publish","type":"page","link":"https:\/\/spinbetter.cash\/sl\/registration\/","title":{"rendered":"Registracija"},"content":{"rendered":"","protected":false},"excerpt":{"rendered":"","protected":false},"author":1,"featured_media":0,"parent":0,"menu_order":0,"comment_status":"closed","ping_status":"closed","template":"","meta":{"_acf_changed":false,"footnotes":""},"class_list":["post-354","page","type-page","status-publish","hentry"],"acf":[],"yoast_head":"<!-- This site is optimized with the Yoast SEO plugin v27.3 - https:\/\/yoast.com\/product\/yoast-seo-wordpress\/ -->\n<title>Registracija SpinBetterja | Vzemite bonus in za\u010dnite zmagovati!<\/title>\n<meta name=\"description\" content=\"Registracija v SpinBetterju. Enostaven za\u010detek: ustvarite ra\u010dun, prejmite bonus in za\u010dnite staviti na \u0161port ter zmagovati \u017ee danes!\" \/>\n<meta name=\"robots\" content=\"index, follow, max-snippet:-1, max-image-preview:large, max-video-preview:-1\" \/>\n<meta property=\"og:locale\" content=\"sl_SI\" \/>\n<meta property=\"og:type\" content=\"article\" \/>\n<meta property=\"og:title\" content=\"Registracija SpinBetterja | Vzemite bonus in za\u010dnite zmagovati!\" \/>\n<meta property=\"og:description\" content=\"Registracija v SpinBetterju. Enostaven za\u010detek: ustvarite ra\u010dun, prejmite bonus in za\u010dnite staviti na \u0161port ter zmagovati \u017ee danes!\" \/>\n<meta property=\"og:url\" content=\"https:\/\/spinbetter.cash\/sl\/registration\/\" \/>\n<meta property=\"og:site_name\" content=\"SpinBetter football SL\" \/>\n<meta property=\"article:modified_time\" content=\"2025-11-20T11:55:41+00:00\" \/>\n<meta name=\"twitter:card\" content=\"summary_large_image\" \/>\n<script type=\"application\/ld+json\" class=\"yoast-schema-graph\">{\"@context\":\"https:\\\/\\\/schema.org\",\"@graph\":[{\"@type\":\"WebPage\",\"@id\":\"https:\\\/\\\/spinbetter.cash\\\/sl\\\/registration\\\/\",\"url\":\"https:\\\/\\\/spinbetter.cash\\\/sl\\\/registration\\\/\",\"name\":\"Registracija SpinBetterja | Vzemite bonus in za\u010dnite zmagovati!\",\"isPartOf\":{\"@id\":\"https:\\\/\\\/spinbetter.cash\\\/sl\\\/#website\"},\"datePublished\":\"2024-10-11T14:32:58+00:00\",\"dateModified\":\"2025-11-20T11:55:41+00:00\",\"description\":\"Registracija v SpinBetterju. Enostaven za\u010detek: ustvarite ra\u010dun, prejmite bonus in za\u010dnite staviti na \u0161port ter zmagovati \u017ee danes!\",\"breadcrumb\":{\"@id\":\"https:\\\/\\\/spinbetter.cash\\\/sl\\\/registration\\\/#breadcrumb\"},\"inLanguage\":\"sl-SI\",\"potentialAction\":[{\"@type\":\"ReadAction\",\"target\":[\"https:\\\/\\\/spinbetter.cash\\\/sl\\\/registration\\\/\"]}]},{\"@type\":\"BreadcrumbList\",\"@id\":\"https:\\\/\\\/spinbetter.cash\\\/sl\\\/registration\\\/#breadcrumb\",\"itemListElement\":[{\"@type\":\"ListItem\",\"position\":1,\"name\":\"Home\",\"item\":\"https:\\\/\\\/spinbetter.cash\\\/sl\\\/\"},{\"@type\":\"ListItem\",\"position\":2,\"name\":\"Registracija\"}]},{\"@type\":\"WebSite\",\"@id\":\"https:\\\/\\\/spinbetter.cash\\\/sl\\\/#website\",\"url\":\"https:\\\/\\\/spinbetter.cash\\\/sl\\\/\",\"name\":\"SpinBetter football SL\",\"description\":\"My WordPress Blog\",\"potentialAction\":[{\"@type\":\"SearchAction\",\"target\":{\"@type\":\"EntryPoint\",\"urlTemplate\":\"https:\\\/\\\/spinbetter.cash\\\/sl\\\/?s={search_term_string}\"},\"query-input\":{\"@type\":\"PropertyValueSpecification\",\"valueRequired\":true,\"valueName\":\"search_term_string\"}}],\"inLanguage\":\"sl-SI\"}]}<\/script>\n<!-- \/ Yoast SEO plugin. -->","yoast_head_json":{"title":"Registracija SpinBetterja | Vzemite bonus in za\u010dnite zmagovati!","description":"Registracija v SpinBetterju. Enostaven za\u010detek: ustvarite ra\u010dun, prejmite bonus in za\u010dnite staviti na \u0161port ter zmagovati \u017ee danes!","robots":{"index":"index","follow":"follow","max-snippet":"max-snippet:-1","max-image-preview":"max-image-preview:large","max-video-preview":"max-video-preview:-1"},"og_locale":"sl_SI","og_type":"article","og_title":"Registracija SpinBetterja | Vzemite bonus in za\u010dnite zmagovati!","og_description":"Registracija v SpinBetterju. Enostaven za\u010detek: ustvarite ra\u010dun, prejmite bonus in za\u010dnite staviti na \u0161port ter zmagovati \u017ee danes!","og_url":"https:\/\/spinbetter.cash\/sl\/registration\/","og_site_name":"SpinBetter football SL","article_modified_time":"2025-11-20T11:55:41+00:00","twitter_card":"summary_large_image","schema":{"@context":"https:\/\/schema.org","@graph":[{"@type":"WebPage","@id":"https:\/\/spinbetter.cash\/sl\/registration\/","url":"https:\/\/spinbetter.cash\/sl\/registration\/","name":"Registracija SpinBetterja | Vzemite bonus in za\u010dnite zmagovati!","isPartOf":{"@id":"https:\/\/spinbetter.cash\/sl\/#website"},"datePublished":"2024-10-11T14:32:58+00:00","dateModified":"2025-11-20T11:55:41+00:00","description":"Registracija v SpinBetterju. Enostaven za\u010detek: ustvarite ra\u010dun, prejmite bonus in za\u010dnite staviti na \u0161port ter zmagovati \u017ee danes!","breadcrumb":{"@id":"https:\/\/spinbetter.cash\/sl\/registration\/#breadcrumb"},"inLanguage":"sl-SI","potentialAction":[{"@type":"ReadAction","target":["https:\/\/spinbetter.cash\/sl\/registration\/"]}]},{"@type":"BreadcrumbList","@id":"https:\/\/spinbetter.cash\/sl\/registration\/#breadcrumb","itemListElement":[{"@type":"ListItem","position":1,"name":"Home","item":"https:\/\/spinbetter.cash\/sl\/"},{"@type":"ListItem","position":2,"name":"Registracija"}]},{"@type":"WebSite","@id":"https:\/\/spinbetter.cash\/sl\/#website","url":"https:\/\/spinbetter.cash\/sl\/","name":"SpinBetter football SL","description":"My WordPress Blog","potentialAction":[{"@type":"SearchAction","target":{"@type":"EntryPoint","urlTemplate":"https:\/\/spinbetter.cash\/sl\/?s={search_term_string}"},"query-input":{"@type":"PropertyValueSpecification","valueRequired":true,"valueName":"search_term_string"}}],"inLanguage":"sl-SI"}]}},"_links":{"self":[{"href":"https:\/\/spinbetter.cash\/sl\/wp-json\/wp\/v2\/pages\/354","targetHints":{"allow":["GET"]}}],"collection":[{"href":"https:\/\/spinbetter.cash\/sl\/wp-json\/wp\/v2\/pages"}],"about":[{"href":"https:\/\/spinbetter.cash\/sl\/wp-json\/wp\/v2\/types\/page"}],"author":[{"embeddable":true,"href":"https:\/\/spinbetter.cash\/sl\/wp-json\/wp\/v2\/users\/1"}],"replies":[{"embeddable":true,"href":"https:\/\/spinbetter.cash\/sl\/wp-json\/wp\/v2\/comments?post=354"}],"version-history":[{"count":26,"href":"https:\/\/spinbetter.cash\/sl\/wp-json\/wp\/v2\/pages\/354\/revisions"}],"predecessor-version":[{"id":678,"href":"https:\/\/spinbetter.cash\/sl\/wp-json\/wp\/v2\/pages\/354\/revisions\/678"}],"wp:attachment":[{"href":"https:\/\/spinbetter.cash\/sl\/wp-json\/wp\/v2\/media?parent=354"}],"curies":[{"name":"wp","href":"https:\/\/api.w.org\/{rel}","templated":true}]}}