{"id":336,"date":"2024-10-11T14:31:35","date_gmt":"2024-10-11T14:31:35","guid":{"rendered":"https:\/\/spinbetter.cash\/sl\/?page_id=336"},"modified":"2025-06-12T14:34:33","modified_gmt":"2025-06-12T14:34:33","slug":"login","status":"publish","type":"page","link":"https:\/\/spinbetter.cash\/sl\/login\/","title":{"rendered":"Prijava"},"content":{"rendered":"","protected":false},"excerpt":{"rendered":"","protected":false},"author":1,"featured_media":0,"parent":0,"menu_order":0,"comment_status":"closed","ping_status":"closed","template":"","meta":{"_acf_changed":false,"footnotes":""},"class_list":["post-336","page","type-page","status-publish","hentry"],"acf":[],"yoast_head":"<!-- This site is optimized with the Yoast SEO plugin v27.3 - https:\/\/yoast.com\/product\/yoast-seo-wordpress\/ -->\n<title>SpinBetter Prijava | Hiter dostop do stav in dobitkov!<\/title>\n<meta name=\"description\" content=\"Prijava v SpinBetter &gt; Takoj\u0161en dostop do va\u0161ega ra\u010duna, \u0161portnih stav in iger na sre\u010do! Prijavite se in za\u010dnite zmagovati \u017ee zdaj!\" \/>\n<meta name=\"robots\" content=\"index, follow, max-snippet:-1, max-image-preview:large, max-video-preview:-1\" \/>\n<meta property=\"og:locale\" content=\"sl_SI\" \/>\n<meta property=\"og:type\" content=\"article\" \/>\n<meta property=\"og:title\" content=\"SpinBetter Prijava | Hiter dostop do stav in dobitkov!\" \/>\n<meta property=\"og:description\" content=\"Prijava v SpinBetter &gt; Takoj\u0161en dostop do va\u0161ega ra\u010duna, \u0161portnih stav in iger na sre\u010do! Prijavite se in za\u010dnite zmagovati \u017ee zdaj!\" \/>\n<meta property=\"og:url\" content=\"https:\/\/spinbetter.cash\/sl\/login\/\" \/>\n<meta property=\"og:site_name\" content=\"SpinBetter football SL\" \/>\n<meta property=\"article:modified_time\" content=\"2025-06-12T14:34:33+00:00\" \/>\n<meta name=\"twitter:card\" content=\"summary_large_image\" \/>\n<script type=\"application\/ld+json\" class=\"yoast-schema-graph\">{\"@context\":\"https:\\\/\\\/schema.org\",\"@graph\":[{\"@type\":\"WebPage\",\"@id\":\"https:\\\/\\\/spinbetter.cash\\\/sl\\\/login\\\/\",\"url\":\"https:\\\/\\\/spinbetter.cash\\\/sl\\\/login\\\/\",\"name\":\"SpinBetter Prijava | Hiter dostop do stav in dobitkov!\",\"isPartOf\":{\"@id\":\"https:\\\/\\\/spinbetter.cash\\\/sl\\\/#website\"},\"datePublished\":\"2024-10-11T14:31:35+00:00\",\"dateModified\":\"2025-06-12T14:34:33+00:00\",\"description\":\"Prijava v SpinBetter > Takoj\u0161en dostop do va\u0161ega ra\u010duna, \u0161portnih stav in iger na sre\u010do! Prijavite se in za\u010dnite zmagovati \u017ee zdaj!\",\"breadcrumb\":{\"@id\":\"https:\\\/\\\/spinbetter.cash\\\/sl\\\/login\\\/#breadcrumb\"},\"inLanguage\":\"sl-SI\",\"potentialAction\":[{\"@type\":\"ReadAction\",\"target\":[\"https:\\\/\\\/spinbetter.cash\\\/sl\\\/login\\\/\"]}]},{\"@type\":\"BreadcrumbList\",\"@id\":\"https:\\\/\\\/spinbetter.cash\\\/sl\\\/login\\\/#breadcrumb\",\"itemListElement\":[{\"@type\":\"ListItem\",\"position\":1,\"name\":\"Home\",\"item\":\"https:\\\/\\\/spinbetter.cash\\\/sl\\\/\"},{\"@type\":\"ListItem\",\"position\":2,\"name\":\"Prijava\"}]},{\"@type\":\"WebSite\",\"@id\":\"https:\\\/\\\/spinbetter.cash\\\/sl\\\/#website\",\"url\":\"https:\\\/\\\/spinbetter.cash\\\/sl\\\/\",\"name\":\"SpinBetter football SL\",\"description\":\"My WordPress Blog\",\"potentialAction\":[{\"@type\":\"SearchAction\",\"target\":{\"@type\":\"EntryPoint\",\"urlTemplate\":\"https:\\\/\\\/spinbetter.cash\\\/sl\\\/?s={search_term_string}\"},\"query-input\":{\"@type\":\"PropertyValueSpecification\",\"valueRequired\":true,\"valueName\":\"search_term_string\"}}],\"inLanguage\":\"sl-SI\"}]}<\/script>\n<!-- \/ Yoast SEO plugin. -->","yoast_head_json":{"title":"SpinBetter Prijava | Hiter dostop do stav in dobitkov!","description":"Prijava v SpinBetter > Takoj\u0161en dostop do va\u0161ega ra\u010duna, \u0161portnih stav in iger na sre\u010do! Prijavite se in za\u010dnite zmagovati \u017ee zdaj!","robots":{"index":"index","follow":"follow","max-snippet":"max-snippet:-1","max-image-preview":"max-image-preview:large","max-video-preview":"max-video-preview:-1"},"og_locale":"sl_SI","og_type":"article","og_title":"SpinBetter Prijava | Hiter dostop do stav in dobitkov!","og_description":"Prijava v SpinBetter > Takoj\u0161en dostop do va\u0161ega ra\u010duna, \u0161portnih stav in iger na sre\u010do! Prijavite se in za\u010dnite zmagovati \u017ee zdaj!","og_url":"https:\/\/spinbetter.cash\/sl\/login\/","og_site_name":"SpinBetter football SL","article_modified_time":"2025-06-12T14:34:33+00:00","twitter_card":"summary_large_image","schema":{"@context":"https:\/\/schema.org","@graph":[{"@type":"WebPage","@id":"https:\/\/spinbetter.cash\/sl\/login\/","url":"https:\/\/spinbetter.cash\/sl\/login\/","name":"SpinBetter Prijava | Hiter dostop do stav in dobitkov!","isPartOf":{"@id":"https:\/\/spinbetter.cash\/sl\/#website"},"datePublished":"2024-10-11T14:31:35+00:00","dateModified":"2025-06-12T14:34:33+00:00","description":"Prijava v SpinBetter > Takoj\u0161en dostop do va\u0161ega ra\u010duna, \u0161portnih stav in iger na sre\u010do! Prijavite se in za\u010dnite zmagovati \u017ee zdaj!","breadcrumb":{"@id":"https:\/\/spinbetter.cash\/sl\/login\/#breadcrumb"},"inLanguage":"sl-SI","potentialAction":[{"@type":"ReadAction","target":["https:\/\/spinbetter.cash\/sl\/login\/"]}]},{"@type":"BreadcrumbList","@id":"https:\/\/spinbetter.cash\/sl\/login\/#breadcrumb","itemListElement":[{"@type":"ListItem","position":1,"name":"Home","item":"https:\/\/spinbetter.cash\/sl\/"},{"@type":"ListItem","position":2,"name":"Prijava"}]},{"@type":"WebSite","@id":"https:\/\/spinbetter.cash\/sl\/#website","url":"https:\/\/spinbetter.cash\/sl\/","name":"SpinBetter football SL","description":"My WordPress Blog","potentialAction":[{"@type":"SearchAction","target":{"@type":"EntryPoint","urlTemplate":"https:\/\/spinbetter.cash\/sl\/?s={search_term_string}"},"query-input":{"@type":"PropertyValueSpecification","valueRequired":true,"valueName":"search_term_string"}}],"inLanguage":"sl-SI"}]}},"_links":{"self":[{"href":"https:\/\/spinbetter.cash\/sl\/wp-json\/wp\/v2\/pages\/336","targetHints":{"allow":["GET"]}}],"collection":[{"href":"https:\/\/spinbetter.cash\/sl\/wp-json\/wp\/v2\/pages"}],"about":[{"href":"https:\/\/spinbetter.cash\/sl\/wp-json\/wp\/v2\/types\/page"}],"author":[{"embeddable":true,"href":"https:\/\/spinbetter.cash\/sl\/wp-json\/wp\/v2\/users\/1"}],"replies":[{"embeddable":true,"href":"https:\/\/spinbetter.cash\/sl\/wp-json\/wp\/v2\/comments?post=336"}],"version-history":[{"count":22,"href":"https:\/\/spinbetter.cash\/sl\/wp-json\/wp\/v2\/pages\/336\/revisions"}],"predecessor-version":[{"id":594,"href":"https:\/\/spinbetter.cash\/sl\/wp-json\/wp\/v2\/pages\/336\/revisions\/594"}],"wp:attachment":[{"href":"https:\/\/spinbetter.cash\/sl\/wp-json\/wp\/v2\/media?parent=336"}],"curies":[{"name":"wp","href":"https:\/\/api.w.org\/{rel}","templated":true}]}}