{"id":662,"date":"2025-07-31T14:28:33","date_gmt":"2025-07-31T14:28:33","guid":{"rendered":"https:\/\/spinbetter.cash\/sk\/?page_id=662"},"modified":"2025-07-31T14:28:50","modified_gmt":"2025-07-31T14:28:50","slug":"20-cashback","status":"publish","type":"page","link":"https:\/\/spinbetter.cash\/sk\/bonus\/20-cashback\/","title":{"rendered":"A\u017e 20% cashback"},"content":{"rendered":"","protected":false},"excerpt":{"rendered":"","protected":false},"author":1,"featured_media":0,"parent":152,"menu_order":0,"comment_status":"closed","ping_status":"closed","template":"","meta":{"_acf_changed":false,"footnotes":""},"class_list":["post-662","page","type-page","status-publish","hentry"],"acf":[],"yoast_head":"<!-- This site is optimized with the Yoast SEO plugin v27.3 - https:\/\/yoast.com\/product\/yoast-seo-wordpress\/ -->\n<title>Futbalov\u00fd cashback od SpinBetter \u1405 a\u017e 20 % zo st\u00e1vok<\/title>\n<meta name=\"description\" content=\"Stavte si na futbal na SpinBetter a z\u00edskajte sp\u00e4\u0165 a\u017e 20 % zo svojich prehier. T\u00fd\u017edenn\u00fd cashback a\u017e do v\u00fd\u0161ky 500 \u20ac na v\u00e1\u0161 bonusov\u00fd \u00fa\u010det \u2013 zapojte sa od 4.08. do 5.10.!\" \/>\n<meta name=\"robots\" content=\"index, follow, max-snippet:-1, max-image-preview:large, max-video-preview:-1\" \/>\n<meta property=\"og:locale\" content=\"sk_SK\" \/>\n<meta property=\"og:type\" content=\"article\" \/>\n<meta property=\"og:title\" content=\"Futbalov\u00fd cashback od SpinBetter \u1405 a\u017e 20 % zo st\u00e1vok\" \/>\n<meta property=\"og:description\" content=\"Stavte si na futbal na SpinBetter a z\u00edskajte sp\u00e4\u0165 a\u017e 20 % zo svojich prehier. T\u00fd\u017edenn\u00fd cashback a\u017e do v\u00fd\u0161ky 500 \u20ac na v\u00e1\u0161 bonusov\u00fd \u00fa\u010det \u2013 zapojte sa od 4.08. do 5.10.!\" \/>\n<meta property=\"og:url\" content=\"https:\/\/spinbetter.cash\/sk\/bonus\/20-cashback\/\" \/>\n<meta property=\"og:site_name\" content=\"Spinbetter Football SK\" \/>\n<meta property=\"article:modified_time\" content=\"2025-07-31T14:28:50+00:00\" \/>\n<meta name=\"twitter:card\" content=\"summary_large_image\" \/>\n<script type=\"application\/ld+json\" class=\"yoast-schema-graph\">{\"@context\":\"https:\\\/\\\/schema.org\",\"@graph\":[{\"@type\":\"WebPage\",\"@id\":\"https:\\\/\\\/spinbetter.cash\\\/sk\\\/bonus\\\/20-cashback\\\/\",\"url\":\"https:\\\/\\\/spinbetter.cash\\\/sk\\\/bonus\\\/20-cashback\\\/\",\"name\":\"Futbalov\u00fd cashback od SpinBetter \u1405 a\u017e 20 % zo st\u00e1vok\",\"isPartOf\":{\"@id\":\"https:\\\/\\\/spinbetter.cash\\\/sk\\\/#website\"},\"datePublished\":\"2025-07-31T14:28:33+00:00\",\"dateModified\":\"2025-07-31T14:28:50+00:00\",\"description\":\"Stavte si na futbal na SpinBetter a z\u00edskajte sp\u00e4\u0165 a\u017e 20 % zo svojich prehier. T\u00fd\u017edenn\u00fd cashback a\u017e do v\u00fd\u0161ky 500 \u20ac na v\u00e1\u0161 bonusov\u00fd \u00fa\u010det \u2013 zapojte sa od 4.08. do 5.10.!\",\"breadcrumb\":{\"@id\":\"https:\\\/\\\/spinbetter.cash\\\/sk\\\/bonus\\\/20-cashback\\\/#breadcrumb\"},\"inLanguage\":\"sk-SK\",\"potentialAction\":[{\"@type\":\"ReadAction\",\"target\":[\"https:\\\/\\\/spinbetter.cash\\\/sk\\\/bonus\\\/20-cashback\\\/\"]}]},{\"@type\":\"BreadcrumbList\",\"@id\":\"https:\\\/\\\/spinbetter.cash\\\/sk\\\/bonus\\\/20-cashback\\\/#breadcrumb\",\"itemListElement\":[{\"@type\":\"ListItem\",\"position\":1,\"name\":\"Home\",\"item\":\"https:\\\/\\\/spinbetter.cash\\\/sk\\\/\"},{\"@type\":\"ListItem\",\"position\":2,\"name\":\"Bonus\",\"item\":\"https:\\\/\\\/spinbetter.cash\\\/sk\\\/bonus\\\/\"},{\"@type\":\"ListItem\",\"position\":3,\"name\":\"A\u017e 20% cashback\"}]},{\"@type\":\"WebSite\",\"@id\":\"https:\\\/\\\/spinbetter.cash\\\/sk\\\/#website\",\"url\":\"https:\\\/\\\/spinbetter.cash\\\/sk\\\/\",\"name\":\"Spinbetter Football SK\",\"description\":\"My WordPress Blog\",\"potentialAction\":[{\"@type\":\"SearchAction\",\"target\":{\"@type\":\"EntryPoint\",\"urlTemplate\":\"https:\\\/\\\/spinbetter.cash\\\/sk\\\/?s={search_term_string}\"},\"query-input\":{\"@type\":\"PropertyValueSpecification\",\"valueRequired\":true,\"valueName\":\"search_term_string\"}}],\"inLanguage\":\"sk-SK\"}]}<\/script>\n<!-- \/ Yoast SEO plugin. -->","yoast_head_json":{"title":"Futbalov\u00fd cashback od SpinBetter \u1405 a\u017e 20 % zo st\u00e1vok","description":"Stavte si na futbal na SpinBetter a z\u00edskajte sp\u00e4\u0165 a\u017e 20 % zo svojich prehier. T\u00fd\u017edenn\u00fd cashback a\u017e do v\u00fd\u0161ky 500 \u20ac na v\u00e1\u0161 bonusov\u00fd \u00fa\u010det \u2013 zapojte sa od 4.08. do 5.10.!","robots":{"index":"index","follow":"follow","max-snippet":"max-snippet:-1","max-image-preview":"max-image-preview:large","max-video-preview":"max-video-preview:-1"},"og_locale":"sk_SK","og_type":"article","og_title":"Futbalov\u00fd cashback od SpinBetter \u1405 a\u017e 20 % zo st\u00e1vok","og_description":"Stavte si na futbal na SpinBetter a z\u00edskajte sp\u00e4\u0165 a\u017e 20 % zo svojich prehier. T\u00fd\u017edenn\u00fd cashback a\u017e do v\u00fd\u0161ky 500 \u20ac na v\u00e1\u0161 bonusov\u00fd \u00fa\u010det \u2013 zapojte sa od 4.08. do 5.10.!","og_url":"https:\/\/spinbetter.cash\/sk\/bonus\/20-cashback\/","og_site_name":"Spinbetter Football SK","article_modified_time":"2025-07-31T14:28:50+00:00","twitter_card":"summary_large_image","schema":{"@context":"https:\/\/schema.org","@graph":[{"@type":"WebPage","@id":"https:\/\/spinbetter.cash\/sk\/bonus\/20-cashback\/","url":"https:\/\/spinbetter.cash\/sk\/bonus\/20-cashback\/","name":"Futbalov\u00fd cashback od SpinBetter \u1405 a\u017e 20 % zo st\u00e1vok","isPartOf":{"@id":"https:\/\/spinbetter.cash\/sk\/#website"},"datePublished":"2025-07-31T14:28:33+00:00","dateModified":"2025-07-31T14:28:50+00:00","description":"Stavte si na futbal na SpinBetter a z\u00edskajte sp\u00e4\u0165 a\u017e 20 % zo svojich prehier. T\u00fd\u017edenn\u00fd cashback a\u017e do v\u00fd\u0161ky 500 \u20ac na v\u00e1\u0161 bonusov\u00fd \u00fa\u010det \u2013 zapojte sa od 4.08. do 5.10.!","breadcrumb":{"@id":"https:\/\/spinbetter.cash\/sk\/bonus\/20-cashback\/#breadcrumb"},"inLanguage":"sk-SK","potentialAction":[{"@type":"ReadAction","target":["https:\/\/spinbetter.cash\/sk\/bonus\/20-cashback\/"]}]},{"@type":"BreadcrumbList","@id":"https:\/\/spinbetter.cash\/sk\/bonus\/20-cashback\/#breadcrumb","itemListElement":[{"@type":"ListItem","position":1,"name":"Home","item":"https:\/\/spinbetter.cash\/sk\/"},{"@type":"ListItem","position":2,"name":"Bonus","item":"https:\/\/spinbetter.cash\/sk\/bonus\/"},{"@type":"ListItem","position":3,"name":"A\u017e 20% cashback"}]},{"@type":"WebSite","@id":"https:\/\/spinbetter.cash\/sk\/#website","url":"https:\/\/spinbetter.cash\/sk\/","name":"Spinbetter Football SK","description":"My WordPress Blog","potentialAction":[{"@type":"SearchAction","target":{"@type":"EntryPoint","urlTemplate":"https:\/\/spinbetter.cash\/sk\/?s={search_term_string}"},"query-input":{"@type":"PropertyValueSpecification","valueRequired":true,"valueName":"search_term_string"}}],"inLanguage":"sk-SK"}]}},"_links":{"self":[{"href":"https:\/\/spinbetter.cash\/sk\/wp-json\/wp\/v2\/pages\/662","targetHints":{"allow":["GET"]}}],"collection":[{"href":"https:\/\/spinbetter.cash\/sk\/wp-json\/wp\/v2\/pages"}],"about":[{"href":"https:\/\/spinbetter.cash\/sk\/wp-json\/wp\/v2\/types\/page"}],"author":[{"embeddable":true,"href":"https:\/\/spinbetter.cash\/sk\/wp-json\/wp\/v2\/users\/1"}],"replies":[{"embeddable":true,"href":"https:\/\/spinbetter.cash\/sk\/wp-json\/wp\/v2\/comments?post=662"}],"version-history":[{"count":1,"href":"https:\/\/spinbetter.cash\/sk\/wp-json\/wp\/v2\/pages\/662\/revisions"}],"predecessor-version":[{"id":663,"href":"https:\/\/spinbetter.cash\/sk\/wp-json\/wp\/v2\/pages\/662\/revisions\/663"}],"up":[{"embeddable":true,"href":"https:\/\/spinbetter.cash\/sk\/wp-json\/wp\/v2\/pages\/152"}],"wp:attachment":[{"href":"https:\/\/spinbetter.cash\/sk\/wp-json\/wp\/v2\/media?parent=662"}],"curies":[{"name":"wp","href":"https:\/\/api.w.org\/{rel}","templated":true}]}}