{"id":642,"date":"2025-06-06T12:54:11","date_gmt":"2025-06-06T12:54:11","guid":{"rendered":"https:\/\/spinbetter.cash\/sk\/?page_id=642"},"modified":"2025-06-12T14:25:06","modified_gmt":"2025-06-12T14:25:06","slug":"spinbetter-welcome","status":"publish","type":"page","link":"https:\/\/spinbetter.cash\/sk\/bonus\/spinbetter-welcome\/","title":{"rendered":"SpinBetter vitajte"},"content":{"rendered":"","protected":false},"excerpt":{"rendered":"","protected":false},"author":1,"featured_media":0,"parent":152,"menu_order":0,"comment_status":"closed","ping_status":"closed","template":"","meta":{"_acf_changed":false,"footnotes":""},"class_list":["post-642","page","type-page","status-publish","hentry"],"acf":[],"yoast_head":"<!-- This site is optimized with the Yoast SEO plugin v27.3 - https:\/\/yoast.com\/product\/yoast-seo-wordpress\/ -->\n<title>Uv\u00edtac\u00ed bonus SpinBetter &gt; Z\u00edskajte 1500 \u20ac + 150 rozto\u010den\u00ed!<\/title>\n<meta name=\"description\" content=\"Pridajte sa k SpinBetter a z\u00edskajte \u0161ialen\u00fd uv\u00edtac\u00ed bal\u00ed\u010dek: a\u017e do v\u00fd\u0161ky 1500 \u20ac a 150 rozto\u010den\u00ed zadarmo! Nenechajte si ujs\u0165 svoju \u0161ancu!\" \/>\n<meta name=\"robots\" content=\"index, follow, max-snippet:-1, max-image-preview:large, max-video-preview:-1\" \/>\n<meta property=\"og:locale\" content=\"sk_SK\" \/>\n<meta property=\"og:type\" content=\"article\" \/>\n<meta property=\"og:title\" content=\"Uv\u00edtac\u00ed bonus SpinBetter &gt; Z\u00edskajte 1500 \u20ac + 150 rozto\u010den\u00ed!\" \/>\n<meta property=\"og:description\" content=\"Pridajte sa k SpinBetter a z\u00edskajte \u0161ialen\u00fd uv\u00edtac\u00ed bal\u00ed\u010dek: a\u017e do v\u00fd\u0161ky 1500 \u20ac a 150 rozto\u010den\u00ed zadarmo! Nenechajte si ujs\u0165 svoju \u0161ancu!\" \/>\n<meta property=\"og:url\" content=\"https:\/\/spinbetter.cash\/sk\/bonus\/spinbetter-welcome\/\" \/>\n<meta property=\"og:site_name\" content=\"Spinbetter Football SK\" \/>\n<meta property=\"article:modified_time\" content=\"2025-06-12T14:25:06+00:00\" \/>\n<meta name=\"twitter:card\" content=\"summary_large_image\" \/>\n<script type=\"application\/ld+json\" class=\"yoast-schema-graph\">{\"@context\":\"https:\\\/\\\/schema.org\",\"@graph\":[{\"@type\":\"WebPage\",\"@id\":\"https:\\\/\\\/spinbetter.cash\\\/sk\\\/bonus\\\/spinbetter-welcome\\\/\",\"url\":\"https:\\\/\\\/spinbetter.cash\\\/sk\\\/bonus\\\/spinbetter-welcome\\\/\",\"name\":\"Uv\u00edtac\u00ed bonus SpinBetter > Z\u00edskajte 1500 \u20ac + 150 rozto\u010den\u00ed!\",\"isPartOf\":{\"@id\":\"https:\\\/\\\/spinbetter.cash\\\/sk\\\/#website\"},\"datePublished\":\"2025-06-06T12:54:11+00:00\",\"dateModified\":\"2025-06-12T14:25:06+00:00\",\"description\":\"Pridajte sa k SpinBetter a z\u00edskajte \u0161ialen\u00fd uv\u00edtac\u00ed bal\u00ed\u010dek: a\u017e do v\u00fd\u0161ky 1500 \u20ac a 150 rozto\u010den\u00ed zadarmo! Nenechajte si ujs\u0165 svoju \u0161ancu!\",\"breadcrumb\":{\"@id\":\"https:\\\/\\\/spinbetter.cash\\\/sk\\\/bonus\\\/spinbetter-welcome\\\/#breadcrumb\"},\"inLanguage\":\"sk-SK\",\"potentialAction\":[{\"@type\":\"ReadAction\",\"target\":[\"https:\\\/\\\/spinbetter.cash\\\/sk\\\/bonus\\\/spinbetter-welcome\\\/\"]}]},{\"@type\":\"BreadcrumbList\",\"@id\":\"https:\\\/\\\/spinbetter.cash\\\/sk\\\/bonus\\\/spinbetter-welcome\\\/#breadcrumb\",\"itemListElement\":[{\"@type\":\"ListItem\",\"position\":1,\"name\":\"Home\",\"item\":\"https:\\\/\\\/spinbetter.cash\\\/sk\\\/\"},{\"@type\":\"ListItem\",\"position\":2,\"name\":\"Bonus\",\"item\":\"https:\\\/\\\/spinbetter.cash\\\/sk\\\/bonus\\\/\"},{\"@type\":\"ListItem\",\"position\":3,\"name\":\"SpinBetter vitajte\"}]},{\"@type\":\"WebSite\",\"@id\":\"https:\\\/\\\/spinbetter.cash\\\/sk\\\/#website\",\"url\":\"https:\\\/\\\/spinbetter.cash\\\/sk\\\/\",\"name\":\"Spinbetter Football SK\",\"description\":\"My WordPress Blog\",\"potentialAction\":[{\"@type\":\"SearchAction\",\"target\":{\"@type\":\"EntryPoint\",\"urlTemplate\":\"https:\\\/\\\/spinbetter.cash\\\/sk\\\/?s={search_term_string}\"},\"query-input\":{\"@type\":\"PropertyValueSpecification\",\"valueRequired\":true,\"valueName\":\"search_term_string\"}}],\"inLanguage\":\"sk-SK\"}]}<\/script>\n<!-- \/ Yoast SEO plugin. -->","yoast_head_json":{"title":"Uv\u00edtac\u00ed bonus SpinBetter > Z\u00edskajte 1500 \u20ac + 150 rozto\u010den\u00ed!","description":"Pridajte sa k SpinBetter a z\u00edskajte \u0161ialen\u00fd uv\u00edtac\u00ed bal\u00ed\u010dek: a\u017e do v\u00fd\u0161ky 1500 \u20ac a 150 rozto\u010den\u00ed zadarmo! Nenechajte si ujs\u0165 svoju \u0161ancu!","robots":{"index":"index","follow":"follow","max-snippet":"max-snippet:-1","max-image-preview":"max-image-preview:large","max-video-preview":"max-video-preview:-1"},"og_locale":"sk_SK","og_type":"article","og_title":"Uv\u00edtac\u00ed bonus SpinBetter > Z\u00edskajte 1500 \u20ac + 150 rozto\u010den\u00ed!","og_description":"Pridajte sa k SpinBetter a z\u00edskajte \u0161ialen\u00fd uv\u00edtac\u00ed bal\u00ed\u010dek: a\u017e do v\u00fd\u0161ky 1500 \u20ac a 150 rozto\u010den\u00ed zadarmo! Nenechajte si ujs\u0165 svoju \u0161ancu!","og_url":"https:\/\/spinbetter.cash\/sk\/bonus\/spinbetter-welcome\/","og_site_name":"Spinbetter Football SK","article_modified_time":"2025-06-12T14:25:06+00:00","twitter_card":"summary_large_image","schema":{"@context":"https:\/\/schema.org","@graph":[{"@type":"WebPage","@id":"https:\/\/spinbetter.cash\/sk\/bonus\/spinbetter-welcome\/","url":"https:\/\/spinbetter.cash\/sk\/bonus\/spinbetter-welcome\/","name":"Uv\u00edtac\u00ed bonus SpinBetter > Z\u00edskajte 1500 \u20ac + 150 rozto\u010den\u00ed!","isPartOf":{"@id":"https:\/\/spinbetter.cash\/sk\/#website"},"datePublished":"2025-06-06T12:54:11+00:00","dateModified":"2025-06-12T14:25:06+00:00","description":"Pridajte sa k SpinBetter a z\u00edskajte \u0161ialen\u00fd uv\u00edtac\u00ed bal\u00ed\u010dek: a\u017e do v\u00fd\u0161ky 1500 \u20ac a 150 rozto\u010den\u00ed zadarmo! Nenechajte si ujs\u0165 svoju \u0161ancu!","breadcrumb":{"@id":"https:\/\/spinbetter.cash\/sk\/bonus\/spinbetter-welcome\/#breadcrumb"},"inLanguage":"sk-SK","potentialAction":[{"@type":"ReadAction","target":["https:\/\/spinbetter.cash\/sk\/bonus\/spinbetter-welcome\/"]}]},{"@type":"BreadcrumbList","@id":"https:\/\/spinbetter.cash\/sk\/bonus\/spinbetter-welcome\/#breadcrumb","itemListElement":[{"@type":"ListItem","position":1,"name":"Home","item":"https:\/\/spinbetter.cash\/sk\/"},{"@type":"ListItem","position":2,"name":"Bonus","item":"https:\/\/spinbetter.cash\/sk\/bonus\/"},{"@type":"ListItem","position":3,"name":"SpinBetter vitajte"}]},{"@type":"WebSite","@id":"https:\/\/spinbetter.cash\/sk\/#website","url":"https:\/\/spinbetter.cash\/sk\/","name":"Spinbetter Football SK","description":"My WordPress Blog","potentialAction":[{"@type":"SearchAction","target":{"@type":"EntryPoint","urlTemplate":"https:\/\/spinbetter.cash\/sk\/?s={search_term_string}"},"query-input":{"@type":"PropertyValueSpecification","valueRequired":true,"valueName":"search_term_string"}}],"inLanguage":"sk-SK"}]}},"_links":{"self":[{"href":"https:\/\/spinbetter.cash\/sk\/wp-json\/wp\/v2\/pages\/642","targetHints":{"allow":["GET"]}}],"collection":[{"href":"https:\/\/spinbetter.cash\/sk\/wp-json\/wp\/v2\/pages"}],"about":[{"href":"https:\/\/spinbetter.cash\/sk\/wp-json\/wp\/v2\/types\/page"}],"author":[{"embeddable":true,"href":"https:\/\/spinbetter.cash\/sk\/wp-json\/wp\/v2\/users\/1"}],"replies":[{"embeddable":true,"href":"https:\/\/spinbetter.cash\/sk\/wp-json\/wp\/v2\/comments?post=642"}],"version-history":[{"count":2,"href":"https:\/\/spinbetter.cash\/sk\/wp-json\/wp\/v2\/pages\/642\/revisions"}],"predecessor-version":[{"id":644,"href":"https:\/\/spinbetter.cash\/sk\/wp-json\/wp\/v2\/pages\/642\/revisions\/644"}],"up":[{"embeddable":true,"href":"https:\/\/spinbetter.cash\/sk\/wp-json\/wp\/v2\/pages\/152"}],"wp:attachment":[{"href":"https:\/\/spinbetter.cash\/sk\/wp-json\/wp\/v2\/media?parent=642"}],"curies":[{"name":"wp","href":"https:\/\/api.w.org\/{rel}","templated":true}]}}