{"id":640,"date":"2025-06-06T07:42:21","date_gmt":"2025-06-06T07:42:21","guid":{"rendered":"https:\/\/spinbetter.cash\/sk\/?page_id=640"},"modified":"2025-06-12T14:23:47","modified_gmt":"2025-06-12T14:23:47","slug":"100-free-spins","status":"publish","type":"page","link":"https:\/\/spinbetter.cash\/sk\/bonus\/100-free-spins\/","title":{"rendered":"Z\u00edskajte 100 FS &#8211; Okam\u017eite!"},"content":{"rendered":"","protected":false},"excerpt":{"rendered":"","protected":false},"author":1,"featured_media":0,"parent":152,"menu_order":0,"comment_status":"closed","ping_status":"closed","template":"","meta":{"_acf_changed":false,"footnotes":""},"class_list":["post-640","page","type-page","status-publish","hentry"],"acf":[],"yoast_head":"<!-- This site is optimized with the Yoast SEO plugin v27.3 - https:\/\/yoast.com\/product\/yoast-seo-wordpress\/ -->\n<title>100 FS na SpinBetter za prihl\u00e1senie sa na odber Telegramu<\/title>\n<meta name=\"description\" content=\"Z\u00edskajte 100 rozto\u010den\u00ed zadarmo bez vkladu len za prihl\u00e1senie sa na odber n\u00e1\u0161ho Telegram kan\u00e1la! Pridajte sa k SpinBetter!\" \/>\n<meta name=\"robots\" content=\"index, follow, max-snippet:-1, max-image-preview:large, max-video-preview:-1\" \/>\n<meta property=\"og:locale\" content=\"sk_SK\" \/>\n<meta property=\"og:type\" content=\"article\" \/>\n<meta property=\"og:title\" content=\"100 FS na SpinBetter za prihl\u00e1senie sa na odber Telegramu\" \/>\n<meta property=\"og:description\" content=\"Z\u00edskajte 100 rozto\u010den\u00ed zadarmo bez vkladu len za prihl\u00e1senie sa na odber n\u00e1\u0161ho Telegram kan\u00e1la! Pridajte sa k SpinBetter!\" \/>\n<meta property=\"og:url\" content=\"https:\/\/spinbetter.cash\/sk\/bonus\/100-free-spins\/\" \/>\n<meta property=\"og:site_name\" content=\"Spinbetter Football SK\" \/>\n<meta property=\"article:modified_time\" content=\"2025-06-12T14:23:47+00:00\" \/>\n<meta name=\"twitter:card\" content=\"summary_large_image\" \/>\n<script type=\"application\/ld+json\" class=\"yoast-schema-graph\">{\"@context\":\"https:\\\/\\\/schema.org\",\"@graph\":[{\"@type\":\"WebPage\",\"@id\":\"https:\\\/\\\/spinbetter.cash\\\/sk\\\/bonus\\\/100-free-spins\\\/\",\"url\":\"https:\\\/\\\/spinbetter.cash\\\/sk\\\/bonus\\\/100-free-spins\\\/\",\"name\":\"100 FS na SpinBetter za prihl\u00e1senie sa na odber Telegramu\",\"isPartOf\":{\"@id\":\"https:\\\/\\\/spinbetter.cash\\\/sk\\\/#website\"},\"datePublished\":\"2025-06-06T07:42:21+00:00\",\"dateModified\":\"2025-06-12T14:23:47+00:00\",\"description\":\"Z\u00edskajte 100 rozto\u010den\u00ed zadarmo bez vkladu len za prihl\u00e1senie sa na odber n\u00e1\u0161ho Telegram kan\u00e1la! Pridajte sa k SpinBetter!\",\"breadcrumb\":{\"@id\":\"https:\\\/\\\/spinbetter.cash\\\/sk\\\/bonus\\\/100-free-spins\\\/#breadcrumb\"},\"inLanguage\":\"sk-SK\",\"potentialAction\":[{\"@type\":\"ReadAction\",\"target\":[\"https:\\\/\\\/spinbetter.cash\\\/sk\\\/bonus\\\/100-free-spins\\\/\"]}]},{\"@type\":\"BreadcrumbList\",\"@id\":\"https:\\\/\\\/spinbetter.cash\\\/sk\\\/bonus\\\/100-free-spins\\\/#breadcrumb\",\"itemListElement\":[{\"@type\":\"ListItem\",\"position\":1,\"name\":\"Home\",\"item\":\"https:\\\/\\\/spinbetter.cash\\\/sk\\\/\"},{\"@type\":\"ListItem\",\"position\":2,\"name\":\"Bonus\",\"item\":\"https:\\\/\\\/spinbetter.cash\\\/sk\\\/bonus\\\/\"},{\"@type\":\"ListItem\",\"position\":3,\"name\":\"Z\u00edskajte 100 FS &#8211; Okam\u017eite!\"}]},{\"@type\":\"WebSite\",\"@id\":\"https:\\\/\\\/spinbetter.cash\\\/sk\\\/#website\",\"url\":\"https:\\\/\\\/spinbetter.cash\\\/sk\\\/\",\"name\":\"Spinbetter Football SK\",\"description\":\"My WordPress Blog\",\"potentialAction\":[{\"@type\":\"SearchAction\",\"target\":{\"@type\":\"EntryPoint\",\"urlTemplate\":\"https:\\\/\\\/spinbetter.cash\\\/sk\\\/?s={search_term_string}\"},\"query-input\":{\"@type\":\"PropertyValueSpecification\",\"valueRequired\":true,\"valueName\":\"search_term_string\"}}],\"inLanguage\":\"sk-SK\"}]}<\/script>\n<!-- \/ Yoast SEO plugin. -->","yoast_head_json":{"title":"100 FS na SpinBetter za prihl\u00e1senie sa na odber Telegramu","description":"Z\u00edskajte 100 rozto\u010den\u00ed zadarmo bez vkladu len za prihl\u00e1senie sa na odber n\u00e1\u0161ho Telegram kan\u00e1la! Pridajte sa k SpinBetter!","robots":{"index":"index","follow":"follow","max-snippet":"max-snippet:-1","max-image-preview":"max-image-preview:large","max-video-preview":"max-video-preview:-1"},"og_locale":"sk_SK","og_type":"article","og_title":"100 FS na SpinBetter za prihl\u00e1senie sa na odber Telegramu","og_description":"Z\u00edskajte 100 rozto\u010den\u00ed zadarmo bez vkladu len za prihl\u00e1senie sa na odber n\u00e1\u0161ho Telegram kan\u00e1la! Pridajte sa k SpinBetter!","og_url":"https:\/\/spinbetter.cash\/sk\/bonus\/100-free-spins\/","og_site_name":"Spinbetter Football SK","article_modified_time":"2025-06-12T14:23:47+00:00","twitter_card":"summary_large_image","schema":{"@context":"https:\/\/schema.org","@graph":[{"@type":"WebPage","@id":"https:\/\/spinbetter.cash\/sk\/bonus\/100-free-spins\/","url":"https:\/\/spinbetter.cash\/sk\/bonus\/100-free-spins\/","name":"100 FS na SpinBetter za prihl\u00e1senie sa na odber Telegramu","isPartOf":{"@id":"https:\/\/spinbetter.cash\/sk\/#website"},"datePublished":"2025-06-06T07:42:21+00:00","dateModified":"2025-06-12T14:23:47+00:00","description":"Z\u00edskajte 100 rozto\u010den\u00ed zadarmo bez vkladu len za prihl\u00e1senie sa na odber n\u00e1\u0161ho Telegram kan\u00e1la! Pridajte sa k SpinBetter!","breadcrumb":{"@id":"https:\/\/spinbetter.cash\/sk\/bonus\/100-free-spins\/#breadcrumb"},"inLanguage":"sk-SK","potentialAction":[{"@type":"ReadAction","target":["https:\/\/spinbetter.cash\/sk\/bonus\/100-free-spins\/"]}]},{"@type":"BreadcrumbList","@id":"https:\/\/spinbetter.cash\/sk\/bonus\/100-free-spins\/#breadcrumb","itemListElement":[{"@type":"ListItem","position":1,"name":"Home","item":"https:\/\/spinbetter.cash\/sk\/"},{"@type":"ListItem","position":2,"name":"Bonus","item":"https:\/\/spinbetter.cash\/sk\/bonus\/"},{"@type":"ListItem","position":3,"name":"Z\u00edskajte 100 FS &#8211; Okam\u017eite!"}]},{"@type":"WebSite","@id":"https:\/\/spinbetter.cash\/sk\/#website","url":"https:\/\/spinbetter.cash\/sk\/","name":"Spinbetter Football SK","description":"My WordPress Blog","potentialAction":[{"@type":"SearchAction","target":{"@type":"EntryPoint","urlTemplate":"https:\/\/spinbetter.cash\/sk\/?s={search_term_string}"},"query-input":{"@type":"PropertyValueSpecification","valueRequired":true,"valueName":"search_term_string"}}],"inLanguage":"sk-SK"}]}},"_links":{"self":[{"href":"https:\/\/spinbetter.cash\/sk\/wp-json\/wp\/v2\/pages\/640","targetHints":{"allow":["GET"]}}],"collection":[{"href":"https:\/\/spinbetter.cash\/sk\/wp-json\/wp\/v2\/pages"}],"about":[{"href":"https:\/\/spinbetter.cash\/sk\/wp-json\/wp\/v2\/types\/page"}],"author":[{"embeddable":true,"href":"https:\/\/spinbetter.cash\/sk\/wp-json\/wp\/v2\/users\/1"}],"replies":[{"embeddable":true,"href":"https:\/\/spinbetter.cash\/sk\/wp-json\/wp\/v2\/comments?post=640"}],"version-history":[{"count":1,"href":"https:\/\/spinbetter.cash\/sk\/wp-json\/wp\/v2\/pages\/640\/revisions"}],"predecessor-version":[{"id":641,"href":"https:\/\/spinbetter.cash\/sk\/wp-json\/wp\/v2\/pages\/640\/revisions\/641"}],"up":[{"embeddable":true,"href":"https:\/\/spinbetter.cash\/sk\/wp-json\/wp\/v2\/pages\/152"}],"wp:attachment":[{"href":"https:\/\/spinbetter.cash\/sk\/wp-json\/wp\/v2\/media?parent=640"}],"curies":[{"name":"wp","href":"https:\/\/api.w.org\/{rel}","templated":true}]}}