{"id":638,"date":"2025-06-05T13:45:09","date_gmt":"2025-06-05T13:45:09","guid":{"rendered":"https:\/\/spinbetter.cash\/sk\/?page_id=638"},"modified":"2025-06-12T14:29:49","modified_gmt":"2025-06-12T14:29:49","slug":"bet-now-pay-later","status":"publish","type":"page","link":"https:\/\/spinbetter.cash\/sk\/bonus\/bet-now-pay-later\/","title":{"rendered":"Stavte teraz &#8211; pla\u0165te nesk\u00f4r"},"content":{"rendered":"","protected":false},"excerpt":{"rendered":"","protected":false},"author":1,"featured_media":0,"parent":152,"menu_order":0,"comment_status":"closed","ping_status":"closed","template":"","meta":{"_acf_changed":false,"footnotes":""},"class_list":["post-638","page","type-page","status-publish","hentry"],"acf":[],"yoast_head":"<!-- This site is optimized with the Yoast SEO plugin v27.3 - https:\/\/yoast.com\/product\/yoast-seo-wordpress\/ -->\n<title>Stavte teraz, pla\u0165te nesk\u00f4r s Advance Bet na SpinBetter!<\/title>\n<meta name=\"description\" content=\"S Advance Bet od SpinBetter m\u00f4\u017eete uzatv\u00e1ra\u0165 st\u00e1vky, aj ke\u010f je v\u00e1\u0161 zostatok na \u00fa\u010dte nulov\u00fd! Vyu\u017eite \u010dakaj\u00face st\u00e1vky, aby ste na\u010falej vyhr\u00e1vali\" \/>\n<meta name=\"robots\" content=\"index, follow, max-snippet:-1, max-image-preview:large, max-video-preview:-1\" \/>\n<meta property=\"og:locale\" content=\"sk_SK\" \/>\n<meta property=\"og:type\" content=\"article\" \/>\n<meta property=\"og:title\" content=\"Stavte teraz, pla\u0165te nesk\u00f4r s Advance Bet na SpinBetter!\" \/>\n<meta property=\"og:description\" content=\"S Advance Bet od SpinBetter m\u00f4\u017eete uzatv\u00e1ra\u0165 st\u00e1vky, aj ke\u010f je v\u00e1\u0161 zostatok na \u00fa\u010dte nulov\u00fd! Vyu\u017eite \u010dakaj\u00face st\u00e1vky, aby ste na\u010falej vyhr\u00e1vali\" \/>\n<meta property=\"og:url\" content=\"https:\/\/spinbetter.cash\/sk\/bonus\/bet-now-pay-later\/\" \/>\n<meta property=\"og:site_name\" content=\"Spinbetter Football SK\" \/>\n<meta property=\"article:modified_time\" content=\"2025-06-12T14:29:49+00:00\" \/>\n<meta name=\"twitter:card\" content=\"summary_large_image\" \/>\n<script type=\"application\/ld+json\" class=\"yoast-schema-graph\">{\"@context\":\"https:\\\/\\\/schema.org\",\"@graph\":[{\"@type\":\"WebPage\",\"@id\":\"https:\\\/\\\/spinbetter.cash\\\/sk\\\/bonus\\\/bet-now-pay-later\\\/\",\"url\":\"https:\\\/\\\/spinbetter.cash\\\/sk\\\/bonus\\\/bet-now-pay-later\\\/\",\"name\":\"Stavte teraz, pla\u0165te nesk\u00f4r s Advance Bet na SpinBetter!\",\"isPartOf\":{\"@id\":\"https:\\\/\\\/spinbetter.cash\\\/sk\\\/#website\"},\"datePublished\":\"2025-06-05T13:45:09+00:00\",\"dateModified\":\"2025-06-12T14:29:49+00:00\",\"description\":\"S Advance Bet od SpinBetter m\u00f4\u017eete uzatv\u00e1ra\u0165 st\u00e1vky, aj ke\u010f je v\u00e1\u0161 zostatok na \u00fa\u010dte nulov\u00fd! Vyu\u017eite \u010dakaj\u00face st\u00e1vky, aby ste na\u010falej vyhr\u00e1vali\",\"breadcrumb\":{\"@id\":\"https:\\\/\\\/spinbetter.cash\\\/sk\\\/bonus\\\/bet-now-pay-later\\\/#breadcrumb\"},\"inLanguage\":\"sk-SK\",\"potentialAction\":[{\"@type\":\"ReadAction\",\"target\":[\"https:\\\/\\\/spinbetter.cash\\\/sk\\\/bonus\\\/bet-now-pay-later\\\/\"]}]},{\"@type\":\"BreadcrumbList\",\"@id\":\"https:\\\/\\\/spinbetter.cash\\\/sk\\\/bonus\\\/bet-now-pay-later\\\/#breadcrumb\",\"itemListElement\":[{\"@type\":\"ListItem\",\"position\":1,\"name\":\"Home\",\"item\":\"https:\\\/\\\/spinbetter.cash\\\/sk\\\/\"},{\"@type\":\"ListItem\",\"position\":2,\"name\":\"Bonus\",\"item\":\"https:\\\/\\\/spinbetter.cash\\\/sk\\\/bonus\\\/\"},{\"@type\":\"ListItem\",\"position\":3,\"name\":\"Stavte teraz &#8211; pla\u0165te nesk\u00f4r\"}]},{\"@type\":\"WebSite\",\"@id\":\"https:\\\/\\\/spinbetter.cash\\\/sk\\\/#website\",\"url\":\"https:\\\/\\\/spinbetter.cash\\\/sk\\\/\",\"name\":\"Spinbetter Football SK\",\"description\":\"My WordPress Blog\",\"potentialAction\":[{\"@type\":\"SearchAction\",\"target\":{\"@type\":\"EntryPoint\",\"urlTemplate\":\"https:\\\/\\\/spinbetter.cash\\\/sk\\\/?s={search_term_string}\"},\"query-input\":{\"@type\":\"PropertyValueSpecification\",\"valueRequired\":true,\"valueName\":\"search_term_string\"}}],\"inLanguage\":\"sk-SK\"}]}<\/script>\n<!-- \/ Yoast SEO plugin. -->","yoast_head_json":{"title":"Stavte teraz, pla\u0165te nesk\u00f4r s Advance Bet na SpinBetter!","description":"S Advance Bet od SpinBetter m\u00f4\u017eete uzatv\u00e1ra\u0165 st\u00e1vky, aj ke\u010f je v\u00e1\u0161 zostatok na \u00fa\u010dte nulov\u00fd! Vyu\u017eite \u010dakaj\u00face st\u00e1vky, aby ste na\u010falej vyhr\u00e1vali","robots":{"index":"index","follow":"follow","max-snippet":"max-snippet:-1","max-image-preview":"max-image-preview:large","max-video-preview":"max-video-preview:-1"},"og_locale":"sk_SK","og_type":"article","og_title":"Stavte teraz, pla\u0165te nesk\u00f4r s Advance Bet na SpinBetter!","og_description":"S Advance Bet od SpinBetter m\u00f4\u017eete uzatv\u00e1ra\u0165 st\u00e1vky, aj ke\u010f je v\u00e1\u0161 zostatok na \u00fa\u010dte nulov\u00fd! Vyu\u017eite \u010dakaj\u00face st\u00e1vky, aby ste na\u010falej vyhr\u00e1vali","og_url":"https:\/\/spinbetter.cash\/sk\/bonus\/bet-now-pay-later\/","og_site_name":"Spinbetter Football SK","article_modified_time":"2025-06-12T14:29:49+00:00","twitter_card":"summary_large_image","schema":{"@context":"https:\/\/schema.org","@graph":[{"@type":"WebPage","@id":"https:\/\/spinbetter.cash\/sk\/bonus\/bet-now-pay-later\/","url":"https:\/\/spinbetter.cash\/sk\/bonus\/bet-now-pay-later\/","name":"Stavte teraz, pla\u0165te nesk\u00f4r s Advance Bet na SpinBetter!","isPartOf":{"@id":"https:\/\/spinbetter.cash\/sk\/#website"},"datePublished":"2025-06-05T13:45:09+00:00","dateModified":"2025-06-12T14:29:49+00:00","description":"S Advance Bet od SpinBetter m\u00f4\u017eete uzatv\u00e1ra\u0165 st\u00e1vky, aj ke\u010f je v\u00e1\u0161 zostatok na \u00fa\u010dte nulov\u00fd! Vyu\u017eite \u010dakaj\u00face st\u00e1vky, aby ste na\u010falej vyhr\u00e1vali","breadcrumb":{"@id":"https:\/\/spinbetter.cash\/sk\/bonus\/bet-now-pay-later\/#breadcrumb"},"inLanguage":"sk-SK","potentialAction":[{"@type":"ReadAction","target":["https:\/\/spinbetter.cash\/sk\/bonus\/bet-now-pay-later\/"]}]},{"@type":"BreadcrumbList","@id":"https:\/\/spinbetter.cash\/sk\/bonus\/bet-now-pay-later\/#breadcrumb","itemListElement":[{"@type":"ListItem","position":1,"name":"Home","item":"https:\/\/spinbetter.cash\/sk\/"},{"@type":"ListItem","position":2,"name":"Bonus","item":"https:\/\/spinbetter.cash\/sk\/bonus\/"},{"@type":"ListItem","position":3,"name":"Stavte teraz &#8211; pla\u0165te nesk\u00f4r"}]},{"@type":"WebSite","@id":"https:\/\/spinbetter.cash\/sk\/#website","url":"https:\/\/spinbetter.cash\/sk\/","name":"Spinbetter Football SK","description":"My WordPress Blog","potentialAction":[{"@type":"SearchAction","target":{"@type":"EntryPoint","urlTemplate":"https:\/\/spinbetter.cash\/sk\/?s={search_term_string}"},"query-input":{"@type":"PropertyValueSpecification","valueRequired":true,"valueName":"search_term_string"}}],"inLanguage":"sk-SK"}]}},"_links":{"self":[{"href":"https:\/\/spinbetter.cash\/sk\/wp-json\/wp\/v2\/pages\/638","targetHints":{"allow":["GET"]}}],"collection":[{"href":"https:\/\/spinbetter.cash\/sk\/wp-json\/wp\/v2\/pages"}],"about":[{"href":"https:\/\/spinbetter.cash\/sk\/wp-json\/wp\/v2\/types\/page"}],"author":[{"embeddable":true,"href":"https:\/\/spinbetter.cash\/sk\/wp-json\/wp\/v2\/users\/1"}],"replies":[{"embeddable":true,"href":"https:\/\/spinbetter.cash\/sk\/wp-json\/wp\/v2\/comments?post=638"}],"version-history":[{"count":1,"href":"https:\/\/spinbetter.cash\/sk\/wp-json\/wp\/v2\/pages\/638\/revisions"}],"predecessor-version":[{"id":639,"href":"https:\/\/spinbetter.cash\/sk\/wp-json\/wp\/v2\/pages\/638\/revisions\/639"}],"up":[{"embeddable":true,"href":"https:\/\/spinbetter.cash\/sk\/wp-json\/wp\/v2\/pages\/152"}],"wp:attachment":[{"href":"https:\/\/spinbetter.cash\/sk\/wp-json\/wp\/v2\/media?parent=638"}],"curies":[{"name":"wp","href":"https:\/\/api.w.org\/{rel}","templated":true}]}}