{"id":635,"date":"2025-06-05T07:34:36","date_gmt":"2025-06-05T07:34:36","guid":{"rendered":"https:\/\/spinbetter.cash\/sk\/?page_id=635"},"modified":"2025-06-12T14:28:27","modified_gmt":"2025-06-12T14:28:27","slug":"bet-in-the-app","status":"publish","type":"page","link":"https:\/\/spinbetter.cash\/sk\/bonus\/bet-in-the-app\/","title":{"rendered":"St\u00e1vkujte v aplik\u00e1cii"},"content":{"rendered":"","protected":false},"excerpt":{"rendered":"","protected":false},"author":1,"featured_media":0,"parent":152,"menu_order":0,"comment_status":"closed","ping_status":"closed","template":"","meta":{"_acf_changed":false,"footnotes":""},"class_list":["post-635","page","type-page","status-publish","hentry"],"acf":[],"yoast_head":"<!-- This site is optimized with the Yoast SEO plugin v27.3 - https:\/\/yoast.com\/product\/yoast-seo-wordpress\/ -->\n<title>Stavte v aplik\u00e1cii SpinBetter &gt; Z\u00edskajte a\u017e 10 \u20ac na st\u00e1vky zadarmo!<\/title>\n<meta name=\"description\" content=\"Chcete vyhra\u0165 viac s ka\u017edou st\u00e1vkou? Stiahnite si aplik\u00e1ciu SpinBetter a z\u00edskajte st\u00e1vku zadarmo a\u017e do v\u00fd\u0161ky 10 \u20ac!\" \/>\n<meta name=\"robots\" content=\"index, follow, max-snippet:-1, max-image-preview:large, max-video-preview:-1\" \/>\n<meta property=\"og:locale\" content=\"sk_SK\" \/>\n<meta property=\"og:type\" content=\"article\" \/>\n<meta property=\"og:title\" content=\"Stavte v aplik\u00e1cii SpinBetter &gt; Z\u00edskajte a\u017e 10 \u20ac na st\u00e1vky zadarmo!\" \/>\n<meta property=\"og:description\" content=\"Chcete vyhra\u0165 viac s ka\u017edou st\u00e1vkou? Stiahnite si aplik\u00e1ciu SpinBetter a z\u00edskajte st\u00e1vku zadarmo a\u017e do v\u00fd\u0161ky 10 \u20ac!\" \/>\n<meta property=\"og:url\" content=\"https:\/\/spinbetter.cash\/sk\/bonus\/bet-in-the-app\/\" \/>\n<meta property=\"og:site_name\" content=\"Spinbetter Football SK\" \/>\n<meta property=\"article:modified_time\" content=\"2025-06-12T14:28:27+00:00\" \/>\n<meta name=\"twitter:card\" content=\"summary_large_image\" \/>\n<script type=\"application\/ld+json\" class=\"yoast-schema-graph\">{\"@context\":\"https:\\\/\\\/schema.org\",\"@graph\":[{\"@type\":\"WebPage\",\"@id\":\"https:\\\/\\\/spinbetter.cash\\\/sk\\\/bonus\\\/bet-in-the-app\\\/\",\"url\":\"https:\\\/\\\/spinbetter.cash\\\/sk\\\/bonus\\\/bet-in-the-app\\\/\",\"name\":\"Stavte v aplik\u00e1cii SpinBetter > Z\u00edskajte a\u017e 10 \u20ac na st\u00e1vky zadarmo!\",\"isPartOf\":{\"@id\":\"https:\\\/\\\/spinbetter.cash\\\/sk\\\/#website\"},\"datePublished\":\"2025-06-05T07:34:36+00:00\",\"dateModified\":\"2025-06-12T14:28:27+00:00\",\"description\":\"Chcete vyhra\u0165 viac s ka\u017edou st\u00e1vkou? Stiahnite si aplik\u00e1ciu SpinBetter a z\u00edskajte st\u00e1vku zadarmo a\u017e do v\u00fd\u0161ky 10 \u20ac!\",\"breadcrumb\":{\"@id\":\"https:\\\/\\\/spinbetter.cash\\\/sk\\\/bonus\\\/bet-in-the-app\\\/#breadcrumb\"},\"inLanguage\":\"sk-SK\",\"potentialAction\":[{\"@type\":\"ReadAction\",\"target\":[\"https:\\\/\\\/spinbetter.cash\\\/sk\\\/bonus\\\/bet-in-the-app\\\/\"]}]},{\"@type\":\"BreadcrumbList\",\"@id\":\"https:\\\/\\\/spinbetter.cash\\\/sk\\\/bonus\\\/bet-in-the-app\\\/#breadcrumb\",\"itemListElement\":[{\"@type\":\"ListItem\",\"position\":1,\"name\":\"Home\",\"item\":\"https:\\\/\\\/spinbetter.cash\\\/sk\\\/\"},{\"@type\":\"ListItem\",\"position\":2,\"name\":\"Bonus\",\"item\":\"https:\\\/\\\/spinbetter.cash\\\/sk\\\/bonus\\\/\"},{\"@type\":\"ListItem\",\"position\":3,\"name\":\"St\u00e1vkujte v aplik\u00e1cii\"}]},{\"@type\":\"WebSite\",\"@id\":\"https:\\\/\\\/spinbetter.cash\\\/sk\\\/#website\",\"url\":\"https:\\\/\\\/spinbetter.cash\\\/sk\\\/\",\"name\":\"Spinbetter Football SK\",\"description\":\"My WordPress Blog\",\"potentialAction\":[{\"@type\":\"SearchAction\",\"target\":{\"@type\":\"EntryPoint\",\"urlTemplate\":\"https:\\\/\\\/spinbetter.cash\\\/sk\\\/?s={search_term_string}\"},\"query-input\":{\"@type\":\"PropertyValueSpecification\",\"valueRequired\":true,\"valueName\":\"search_term_string\"}}],\"inLanguage\":\"sk-SK\"}]}<\/script>\n<!-- \/ Yoast SEO plugin. -->","yoast_head_json":{"title":"Stavte v aplik\u00e1cii SpinBetter > Z\u00edskajte a\u017e 10 \u20ac na st\u00e1vky zadarmo!","description":"Chcete vyhra\u0165 viac s ka\u017edou st\u00e1vkou? Stiahnite si aplik\u00e1ciu SpinBetter a z\u00edskajte st\u00e1vku zadarmo a\u017e do v\u00fd\u0161ky 10 \u20ac!","robots":{"index":"index","follow":"follow","max-snippet":"max-snippet:-1","max-image-preview":"max-image-preview:large","max-video-preview":"max-video-preview:-1"},"og_locale":"sk_SK","og_type":"article","og_title":"Stavte v aplik\u00e1cii SpinBetter > Z\u00edskajte a\u017e 10 \u20ac na st\u00e1vky zadarmo!","og_description":"Chcete vyhra\u0165 viac s ka\u017edou st\u00e1vkou? Stiahnite si aplik\u00e1ciu SpinBetter a z\u00edskajte st\u00e1vku zadarmo a\u017e do v\u00fd\u0161ky 10 \u20ac!","og_url":"https:\/\/spinbetter.cash\/sk\/bonus\/bet-in-the-app\/","og_site_name":"Spinbetter Football SK","article_modified_time":"2025-06-12T14:28:27+00:00","twitter_card":"summary_large_image","schema":{"@context":"https:\/\/schema.org","@graph":[{"@type":"WebPage","@id":"https:\/\/spinbetter.cash\/sk\/bonus\/bet-in-the-app\/","url":"https:\/\/spinbetter.cash\/sk\/bonus\/bet-in-the-app\/","name":"Stavte v aplik\u00e1cii SpinBetter > Z\u00edskajte a\u017e 10 \u20ac na st\u00e1vky zadarmo!","isPartOf":{"@id":"https:\/\/spinbetter.cash\/sk\/#website"},"datePublished":"2025-06-05T07:34:36+00:00","dateModified":"2025-06-12T14:28:27+00:00","description":"Chcete vyhra\u0165 viac s ka\u017edou st\u00e1vkou? Stiahnite si aplik\u00e1ciu SpinBetter a z\u00edskajte st\u00e1vku zadarmo a\u017e do v\u00fd\u0161ky 10 \u20ac!","breadcrumb":{"@id":"https:\/\/spinbetter.cash\/sk\/bonus\/bet-in-the-app\/#breadcrumb"},"inLanguage":"sk-SK","potentialAction":[{"@type":"ReadAction","target":["https:\/\/spinbetter.cash\/sk\/bonus\/bet-in-the-app\/"]}]},{"@type":"BreadcrumbList","@id":"https:\/\/spinbetter.cash\/sk\/bonus\/bet-in-the-app\/#breadcrumb","itemListElement":[{"@type":"ListItem","position":1,"name":"Home","item":"https:\/\/spinbetter.cash\/sk\/"},{"@type":"ListItem","position":2,"name":"Bonus","item":"https:\/\/spinbetter.cash\/sk\/bonus\/"},{"@type":"ListItem","position":3,"name":"St\u00e1vkujte v aplik\u00e1cii"}]},{"@type":"WebSite","@id":"https:\/\/spinbetter.cash\/sk\/#website","url":"https:\/\/spinbetter.cash\/sk\/","name":"Spinbetter Football SK","description":"My WordPress Blog","potentialAction":[{"@type":"SearchAction","target":{"@type":"EntryPoint","urlTemplate":"https:\/\/spinbetter.cash\/sk\/?s={search_term_string}"},"query-input":{"@type":"PropertyValueSpecification","valueRequired":true,"valueName":"search_term_string"}}],"inLanguage":"sk-SK"}]}},"_links":{"self":[{"href":"https:\/\/spinbetter.cash\/sk\/wp-json\/wp\/v2\/pages\/635","targetHints":{"allow":["GET"]}}],"collection":[{"href":"https:\/\/spinbetter.cash\/sk\/wp-json\/wp\/v2\/pages"}],"about":[{"href":"https:\/\/spinbetter.cash\/sk\/wp-json\/wp\/v2\/types\/page"}],"author":[{"embeddable":true,"href":"https:\/\/spinbetter.cash\/sk\/wp-json\/wp\/v2\/users\/1"}],"replies":[{"embeddable":true,"href":"https:\/\/spinbetter.cash\/sk\/wp-json\/wp\/v2\/comments?post=635"}],"version-history":[{"count":1,"href":"https:\/\/spinbetter.cash\/sk\/wp-json\/wp\/v2\/pages\/635\/revisions"}],"predecessor-version":[{"id":636,"href":"https:\/\/spinbetter.cash\/sk\/wp-json\/wp\/v2\/pages\/635\/revisions\/636"}],"up":[{"embeddable":true,"href":"https:\/\/spinbetter.cash\/sk\/wp-json\/wp\/v2\/pages\/152"}],"wp:attachment":[{"href":"https:\/\/spinbetter.cash\/sk\/wp-json\/wp\/v2\/media?parent=635"}],"curies":[{"name":"wp","href":"https:\/\/api.w.org\/{rel}","templated":true}]}}