{"id":434,"date":"2024-10-11T14:32:24","date_gmt":"2024-10-11T14:32:24","guid":{"rendered":"https:\/\/spinbetter.cash\/sl\/?page_id=434"},"modified":"2025-06-12T14:19:17","modified_gmt":"2025-06-12T14:19:17","slug":"player-reviews","status":"publish","type":"page","link":"https:\/\/spinbetter.cash\/sk\/player-reviews\/","title":{"rendered":"Recenzie Hr\u00e1\u010dov"},"content":{"rendered":"","protected":false},"excerpt":{"rendered":"","protected":false},"author":1,"featured_media":0,"parent":0,"menu_order":0,"comment_status":"closed","ping_status":"closed","template":"","meta":{"_acf_changed":false,"footnotes":""},"class_list":["post-434","page","type-page","status-publish","hentry"],"acf":[],"yoast_head":"<!-- This site is optimized with the Yoast SEO plugin v27.3 - https:\/\/yoast.com\/product\/yoast-seo-wordpress\/ -->\n<title>Recenzie hr\u00e1\u010dov kas\u00edna a st\u00e1vkovej kancel\u00e1rie SpinBetter<\/title>\n<meta name=\"description\" content=\"Pre\u010d\u00edtajte si recenzie hr\u00e1\u010dov SpinBetter - zistite, ako ostatn\u00ed uzatv\u00e1raj\u00fa st\u00e1vky, z\u00edskavaj\u00fa bonusy a zdie\u013eaj\u00fa svoje skuto\u010dn\u00e9 hern\u00e9 z\u00e1\u017eitky!\" \/>\n<meta name=\"robots\" content=\"index, follow, max-snippet:-1, max-image-preview:large, max-video-preview:-1\" \/>\n<meta property=\"og:locale\" content=\"sk_SK\" \/>\n<meta property=\"og:type\" content=\"article\" \/>\n<meta property=\"og:title\" content=\"Recenzie hr\u00e1\u010dov kas\u00edna a st\u00e1vkovej kancel\u00e1rie SpinBetter\" \/>\n<meta property=\"og:description\" content=\"Pre\u010d\u00edtajte si recenzie hr\u00e1\u010dov SpinBetter - zistite, ako ostatn\u00ed uzatv\u00e1raj\u00fa st\u00e1vky, z\u00edskavaj\u00fa bonusy a zdie\u013eaj\u00fa svoje skuto\u010dn\u00e9 hern\u00e9 z\u00e1\u017eitky!\" \/>\n<meta property=\"og:url\" content=\"https:\/\/spinbetter.cash\/sk\/player-reviews\/\" \/>\n<meta property=\"og:site_name\" content=\"Spinbetter Football SK\" \/>\n<meta property=\"article:modified_time\" content=\"2025-06-12T14:19:17+00:00\" \/>\n<meta name=\"twitter:card\" content=\"summary_large_image\" \/>\n<script type=\"application\/ld+json\" class=\"yoast-schema-graph\">{\"@context\":\"https:\\\/\\\/schema.org\",\"@graph\":[{\"@type\":\"WebPage\",\"@id\":\"https:\\\/\\\/spinbetter.cash\\\/sk\\\/player-reviews\\\/\",\"url\":\"https:\\\/\\\/spinbetter.cash\\\/sk\\\/player-reviews\\\/\",\"name\":\"Recenzie hr\u00e1\u010dov kas\u00edna a st\u00e1vkovej kancel\u00e1rie SpinBetter\",\"isPartOf\":{\"@id\":\"https:\\\/\\\/spinbetter.cash\\\/sk\\\/#website\"},\"datePublished\":\"2024-10-11T14:32:24+00:00\",\"dateModified\":\"2025-06-12T14:19:17+00:00\",\"description\":\"Pre\u010d\u00edtajte si recenzie hr\u00e1\u010dov SpinBetter - zistite, ako ostatn\u00ed uzatv\u00e1raj\u00fa st\u00e1vky, z\u00edskavaj\u00fa bonusy a zdie\u013eaj\u00fa svoje skuto\u010dn\u00e9 hern\u00e9 z\u00e1\u017eitky!\",\"breadcrumb\":{\"@id\":\"https:\\\/\\\/spinbetter.cash\\\/sk\\\/player-reviews\\\/#breadcrumb\"},\"inLanguage\":\"sk-SK\",\"potentialAction\":[{\"@type\":\"ReadAction\",\"target\":[\"https:\\\/\\\/spinbetter.cash\\\/sk\\\/player-reviews\\\/\"]}]},{\"@type\":\"BreadcrumbList\",\"@id\":\"https:\\\/\\\/spinbetter.cash\\\/sk\\\/player-reviews\\\/#breadcrumb\",\"itemListElement\":[{\"@type\":\"ListItem\",\"position\":1,\"name\":\"Home\",\"item\":\"https:\\\/\\\/spinbetter.cash\\\/sk\\\/\"},{\"@type\":\"ListItem\",\"position\":2,\"name\":\"Recenzie Hr\u00e1\u010dov\"}]},{\"@type\":\"WebSite\",\"@id\":\"https:\\\/\\\/spinbetter.cash\\\/sk\\\/#website\",\"url\":\"https:\\\/\\\/spinbetter.cash\\\/sk\\\/\",\"name\":\"Spinbetter Football SK\",\"description\":\"My WordPress Blog\",\"potentialAction\":[{\"@type\":\"SearchAction\",\"target\":{\"@type\":\"EntryPoint\",\"urlTemplate\":\"https:\\\/\\\/spinbetter.cash\\\/sk\\\/?s={search_term_string}\"},\"query-input\":{\"@type\":\"PropertyValueSpecification\",\"valueRequired\":true,\"valueName\":\"search_term_string\"}}],\"inLanguage\":\"sk-SK\"}]}<\/script>\n<!-- \/ Yoast SEO plugin. -->","yoast_head_json":{"title":"Recenzie hr\u00e1\u010dov kas\u00edna a st\u00e1vkovej kancel\u00e1rie SpinBetter","description":"Pre\u010d\u00edtajte si recenzie hr\u00e1\u010dov SpinBetter - zistite, ako ostatn\u00ed uzatv\u00e1raj\u00fa st\u00e1vky, z\u00edskavaj\u00fa bonusy a zdie\u013eaj\u00fa svoje skuto\u010dn\u00e9 hern\u00e9 z\u00e1\u017eitky!","robots":{"index":"index","follow":"follow","max-snippet":"max-snippet:-1","max-image-preview":"max-image-preview:large","max-video-preview":"max-video-preview:-1"},"og_locale":"sk_SK","og_type":"article","og_title":"Recenzie hr\u00e1\u010dov kas\u00edna a st\u00e1vkovej kancel\u00e1rie SpinBetter","og_description":"Pre\u010d\u00edtajte si recenzie hr\u00e1\u010dov SpinBetter - zistite, ako ostatn\u00ed uzatv\u00e1raj\u00fa st\u00e1vky, z\u00edskavaj\u00fa bonusy a zdie\u013eaj\u00fa svoje skuto\u010dn\u00e9 hern\u00e9 z\u00e1\u017eitky!","og_url":"https:\/\/spinbetter.cash\/sk\/player-reviews\/","og_site_name":"Spinbetter Football SK","article_modified_time":"2025-06-12T14:19:17+00:00","twitter_card":"summary_large_image","schema":{"@context":"https:\/\/schema.org","@graph":[{"@type":"WebPage","@id":"https:\/\/spinbetter.cash\/sk\/player-reviews\/","url":"https:\/\/spinbetter.cash\/sk\/player-reviews\/","name":"Recenzie hr\u00e1\u010dov kas\u00edna a st\u00e1vkovej kancel\u00e1rie SpinBetter","isPartOf":{"@id":"https:\/\/spinbetter.cash\/sk\/#website"},"datePublished":"2024-10-11T14:32:24+00:00","dateModified":"2025-06-12T14:19:17+00:00","description":"Pre\u010d\u00edtajte si recenzie hr\u00e1\u010dov SpinBetter - zistite, ako ostatn\u00ed uzatv\u00e1raj\u00fa st\u00e1vky, z\u00edskavaj\u00fa bonusy a zdie\u013eaj\u00fa svoje skuto\u010dn\u00e9 hern\u00e9 z\u00e1\u017eitky!","breadcrumb":{"@id":"https:\/\/spinbetter.cash\/sk\/player-reviews\/#breadcrumb"},"inLanguage":"sk-SK","potentialAction":[{"@type":"ReadAction","target":["https:\/\/spinbetter.cash\/sk\/player-reviews\/"]}]},{"@type":"BreadcrumbList","@id":"https:\/\/spinbetter.cash\/sk\/player-reviews\/#breadcrumb","itemListElement":[{"@type":"ListItem","position":1,"name":"Home","item":"https:\/\/spinbetter.cash\/sk\/"},{"@type":"ListItem","position":2,"name":"Recenzie Hr\u00e1\u010dov"}]},{"@type":"WebSite","@id":"https:\/\/spinbetter.cash\/sk\/#website","url":"https:\/\/spinbetter.cash\/sk\/","name":"Spinbetter Football SK","description":"My WordPress Blog","potentialAction":[{"@type":"SearchAction","target":{"@type":"EntryPoint","urlTemplate":"https:\/\/spinbetter.cash\/sk\/?s={search_term_string}"},"query-input":{"@type":"PropertyValueSpecification","valueRequired":true,"valueName":"search_term_string"}}],"inLanguage":"sk-SK"}]}},"_links":{"self":[{"href":"https:\/\/spinbetter.cash\/sk\/wp-json\/wp\/v2\/pages\/434","targetHints":{"allow":["GET"]}}],"collection":[{"href":"https:\/\/spinbetter.cash\/sk\/wp-json\/wp\/v2\/pages"}],"about":[{"href":"https:\/\/spinbetter.cash\/sk\/wp-json\/wp\/v2\/types\/page"}],"author":[{"embeddable":true,"href":"https:\/\/spinbetter.cash\/sk\/wp-json\/wp\/v2\/users\/1"}],"replies":[{"embeddable":true,"href":"https:\/\/spinbetter.cash\/sk\/wp-json\/wp\/v2\/comments?post=434"}],"version-history":[{"count":24,"href":"https:\/\/spinbetter.cash\/sk\/wp-json\/wp\/v2\/pages\/434\/revisions"}],"predecessor-version":[{"id":604,"href":"https:\/\/spinbetter.cash\/sk\/wp-json\/wp\/v2\/pages\/434\/revisions\/604"}],"wp:attachment":[{"href":"https:\/\/spinbetter.cash\/sk\/wp-json\/wp\/v2\/media?parent=434"}],"curies":[{"name":"wp","href":"https:\/\/api.w.org\/{rel}","templated":true}]}}