{"id":416,"date":"2024-10-11T14:31:11","date_gmt":"2024-10-11T14:31:11","guid":{"rendered":"https:\/\/spinbetter.cash\/sl\/?page_id=416"},"modified":"2025-05-08T14:40:19","modified_gmt":"2025-05-08T14:40:19","slug":"download","status":"publish","type":"page","link":"https:\/\/spinbetter.cash\/sk\/download\/","title":{"rendered":"Stiahnu\u0165"},"content":{"rendered":"","protected":false},"excerpt":{"rendered":"","protected":false},"author":1,"featured_media":0,"parent":0,"menu_order":0,"comment_status":"closed","ping_status":"closed","template":"","meta":{"_acf_changed":false,"footnotes":""},"class_list":["post-416","page","type-page","status-publish","hentry"],"acf":[],"yoast_head":"<!-- This site is optimized with the Yoast SEO plugin v27.3 - https:\/\/yoast.com\/product\/yoast-seo-wordpress\/ -->\n<title>SpinBetter APK | Stiahnite si online kas\u00edno do svojho smartf\u00f3nu<\/title>\n<meta name=\"description\" content=\"Stiahnite si SpinBetter APK - stavi\u0165 na \u0161portov\u00e9 a hra\u0165 kas\u00ednov\u00e9 hry priamo z v\u00e1\u0161ho mobilu! R\u00fdchly pr\u00edstup k va\u0161im ob\u013e\u00faben\u00fdm hr\u00e1m kedyko\u013evek!\" \/>\n<meta name=\"robots\" content=\"index, follow, max-snippet:-1, max-image-preview:large, max-video-preview:-1\" \/>\n<meta property=\"og:locale\" content=\"sk_SK\" \/>\n<meta property=\"og:type\" content=\"article\" \/>\n<meta property=\"og:title\" content=\"SpinBetter APK | Stiahnite si online kas\u00edno do svojho smartf\u00f3nu\" \/>\n<meta property=\"og:description\" content=\"Stiahnite si SpinBetter APK - stavi\u0165 na \u0161portov\u00e9 a hra\u0165 kas\u00ednov\u00e9 hry priamo z v\u00e1\u0161ho mobilu! R\u00fdchly pr\u00edstup k va\u0161im ob\u013e\u00faben\u00fdm hr\u00e1m kedyko\u013evek!\" \/>\n<meta property=\"og:url\" content=\"https:\/\/spinbetter.cash\/sk\/download\/\" \/>\n<meta property=\"og:site_name\" content=\"Spinbetter Football SK\" \/>\n<meta property=\"article:modified_time\" content=\"2025-05-08T14:40:19+00:00\" \/>\n<meta name=\"twitter:card\" content=\"summary_large_image\" \/>\n<script type=\"application\/ld+json\" class=\"yoast-schema-graph\">{\"@context\":\"https:\\\/\\\/schema.org\",\"@graph\":[{\"@type\":\"WebPage\",\"@id\":\"https:\\\/\\\/spinbetter.cash\\\/sk\\\/download\\\/\",\"url\":\"https:\\\/\\\/spinbetter.cash\\\/sk\\\/download\\\/\",\"name\":\"SpinBetter APK | Stiahnite si online kas\u00edno do svojho smartf\u00f3nu\",\"isPartOf\":{\"@id\":\"https:\\\/\\\/spinbetter.cash\\\/sk\\\/#website\"},\"datePublished\":\"2024-10-11T14:31:11+00:00\",\"dateModified\":\"2025-05-08T14:40:19+00:00\",\"description\":\"Stiahnite si SpinBetter APK - stavi\u0165 na \u0161portov\u00e9 a hra\u0165 kas\u00ednov\u00e9 hry priamo z v\u00e1\u0161ho mobilu! R\u00fdchly pr\u00edstup k va\u0161im ob\u013e\u00faben\u00fdm hr\u00e1m kedyko\u013evek!\",\"breadcrumb\":{\"@id\":\"https:\\\/\\\/spinbetter.cash\\\/sk\\\/download\\\/#breadcrumb\"},\"inLanguage\":\"sk-SK\",\"potentialAction\":[{\"@type\":\"ReadAction\",\"target\":[\"https:\\\/\\\/spinbetter.cash\\\/sk\\\/download\\\/\"]}]},{\"@type\":\"BreadcrumbList\",\"@id\":\"https:\\\/\\\/spinbetter.cash\\\/sk\\\/download\\\/#breadcrumb\",\"itemListElement\":[{\"@type\":\"ListItem\",\"position\":1,\"name\":\"Home\",\"item\":\"https:\\\/\\\/spinbetter.cash\\\/sk\\\/\"},{\"@type\":\"ListItem\",\"position\":2,\"name\":\"Stiahnu\u0165\"}]},{\"@type\":\"WebSite\",\"@id\":\"https:\\\/\\\/spinbetter.cash\\\/sk\\\/#website\",\"url\":\"https:\\\/\\\/spinbetter.cash\\\/sk\\\/\",\"name\":\"Spinbetter Football SK\",\"description\":\"My WordPress Blog\",\"potentialAction\":[{\"@type\":\"SearchAction\",\"target\":{\"@type\":\"EntryPoint\",\"urlTemplate\":\"https:\\\/\\\/spinbetter.cash\\\/sk\\\/?s={search_term_string}\"},\"query-input\":{\"@type\":\"PropertyValueSpecification\",\"valueRequired\":true,\"valueName\":\"search_term_string\"}}],\"inLanguage\":\"sk-SK\"}]}<\/script>\n<!-- \/ Yoast SEO plugin. -->","yoast_head_json":{"title":"SpinBetter APK | Stiahnite si online kas\u00edno do svojho smartf\u00f3nu","description":"Stiahnite si SpinBetter APK - stavi\u0165 na \u0161portov\u00e9 a hra\u0165 kas\u00ednov\u00e9 hry priamo z v\u00e1\u0161ho mobilu! R\u00fdchly pr\u00edstup k va\u0161im ob\u013e\u00faben\u00fdm hr\u00e1m kedyko\u013evek!","robots":{"index":"index","follow":"follow","max-snippet":"max-snippet:-1","max-image-preview":"max-image-preview:large","max-video-preview":"max-video-preview:-1"},"og_locale":"sk_SK","og_type":"article","og_title":"SpinBetter APK | Stiahnite si online kas\u00edno do svojho smartf\u00f3nu","og_description":"Stiahnite si SpinBetter APK - stavi\u0165 na \u0161portov\u00e9 a hra\u0165 kas\u00ednov\u00e9 hry priamo z v\u00e1\u0161ho mobilu! R\u00fdchly pr\u00edstup k va\u0161im ob\u013e\u00faben\u00fdm hr\u00e1m kedyko\u013evek!","og_url":"https:\/\/spinbetter.cash\/sk\/download\/","og_site_name":"Spinbetter Football SK","article_modified_time":"2025-05-08T14:40:19+00:00","twitter_card":"summary_large_image","schema":{"@context":"https:\/\/schema.org","@graph":[{"@type":"WebPage","@id":"https:\/\/spinbetter.cash\/sk\/download\/","url":"https:\/\/spinbetter.cash\/sk\/download\/","name":"SpinBetter APK | Stiahnite si online kas\u00edno do svojho smartf\u00f3nu","isPartOf":{"@id":"https:\/\/spinbetter.cash\/sk\/#website"},"datePublished":"2024-10-11T14:31:11+00:00","dateModified":"2025-05-08T14:40:19+00:00","description":"Stiahnite si SpinBetter APK - stavi\u0165 na \u0161portov\u00e9 a hra\u0165 kas\u00ednov\u00e9 hry priamo z v\u00e1\u0161ho mobilu! R\u00fdchly pr\u00edstup k va\u0161im ob\u013e\u00faben\u00fdm hr\u00e1m kedyko\u013evek!","breadcrumb":{"@id":"https:\/\/spinbetter.cash\/sk\/download\/#breadcrumb"},"inLanguage":"sk-SK","potentialAction":[{"@type":"ReadAction","target":["https:\/\/spinbetter.cash\/sk\/download\/"]}]},{"@type":"BreadcrumbList","@id":"https:\/\/spinbetter.cash\/sk\/download\/#breadcrumb","itemListElement":[{"@type":"ListItem","position":1,"name":"Home","item":"https:\/\/spinbetter.cash\/sk\/"},{"@type":"ListItem","position":2,"name":"Stiahnu\u0165"}]},{"@type":"WebSite","@id":"https:\/\/spinbetter.cash\/sk\/#website","url":"https:\/\/spinbetter.cash\/sk\/","name":"Spinbetter Football SK","description":"My WordPress Blog","potentialAction":[{"@type":"SearchAction","target":{"@type":"EntryPoint","urlTemplate":"https:\/\/spinbetter.cash\/sk\/?s={search_term_string}"},"query-input":{"@type":"PropertyValueSpecification","valueRequired":true,"valueName":"search_term_string"}}],"inLanguage":"sk-SK"}]}},"_links":{"self":[{"href":"https:\/\/spinbetter.cash\/sk\/wp-json\/wp\/v2\/pages\/416","targetHints":{"allow":["GET"]}}],"collection":[{"href":"https:\/\/spinbetter.cash\/sk\/wp-json\/wp\/v2\/pages"}],"about":[{"href":"https:\/\/spinbetter.cash\/sk\/wp-json\/wp\/v2\/types\/page"}],"author":[{"embeddable":true,"href":"https:\/\/spinbetter.cash\/sk\/wp-json\/wp\/v2\/users\/1"}],"replies":[{"embeddable":true,"href":"https:\/\/spinbetter.cash\/sk\/wp-json\/wp\/v2\/comments?post=416"}],"version-history":[{"count":27,"href":"https:\/\/spinbetter.cash\/sk\/wp-json\/wp\/v2\/pages\/416\/revisions"}],"predecessor-version":[{"id":580,"href":"https:\/\/spinbetter.cash\/sk\/wp-json\/wp\/v2\/pages\/416\/revisions\/580"}],"wp:attachment":[{"href":"https:\/\/spinbetter.cash\/sk\/wp-json\/wp\/v2\/media?parent=416"}],"curies":[{"name":"wp","href":"https:\/\/api.w.org\/{rel}","templated":true}]}}