{"id":320,"date":"2024-10-11T14:30:17","date_gmt":"2024-10-11T14:30:17","guid":{"rendered":"https:\/\/spinbetter.cash\/sl\/?page_id=320"},"modified":"2025-11-20T11:53:29","modified_gmt":"2025-11-20T11:53:29","slug":"sportsbook","status":"publish","type":"page","link":"https:\/\/spinbetter.cash\/sk\/sportsbook\/","title":{"rendered":"St\u00e1vkov\u00e1 kancel\u00e1ria"},"content":{"rendered":"","protected":false},"excerpt":{"rendered":"","protected":false},"author":1,"featured_media":0,"parent":0,"menu_order":0,"comment_status":"closed","ping_status":"closed","template":"","meta":{"_acf_changed":false,"footnotes":""},"class_list":["post-320","page","type-page","status-publish","hentry"],"acf":[],"yoast_head":"<!-- This site is optimized with the Yoast SEO plugin v27.3 - https:\/\/yoast.com\/product\/yoast-seo-wordpress\/ -->\n<title>SpinBetter | \u0161portov\u00e9 st\u00e1vky s vysok\u00fdmi kurzami<\/title>\n<meta name=\"description\" content=\"St\u00e1vky na \u0161porty so SpinBetter. Vysok\u00e9 kurzy, r\u00fdchle v\u00fdplaty a \u0161tedr\u00e9 bonusy pre nov\u00fdch hr\u00e1\u010dov! Stavte si hne\u010f teraz!\" \/>\n<meta name=\"robots\" content=\"index, follow, max-snippet:-1, max-image-preview:large, max-video-preview:-1\" \/>\n<meta property=\"og:locale\" content=\"sk_SK\" \/>\n<meta property=\"og:type\" content=\"article\" \/>\n<meta property=\"og:title\" content=\"SpinBetter | \u0161portov\u00e9 st\u00e1vky s vysok\u00fdmi kurzami\" \/>\n<meta property=\"og:description\" content=\"St\u00e1vky na \u0161porty so SpinBetter. Vysok\u00e9 kurzy, r\u00fdchle v\u00fdplaty a \u0161tedr\u00e9 bonusy pre nov\u00fdch hr\u00e1\u010dov! Stavte si hne\u010f teraz!\" \/>\n<meta property=\"og:url\" content=\"https:\/\/spinbetter.cash\/sk\/sportsbook\/\" \/>\n<meta property=\"og:site_name\" content=\"Spinbetter Football SK\" \/>\n<meta property=\"article:modified_time\" content=\"2025-11-20T11:53:29+00:00\" \/>\n<meta name=\"twitter:card\" content=\"summary_large_image\" \/>\n<script type=\"application\/ld+json\" class=\"yoast-schema-graph\">{\"@context\":\"https:\\\/\\\/schema.org\",\"@graph\":[{\"@type\":\"WebPage\",\"@id\":\"https:\\\/\\\/spinbetter.cash\\\/sk\\\/sportsbook\\\/\",\"url\":\"https:\\\/\\\/spinbetter.cash\\\/sk\\\/sportsbook\\\/\",\"name\":\"SpinBetter | \u0161portov\u00e9 st\u00e1vky s vysok\u00fdmi kurzami\",\"isPartOf\":{\"@id\":\"https:\\\/\\\/spinbetter.cash\\\/sk\\\/#website\"},\"datePublished\":\"2024-10-11T14:30:17+00:00\",\"dateModified\":\"2025-11-20T11:53:29+00:00\",\"description\":\"St\u00e1vky na \u0161porty so SpinBetter. Vysok\u00e9 kurzy, r\u00fdchle v\u00fdplaty a \u0161tedr\u00e9 bonusy pre nov\u00fdch hr\u00e1\u010dov! Stavte si hne\u010f teraz!\",\"breadcrumb\":{\"@id\":\"https:\\\/\\\/spinbetter.cash\\\/sk\\\/sportsbook\\\/#breadcrumb\"},\"inLanguage\":\"sk-SK\",\"potentialAction\":[{\"@type\":\"ReadAction\",\"target\":[\"https:\\\/\\\/spinbetter.cash\\\/sk\\\/sportsbook\\\/\"]}]},{\"@type\":\"BreadcrumbList\",\"@id\":\"https:\\\/\\\/spinbetter.cash\\\/sk\\\/sportsbook\\\/#breadcrumb\",\"itemListElement\":[{\"@type\":\"ListItem\",\"position\":1,\"name\":\"Home\",\"item\":\"https:\\\/\\\/spinbetter.cash\\\/sk\\\/\"},{\"@type\":\"ListItem\",\"position\":2,\"name\":\"St\u00e1vkov\u00e1 kancel\u00e1ria\"}]},{\"@type\":\"WebSite\",\"@id\":\"https:\\\/\\\/spinbetter.cash\\\/sk\\\/#website\",\"url\":\"https:\\\/\\\/spinbetter.cash\\\/sk\\\/\",\"name\":\"Spinbetter Football SK\",\"description\":\"My WordPress Blog\",\"potentialAction\":[{\"@type\":\"SearchAction\",\"target\":{\"@type\":\"EntryPoint\",\"urlTemplate\":\"https:\\\/\\\/spinbetter.cash\\\/sk\\\/?s={search_term_string}\"},\"query-input\":{\"@type\":\"PropertyValueSpecification\",\"valueRequired\":true,\"valueName\":\"search_term_string\"}}],\"inLanguage\":\"sk-SK\"}]}<\/script>\n<!-- \/ Yoast SEO plugin. -->","yoast_head_json":{"title":"SpinBetter | \u0161portov\u00e9 st\u00e1vky s vysok\u00fdmi kurzami","description":"St\u00e1vky na \u0161porty so SpinBetter. Vysok\u00e9 kurzy, r\u00fdchle v\u00fdplaty a \u0161tedr\u00e9 bonusy pre nov\u00fdch hr\u00e1\u010dov! Stavte si hne\u010f teraz!","robots":{"index":"index","follow":"follow","max-snippet":"max-snippet:-1","max-image-preview":"max-image-preview:large","max-video-preview":"max-video-preview:-1"},"og_locale":"sk_SK","og_type":"article","og_title":"SpinBetter | \u0161portov\u00e9 st\u00e1vky s vysok\u00fdmi kurzami","og_description":"St\u00e1vky na \u0161porty so SpinBetter. Vysok\u00e9 kurzy, r\u00fdchle v\u00fdplaty a \u0161tedr\u00e9 bonusy pre nov\u00fdch hr\u00e1\u010dov! Stavte si hne\u010f teraz!","og_url":"https:\/\/spinbetter.cash\/sk\/sportsbook\/","og_site_name":"Spinbetter Football SK","article_modified_time":"2025-11-20T11:53:29+00:00","twitter_card":"summary_large_image","schema":{"@context":"https:\/\/schema.org","@graph":[{"@type":"WebPage","@id":"https:\/\/spinbetter.cash\/sk\/sportsbook\/","url":"https:\/\/spinbetter.cash\/sk\/sportsbook\/","name":"SpinBetter | \u0161portov\u00e9 st\u00e1vky s vysok\u00fdmi kurzami","isPartOf":{"@id":"https:\/\/spinbetter.cash\/sk\/#website"},"datePublished":"2024-10-11T14:30:17+00:00","dateModified":"2025-11-20T11:53:29+00:00","description":"St\u00e1vky na \u0161porty so SpinBetter. Vysok\u00e9 kurzy, r\u00fdchle v\u00fdplaty a \u0161tedr\u00e9 bonusy pre nov\u00fdch hr\u00e1\u010dov! Stavte si hne\u010f teraz!","breadcrumb":{"@id":"https:\/\/spinbetter.cash\/sk\/sportsbook\/#breadcrumb"},"inLanguage":"sk-SK","potentialAction":[{"@type":"ReadAction","target":["https:\/\/spinbetter.cash\/sk\/sportsbook\/"]}]},{"@type":"BreadcrumbList","@id":"https:\/\/spinbetter.cash\/sk\/sportsbook\/#breadcrumb","itemListElement":[{"@type":"ListItem","position":1,"name":"Home","item":"https:\/\/spinbetter.cash\/sk\/"},{"@type":"ListItem","position":2,"name":"St\u00e1vkov\u00e1 kancel\u00e1ria"}]},{"@type":"WebSite","@id":"https:\/\/spinbetter.cash\/sk\/#website","url":"https:\/\/spinbetter.cash\/sk\/","name":"Spinbetter Football SK","description":"My WordPress Blog","potentialAction":[{"@type":"SearchAction","target":{"@type":"EntryPoint","urlTemplate":"https:\/\/spinbetter.cash\/sk\/?s={search_term_string}"},"query-input":{"@type":"PropertyValueSpecification","valueRequired":true,"valueName":"search_term_string"}}],"inLanguage":"sk-SK"}]}},"_links":{"self":[{"href":"https:\/\/spinbetter.cash\/sk\/wp-json\/wp\/v2\/pages\/320","targetHints":{"allow":["GET"]}}],"collection":[{"href":"https:\/\/spinbetter.cash\/sk\/wp-json\/wp\/v2\/pages"}],"about":[{"href":"https:\/\/spinbetter.cash\/sk\/wp-json\/wp\/v2\/types\/page"}],"author":[{"embeddable":true,"href":"https:\/\/spinbetter.cash\/sk\/wp-json\/wp\/v2\/users\/1"}],"replies":[{"embeddable":true,"href":"https:\/\/spinbetter.cash\/sk\/wp-json\/wp\/v2\/comments?post=320"}],"version-history":[{"count":17,"href":"https:\/\/spinbetter.cash\/sk\/wp-json\/wp\/v2\/pages\/320\/revisions"}],"predecessor-version":[{"id":679,"href":"https:\/\/spinbetter.cash\/sk\/wp-json\/wp\/v2\/pages\/320\/revisions\/679"}],"wp:attachment":[{"href":"https:\/\/spinbetter.cash\/sk\/wp-json\/wp\/v2\/media?parent=320"}],"curies":[{"name":"wp","href":"https:\/\/api.w.org\/{rel}","templated":true}]}}