{"id":297,"date":"2024-10-11T14:29:57","date_gmt":"2024-10-11T14:29:57","guid":{"rendered":"https:\/\/spinbetter.cash\/sl\/?page_id=297"},"modified":"2025-05-08T14:38:05","modified_gmt":"2025-05-08T14:38:05","slug":"casino","status":"publish","type":"page","link":"https:\/\/spinbetter.cash\/sk\/casino\/","title":{"rendered":"Kas\u00edno"},"content":{"rendered":"","protected":false},"excerpt":{"rendered":"","protected":false},"author":1,"featured_media":0,"parent":0,"menu_order":0,"comment_status":"closed","ping_status":"closed","template":"","meta":{"_acf_changed":false,"footnotes":""},"class_list":["post-297","page","type-page","status-publish","hentry"],"acf":[],"yoast_head":"<!-- This site is optimized with the Yoast SEO plugin v27.3 - https:\/\/yoast.com\/product\/yoast-seo-wordpress\/ -->\n<title>SpinBetter casino | registr\u00e1cia, bonusy a preh\u013ead hier<\/title>\n<meta name=\"description\" content=\"Objavte vzru\u0161enie v kas\u00edne SpinBetter! Obrovsk\u00fd v\u00fdber hier, neuverite\u013en\u00e9 bonusy a mo\u017enos\u0165 vyhra\u0165 od prv\u00e9ho rozto\u010denia!\" \/>\n<meta name=\"robots\" content=\"index, follow, max-snippet:-1, max-image-preview:large, max-video-preview:-1\" \/>\n<meta property=\"og:locale\" content=\"sk_SK\" \/>\n<meta property=\"og:type\" content=\"article\" \/>\n<meta property=\"og:title\" content=\"SpinBetter casino | registr\u00e1cia, bonusy a preh\u013ead hier\" \/>\n<meta property=\"og:description\" content=\"Objavte vzru\u0161enie v kas\u00edne SpinBetter! Obrovsk\u00fd v\u00fdber hier, neuverite\u013en\u00e9 bonusy a mo\u017enos\u0165 vyhra\u0165 od prv\u00e9ho rozto\u010denia!\" \/>\n<meta property=\"og:url\" content=\"https:\/\/spinbetter.cash\/sk\/casino\/\" \/>\n<meta property=\"og:site_name\" content=\"Spinbetter Football SK\" \/>\n<meta property=\"article:modified_time\" content=\"2025-05-08T14:38:05+00:00\" \/>\n<meta name=\"twitter:card\" content=\"summary_large_image\" \/>\n<script type=\"application\/ld+json\" class=\"yoast-schema-graph\">{\"@context\":\"https:\\\/\\\/schema.org\",\"@graph\":[{\"@type\":\"WebPage\",\"@id\":\"https:\\\/\\\/spinbetter.cash\\\/sk\\\/casino\\\/\",\"url\":\"https:\\\/\\\/spinbetter.cash\\\/sk\\\/casino\\\/\",\"name\":\"SpinBetter casino | registr\u00e1cia, bonusy a preh\u013ead hier\",\"isPartOf\":{\"@id\":\"https:\\\/\\\/spinbetter.cash\\\/sk\\\/#website\"},\"datePublished\":\"2024-10-11T14:29:57+00:00\",\"dateModified\":\"2025-05-08T14:38:05+00:00\",\"description\":\"Objavte vzru\u0161enie v kas\u00edne SpinBetter! Obrovsk\u00fd v\u00fdber hier, neuverite\u013en\u00e9 bonusy a mo\u017enos\u0165 vyhra\u0165 od prv\u00e9ho rozto\u010denia!\",\"breadcrumb\":{\"@id\":\"https:\\\/\\\/spinbetter.cash\\\/sk\\\/casino\\\/#breadcrumb\"},\"inLanguage\":\"sk-SK\",\"potentialAction\":[{\"@type\":\"ReadAction\",\"target\":[\"https:\\\/\\\/spinbetter.cash\\\/sk\\\/casino\\\/\"]}]},{\"@type\":\"BreadcrumbList\",\"@id\":\"https:\\\/\\\/spinbetter.cash\\\/sk\\\/casino\\\/#breadcrumb\",\"itemListElement\":[{\"@type\":\"ListItem\",\"position\":1,\"name\":\"Home\",\"item\":\"https:\\\/\\\/spinbetter.cash\\\/sk\\\/\"},{\"@type\":\"ListItem\",\"position\":2,\"name\":\"Kas\u00edno\"}]},{\"@type\":\"WebSite\",\"@id\":\"https:\\\/\\\/spinbetter.cash\\\/sk\\\/#website\",\"url\":\"https:\\\/\\\/spinbetter.cash\\\/sk\\\/\",\"name\":\"Spinbetter Football SK\",\"description\":\"My WordPress Blog\",\"potentialAction\":[{\"@type\":\"SearchAction\",\"target\":{\"@type\":\"EntryPoint\",\"urlTemplate\":\"https:\\\/\\\/spinbetter.cash\\\/sk\\\/?s={search_term_string}\"},\"query-input\":{\"@type\":\"PropertyValueSpecification\",\"valueRequired\":true,\"valueName\":\"search_term_string\"}}],\"inLanguage\":\"sk-SK\"}]}<\/script>\n<!-- \/ Yoast SEO plugin. -->","yoast_head_json":{"title":"SpinBetter casino | registr\u00e1cia, bonusy a preh\u013ead hier","description":"Objavte vzru\u0161enie v kas\u00edne SpinBetter! Obrovsk\u00fd v\u00fdber hier, neuverite\u013en\u00e9 bonusy a mo\u017enos\u0165 vyhra\u0165 od prv\u00e9ho rozto\u010denia!","robots":{"index":"index","follow":"follow","max-snippet":"max-snippet:-1","max-image-preview":"max-image-preview:large","max-video-preview":"max-video-preview:-1"},"og_locale":"sk_SK","og_type":"article","og_title":"SpinBetter casino | registr\u00e1cia, bonusy a preh\u013ead hier","og_description":"Objavte vzru\u0161enie v kas\u00edne SpinBetter! Obrovsk\u00fd v\u00fdber hier, neuverite\u013en\u00e9 bonusy a mo\u017enos\u0165 vyhra\u0165 od prv\u00e9ho rozto\u010denia!","og_url":"https:\/\/spinbetter.cash\/sk\/casino\/","og_site_name":"Spinbetter Football SK","article_modified_time":"2025-05-08T14:38:05+00:00","twitter_card":"summary_large_image","schema":{"@context":"https:\/\/schema.org","@graph":[{"@type":"WebPage","@id":"https:\/\/spinbetter.cash\/sk\/casino\/","url":"https:\/\/spinbetter.cash\/sk\/casino\/","name":"SpinBetter casino | registr\u00e1cia, bonusy a preh\u013ead hier","isPartOf":{"@id":"https:\/\/spinbetter.cash\/sk\/#website"},"datePublished":"2024-10-11T14:29:57+00:00","dateModified":"2025-05-08T14:38:05+00:00","description":"Objavte vzru\u0161enie v kas\u00edne SpinBetter! Obrovsk\u00fd v\u00fdber hier, neuverite\u013en\u00e9 bonusy a mo\u017enos\u0165 vyhra\u0165 od prv\u00e9ho rozto\u010denia!","breadcrumb":{"@id":"https:\/\/spinbetter.cash\/sk\/casino\/#breadcrumb"},"inLanguage":"sk-SK","potentialAction":[{"@type":"ReadAction","target":["https:\/\/spinbetter.cash\/sk\/casino\/"]}]},{"@type":"BreadcrumbList","@id":"https:\/\/spinbetter.cash\/sk\/casino\/#breadcrumb","itemListElement":[{"@type":"ListItem","position":1,"name":"Home","item":"https:\/\/spinbetter.cash\/sk\/"},{"@type":"ListItem","position":2,"name":"Kas\u00edno"}]},{"@type":"WebSite","@id":"https:\/\/spinbetter.cash\/sk\/#website","url":"https:\/\/spinbetter.cash\/sk\/","name":"Spinbetter Football SK","description":"My WordPress Blog","potentialAction":[{"@type":"SearchAction","target":{"@type":"EntryPoint","urlTemplate":"https:\/\/spinbetter.cash\/sk\/?s={search_term_string}"},"query-input":{"@type":"PropertyValueSpecification","valueRequired":true,"valueName":"search_term_string"}}],"inLanguage":"sk-SK"}]}},"_links":{"self":[{"href":"https:\/\/spinbetter.cash\/sk\/wp-json\/wp\/v2\/pages\/297","targetHints":{"allow":["GET"]}}],"collection":[{"href":"https:\/\/spinbetter.cash\/sk\/wp-json\/wp\/v2\/pages"}],"about":[{"href":"https:\/\/spinbetter.cash\/sk\/wp-json\/wp\/v2\/types\/page"}],"author":[{"embeddable":true,"href":"https:\/\/spinbetter.cash\/sk\/wp-json\/wp\/v2\/users\/1"}],"replies":[{"embeddable":true,"href":"https:\/\/spinbetter.cash\/sk\/wp-json\/wp\/v2\/comments?post=297"}],"version-history":[{"count":35,"href":"https:\/\/spinbetter.cash\/sk\/wp-json\/wp\/v2\/pages\/297\/revisions"}],"predecessor-version":[{"id":574,"href":"https:\/\/spinbetter.cash\/sk\/wp-json\/wp\/v2\/pages\/297\/revisions\/574"}],"wp:attachment":[{"href":"https:\/\/spinbetter.cash\/sk\/wp-json\/wp\/v2\/media?parent=297"}],"curies":[{"name":"wp","href":"https:\/\/api.w.org\/{rel}","templated":true}]}}