{"id":692,"date":"2025-07-03T14:53:05","date_gmt":"2025-07-03T14:53:05","guid":{"rendered":"https:\/\/spinbetter.cash\/ro\/?page_id=692"},"modified":"2025-07-03T14:53:05","modified_gmt":"2025-07-03T14:53:05","slug":"betting-cashback-from-spinbetter","status":"publish","type":"page","link":"https:\/\/spinbetter.cash\/ro\/bonus\/betting-cashback-from-spinbetter\/","title":{"rendered":"Pariuri CASHBACK de la SpinBetter"},"content":{"rendered":"","protected":false},"excerpt":{"rendered":"","protected":false},"author":1,"featured_media":0,"parent":152,"menu_order":0,"comment_status":"closed","ping_status":"closed","template":"","meta":{"_acf_changed":false,"footnotes":""},"class_list":["post-692","page","type-page","status-publish","hentry"],"acf":[],"yoast_head":"<!-- This site is optimized with the Yoast SEO plugin v27.3 - https:\/\/yoast.com\/product\/yoast-seo-wordpress\/ -->\n<title>Cashback SpinBetter &gt; \u0218ansa ta de a-\u021bi recupera pierderile<\/title>\n<meta name=\"description\" content=\"Pariaz\u0103 la SpinBetter Casino! Prime\u0219te 3% \u00eenapoi \u00een fiecare s\u0103pt\u0103m\u00e2n\u0103, p\u00e2n\u0103 la 1.000 \u20ac. SpinBetter \u00ee\u021bi va da \u00eenapoi o parte din bani.\" \/>\n<meta name=\"robots\" content=\"index, follow, max-snippet:-1, max-image-preview:large, max-video-preview:-1\" \/>\n<meta property=\"og:locale\" content=\"ro_RO\" \/>\n<meta property=\"og:type\" content=\"article\" \/>\n<meta property=\"og:title\" content=\"Cashback SpinBetter &gt; \u0218ansa ta de a-\u021bi recupera pierderile\" \/>\n<meta property=\"og:description\" content=\"Pariaz\u0103 la SpinBetter Casino! Prime\u0219te 3% \u00eenapoi \u00een fiecare s\u0103pt\u0103m\u00e2n\u0103, p\u00e2n\u0103 la 1.000 \u20ac. SpinBetter \u00ee\u021bi va da \u00eenapoi o parte din bani.\" \/>\n<meta property=\"og:url\" content=\"https:\/\/spinbetter.cash\/ro\/bonus\/betting-cashback-from-spinbetter\/\" \/>\n<meta property=\"og:site_name\" content=\"Spinbetter Football RO\" \/>\n<meta name=\"twitter:card\" content=\"summary_large_image\" \/>\n<script type=\"application\/ld+json\" class=\"yoast-schema-graph\">{\"@context\":\"https:\\\/\\\/schema.org\",\"@graph\":[{\"@type\":\"WebPage\",\"@id\":\"https:\\\/\\\/spinbetter.cash\\\/ro\\\/bonus\\\/betting-cashback-from-spinbetter\\\/\",\"url\":\"https:\\\/\\\/spinbetter.cash\\\/ro\\\/bonus\\\/betting-cashback-from-spinbetter\\\/\",\"name\":\"Cashback SpinBetter > \u0218ansa ta de a-\u021bi recupera pierderile\",\"isPartOf\":{\"@id\":\"https:\\\/\\\/spinbetter.cash\\\/ro\\\/#website\"},\"datePublished\":\"2025-07-03T14:53:05+00:00\",\"description\":\"Pariaz\u0103 la SpinBetter Casino! Prime\u0219te 3% \u00eenapoi \u00een fiecare s\u0103pt\u0103m\u00e2n\u0103, p\u00e2n\u0103 la 1.000 \u20ac. SpinBetter \u00ee\u021bi va da \u00eenapoi o parte din bani.\",\"breadcrumb\":{\"@id\":\"https:\\\/\\\/spinbetter.cash\\\/ro\\\/bonus\\\/betting-cashback-from-spinbetter\\\/#breadcrumb\"},\"inLanguage\":\"ro-RO\",\"potentialAction\":[{\"@type\":\"ReadAction\",\"target\":[\"https:\\\/\\\/spinbetter.cash\\\/ro\\\/bonus\\\/betting-cashback-from-spinbetter\\\/\"]}]},{\"@type\":\"BreadcrumbList\",\"@id\":\"https:\\\/\\\/spinbetter.cash\\\/ro\\\/bonus\\\/betting-cashback-from-spinbetter\\\/#breadcrumb\",\"itemListElement\":[{\"@type\":\"ListItem\",\"position\":1,\"name\":\"Home\",\"item\":\"https:\\\/\\\/spinbetter.cash\\\/ro\\\/\"},{\"@type\":\"ListItem\",\"position\":2,\"name\":\"Bonus\",\"item\":\"https:\\\/\\\/spinbetter.cash\\\/ro\\\/bonus\\\/\"},{\"@type\":\"ListItem\",\"position\":3,\"name\":\"Pariuri CASHBACK de la SpinBetter\"}]},{\"@type\":\"WebSite\",\"@id\":\"https:\\\/\\\/spinbetter.cash\\\/ro\\\/#website\",\"url\":\"https:\\\/\\\/spinbetter.cash\\\/ro\\\/\",\"name\":\"Spinbetter Football RO\",\"description\":\"My WordPress Blog\",\"potentialAction\":[{\"@type\":\"SearchAction\",\"target\":{\"@type\":\"EntryPoint\",\"urlTemplate\":\"https:\\\/\\\/spinbetter.cash\\\/ro\\\/?s={search_term_string}\"},\"query-input\":{\"@type\":\"PropertyValueSpecification\",\"valueRequired\":true,\"valueName\":\"search_term_string\"}}],\"inLanguage\":\"ro-RO\"}]}<\/script>\n<!-- \/ Yoast SEO plugin. -->","yoast_head_json":{"title":"Cashback SpinBetter > \u0218ansa ta de a-\u021bi recupera pierderile","description":"Pariaz\u0103 la SpinBetter Casino! Prime\u0219te 3% \u00eenapoi \u00een fiecare s\u0103pt\u0103m\u00e2n\u0103, p\u00e2n\u0103 la 1.000 \u20ac. SpinBetter \u00ee\u021bi va da \u00eenapoi o parte din bani.","robots":{"index":"index","follow":"follow","max-snippet":"max-snippet:-1","max-image-preview":"max-image-preview:large","max-video-preview":"max-video-preview:-1"},"og_locale":"ro_RO","og_type":"article","og_title":"Cashback SpinBetter > \u0218ansa ta de a-\u021bi recupera pierderile","og_description":"Pariaz\u0103 la SpinBetter Casino! Prime\u0219te 3% \u00eenapoi \u00een fiecare s\u0103pt\u0103m\u00e2n\u0103, p\u00e2n\u0103 la 1.000 \u20ac. SpinBetter \u00ee\u021bi va da \u00eenapoi o parte din bani.","og_url":"https:\/\/spinbetter.cash\/ro\/bonus\/betting-cashback-from-spinbetter\/","og_site_name":"Spinbetter Football RO","twitter_card":"summary_large_image","schema":{"@context":"https:\/\/schema.org","@graph":[{"@type":"WebPage","@id":"https:\/\/spinbetter.cash\/ro\/bonus\/betting-cashback-from-spinbetter\/","url":"https:\/\/spinbetter.cash\/ro\/bonus\/betting-cashback-from-spinbetter\/","name":"Cashback SpinBetter > \u0218ansa ta de a-\u021bi recupera pierderile","isPartOf":{"@id":"https:\/\/spinbetter.cash\/ro\/#website"},"datePublished":"2025-07-03T14:53:05+00:00","description":"Pariaz\u0103 la SpinBetter Casino! Prime\u0219te 3% \u00eenapoi \u00een fiecare s\u0103pt\u0103m\u00e2n\u0103, p\u00e2n\u0103 la 1.000 \u20ac. SpinBetter \u00ee\u021bi va da \u00eenapoi o parte din bani.","breadcrumb":{"@id":"https:\/\/spinbetter.cash\/ro\/bonus\/betting-cashback-from-spinbetter\/#breadcrumb"},"inLanguage":"ro-RO","potentialAction":[{"@type":"ReadAction","target":["https:\/\/spinbetter.cash\/ro\/bonus\/betting-cashback-from-spinbetter\/"]}]},{"@type":"BreadcrumbList","@id":"https:\/\/spinbetter.cash\/ro\/bonus\/betting-cashback-from-spinbetter\/#breadcrumb","itemListElement":[{"@type":"ListItem","position":1,"name":"Home","item":"https:\/\/spinbetter.cash\/ro\/"},{"@type":"ListItem","position":2,"name":"Bonus","item":"https:\/\/spinbetter.cash\/ro\/bonus\/"},{"@type":"ListItem","position":3,"name":"Pariuri CASHBACK de la SpinBetter"}]},{"@type":"WebSite","@id":"https:\/\/spinbetter.cash\/ro\/#website","url":"https:\/\/spinbetter.cash\/ro\/","name":"Spinbetter Football RO","description":"My WordPress Blog","potentialAction":[{"@type":"SearchAction","target":{"@type":"EntryPoint","urlTemplate":"https:\/\/spinbetter.cash\/ro\/?s={search_term_string}"},"query-input":{"@type":"PropertyValueSpecification","valueRequired":true,"valueName":"search_term_string"}}],"inLanguage":"ro-RO"}]}},"_links":{"self":[{"href":"https:\/\/spinbetter.cash\/ro\/wp-json\/wp\/v2\/pages\/692","targetHints":{"allow":["GET"]}}],"collection":[{"href":"https:\/\/spinbetter.cash\/ro\/wp-json\/wp\/v2\/pages"}],"about":[{"href":"https:\/\/spinbetter.cash\/ro\/wp-json\/wp\/v2\/types\/page"}],"author":[{"embeddable":true,"href":"https:\/\/spinbetter.cash\/ro\/wp-json\/wp\/v2\/users\/1"}],"replies":[{"embeddable":true,"href":"https:\/\/spinbetter.cash\/ro\/wp-json\/wp\/v2\/comments?post=692"}],"version-history":[{"count":1,"href":"https:\/\/spinbetter.cash\/ro\/wp-json\/wp\/v2\/pages\/692\/revisions"}],"predecessor-version":[{"id":693,"href":"https:\/\/spinbetter.cash\/ro\/wp-json\/wp\/v2\/pages\/692\/revisions\/693"}],"up":[{"embeddable":true,"href":"https:\/\/spinbetter.cash\/ro\/wp-json\/wp\/v2\/pages\/152"}],"wp:attachment":[{"href":"https:\/\/spinbetter.cash\/ro\/wp-json\/wp\/v2\/media?parent=692"}],"curies":[{"name":"wp","href":"https:\/\/api.w.org\/{rel}","templated":true}]}}