{"id":672,"date":"2025-05-30T09:08:58","date_gmt":"2025-05-30T09:08:58","guid":{"rendered":"https:\/\/spinbetter.cash\/ro\/?page_id=672"},"modified":"2025-06-12T13:45:37","modified_gmt":"2025-06-12T13:45:37","slug":"bonuses-for-five-deposits","status":"publish","type":"page","link":"https:\/\/spinbetter.cash\/ro\/bonus\/bonuses-for-five-deposits\/","title":{"rendered":"Bonusuri la 5 depuneri"},"content":{"rendered":"","protected":false},"excerpt":{"rendered":"","protected":false},"author":1,"featured_media":0,"parent":152,"menu_order":0,"comment_status":"closed","ping_status":"closed","template":"","meta":{"_acf_changed":false,"footnotes":""},"class_list":["post-672","page","type-page","status-publish","hentry"],"acf":[],"yoast_head":"<!-- This site is optimized with the Yoast SEO plugin v27.3 - https:\/\/yoast.com\/product\/yoast-seo-wordpress\/ -->\n<title>Promo\u021bie SpinBetter &gt; Bonusuri la 5 depuneri pentru pariuri<\/title>\n<meta name=\"description\" content=\"\u00cencepe\u021bi c\u0103l\u0103toria cu SpinBetter \u0219i primi\u021bi bonusuri la primele cinci depuneri pentru pariuri sportive \u2013 p\u00e2n\u0103 la 100 EUR! Al\u0103tura\u021bi-v\u0103 acum!\" \/>\n<meta name=\"robots\" content=\"index, follow, max-snippet:-1, max-image-preview:large, max-video-preview:-1\" \/>\n<meta property=\"og:locale\" content=\"ro_RO\" \/>\n<meta property=\"og:type\" content=\"article\" \/>\n<meta property=\"og:title\" content=\"Promo\u021bie SpinBetter &gt; Bonusuri la 5 depuneri pentru pariuri\" \/>\n<meta property=\"og:description\" content=\"\u00cencepe\u021bi c\u0103l\u0103toria cu SpinBetter \u0219i primi\u021bi bonusuri la primele cinci depuneri pentru pariuri sportive \u2013 p\u00e2n\u0103 la 100 EUR! Al\u0103tura\u021bi-v\u0103 acum!\" \/>\n<meta property=\"og:url\" content=\"https:\/\/spinbetter.cash\/ro\/bonus\/bonuses-for-five-deposits\/\" \/>\n<meta property=\"og:site_name\" content=\"Spinbetter Football RO\" \/>\n<meta property=\"article:modified_time\" content=\"2025-06-12T13:45:37+00:00\" \/>\n<meta name=\"twitter:card\" content=\"summary_large_image\" \/>\n<script type=\"application\/ld+json\" class=\"yoast-schema-graph\">{\"@context\":\"https:\\\/\\\/schema.org\",\"@graph\":[{\"@type\":\"WebPage\",\"@id\":\"https:\\\/\\\/spinbetter.cash\\\/ro\\\/bonus\\\/bonuses-for-five-deposits\\\/\",\"url\":\"https:\\\/\\\/spinbetter.cash\\\/ro\\\/bonus\\\/bonuses-for-five-deposits\\\/\",\"name\":\"Promo\u021bie SpinBetter > Bonusuri la 5 depuneri pentru pariuri\",\"isPartOf\":{\"@id\":\"https:\\\/\\\/spinbetter.cash\\\/ro\\\/#website\"},\"datePublished\":\"2025-05-30T09:08:58+00:00\",\"dateModified\":\"2025-06-12T13:45:37+00:00\",\"description\":\"\u00cencepe\u021bi c\u0103l\u0103toria cu SpinBetter \u0219i primi\u021bi bonusuri la primele cinci depuneri pentru pariuri sportive \u2013 p\u00e2n\u0103 la 100 EUR! Al\u0103tura\u021bi-v\u0103 acum!\",\"breadcrumb\":{\"@id\":\"https:\\\/\\\/spinbetter.cash\\\/ro\\\/bonus\\\/bonuses-for-five-deposits\\\/#breadcrumb\"},\"inLanguage\":\"ro-RO\",\"potentialAction\":[{\"@type\":\"ReadAction\",\"target\":[\"https:\\\/\\\/spinbetter.cash\\\/ro\\\/bonus\\\/bonuses-for-five-deposits\\\/\"]}]},{\"@type\":\"BreadcrumbList\",\"@id\":\"https:\\\/\\\/spinbetter.cash\\\/ro\\\/bonus\\\/bonuses-for-five-deposits\\\/#breadcrumb\",\"itemListElement\":[{\"@type\":\"ListItem\",\"position\":1,\"name\":\"Home\",\"item\":\"https:\\\/\\\/spinbetter.cash\\\/ro\\\/\"},{\"@type\":\"ListItem\",\"position\":2,\"name\":\"Bonus\",\"item\":\"https:\\\/\\\/spinbetter.cash\\\/ro\\\/bonus\\\/\"},{\"@type\":\"ListItem\",\"position\":3,\"name\":\"Bonusuri la 5 depuneri\"}]},{\"@type\":\"WebSite\",\"@id\":\"https:\\\/\\\/spinbetter.cash\\\/ro\\\/#website\",\"url\":\"https:\\\/\\\/spinbetter.cash\\\/ro\\\/\",\"name\":\"Spinbetter Football RO\",\"description\":\"My WordPress Blog\",\"potentialAction\":[{\"@type\":\"SearchAction\",\"target\":{\"@type\":\"EntryPoint\",\"urlTemplate\":\"https:\\\/\\\/spinbetter.cash\\\/ro\\\/?s={search_term_string}\"},\"query-input\":{\"@type\":\"PropertyValueSpecification\",\"valueRequired\":true,\"valueName\":\"search_term_string\"}}],\"inLanguage\":\"ro-RO\"}]}<\/script>\n<!-- \/ Yoast SEO plugin. -->","yoast_head_json":{"title":"Promo\u021bie SpinBetter > Bonusuri la 5 depuneri pentru pariuri","description":"\u00cencepe\u021bi c\u0103l\u0103toria cu SpinBetter \u0219i primi\u021bi bonusuri la primele cinci depuneri pentru pariuri sportive \u2013 p\u00e2n\u0103 la 100 EUR! Al\u0103tura\u021bi-v\u0103 acum!","robots":{"index":"index","follow":"follow","max-snippet":"max-snippet:-1","max-image-preview":"max-image-preview:large","max-video-preview":"max-video-preview:-1"},"og_locale":"ro_RO","og_type":"article","og_title":"Promo\u021bie SpinBetter > Bonusuri la 5 depuneri pentru pariuri","og_description":"\u00cencepe\u021bi c\u0103l\u0103toria cu SpinBetter \u0219i primi\u021bi bonusuri la primele cinci depuneri pentru pariuri sportive \u2013 p\u00e2n\u0103 la 100 EUR! Al\u0103tura\u021bi-v\u0103 acum!","og_url":"https:\/\/spinbetter.cash\/ro\/bonus\/bonuses-for-five-deposits\/","og_site_name":"Spinbetter Football RO","article_modified_time":"2025-06-12T13:45:37+00:00","twitter_card":"summary_large_image","schema":{"@context":"https:\/\/schema.org","@graph":[{"@type":"WebPage","@id":"https:\/\/spinbetter.cash\/ro\/bonus\/bonuses-for-five-deposits\/","url":"https:\/\/spinbetter.cash\/ro\/bonus\/bonuses-for-five-deposits\/","name":"Promo\u021bie SpinBetter > Bonusuri la 5 depuneri pentru pariuri","isPartOf":{"@id":"https:\/\/spinbetter.cash\/ro\/#website"},"datePublished":"2025-05-30T09:08:58+00:00","dateModified":"2025-06-12T13:45:37+00:00","description":"\u00cencepe\u021bi c\u0103l\u0103toria cu SpinBetter \u0219i primi\u021bi bonusuri la primele cinci depuneri pentru pariuri sportive \u2013 p\u00e2n\u0103 la 100 EUR! Al\u0103tura\u021bi-v\u0103 acum!","breadcrumb":{"@id":"https:\/\/spinbetter.cash\/ro\/bonus\/bonuses-for-five-deposits\/#breadcrumb"},"inLanguage":"ro-RO","potentialAction":[{"@type":"ReadAction","target":["https:\/\/spinbetter.cash\/ro\/bonus\/bonuses-for-five-deposits\/"]}]},{"@type":"BreadcrumbList","@id":"https:\/\/spinbetter.cash\/ro\/bonus\/bonuses-for-five-deposits\/#breadcrumb","itemListElement":[{"@type":"ListItem","position":1,"name":"Home","item":"https:\/\/spinbetter.cash\/ro\/"},{"@type":"ListItem","position":2,"name":"Bonus","item":"https:\/\/spinbetter.cash\/ro\/bonus\/"},{"@type":"ListItem","position":3,"name":"Bonusuri la 5 depuneri"}]},{"@type":"WebSite","@id":"https:\/\/spinbetter.cash\/ro\/#website","url":"https:\/\/spinbetter.cash\/ro\/","name":"Spinbetter Football RO","description":"My WordPress Blog","potentialAction":[{"@type":"SearchAction","target":{"@type":"EntryPoint","urlTemplate":"https:\/\/spinbetter.cash\/ro\/?s={search_term_string}"},"query-input":{"@type":"PropertyValueSpecification","valueRequired":true,"valueName":"search_term_string"}}],"inLanguage":"ro-RO"}]}},"_links":{"self":[{"href":"https:\/\/spinbetter.cash\/ro\/wp-json\/wp\/v2\/pages\/672","targetHints":{"allow":["GET"]}}],"collection":[{"href":"https:\/\/spinbetter.cash\/ro\/wp-json\/wp\/v2\/pages"}],"about":[{"href":"https:\/\/spinbetter.cash\/ro\/wp-json\/wp\/v2\/types\/page"}],"author":[{"embeddable":true,"href":"https:\/\/spinbetter.cash\/ro\/wp-json\/wp\/v2\/users\/1"}],"replies":[{"embeddable":true,"href":"https:\/\/spinbetter.cash\/ro\/wp-json\/wp\/v2\/comments?post=672"}],"version-history":[{"count":2,"href":"https:\/\/spinbetter.cash\/ro\/wp-json\/wp\/v2\/pages\/672\/revisions"}],"predecessor-version":[{"id":679,"href":"https:\/\/spinbetter.cash\/ro\/wp-json\/wp\/v2\/pages\/672\/revisions\/679"}],"up":[{"embeddable":true,"href":"https:\/\/spinbetter.cash\/ro\/wp-json\/wp\/v2\/pages\/152"}],"wp:attachment":[{"href":"https:\/\/spinbetter.cash\/ro\/wp-json\/wp\/v2\/media?parent=672"}],"curies":[{"name":"wp","href":"https:\/\/api.w.org\/{rel}","templated":true}]}}