{"id":665,"date":"2025-05-21T14:17:18","date_gmt":"2025-05-21T14:17:18","guid":{"rendered":"https:\/\/spinbetter.cash\/ro\/?page_id=665"},"modified":"2025-06-12T13:53:31","modified_gmt":"2025-06-12T13:53:31","slug":"100-free-spins","status":"publish","type":"page","link":"https:\/\/spinbetter.cash\/ro\/bonus\/100-free-spins\/","title":{"rendered":"Prinde 100 FS &#8211; Instantaneu!"},"content":{"rendered":"","protected":false},"excerpt":{"rendered":"","protected":false},"author":1,"featured_media":0,"parent":152,"menu_order":0,"comment_status":"closed","ping_status":"closed","template":"","meta":{"_acf_changed":false,"footnotes":""},"class_list":["post-665","page","type-page","status-publish","hentry"],"acf":[],"yoast_head":"<!-- This site is optimized with the Yoast SEO plugin v27.3 - https:\/\/yoast.com\/product\/yoast-seo-wordpress\/ -->\n<title>100 FS pe SpinBetter pentru abonare la Telegram | F\u0103r\u0103 depunere!<\/title>\n<meta name=\"description\" content=\"Prime\u0219te 100 de rotiri gratuite f\u0103r\u0103 depunere doar pentru abonarea la feed-ul nostru Telegram! Jocul t\u0103u \u00eencepe acum!\" \/>\n<meta name=\"robots\" content=\"index, follow, max-snippet:-1, max-image-preview:large, max-video-preview:-1\" \/>\n<meta property=\"og:locale\" content=\"ro_RO\" \/>\n<meta property=\"og:type\" content=\"article\" \/>\n<meta property=\"og:title\" content=\"100 FS pe SpinBetter pentru abonare la Telegram | F\u0103r\u0103 depunere!\" \/>\n<meta property=\"og:description\" content=\"Prime\u0219te 100 de rotiri gratuite f\u0103r\u0103 depunere doar pentru abonarea la feed-ul nostru Telegram! Jocul t\u0103u \u00eencepe acum!\" \/>\n<meta property=\"og:url\" content=\"https:\/\/spinbetter.cash\/ro\/bonus\/100-free-spins\/\" \/>\n<meta property=\"og:site_name\" content=\"Spinbetter Football RO\" \/>\n<meta property=\"article:modified_time\" content=\"2025-06-12T13:53:31+00:00\" \/>\n<meta name=\"twitter:card\" content=\"summary_large_image\" \/>\n<script type=\"application\/ld+json\" class=\"yoast-schema-graph\">{\"@context\":\"https:\\\/\\\/schema.org\",\"@graph\":[{\"@type\":\"WebPage\",\"@id\":\"https:\\\/\\\/spinbetter.cash\\\/ro\\\/bonus\\\/100-free-spins\\\/\",\"url\":\"https:\\\/\\\/spinbetter.cash\\\/ro\\\/bonus\\\/100-free-spins\\\/\",\"name\":\"100 FS pe SpinBetter pentru abonare la Telegram | F\u0103r\u0103 depunere!\",\"isPartOf\":{\"@id\":\"https:\\\/\\\/spinbetter.cash\\\/ro\\\/#website\"},\"datePublished\":\"2025-05-21T14:17:18+00:00\",\"dateModified\":\"2025-06-12T13:53:31+00:00\",\"description\":\"Prime\u0219te 100 de rotiri gratuite f\u0103r\u0103 depunere doar pentru abonarea la feed-ul nostru Telegram! Jocul t\u0103u \u00eencepe acum!\",\"breadcrumb\":{\"@id\":\"https:\\\/\\\/spinbetter.cash\\\/ro\\\/bonus\\\/100-free-spins\\\/#breadcrumb\"},\"inLanguage\":\"ro-RO\",\"potentialAction\":[{\"@type\":\"ReadAction\",\"target\":[\"https:\\\/\\\/spinbetter.cash\\\/ro\\\/bonus\\\/100-free-spins\\\/\"]}]},{\"@type\":\"BreadcrumbList\",\"@id\":\"https:\\\/\\\/spinbetter.cash\\\/ro\\\/bonus\\\/100-free-spins\\\/#breadcrumb\",\"itemListElement\":[{\"@type\":\"ListItem\",\"position\":1,\"name\":\"Home\",\"item\":\"https:\\\/\\\/spinbetter.cash\\\/ro\\\/\"},{\"@type\":\"ListItem\",\"position\":2,\"name\":\"Bonus\",\"item\":\"https:\\\/\\\/spinbetter.cash\\\/ro\\\/bonus\\\/\"},{\"@type\":\"ListItem\",\"position\":3,\"name\":\"Prinde 100 FS &#8211; Instantaneu!\"}]},{\"@type\":\"WebSite\",\"@id\":\"https:\\\/\\\/spinbetter.cash\\\/ro\\\/#website\",\"url\":\"https:\\\/\\\/spinbetter.cash\\\/ro\\\/\",\"name\":\"Spinbetter Football RO\",\"description\":\"My WordPress Blog\",\"potentialAction\":[{\"@type\":\"SearchAction\",\"target\":{\"@type\":\"EntryPoint\",\"urlTemplate\":\"https:\\\/\\\/spinbetter.cash\\\/ro\\\/?s={search_term_string}\"},\"query-input\":{\"@type\":\"PropertyValueSpecification\",\"valueRequired\":true,\"valueName\":\"search_term_string\"}}],\"inLanguage\":\"ro-RO\"}]}<\/script>\n<!-- \/ Yoast SEO plugin. -->","yoast_head_json":{"title":"100 FS pe SpinBetter pentru abonare la Telegram | F\u0103r\u0103 depunere!","description":"Prime\u0219te 100 de rotiri gratuite f\u0103r\u0103 depunere doar pentru abonarea la feed-ul nostru Telegram! Jocul t\u0103u \u00eencepe acum!","robots":{"index":"index","follow":"follow","max-snippet":"max-snippet:-1","max-image-preview":"max-image-preview:large","max-video-preview":"max-video-preview:-1"},"og_locale":"ro_RO","og_type":"article","og_title":"100 FS pe SpinBetter pentru abonare la Telegram | F\u0103r\u0103 depunere!","og_description":"Prime\u0219te 100 de rotiri gratuite f\u0103r\u0103 depunere doar pentru abonarea la feed-ul nostru Telegram! Jocul t\u0103u \u00eencepe acum!","og_url":"https:\/\/spinbetter.cash\/ro\/bonus\/100-free-spins\/","og_site_name":"Spinbetter Football RO","article_modified_time":"2025-06-12T13:53:31+00:00","twitter_card":"summary_large_image","schema":{"@context":"https:\/\/schema.org","@graph":[{"@type":"WebPage","@id":"https:\/\/spinbetter.cash\/ro\/bonus\/100-free-spins\/","url":"https:\/\/spinbetter.cash\/ro\/bonus\/100-free-spins\/","name":"100 FS pe SpinBetter pentru abonare la Telegram | F\u0103r\u0103 depunere!","isPartOf":{"@id":"https:\/\/spinbetter.cash\/ro\/#website"},"datePublished":"2025-05-21T14:17:18+00:00","dateModified":"2025-06-12T13:53:31+00:00","description":"Prime\u0219te 100 de rotiri gratuite f\u0103r\u0103 depunere doar pentru abonarea la feed-ul nostru Telegram! Jocul t\u0103u \u00eencepe acum!","breadcrumb":{"@id":"https:\/\/spinbetter.cash\/ro\/bonus\/100-free-spins\/#breadcrumb"},"inLanguage":"ro-RO","potentialAction":[{"@type":"ReadAction","target":["https:\/\/spinbetter.cash\/ro\/bonus\/100-free-spins\/"]}]},{"@type":"BreadcrumbList","@id":"https:\/\/spinbetter.cash\/ro\/bonus\/100-free-spins\/#breadcrumb","itemListElement":[{"@type":"ListItem","position":1,"name":"Home","item":"https:\/\/spinbetter.cash\/ro\/"},{"@type":"ListItem","position":2,"name":"Bonus","item":"https:\/\/spinbetter.cash\/ro\/bonus\/"},{"@type":"ListItem","position":3,"name":"Prinde 100 FS &#8211; Instantaneu!"}]},{"@type":"WebSite","@id":"https:\/\/spinbetter.cash\/ro\/#website","url":"https:\/\/spinbetter.cash\/ro\/","name":"Spinbetter Football RO","description":"My WordPress Blog","potentialAction":[{"@type":"SearchAction","target":{"@type":"EntryPoint","urlTemplate":"https:\/\/spinbetter.cash\/ro\/?s={search_term_string}"},"query-input":{"@type":"PropertyValueSpecification","valueRequired":true,"valueName":"search_term_string"}}],"inLanguage":"ro-RO"}]}},"_links":{"self":[{"href":"https:\/\/spinbetter.cash\/ro\/wp-json\/wp\/v2\/pages\/665","targetHints":{"allow":["GET"]}}],"collection":[{"href":"https:\/\/spinbetter.cash\/ro\/wp-json\/wp\/v2\/pages"}],"about":[{"href":"https:\/\/spinbetter.cash\/ro\/wp-json\/wp\/v2\/types\/page"}],"author":[{"embeddable":true,"href":"https:\/\/spinbetter.cash\/ro\/wp-json\/wp\/v2\/users\/1"}],"replies":[{"embeddable":true,"href":"https:\/\/spinbetter.cash\/ro\/wp-json\/wp\/v2\/comments?post=665"}],"version-history":[{"count":3,"href":"https:\/\/spinbetter.cash\/ro\/wp-json\/wp\/v2\/pages\/665\/revisions"}],"predecessor-version":[{"id":668,"href":"https:\/\/spinbetter.cash\/ro\/wp-json\/wp\/v2\/pages\/665\/revisions\/668"}],"up":[{"embeddable":true,"href":"https:\/\/spinbetter.cash\/ro\/wp-json\/wp\/v2\/pages\/152"}],"wp:attachment":[{"href":"https:\/\/spinbetter.cash\/ro\/wp-json\/wp\/v2\/media?parent=665"}],"curies":[{"name":"wp","href":"https:\/\/api.w.org\/{rel}","templated":true}]}}