{"id":653,"date":"2025-05-21T12:31:45","date_gmt":"2025-05-21T12:31:45","guid":{"rendered":"https:\/\/spinbetter.cash\/ro\/?page_id=653"},"modified":"2025-06-12T13:58:05","modified_gmt":"2025-06-12T13:58:05","slug":"bet-now-pay-later","status":"publish","type":"page","link":"https:\/\/spinbetter.cash\/ro\/bonus\/bet-now-pay-later\/","title":{"rendered":"Paria\u021bi acum &#8211; pl\u0103ti\u021bi mai t\u00e2rziu"},"content":{"rendered":"","protected":false},"excerpt":{"rendered":"","protected":false},"author":1,"featured_media":0,"parent":152,"menu_order":0,"comment_status":"closed","ping_status":"closed","template":"","meta":{"_acf_changed":false,"footnotes":""},"class_list":["post-653","page","type-page","status-publish","hentry"],"acf":[],"yoast_head":"<!-- This site is optimized with the Yoast SEO plugin v27.3 - https:\/\/yoast.com\/product\/yoast-seo-wordpress\/ -->\n<title>Paria\u021bi acum, pl\u0103ti\u021bi mai t\u00e2rziu cu pariu \u00een avans la Spinbetter!<\/title>\n<meta name=\"description\" content=\"Nu l\u0103sa un sold epuizat s\u0103 te \u00eempiedice s\u0103 joci! Cu Advance Bet de la Spinbetter, plaseaz\u0103 pariuri chiar dac\u0103 soldul t\u0103u este zero\" \/>\n<meta name=\"robots\" content=\"index, follow, max-snippet:-1, max-image-preview:large, max-video-preview:-1\" \/>\n<meta property=\"og:locale\" content=\"ro_RO\" \/>\n<meta property=\"og:type\" content=\"article\" \/>\n<meta property=\"og:title\" content=\"Paria\u021bi acum, pl\u0103ti\u021bi mai t\u00e2rziu cu pariu \u00een avans la Spinbetter!\" \/>\n<meta property=\"og:description\" content=\"Nu l\u0103sa un sold epuizat s\u0103 te \u00eempiedice s\u0103 joci! Cu Advance Bet de la Spinbetter, plaseaz\u0103 pariuri chiar dac\u0103 soldul t\u0103u este zero\" \/>\n<meta property=\"og:url\" content=\"https:\/\/spinbetter.cash\/ro\/bonus\/bet-now-pay-later\/\" \/>\n<meta property=\"og:site_name\" content=\"Spinbetter Football RO\" \/>\n<meta property=\"article:modified_time\" content=\"2025-06-12T13:58:05+00:00\" \/>\n<meta name=\"twitter:card\" content=\"summary_large_image\" \/>\n<script type=\"application\/ld+json\" class=\"yoast-schema-graph\">{\"@context\":\"https:\\\/\\\/schema.org\",\"@graph\":[{\"@type\":\"WebPage\",\"@id\":\"https:\\\/\\\/spinbetter.cash\\\/ro\\\/bonus\\\/bet-now-pay-later\\\/\",\"url\":\"https:\\\/\\\/spinbetter.cash\\\/ro\\\/bonus\\\/bet-now-pay-later\\\/\",\"name\":\"Paria\u021bi acum, pl\u0103ti\u021bi mai t\u00e2rziu cu pariu \u00een avans la Spinbetter!\",\"isPartOf\":{\"@id\":\"https:\\\/\\\/spinbetter.cash\\\/ro\\\/#website\"},\"datePublished\":\"2025-05-21T12:31:45+00:00\",\"dateModified\":\"2025-06-12T13:58:05+00:00\",\"description\":\"Nu l\u0103sa un sold epuizat s\u0103 te \u00eempiedice s\u0103 joci! Cu Advance Bet de la Spinbetter, plaseaz\u0103 pariuri chiar dac\u0103 soldul t\u0103u este zero\",\"breadcrumb\":{\"@id\":\"https:\\\/\\\/spinbetter.cash\\\/ro\\\/bonus\\\/bet-now-pay-later\\\/#breadcrumb\"},\"inLanguage\":\"ro-RO\",\"potentialAction\":[{\"@type\":\"ReadAction\",\"target\":[\"https:\\\/\\\/spinbetter.cash\\\/ro\\\/bonus\\\/bet-now-pay-later\\\/\"]}]},{\"@type\":\"BreadcrumbList\",\"@id\":\"https:\\\/\\\/spinbetter.cash\\\/ro\\\/bonus\\\/bet-now-pay-later\\\/#breadcrumb\",\"itemListElement\":[{\"@type\":\"ListItem\",\"position\":1,\"name\":\"Home\",\"item\":\"https:\\\/\\\/spinbetter.cash\\\/ro\\\/\"},{\"@type\":\"ListItem\",\"position\":2,\"name\":\"Bonus\",\"item\":\"https:\\\/\\\/spinbetter.cash\\\/ro\\\/bonus\\\/\"},{\"@type\":\"ListItem\",\"position\":3,\"name\":\"Paria\u021bi acum &#8211; pl\u0103ti\u021bi mai t\u00e2rziu\"}]},{\"@type\":\"WebSite\",\"@id\":\"https:\\\/\\\/spinbetter.cash\\\/ro\\\/#website\",\"url\":\"https:\\\/\\\/spinbetter.cash\\\/ro\\\/\",\"name\":\"Spinbetter Football RO\",\"description\":\"My WordPress Blog\",\"potentialAction\":[{\"@type\":\"SearchAction\",\"target\":{\"@type\":\"EntryPoint\",\"urlTemplate\":\"https:\\\/\\\/spinbetter.cash\\\/ro\\\/?s={search_term_string}\"},\"query-input\":{\"@type\":\"PropertyValueSpecification\",\"valueRequired\":true,\"valueName\":\"search_term_string\"}}],\"inLanguage\":\"ro-RO\"}]}<\/script>\n<!-- \/ Yoast SEO plugin. -->","yoast_head_json":{"title":"Paria\u021bi acum, pl\u0103ti\u021bi mai t\u00e2rziu cu pariu \u00een avans la Spinbetter!","description":"Nu l\u0103sa un sold epuizat s\u0103 te \u00eempiedice s\u0103 joci! Cu Advance Bet de la Spinbetter, plaseaz\u0103 pariuri chiar dac\u0103 soldul t\u0103u este zero","robots":{"index":"index","follow":"follow","max-snippet":"max-snippet:-1","max-image-preview":"max-image-preview:large","max-video-preview":"max-video-preview:-1"},"og_locale":"ro_RO","og_type":"article","og_title":"Paria\u021bi acum, pl\u0103ti\u021bi mai t\u00e2rziu cu pariu \u00een avans la Spinbetter!","og_description":"Nu l\u0103sa un sold epuizat s\u0103 te \u00eempiedice s\u0103 joci! Cu Advance Bet de la Spinbetter, plaseaz\u0103 pariuri chiar dac\u0103 soldul t\u0103u este zero","og_url":"https:\/\/spinbetter.cash\/ro\/bonus\/bet-now-pay-later\/","og_site_name":"Spinbetter Football RO","article_modified_time":"2025-06-12T13:58:05+00:00","twitter_card":"summary_large_image","schema":{"@context":"https:\/\/schema.org","@graph":[{"@type":"WebPage","@id":"https:\/\/spinbetter.cash\/ro\/bonus\/bet-now-pay-later\/","url":"https:\/\/spinbetter.cash\/ro\/bonus\/bet-now-pay-later\/","name":"Paria\u021bi acum, pl\u0103ti\u021bi mai t\u00e2rziu cu pariu \u00een avans la Spinbetter!","isPartOf":{"@id":"https:\/\/spinbetter.cash\/ro\/#website"},"datePublished":"2025-05-21T12:31:45+00:00","dateModified":"2025-06-12T13:58:05+00:00","description":"Nu l\u0103sa un sold epuizat s\u0103 te \u00eempiedice s\u0103 joci! Cu Advance Bet de la Spinbetter, plaseaz\u0103 pariuri chiar dac\u0103 soldul t\u0103u este zero","breadcrumb":{"@id":"https:\/\/spinbetter.cash\/ro\/bonus\/bet-now-pay-later\/#breadcrumb"},"inLanguage":"ro-RO","potentialAction":[{"@type":"ReadAction","target":["https:\/\/spinbetter.cash\/ro\/bonus\/bet-now-pay-later\/"]}]},{"@type":"BreadcrumbList","@id":"https:\/\/spinbetter.cash\/ro\/bonus\/bet-now-pay-later\/#breadcrumb","itemListElement":[{"@type":"ListItem","position":1,"name":"Home","item":"https:\/\/spinbetter.cash\/ro\/"},{"@type":"ListItem","position":2,"name":"Bonus","item":"https:\/\/spinbetter.cash\/ro\/bonus\/"},{"@type":"ListItem","position":3,"name":"Paria\u021bi acum &#8211; pl\u0103ti\u021bi mai t\u00e2rziu"}]},{"@type":"WebSite","@id":"https:\/\/spinbetter.cash\/ro\/#website","url":"https:\/\/spinbetter.cash\/ro\/","name":"Spinbetter Football RO","description":"My WordPress Blog","potentialAction":[{"@type":"SearchAction","target":{"@type":"EntryPoint","urlTemplate":"https:\/\/spinbetter.cash\/ro\/?s={search_term_string}"},"query-input":{"@type":"PropertyValueSpecification","valueRequired":true,"valueName":"search_term_string"}}],"inLanguage":"ro-RO"}]}},"_links":{"self":[{"href":"https:\/\/spinbetter.cash\/ro\/wp-json\/wp\/v2\/pages\/653","targetHints":{"allow":["GET"]}}],"collection":[{"href":"https:\/\/spinbetter.cash\/ro\/wp-json\/wp\/v2\/pages"}],"about":[{"href":"https:\/\/spinbetter.cash\/ro\/wp-json\/wp\/v2\/types\/page"}],"author":[{"embeddable":true,"href":"https:\/\/spinbetter.cash\/ro\/wp-json\/wp\/v2\/users\/1"}],"replies":[{"embeddable":true,"href":"https:\/\/spinbetter.cash\/ro\/wp-json\/wp\/v2\/comments?post=653"}],"version-history":[{"count":3,"href":"https:\/\/spinbetter.cash\/ro\/wp-json\/wp\/v2\/pages\/653\/revisions"}],"predecessor-version":[{"id":656,"href":"https:\/\/spinbetter.cash\/ro\/wp-json\/wp\/v2\/pages\/653\/revisions\/656"}],"up":[{"embeddable":true,"href":"https:\/\/spinbetter.cash\/ro\/wp-json\/wp\/v2\/pages\/152"}],"wp:attachment":[{"href":"https:\/\/spinbetter.cash\/ro\/wp-json\/wp\/v2\/media?parent=653"}],"curies":[{"name":"wp","href":"https:\/\/api.w.org\/{rel}","templated":true}]}}