{"id":434,"date":"2024-10-11T14:32:24","date_gmt":"2024-10-11T14:32:24","guid":{"rendered":"https:\/\/spinbetter.cash\/ro\/?page_id=434"},"modified":"2025-06-12T13:42:19","modified_gmt":"2025-06-12T13:42:19","slug":"player-reviews","status":"publish","type":"page","link":"https:\/\/spinbetter.cash\/ro\/player-reviews\/","title":{"rendered":"Recenzii ale juc\u0103torilor"},"content":{"rendered":"","protected":false},"excerpt":{"rendered":"","protected":false},"author":1,"featured_media":0,"parent":0,"menu_order":0,"comment_status":"closed","ping_status":"closed","template":"","meta":{"_acf_changed":false,"footnotes":""},"class_list":["post-434","page","type-page","status-publish","hentry"],"acf":[],"yoast_head":"<!-- This site is optimized with the Yoast SEO plugin v27.3 - https:\/\/yoast.com\/product\/yoast-seo-wordpress\/ -->\n<title>SpinBetter cazinou \u0219i companie de pariuri recenzii ale juc\u0103torilor<\/title>\n<meta name=\"description\" content=\"Cite\u0219te recenziile juc\u0103torilor despre SpinBetter- afl\u0103 cum plaseaz\u0103 al\u021bii pariuri, c\u00e2\u0219tig\u0103, primesc bonusuri \u0219i \u00eemp\u0103rt\u0103\u0219esc experien\u021bele lor!\" \/>\n<meta name=\"robots\" content=\"index, follow, max-snippet:-1, max-image-preview:large, max-video-preview:-1\" \/>\n<meta property=\"og:locale\" content=\"ro_RO\" \/>\n<meta property=\"og:type\" content=\"article\" \/>\n<meta property=\"og:title\" content=\"SpinBetter cazinou \u0219i companie de pariuri recenzii ale juc\u0103torilor\" \/>\n<meta property=\"og:description\" content=\"Cite\u0219te recenziile juc\u0103torilor despre SpinBetter- afl\u0103 cum plaseaz\u0103 al\u021bii pariuri, c\u00e2\u0219tig\u0103, primesc bonusuri \u0219i \u00eemp\u0103rt\u0103\u0219esc experien\u021bele lor!\" \/>\n<meta property=\"og:url\" content=\"https:\/\/spinbetter.cash\/ro\/player-reviews\/\" \/>\n<meta property=\"og:site_name\" content=\"Spinbetter Football RO\" \/>\n<meta property=\"article:modified_time\" content=\"2025-06-12T13:42:19+00:00\" \/>\n<meta name=\"twitter:card\" content=\"summary_large_image\" \/>\n<script type=\"application\/ld+json\" class=\"yoast-schema-graph\">{\"@context\":\"https:\\\/\\\/schema.org\",\"@graph\":[{\"@type\":\"WebPage\",\"@id\":\"https:\\\/\\\/spinbetter.cash\\\/ro\\\/player-reviews\\\/\",\"url\":\"https:\\\/\\\/spinbetter.cash\\\/ro\\\/player-reviews\\\/\",\"name\":\"SpinBetter cazinou \u0219i companie de pariuri recenzii ale juc\u0103torilor\",\"isPartOf\":{\"@id\":\"https:\\\/\\\/spinbetter.cash\\\/ro\\\/#website\"},\"datePublished\":\"2024-10-11T14:32:24+00:00\",\"dateModified\":\"2025-06-12T13:42:19+00:00\",\"description\":\"Cite\u0219te recenziile juc\u0103torilor despre SpinBetter- afl\u0103 cum plaseaz\u0103 al\u021bii pariuri, c\u00e2\u0219tig\u0103, primesc bonusuri \u0219i \u00eemp\u0103rt\u0103\u0219esc experien\u021bele lor!\",\"breadcrumb\":{\"@id\":\"https:\\\/\\\/spinbetter.cash\\\/ro\\\/player-reviews\\\/#breadcrumb\"},\"inLanguage\":\"ro-RO\",\"potentialAction\":[{\"@type\":\"ReadAction\",\"target\":[\"https:\\\/\\\/spinbetter.cash\\\/ro\\\/player-reviews\\\/\"]}]},{\"@type\":\"BreadcrumbList\",\"@id\":\"https:\\\/\\\/spinbetter.cash\\\/ro\\\/player-reviews\\\/#breadcrumb\",\"itemListElement\":[{\"@type\":\"ListItem\",\"position\":1,\"name\":\"Home\",\"item\":\"https:\\\/\\\/spinbetter.cash\\\/ro\\\/\"},{\"@type\":\"ListItem\",\"position\":2,\"name\":\"Recenzii ale juc\u0103torilor\"}]},{\"@type\":\"WebSite\",\"@id\":\"https:\\\/\\\/spinbetter.cash\\\/ro\\\/#website\",\"url\":\"https:\\\/\\\/spinbetter.cash\\\/ro\\\/\",\"name\":\"Spinbetter Football RO\",\"description\":\"My WordPress Blog\",\"potentialAction\":[{\"@type\":\"SearchAction\",\"target\":{\"@type\":\"EntryPoint\",\"urlTemplate\":\"https:\\\/\\\/spinbetter.cash\\\/ro\\\/?s={search_term_string}\"},\"query-input\":{\"@type\":\"PropertyValueSpecification\",\"valueRequired\":true,\"valueName\":\"search_term_string\"}}],\"inLanguage\":\"ro-RO\"}]}<\/script>\n<!-- \/ Yoast SEO plugin. -->","yoast_head_json":{"title":"SpinBetter cazinou \u0219i companie de pariuri recenzii ale juc\u0103torilor","description":"Cite\u0219te recenziile juc\u0103torilor despre SpinBetter- afl\u0103 cum plaseaz\u0103 al\u021bii pariuri, c\u00e2\u0219tig\u0103, primesc bonusuri \u0219i \u00eemp\u0103rt\u0103\u0219esc experien\u021bele lor!","robots":{"index":"index","follow":"follow","max-snippet":"max-snippet:-1","max-image-preview":"max-image-preview:large","max-video-preview":"max-video-preview:-1"},"og_locale":"ro_RO","og_type":"article","og_title":"SpinBetter cazinou \u0219i companie de pariuri recenzii ale juc\u0103torilor","og_description":"Cite\u0219te recenziile juc\u0103torilor despre SpinBetter- afl\u0103 cum plaseaz\u0103 al\u021bii pariuri, c\u00e2\u0219tig\u0103, primesc bonusuri \u0219i \u00eemp\u0103rt\u0103\u0219esc experien\u021bele lor!","og_url":"https:\/\/spinbetter.cash\/ro\/player-reviews\/","og_site_name":"Spinbetter Football RO","article_modified_time":"2025-06-12T13:42:19+00:00","twitter_card":"summary_large_image","schema":{"@context":"https:\/\/schema.org","@graph":[{"@type":"WebPage","@id":"https:\/\/spinbetter.cash\/ro\/player-reviews\/","url":"https:\/\/spinbetter.cash\/ro\/player-reviews\/","name":"SpinBetter cazinou \u0219i companie de pariuri recenzii ale juc\u0103torilor","isPartOf":{"@id":"https:\/\/spinbetter.cash\/ro\/#website"},"datePublished":"2024-10-11T14:32:24+00:00","dateModified":"2025-06-12T13:42:19+00:00","description":"Cite\u0219te recenziile juc\u0103torilor despre SpinBetter- afl\u0103 cum plaseaz\u0103 al\u021bii pariuri, c\u00e2\u0219tig\u0103, primesc bonusuri \u0219i \u00eemp\u0103rt\u0103\u0219esc experien\u021bele lor!","breadcrumb":{"@id":"https:\/\/spinbetter.cash\/ro\/player-reviews\/#breadcrumb"},"inLanguage":"ro-RO","potentialAction":[{"@type":"ReadAction","target":["https:\/\/spinbetter.cash\/ro\/player-reviews\/"]}]},{"@type":"BreadcrumbList","@id":"https:\/\/spinbetter.cash\/ro\/player-reviews\/#breadcrumb","itemListElement":[{"@type":"ListItem","position":1,"name":"Home","item":"https:\/\/spinbetter.cash\/ro\/"},{"@type":"ListItem","position":2,"name":"Recenzii ale juc\u0103torilor"}]},{"@type":"WebSite","@id":"https:\/\/spinbetter.cash\/ro\/#website","url":"https:\/\/spinbetter.cash\/ro\/","name":"Spinbetter Football RO","description":"My WordPress Blog","potentialAction":[{"@type":"SearchAction","target":{"@type":"EntryPoint","urlTemplate":"https:\/\/spinbetter.cash\/ro\/?s={search_term_string}"},"query-input":{"@type":"PropertyValueSpecification","valueRequired":true,"valueName":"search_term_string"}}],"inLanguage":"ro-RO"}]}},"_links":{"self":[{"href":"https:\/\/spinbetter.cash\/ro\/wp-json\/wp\/v2\/pages\/434","targetHints":{"allow":["GET"]}}],"collection":[{"href":"https:\/\/spinbetter.cash\/ro\/wp-json\/wp\/v2\/pages"}],"about":[{"href":"https:\/\/spinbetter.cash\/ro\/wp-json\/wp\/v2\/types\/page"}],"author":[{"embeddable":true,"href":"https:\/\/spinbetter.cash\/ro\/wp-json\/wp\/v2\/users\/1"}],"replies":[{"embeddable":true,"href":"https:\/\/spinbetter.cash\/ro\/wp-json\/wp\/v2\/comments?post=434"}],"version-history":[{"count":26,"href":"https:\/\/spinbetter.cash\/ro\/wp-json\/wp\/v2\/pages\/434\/revisions"}],"predecessor-version":[{"id":641,"href":"https:\/\/spinbetter.cash\/ro\/wp-json\/wp\/v2\/pages\/434\/revisions\/641"}],"wp:attachment":[{"href":"https:\/\/spinbetter.cash\/ro\/wp-json\/wp\/v2\/media?parent=434"}],"curies":[{"name":"wp","href":"https:\/\/api.w.org\/{rel}","templated":true}]}}