{"id":416,"date":"2024-10-11T14:31:11","date_gmt":"2024-10-11T14:31:11","guid":{"rendered":"https:\/\/spinbetter.cash\/ro\/?page_id=416"},"modified":"2025-06-12T13:40:26","modified_gmt":"2025-06-12T13:40:26","slug":"download","status":"publish","type":"page","link":"https:\/\/spinbetter.cash\/ro\/download\/","title":{"rendered":"Desc\u0103rcare"},"content":{"rendered":"","protected":false},"excerpt":{"rendered":"","protected":false},"author":1,"featured_media":0,"parent":0,"menu_order":0,"comment_status":"closed","ping_status":"closed","template":"","meta":{"_acf_changed":false,"footnotes":""},"class_list":["post-416","page","type-page","status-publish","hentry"],"acf":[],"yoast_head":"<!-- This site is optimized with the Yoast SEO plugin v27.3 - https:\/\/yoast.com\/product\/yoast-seo-wordpress\/ -->\n<title>SpinBetter APK | Descarc\u0103 cazinoul online pe smartphone-ul t\u0103u<\/title>\n<meta name=\"description\" content=\"Desc\u0103rca\u021bi SpinBetter APK-paria\u021bi pe sporturi \u0219i juca\u021bi jocuri de cazino direct de pe telefonul mobil! Acces rapid la jocurile dvs. preferate\" \/>\n<meta name=\"robots\" content=\"index, follow, max-snippet:-1, max-image-preview:large, max-video-preview:-1\" \/>\n<meta property=\"og:locale\" content=\"ro_RO\" \/>\n<meta property=\"og:type\" content=\"article\" \/>\n<meta property=\"og:title\" content=\"SpinBetter APK | Descarc\u0103 cazinoul online pe smartphone-ul t\u0103u\" \/>\n<meta property=\"og:description\" content=\"Desc\u0103rca\u021bi SpinBetter APK-paria\u021bi pe sporturi \u0219i juca\u021bi jocuri de cazino direct de pe telefonul mobil! Acces rapid la jocurile dvs. preferate\" \/>\n<meta property=\"og:url\" content=\"https:\/\/spinbetter.cash\/ro\/download\/\" \/>\n<meta property=\"og:site_name\" content=\"Spinbetter Football RO\" \/>\n<meta property=\"article:modified_time\" content=\"2025-06-12T13:40:26+00:00\" \/>\n<meta name=\"twitter:card\" content=\"summary_large_image\" \/>\n<script type=\"application\/ld+json\" class=\"yoast-schema-graph\">{\"@context\":\"https:\\\/\\\/schema.org\",\"@graph\":[{\"@type\":\"WebPage\",\"@id\":\"https:\\\/\\\/spinbetter.cash\\\/ro\\\/download\\\/\",\"url\":\"https:\\\/\\\/spinbetter.cash\\\/ro\\\/download\\\/\",\"name\":\"SpinBetter APK | Descarc\u0103 cazinoul online pe smartphone-ul t\u0103u\",\"isPartOf\":{\"@id\":\"https:\\\/\\\/spinbetter.cash\\\/ro\\\/#website\"},\"datePublished\":\"2024-10-11T14:31:11+00:00\",\"dateModified\":\"2025-06-12T13:40:26+00:00\",\"description\":\"Desc\u0103rca\u021bi SpinBetter APK-paria\u021bi pe sporturi \u0219i juca\u021bi jocuri de cazino direct de pe telefonul mobil! Acces rapid la jocurile dvs. preferate\",\"breadcrumb\":{\"@id\":\"https:\\\/\\\/spinbetter.cash\\\/ro\\\/download\\\/#breadcrumb\"},\"inLanguage\":\"ro-RO\",\"potentialAction\":[{\"@type\":\"ReadAction\",\"target\":[\"https:\\\/\\\/spinbetter.cash\\\/ro\\\/download\\\/\"]}]},{\"@type\":\"BreadcrumbList\",\"@id\":\"https:\\\/\\\/spinbetter.cash\\\/ro\\\/download\\\/#breadcrumb\",\"itemListElement\":[{\"@type\":\"ListItem\",\"position\":1,\"name\":\"Home\",\"item\":\"https:\\\/\\\/spinbetter.cash\\\/ro\\\/\"},{\"@type\":\"ListItem\",\"position\":2,\"name\":\"Desc\u0103rcare\"}]},{\"@type\":\"WebSite\",\"@id\":\"https:\\\/\\\/spinbetter.cash\\\/ro\\\/#website\",\"url\":\"https:\\\/\\\/spinbetter.cash\\\/ro\\\/\",\"name\":\"Spinbetter Football RO\",\"description\":\"My WordPress Blog\",\"potentialAction\":[{\"@type\":\"SearchAction\",\"target\":{\"@type\":\"EntryPoint\",\"urlTemplate\":\"https:\\\/\\\/spinbetter.cash\\\/ro\\\/?s={search_term_string}\"},\"query-input\":{\"@type\":\"PropertyValueSpecification\",\"valueRequired\":true,\"valueName\":\"search_term_string\"}}],\"inLanguage\":\"ro-RO\"}]}<\/script>\n<!-- \/ Yoast SEO plugin. -->","yoast_head_json":{"title":"SpinBetter APK | Descarc\u0103 cazinoul online pe smartphone-ul t\u0103u","description":"Desc\u0103rca\u021bi SpinBetter APK-paria\u021bi pe sporturi \u0219i juca\u021bi jocuri de cazino direct de pe telefonul mobil! Acces rapid la jocurile dvs. preferate","robots":{"index":"index","follow":"follow","max-snippet":"max-snippet:-1","max-image-preview":"max-image-preview:large","max-video-preview":"max-video-preview:-1"},"og_locale":"ro_RO","og_type":"article","og_title":"SpinBetter APK | Descarc\u0103 cazinoul online pe smartphone-ul t\u0103u","og_description":"Desc\u0103rca\u021bi SpinBetter APK-paria\u021bi pe sporturi \u0219i juca\u021bi jocuri de cazino direct de pe telefonul mobil! Acces rapid la jocurile dvs. preferate","og_url":"https:\/\/spinbetter.cash\/ro\/download\/","og_site_name":"Spinbetter Football RO","article_modified_time":"2025-06-12T13:40:26+00:00","twitter_card":"summary_large_image","schema":{"@context":"https:\/\/schema.org","@graph":[{"@type":"WebPage","@id":"https:\/\/spinbetter.cash\/ro\/download\/","url":"https:\/\/spinbetter.cash\/ro\/download\/","name":"SpinBetter APK | Descarc\u0103 cazinoul online pe smartphone-ul t\u0103u","isPartOf":{"@id":"https:\/\/spinbetter.cash\/ro\/#website"},"datePublished":"2024-10-11T14:31:11+00:00","dateModified":"2025-06-12T13:40:26+00:00","description":"Desc\u0103rca\u021bi SpinBetter APK-paria\u021bi pe sporturi \u0219i juca\u021bi jocuri de cazino direct de pe telefonul mobil! Acces rapid la jocurile dvs. preferate","breadcrumb":{"@id":"https:\/\/spinbetter.cash\/ro\/download\/#breadcrumb"},"inLanguage":"ro-RO","potentialAction":[{"@type":"ReadAction","target":["https:\/\/spinbetter.cash\/ro\/download\/"]}]},{"@type":"BreadcrumbList","@id":"https:\/\/spinbetter.cash\/ro\/download\/#breadcrumb","itemListElement":[{"@type":"ListItem","position":1,"name":"Home","item":"https:\/\/spinbetter.cash\/ro\/"},{"@type":"ListItem","position":2,"name":"Desc\u0103rcare"}]},{"@type":"WebSite","@id":"https:\/\/spinbetter.cash\/ro\/#website","url":"https:\/\/spinbetter.cash\/ro\/","name":"Spinbetter Football RO","description":"My WordPress Blog","potentialAction":[{"@type":"SearchAction","target":{"@type":"EntryPoint","urlTemplate":"https:\/\/spinbetter.cash\/ro\/?s={search_term_string}"},"query-input":{"@type":"PropertyValueSpecification","valueRequired":true,"valueName":"search_term_string"}}],"inLanguage":"ro-RO"}]}},"_links":{"self":[{"href":"https:\/\/spinbetter.cash\/ro\/wp-json\/wp\/v2\/pages\/416","targetHints":{"allow":["GET"]}}],"collection":[{"href":"https:\/\/spinbetter.cash\/ro\/wp-json\/wp\/v2\/pages"}],"about":[{"href":"https:\/\/spinbetter.cash\/ro\/wp-json\/wp\/v2\/types\/page"}],"author":[{"embeddable":true,"href":"https:\/\/spinbetter.cash\/ro\/wp-json\/wp\/v2\/users\/1"}],"replies":[{"embeddable":true,"href":"https:\/\/spinbetter.cash\/ro\/wp-json\/wp\/v2\/comments?post=416"}],"version-history":[{"count":38,"href":"https:\/\/spinbetter.cash\/ro\/wp-json\/wp\/v2\/pages\/416\/revisions"}],"predecessor-version":[{"id":644,"href":"https:\/\/spinbetter.cash\/ro\/wp-json\/wp\/v2\/pages\/416\/revisions\/644"}],"wp:attachment":[{"href":"https:\/\/spinbetter.cash\/ro\/wp-json\/wp\/v2\/media?parent=416"}],"curies":[{"name":"wp","href":"https:\/\/api.w.org\/{rel}","templated":true}]}}