{"id":707,"date":"2025-12-09T11:41:00","date_gmt":"2025-12-09T11:41:00","guid":{"rendered":"https:\/\/spinbetter.cash\/pt\/?page_id=707"},"modified":"2025-12-09T11:41:00","modified_gmt":"2025-12-09T11:41:00","slug":"contacts","status":"publish","type":"page","link":"https:\/\/spinbetter.cash\/pt\/contacts\/","title":{"rendered":"Contactos"},"content":{"rendered":"","protected":false},"excerpt":{"rendered":"","protected":false},"author":1,"featured_media":0,"parent":0,"menu_order":0,"comment_status":"closed","ping_status":"closed","template":"","meta":{"_acf_changed":false,"footnotes":""},"class_list":["post-707","page","type-page","status-publish","hentry"],"acf":[],"yoast_head":"<!-- This site is optimized with the Yoast SEO plugin v27.3 - https:\/\/yoast.com\/product\/yoast-seo-wordpress\/ -->\n<title>SpinBetter Contactos &gt; Suporte E Canais De Comunica\u00e7\u00e3o Oficiais<\/title>\n<meta name=\"description\" content=\"Encontre contatos oficiais do SpinBetter para suporte, Seguran\u00e7a, contas bloqueadas, finan\u00e7as e canais de m\u00eddia social em uma vis\u00e3o geral conveniente.\" \/>\n<meta name=\"robots\" content=\"index, follow, max-snippet:-1, max-image-preview:large, max-video-preview:-1\" \/>\n<meta property=\"og:locale\" content=\"pt_PT\" \/>\n<meta property=\"og:type\" content=\"article\" \/>\n<meta property=\"og:title\" content=\"SpinBetter Contactos &gt; Suporte E Canais De Comunica\u00e7\u00e3o Oficiais\" \/>\n<meta property=\"og:description\" content=\"Encontre contatos oficiais do SpinBetter para suporte, Seguran\u00e7a, contas bloqueadas, finan\u00e7as e canais de m\u00eddia social em uma vis\u00e3o geral conveniente.\" \/>\n<meta property=\"og:url\" content=\"https:\/\/spinbetter.cash\/pt\/contacts\/\" \/>\n<meta property=\"og:site_name\" content=\"Spinbetter Football PT\" \/>\n<meta name=\"twitter:card\" content=\"summary_large_image\" \/>\n<script type=\"application\/ld+json\" class=\"yoast-schema-graph\">{\"@context\":\"https:\\\/\\\/schema.org\",\"@graph\":[{\"@type\":\"WebPage\",\"@id\":\"https:\\\/\\\/spinbetter.cash\\\/pt\\\/contacts\\\/\",\"url\":\"https:\\\/\\\/spinbetter.cash\\\/pt\\\/contacts\\\/\",\"name\":\"SpinBetter Contactos > Suporte E Canais De Comunica\u00e7\u00e3o Oficiais\",\"isPartOf\":{\"@id\":\"https:\\\/\\\/spinbetter.cash\\\/pt\\\/#website\"},\"datePublished\":\"2025-12-09T11:41:00+00:00\",\"description\":\"Encontre contatos oficiais do SpinBetter para suporte, Seguran\u00e7a, contas bloqueadas, finan\u00e7as e canais de m\u00eddia social em uma vis\u00e3o geral conveniente.\",\"breadcrumb\":{\"@id\":\"https:\\\/\\\/spinbetter.cash\\\/pt\\\/contacts\\\/#breadcrumb\"},\"inLanguage\":\"pt-PT\",\"potentialAction\":[{\"@type\":\"ReadAction\",\"target\":[\"https:\\\/\\\/spinbetter.cash\\\/pt\\\/contacts\\\/\"]}]},{\"@type\":\"BreadcrumbList\",\"@id\":\"https:\\\/\\\/spinbetter.cash\\\/pt\\\/contacts\\\/#breadcrumb\",\"itemListElement\":[{\"@type\":\"ListItem\",\"position\":1,\"name\":\"Home\",\"item\":\"https:\\\/\\\/spinbetter.cash\\\/pt\\\/\"},{\"@type\":\"ListItem\",\"position\":2,\"name\":\"Contactos\"}]},{\"@type\":\"WebSite\",\"@id\":\"https:\\\/\\\/spinbetter.cash\\\/pt\\\/#website\",\"url\":\"https:\\\/\\\/spinbetter.cash\\\/pt\\\/\",\"name\":\"Spinbetter Football PT\",\"description\":\"\",\"potentialAction\":[{\"@type\":\"SearchAction\",\"target\":{\"@type\":\"EntryPoint\",\"urlTemplate\":\"https:\\\/\\\/spinbetter.cash\\\/pt\\\/?s={search_term_string}\"},\"query-input\":{\"@type\":\"PropertyValueSpecification\",\"valueRequired\":true,\"valueName\":\"search_term_string\"}}],\"inLanguage\":\"pt-PT\"}]}<\/script>\n<!-- \/ Yoast SEO plugin. -->","yoast_head_json":{"title":"SpinBetter Contactos > Suporte E Canais De Comunica\u00e7\u00e3o Oficiais","description":"Encontre contatos oficiais do SpinBetter para suporte, Seguran\u00e7a, contas bloqueadas, finan\u00e7as e canais de m\u00eddia social em uma vis\u00e3o geral conveniente.","robots":{"index":"index","follow":"follow","max-snippet":"max-snippet:-1","max-image-preview":"max-image-preview:large","max-video-preview":"max-video-preview:-1"},"og_locale":"pt_PT","og_type":"article","og_title":"SpinBetter Contactos > Suporte E Canais De Comunica\u00e7\u00e3o Oficiais","og_description":"Encontre contatos oficiais do SpinBetter para suporte, Seguran\u00e7a, contas bloqueadas, finan\u00e7as e canais de m\u00eddia social em uma vis\u00e3o geral conveniente.","og_url":"https:\/\/spinbetter.cash\/pt\/contacts\/","og_site_name":"Spinbetter Football PT","twitter_card":"summary_large_image","schema":{"@context":"https:\/\/schema.org","@graph":[{"@type":"WebPage","@id":"https:\/\/spinbetter.cash\/pt\/contacts\/","url":"https:\/\/spinbetter.cash\/pt\/contacts\/","name":"SpinBetter Contactos > Suporte E Canais De Comunica\u00e7\u00e3o Oficiais","isPartOf":{"@id":"https:\/\/spinbetter.cash\/pt\/#website"},"datePublished":"2025-12-09T11:41:00+00:00","description":"Encontre contatos oficiais do SpinBetter para suporte, Seguran\u00e7a, contas bloqueadas, finan\u00e7as e canais de m\u00eddia social em uma vis\u00e3o geral conveniente.","breadcrumb":{"@id":"https:\/\/spinbetter.cash\/pt\/contacts\/#breadcrumb"},"inLanguage":"pt-PT","potentialAction":[{"@type":"ReadAction","target":["https:\/\/spinbetter.cash\/pt\/contacts\/"]}]},{"@type":"BreadcrumbList","@id":"https:\/\/spinbetter.cash\/pt\/contacts\/#breadcrumb","itemListElement":[{"@type":"ListItem","position":1,"name":"Home","item":"https:\/\/spinbetter.cash\/pt\/"},{"@type":"ListItem","position":2,"name":"Contactos"}]},{"@type":"WebSite","@id":"https:\/\/spinbetter.cash\/pt\/#website","url":"https:\/\/spinbetter.cash\/pt\/","name":"Spinbetter Football PT","description":"","potentialAction":[{"@type":"SearchAction","target":{"@type":"EntryPoint","urlTemplate":"https:\/\/spinbetter.cash\/pt\/?s={search_term_string}"},"query-input":{"@type":"PropertyValueSpecification","valueRequired":true,"valueName":"search_term_string"}}],"inLanguage":"pt-PT"}]}},"_links":{"self":[{"href":"https:\/\/spinbetter.cash\/pt\/wp-json\/wp\/v2\/pages\/707","targetHints":{"allow":["GET"]}}],"collection":[{"href":"https:\/\/spinbetter.cash\/pt\/wp-json\/wp\/v2\/pages"}],"about":[{"href":"https:\/\/spinbetter.cash\/pt\/wp-json\/wp\/v2\/types\/page"}],"author":[{"embeddable":true,"href":"https:\/\/spinbetter.cash\/pt\/wp-json\/wp\/v2\/users\/1"}],"replies":[{"embeddable":true,"href":"https:\/\/spinbetter.cash\/pt\/wp-json\/wp\/v2\/comments?post=707"}],"version-history":[{"count":1,"href":"https:\/\/spinbetter.cash\/pt\/wp-json\/wp\/v2\/pages\/707\/revisions"}],"predecessor-version":[{"id":708,"href":"https:\/\/spinbetter.cash\/pt\/wp-json\/wp\/v2\/pages\/707\/revisions\/708"}],"wp:attachment":[{"href":"https:\/\/spinbetter.cash\/pt\/wp-json\/wp\/v2\/media?parent=707"}],"curies":[{"name":"wp","href":"https:\/\/api.w.org\/{rel}","templated":true}]}}