{"id":634,"date":"2025-08-05T07:56:18","date_gmt":"2025-08-05T07:56:18","guid":{"rendered":"https:\/\/spinbetter.cash\/pt\/?page_id=634"},"modified":"2025-08-05T07:56:31","modified_gmt":"2025-08-05T07:56:31","slug":"freebet-spinbetter","status":"publish","type":"page","link":"https:\/\/spinbetter.cash\/pt\/bonus\/freebet-spinbetter\/","title":{"rendered":"Aposta gr\u00e1tis da SpinBetter"},"content":{"rendered":"","protected":false},"excerpt":{"rendered":"","protected":false},"author":1,"featured_media":0,"parent":152,"menu_order":0,"comment_status":"closed","ping_status":"closed","template":"","meta":{"_acf_changed":false,"footnotes":""},"class_list":["post-634","page","type-page","status-publish","hentry"],"acf":[],"yoast_head":"<!-- This site is optimized with the Yoast SEO plugin v27.3 - https:\/\/yoast.com\/product\/yoast-seo-wordpress\/ -->\n<title>Aposta gr\u00e1tis SpinBetter \u1405 At\u00e9 200 EUR no The International<\/title>\n<meta name=\"description\" content=\"Fa\u00e7a apostas vencedoras no The International e ganhe uma aposta gr\u00e1tis at\u00e9 200 EUR. Participe na promo\u00e7\u00e3o SpinBetter de 3 a 16 de setembro de 2025.\" \/>\n<meta name=\"robots\" content=\"index, follow, max-snippet:-1, max-image-preview:large, max-video-preview:-1\" \/>\n<meta property=\"og:locale\" content=\"pt_PT\" \/>\n<meta property=\"og:type\" content=\"article\" \/>\n<meta property=\"og:title\" content=\"Aposta gr\u00e1tis SpinBetter \u1405 At\u00e9 200 EUR no The International\" \/>\n<meta property=\"og:description\" content=\"Fa\u00e7a apostas vencedoras no The International e ganhe uma aposta gr\u00e1tis at\u00e9 200 EUR. Participe na promo\u00e7\u00e3o SpinBetter de 3 a 16 de setembro de 2025.\" \/>\n<meta property=\"og:url\" content=\"https:\/\/spinbetter.cash\/pt\/bonus\/freebet-spinbetter\/\" \/>\n<meta property=\"og:site_name\" content=\"Spinbetter Football PT\" \/>\n<meta property=\"article:modified_time\" content=\"2025-08-05T07:56:31+00:00\" \/>\n<meta name=\"twitter:card\" content=\"summary_large_image\" \/>\n<script type=\"application\/ld+json\" class=\"yoast-schema-graph\">{\"@context\":\"https:\\\/\\\/schema.org\",\"@graph\":[{\"@type\":\"WebPage\",\"@id\":\"https:\\\/\\\/spinbetter.cash\\\/pt\\\/bonus\\\/freebet-spinbetter\\\/\",\"url\":\"https:\\\/\\\/spinbetter.cash\\\/pt\\\/bonus\\\/freebet-spinbetter\\\/\",\"name\":\"Aposta gr\u00e1tis SpinBetter \u1405 At\u00e9 200 EUR no The International\",\"isPartOf\":{\"@id\":\"https:\\\/\\\/spinbetter.cash\\\/pt\\\/#website\"},\"datePublished\":\"2025-08-05T07:56:18+00:00\",\"dateModified\":\"2025-08-05T07:56:31+00:00\",\"description\":\"Fa\u00e7a apostas vencedoras no The International e ganhe uma aposta gr\u00e1tis at\u00e9 200 EUR. Participe na promo\u00e7\u00e3o SpinBetter de 3 a 16 de setembro de 2025.\",\"breadcrumb\":{\"@id\":\"https:\\\/\\\/spinbetter.cash\\\/pt\\\/bonus\\\/freebet-spinbetter\\\/#breadcrumb\"},\"inLanguage\":\"pt-PT\",\"potentialAction\":[{\"@type\":\"ReadAction\",\"target\":[\"https:\\\/\\\/spinbetter.cash\\\/pt\\\/bonus\\\/freebet-spinbetter\\\/\"]}]},{\"@type\":\"BreadcrumbList\",\"@id\":\"https:\\\/\\\/spinbetter.cash\\\/pt\\\/bonus\\\/freebet-spinbetter\\\/#breadcrumb\",\"itemListElement\":[{\"@type\":\"ListItem\",\"position\":1,\"name\":\"Home\",\"item\":\"https:\\\/\\\/spinbetter.cash\\\/pt\\\/\"},{\"@type\":\"ListItem\",\"position\":2,\"name\":\"B\u00f3nus\",\"item\":\"https:\\\/\\\/spinbetter.cash\\\/pt\\\/bonus\\\/\"},{\"@type\":\"ListItem\",\"position\":3,\"name\":\"Aposta gr\u00e1tis da SpinBetter\"}]},{\"@type\":\"WebSite\",\"@id\":\"https:\\\/\\\/spinbetter.cash\\\/pt\\\/#website\",\"url\":\"https:\\\/\\\/spinbetter.cash\\\/pt\\\/\",\"name\":\"Spinbetter Football PT\",\"description\":\"\",\"potentialAction\":[{\"@type\":\"SearchAction\",\"target\":{\"@type\":\"EntryPoint\",\"urlTemplate\":\"https:\\\/\\\/spinbetter.cash\\\/pt\\\/?s={search_term_string}\"},\"query-input\":{\"@type\":\"PropertyValueSpecification\",\"valueRequired\":true,\"valueName\":\"search_term_string\"}}],\"inLanguage\":\"pt-PT\"}]}<\/script>\n<!-- \/ Yoast SEO plugin. -->","yoast_head_json":{"title":"Aposta gr\u00e1tis SpinBetter \u1405 At\u00e9 200 EUR no The International","description":"Fa\u00e7a apostas vencedoras no The International e ganhe uma aposta gr\u00e1tis at\u00e9 200 EUR. Participe na promo\u00e7\u00e3o SpinBetter de 3 a 16 de setembro de 2025.","robots":{"index":"index","follow":"follow","max-snippet":"max-snippet:-1","max-image-preview":"max-image-preview:large","max-video-preview":"max-video-preview:-1"},"og_locale":"pt_PT","og_type":"article","og_title":"Aposta gr\u00e1tis SpinBetter \u1405 At\u00e9 200 EUR no The International","og_description":"Fa\u00e7a apostas vencedoras no The International e ganhe uma aposta gr\u00e1tis at\u00e9 200 EUR. Participe na promo\u00e7\u00e3o SpinBetter de 3 a 16 de setembro de 2025.","og_url":"https:\/\/spinbetter.cash\/pt\/bonus\/freebet-spinbetter\/","og_site_name":"Spinbetter Football PT","article_modified_time":"2025-08-05T07:56:31+00:00","twitter_card":"summary_large_image","schema":{"@context":"https:\/\/schema.org","@graph":[{"@type":"WebPage","@id":"https:\/\/spinbetter.cash\/pt\/bonus\/freebet-spinbetter\/","url":"https:\/\/spinbetter.cash\/pt\/bonus\/freebet-spinbetter\/","name":"Aposta gr\u00e1tis SpinBetter \u1405 At\u00e9 200 EUR no The International","isPartOf":{"@id":"https:\/\/spinbetter.cash\/pt\/#website"},"datePublished":"2025-08-05T07:56:18+00:00","dateModified":"2025-08-05T07:56:31+00:00","description":"Fa\u00e7a apostas vencedoras no The International e ganhe uma aposta gr\u00e1tis at\u00e9 200 EUR. Participe na promo\u00e7\u00e3o SpinBetter de 3 a 16 de setembro de 2025.","breadcrumb":{"@id":"https:\/\/spinbetter.cash\/pt\/bonus\/freebet-spinbetter\/#breadcrumb"},"inLanguage":"pt-PT","potentialAction":[{"@type":"ReadAction","target":["https:\/\/spinbetter.cash\/pt\/bonus\/freebet-spinbetter\/"]}]},{"@type":"BreadcrumbList","@id":"https:\/\/spinbetter.cash\/pt\/bonus\/freebet-spinbetter\/#breadcrumb","itemListElement":[{"@type":"ListItem","position":1,"name":"Home","item":"https:\/\/spinbetter.cash\/pt\/"},{"@type":"ListItem","position":2,"name":"B\u00f3nus","item":"https:\/\/spinbetter.cash\/pt\/bonus\/"},{"@type":"ListItem","position":3,"name":"Aposta gr\u00e1tis da SpinBetter"}]},{"@type":"WebSite","@id":"https:\/\/spinbetter.cash\/pt\/#website","url":"https:\/\/spinbetter.cash\/pt\/","name":"Spinbetter Football PT","description":"","potentialAction":[{"@type":"SearchAction","target":{"@type":"EntryPoint","urlTemplate":"https:\/\/spinbetter.cash\/pt\/?s={search_term_string}"},"query-input":{"@type":"PropertyValueSpecification","valueRequired":true,"valueName":"search_term_string"}}],"inLanguage":"pt-PT"}]}},"_links":{"self":[{"href":"https:\/\/spinbetter.cash\/pt\/wp-json\/wp\/v2\/pages\/634","targetHints":{"allow":["GET"]}}],"collection":[{"href":"https:\/\/spinbetter.cash\/pt\/wp-json\/wp\/v2\/pages"}],"about":[{"href":"https:\/\/spinbetter.cash\/pt\/wp-json\/wp\/v2\/types\/page"}],"author":[{"embeddable":true,"href":"https:\/\/spinbetter.cash\/pt\/wp-json\/wp\/v2\/users\/1"}],"replies":[{"embeddable":true,"href":"https:\/\/spinbetter.cash\/pt\/wp-json\/wp\/v2\/comments?post=634"}],"version-history":[{"count":1,"href":"https:\/\/spinbetter.cash\/pt\/wp-json\/wp\/v2\/pages\/634\/revisions"}],"predecessor-version":[{"id":635,"href":"https:\/\/spinbetter.cash\/pt\/wp-json\/wp\/v2\/pages\/634\/revisions\/635"}],"up":[{"embeddable":true,"href":"https:\/\/spinbetter.cash\/pt\/wp-json\/wp\/v2\/pages\/152"}],"wp:attachment":[{"href":"https:\/\/spinbetter.cash\/pt\/wp-json\/wp\/v2\/media?parent=634"}],"curies":[{"name":"wp","href":"https:\/\/api.w.org\/{rel}","templated":true}]}}