{"id":632,"date":"2025-07-31T14:19:26","date_gmt":"2025-07-31T14:19:26","guid":{"rendered":"https:\/\/spinbetter.cash\/pt\/?page_id=632"},"modified":"2025-07-31T14:19:39","modified_gmt":"2025-07-31T14:19:39","slug":"20-cashback","status":"publish","type":"page","link":"https:\/\/spinbetter.cash\/pt\/bonus\/20-cashback\/","title":{"rendered":"At\u00e9 20% de cashback"},"content":{"rendered":"","protected":false},"excerpt":{"rendered":"","protected":false},"author":1,"featured_media":0,"parent":152,"menu_order":0,"comment_status":"closed","ping_status":"closed","template":"","meta":{"_acf_changed":false,"footnotes":""},"class_list":["post-632","page","type-page","status-publish","hentry"],"acf":[],"yoast_head":"<!-- This site is optimized with the Yoast SEO plugin v27.3 - https:\/\/yoast.com\/product\/yoast-seo-wordpress\/ -->\n<title>Cashback de futebol da SpinBetter \u1405 at\u00e9 20% das apostas<\/title>\n<meta name=\"description\" content=\"Aposte no futebol no SpinBetter e recupere at\u00e9 20% das suas perdas. Cashback semanal at\u00e9 500\u20ac na sua conta b\u00f3nus \u2013 participe de 4\/08 a 5\/10!\" \/>\n<meta name=\"robots\" content=\"index, follow, max-snippet:-1, max-image-preview:large, max-video-preview:-1\" \/>\n<meta property=\"og:locale\" content=\"pt_PT\" \/>\n<meta property=\"og:type\" content=\"article\" \/>\n<meta property=\"og:title\" content=\"Cashback de futebol da SpinBetter \u1405 at\u00e9 20% das apostas\" \/>\n<meta property=\"og:description\" content=\"Aposte no futebol no SpinBetter e recupere at\u00e9 20% das suas perdas. Cashback semanal at\u00e9 500\u20ac na sua conta b\u00f3nus \u2013 participe de 4\/08 a 5\/10!\" \/>\n<meta property=\"og:url\" content=\"https:\/\/spinbetter.cash\/pt\/bonus\/20-cashback\/\" \/>\n<meta property=\"og:site_name\" content=\"Spinbetter Football PT\" \/>\n<meta property=\"article:modified_time\" content=\"2025-07-31T14:19:39+00:00\" \/>\n<meta name=\"twitter:card\" content=\"summary_large_image\" \/>\n<script type=\"application\/ld+json\" class=\"yoast-schema-graph\">{\"@context\":\"https:\\\/\\\/schema.org\",\"@graph\":[{\"@type\":\"WebPage\",\"@id\":\"https:\\\/\\\/spinbetter.cash\\\/pt\\\/bonus\\\/20-cashback\\\/\",\"url\":\"https:\\\/\\\/spinbetter.cash\\\/pt\\\/bonus\\\/20-cashback\\\/\",\"name\":\"Cashback de futebol da SpinBetter \u1405 at\u00e9 20% das apostas\",\"isPartOf\":{\"@id\":\"https:\\\/\\\/spinbetter.cash\\\/pt\\\/#website\"},\"datePublished\":\"2025-07-31T14:19:26+00:00\",\"dateModified\":\"2025-07-31T14:19:39+00:00\",\"description\":\"Aposte no futebol no SpinBetter e recupere at\u00e9 20% das suas perdas. Cashback semanal at\u00e9 500\u20ac na sua conta b\u00f3nus \u2013 participe de 4\\\/08 a 5\\\/10!\",\"breadcrumb\":{\"@id\":\"https:\\\/\\\/spinbetter.cash\\\/pt\\\/bonus\\\/20-cashback\\\/#breadcrumb\"},\"inLanguage\":\"pt-PT\",\"potentialAction\":[{\"@type\":\"ReadAction\",\"target\":[\"https:\\\/\\\/spinbetter.cash\\\/pt\\\/bonus\\\/20-cashback\\\/\"]}]},{\"@type\":\"BreadcrumbList\",\"@id\":\"https:\\\/\\\/spinbetter.cash\\\/pt\\\/bonus\\\/20-cashback\\\/#breadcrumb\",\"itemListElement\":[{\"@type\":\"ListItem\",\"position\":1,\"name\":\"Home\",\"item\":\"https:\\\/\\\/spinbetter.cash\\\/pt\\\/\"},{\"@type\":\"ListItem\",\"position\":2,\"name\":\"B\u00f3nus\",\"item\":\"https:\\\/\\\/spinbetter.cash\\\/pt\\\/bonus\\\/\"},{\"@type\":\"ListItem\",\"position\":3,\"name\":\"At\u00e9 20% de cashback\"}]},{\"@type\":\"WebSite\",\"@id\":\"https:\\\/\\\/spinbetter.cash\\\/pt\\\/#website\",\"url\":\"https:\\\/\\\/spinbetter.cash\\\/pt\\\/\",\"name\":\"Spinbetter Football PT\",\"description\":\"\",\"potentialAction\":[{\"@type\":\"SearchAction\",\"target\":{\"@type\":\"EntryPoint\",\"urlTemplate\":\"https:\\\/\\\/spinbetter.cash\\\/pt\\\/?s={search_term_string}\"},\"query-input\":{\"@type\":\"PropertyValueSpecification\",\"valueRequired\":true,\"valueName\":\"search_term_string\"}}],\"inLanguage\":\"pt-PT\"}]}<\/script>\n<!-- \/ Yoast SEO plugin. -->","yoast_head_json":{"title":"Cashback de futebol da SpinBetter \u1405 at\u00e9 20% das apostas","description":"Aposte no futebol no SpinBetter e recupere at\u00e9 20% das suas perdas. Cashback semanal at\u00e9 500\u20ac na sua conta b\u00f3nus \u2013 participe de 4\/08 a 5\/10!","robots":{"index":"index","follow":"follow","max-snippet":"max-snippet:-1","max-image-preview":"max-image-preview:large","max-video-preview":"max-video-preview:-1"},"og_locale":"pt_PT","og_type":"article","og_title":"Cashback de futebol da SpinBetter \u1405 at\u00e9 20% das apostas","og_description":"Aposte no futebol no SpinBetter e recupere at\u00e9 20% das suas perdas. Cashback semanal at\u00e9 500\u20ac na sua conta b\u00f3nus \u2013 participe de 4\/08 a 5\/10!","og_url":"https:\/\/spinbetter.cash\/pt\/bonus\/20-cashback\/","og_site_name":"Spinbetter Football PT","article_modified_time":"2025-07-31T14:19:39+00:00","twitter_card":"summary_large_image","schema":{"@context":"https:\/\/schema.org","@graph":[{"@type":"WebPage","@id":"https:\/\/spinbetter.cash\/pt\/bonus\/20-cashback\/","url":"https:\/\/spinbetter.cash\/pt\/bonus\/20-cashback\/","name":"Cashback de futebol da SpinBetter \u1405 at\u00e9 20% das apostas","isPartOf":{"@id":"https:\/\/spinbetter.cash\/pt\/#website"},"datePublished":"2025-07-31T14:19:26+00:00","dateModified":"2025-07-31T14:19:39+00:00","description":"Aposte no futebol no SpinBetter e recupere at\u00e9 20% das suas perdas. Cashback semanal at\u00e9 500\u20ac na sua conta b\u00f3nus \u2013 participe de 4\/08 a 5\/10!","breadcrumb":{"@id":"https:\/\/spinbetter.cash\/pt\/bonus\/20-cashback\/#breadcrumb"},"inLanguage":"pt-PT","potentialAction":[{"@type":"ReadAction","target":["https:\/\/spinbetter.cash\/pt\/bonus\/20-cashback\/"]}]},{"@type":"BreadcrumbList","@id":"https:\/\/spinbetter.cash\/pt\/bonus\/20-cashback\/#breadcrumb","itemListElement":[{"@type":"ListItem","position":1,"name":"Home","item":"https:\/\/spinbetter.cash\/pt\/"},{"@type":"ListItem","position":2,"name":"B\u00f3nus","item":"https:\/\/spinbetter.cash\/pt\/bonus\/"},{"@type":"ListItem","position":3,"name":"At\u00e9 20% de cashback"}]},{"@type":"WebSite","@id":"https:\/\/spinbetter.cash\/pt\/#website","url":"https:\/\/spinbetter.cash\/pt\/","name":"Spinbetter Football PT","description":"","potentialAction":[{"@type":"SearchAction","target":{"@type":"EntryPoint","urlTemplate":"https:\/\/spinbetter.cash\/pt\/?s={search_term_string}"},"query-input":{"@type":"PropertyValueSpecification","valueRequired":true,"valueName":"search_term_string"}}],"inLanguage":"pt-PT"}]}},"_links":{"self":[{"href":"https:\/\/spinbetter.cash\/pt\/wp-json\/wp\/v2\/pages\/632","targetHints":{"allow":["GET"]}}],"collection":[{"href":"https:\/\/spinbetter.cash\/pt\/wp-json\/wp\/v2\/pages"}],"about":[{"href":"https:\/\/spinbetter.cash\/pt\/wp-json\/wp\/v2\/types\/page"}],"author":[{"embeddable":true,"href":"https:\/\/spinbetter.cash\/pt\/wp-json\/wp\/v2\/users\/1"}],"replies":[{"embeddable":true,"href":"https:\/\/spinbetter.cash\/pt\/wp-json\/wp\/v2\/comments?post=632"}],"version-history":[{"count":1,"href":"https:\/\/spinbetter.cash\/pt\/wp-json\/wp\/v2\/pages\/632\/revisions"}],"predecessor-version":[{"id":633,"href":"https:\/\/spinbetter.cash\/pt\/wp-json\/wp\/v2\/pages\/632\/revisions\/633"}],"up":[{"embeddable":true,"href":"https:\/\/spinbetter.cash\/pt\/wp-json\/wp\/v2\/pages\/152"}],"wp:attachment":[{"href":"https:\/\/spinbetter.cash\/pt\/wp-json\/wp\/v2\/media?parent=632"}],"curies":[{"name":"wp","href":"https:\/\/api.w.org\/{rel}","templated":true}]}}