{"id":606,"date":"2025-05-30T08:58:17","date_gmt":"2025-05-30T08:58:17","guid":{"rendered":"https:\/\/spinbetter.cash\/pt\/?page_id=606"},"modified":"2025-06-12T13:18:30","modified_gmt":"2025-06-12T13:18:30","slug":"bonuses-for-five-deposits","status":"publish","type":"page","link":"https:\/\/spinbetter.cash\/pt\/bonus\/bonuses-for-five-deposits\/","title":{"rendered":"B\u00f3nus em 5 dep\u00f3sitos"},"content":{"rendered":"","protected":false},"excerpt":{"rendered":"","protected":false},"author":1,"featured_media":0,"parent":152,"menu_order":0,"comment_status":"closed","ping_status":"closed","template":"","meta":{"_acf_changed":false,"footnotes":""},"class_list":["post-606","page","type-page","status-publish","hentry"],"acf":[],"yoast_head":"<!-- This site is optimized with the Yoast SEO plugin v27.3 - https:\/\/yoast.com\/product\/yoast-seo-wordpress\/ -->\n<title>Promo\u00e7\u00e3o SpinBetter &gt; B\u00f3nus em 5 dep\u00f3sitos<\/title>\n<meta name=\"description\" content=\"Comece a sua jornada com a SpinBetter e receba b\u00f3nus nos seus primeiros cinco dep\u00f3sitos para apostas desportivas \u2013 at\u00e9 100 EUR!\" \/>\n<meta name=\"robots\" content=\"index, follow, max-snippet:-1, max-image-preview:large, max-video-preview:-1\" \/>\n<meta property=\"og:locale\" content=\"pt_PT\" \/>\n<meta property=\"og:type\" content=\"article\" \/>\n<meta property=\"og:title\" content=\"Promo\u00e7\u00e3o SpinBetter &gt; B\u00f3nus em 5 dep\u00f3sitos\" \/>\n<meta property=\"og:description\" content=\"Comece a sua jornada com a SpinBetter e receba b\u00f3nus nos seus primeiros cinco dep\u00f3sitos para apostas desportivas \u2013 at\u00e9 100 EUR!\" \/>\n<meta property=\"og:url\" content=\"https:\/\/spinbetter.cash\/pt\/bonus\/bonuses-for-five-deposits\/\" \/>\n<meta property=\"og:site_name\" content=\"Spinbetter Football PT\" \/>\n<meta property=\"article:modified_time\" content=\"2025-06-12T13:18:30+00:00\" \/>\n<meta name=\"twitter:card\" content=\"summary_large_image\" \/>\n<script type=\"application\/ld+json\" class=\"yoast-schema-graph\">{\"@context\":\"https:\\\/\\\/schema.org\",\"@graph\":[{\"@type\":\"WebPage\",\"@id\":\"https:\\\/\\\/spinbetter.cash\\\/pt\\\/bonus\\\/bonuses-for-five-deposits\\\/\",\"url\":\"https:\\\/\\\/spinbetter.cash\\\/pt\\\/bonus\\\/bonuses-for-five-deposits\\\/\",\"name\":\"Promo\u00e7\u00e3o SpinBetter > B\u00f3nus em 5 dep\u00f3sitos\",\"isPartOf\":{\"@id\":\"https:\\\/\\\/spinbetter.cash\\\/pt\\\/#website\"},\"datePublished\":\"2025-05-30T08:58:17+00:00\",\"dateModified\":\"2025-06-12T13:18:30+00:00\",\"description\":\"Comece a sua jornada com a SpinBetter e receba b\u00f3nus nos seus primeiros cinco dep\u00f3sitos para apostas desportivas \u2013 at\u00e9 100 EUR!\",\"breadcrumb\":{\"@id\":\"https:\\\/\\\/spinbetter.cash\\\/pt\\\/bonus\\\/bonuses-for-five-deposits\\\/#breadcrumb\"},\"inLanguage\":\"pt-PT\",\"potentialAction\":[{\"@type\":\"ReadAction\",\"target\":[\"https:\\\/\\\/spinbetter.cash\\\/pt\\\/bonus\\\/bonuses-for-five-deposits\\\/\"]}]},{\"@type\":\"BreadcrumbList\",\"@id\":\"https:\\\/\\\/spinbetter.cash\\\/pt\\\/bonus\\\/bonuses-for-five-deposits\\\/#breadcrumb\",\"itemListElement\":[{\"@type\":\"ListItem\",\"position\":1,\"name\":\"Home\",\"item\":\"https:\\\/\\\/spinbetter.cash\\\/pt\\\/\"},{\"@type\":\"ListItem\",\"position\":2,\"name\":\"B\u00f3nus\",\"item\":\"https:\\\/\\\/spinbetter.cash\\\/pt\\\/bonus\\\/\"},{\"@type\":\"ListItem\",\"position\":3,\"name\":\"B\u00f3nus em 5 dep\u00f3sitos\"}]},{\"@type\":\"WebSite\",\"@id\":\"https:\\\/\\\/spinbetter.cash\\\/pt\\\/#website\",\"url\":\"https:\\\/\\\/spinbetter.cash\\\/pt\\\/\",\"name\":\"Spinbetter Football PT\",\"description\":\"\",\"potentialAction\":[{\"@type\":\"SearchAction\",\"target\":{\"@type\":\"EntryPoint\",\"urlTemplate\":\"https:\\\/\\\/spinbetter.cash\\\/pt\\\/?s={search_term_string}\"},\"query-input\":{\"@type\":\"PropertyValueSpecification\",\"valueRequired\":true,\"valueName\":\"search_term_string\"}}],\"inLanguage\":\"pt-PT\"}]}<\/script>\n<!-- \/ Yoast SEO plugin. -->","yoast_head_json":{"title":"Promo\u00e7\u00e3o SpinBetter > B\u00f3nus em 5 dep\u00f3sitos","description":"Comece a sua jornada com a SpinBetter e receba b\u00f3nus nos seus primeiros cinco dep\u00f3sitos para apostas desportivas \u2013 at\u00e9 100 EUR!","robots":{"index":"index","follow":"follow","max-snippet":"max-snippet:-1","max-image-preview":"max-image-preview:large","max-video-preview":"max-video-preview:-1"},"og_locale":"pt_PT","og_type":"article","og_title":"Promo\u00e7\u00e3o SpinBetter > B\u00f3nus em 5 dep\u00f3sitos","og_description":"Comece a sua jornada com a SpinBetter e receba b\u00f3nus nos seus primeiros cinco dep\u00f3sitos para apostas desportivas \u2013 at\u00e9 100 EUR!","og_url":"https:\/\/spinbetter.cash\/pt\/bonus\/bonuses-for-five-deposits\/","og_site_name":"Spinbetter Football PT","article_modified_time":"2025-06-12T13:18:30+00:00","twitter_card":"summary_large_image","schema":{"@context":"https:\/\/schema.org","@graph":[{"@type":"WebPage","@id":"https:\/\/spinbetter.cash\/pt\/bonus\/bonuses-for-five-deposits\/","url":"https:\/\/spinbetter.cash\/pt\/bonus\/bonuses-for-five-deposits\/","name":"Promo\u00e7\u00e3o SpinBetter > B\u00f3nus em 5 dep\u00f3sitos","isPartOf":{"@id":"https:\/\/spinbetter.cash\/pt\/#website"},"datePublished":"2025-05-30T08:58:17+00:00","dateModified":"2025-06-12T13:18:30+00:00","description":"Comece a sua jornada com a SpinBetter e receba b\u00f3nus nos seus primeiros cinco dep\u00f3sitos para apostas desportivas \u2013 at\u00e9 100 EUR!","breadcrumb":{"@id":"https:\/\/spinbetter.cash\/pt\/bonus\/bonuses-for-five-deposits\/#breadcrumb"},"inLanguage":"pt-PT","potentialAction":[{"@type":"ReadAction","target":["https:\/\/spinbetter.cash\/pt\/bonus\/bonuses-for-five-deposits\/"]}]},{"@type":"BreadcrumbList","@id":"https:\/\/spinbetter.cash\/pt\/bonus\/bonuses-for-five-deposits\/#breadcrumb","itemListElement":[{"@type":"ListItem","position":1,"name":"Home","item":"https:\/\/spinbetter.cash\/pt\/"},{"@type":"ListItem","position":2,"name":"B\u00f3nus","item":"https:\/\/spinbetter.cash\/pt\/bonus\/"},{"@type":"ListItem","position":3,"name":"B\u00f3nus em 5 dep\u00f3sitos"}]},{"@type":"WebSite","@id":"https:\/\/spinbetter.cash\/pt\/#website","url":"https:\/\/spinbetter.cash\/pt\/","name":"Spinbetter Football PT","description":"","potentialAction":[{"@type":"SearchAction","target":{"@type":"EntryPoint","urlTemplate":"https:\/\/spinbetter.cash\/pt\/?s={search_term_string}"},"query-input":{"@type":"PropertyValueSpecification","valueRequired":true,"valueName":"search_term_string"}}],"inLanguage":"pt-PT"}]}},"_links":{"self":[{"href":"https:\/\/spinbetter.cash\/pt\/wp-json\/wp\/v2\/pages\/606","targetHints":{"allow":["GET"]}}],"collection":[{"href":"https:\/\/spinbetter.cash\/pt\/wp-json\/wp\/v2\/pages"}],"about":[{"href":"https:\/\/spinbetter.cash\/pt\/wp-json\/wp\/v2\/types\/page"}],"author":[{"embeddable":true,"href":"https:\/\/spinbetter.cash\/pt\/wp-json\/wp\/v2\/users\/1"}],"replies":[{"embeddable":true,"href":"https:\/\/spinbetter.cash\/pt\/wp-json\/wp\/v2\/comments?post=606"}],"version-history":[{"count":2,"href":"https:\/\/spinbetter.cash\/pt\/wp-json\/wp\/v2\/pages\/606\/revisions"}],"predecessor-version":[{"id":615,"href":"https:\/\/spinbetter.cash\/pt\/wp-json\/wp\/v2\/pages\/606\/revisions\/615"}],"up":[{"embeddable":true,"href":"https:\/\/spinbetter.cash\/pt\/wp-json\/wp\/v2\/pages\/152"}],"wp:attachment":[{"href":"https:\/\/spinbetter.cash\/pt\/wp-json\/wp\/v2\/media?parent=606"}],"curies":[{"name":"wp","href":"https:\/\/api.w.org\/{rel}","templated":true}]}}