{"id":599,"date":"2025-05-21T08:44:35","date_gmt":"2025-05-21T08:44:35","guid":{"rendered":"https:\/\/spinbetter.cash\/pt\/?page_id=599"},"modified":"2025-06-12T13:06:24","modified_gmt":"2025-06-12T13:06:24","slug":"100-free-spins","status":"publish","type":"page","link":"https:\/\/spinbetter.cash\/pt\/bonus\/100-free-spins\/","title":{"rendered":"Ganhe 100 FS &#8211; instantaneamente!"},"content":{"rendered":"","protected":false},"excerpt":{"rendered":"","protected":false},"author":1,"featured_media":0,"parent":152,"menu_order":0,"comment_status":"closed","ping_status":"closed","template":"","meta":{"_acf_changed":false,"footnotes":""},"class_list":["post-599","page","type-page","status-publish","hentry"],"acf":[],"yoast_head":"<!-- This site is optimized with the Yoast SEO plugin v27.3 - https:\/\/yoast.com\/product\/yoast-seo-wordpress\/ -->\n<title>100 FS no SpinBetter por subscrever o Telegram | Sem dep\u00f3sito!<\/title>\n<meta name=\"description\" content=\"Ganhe 100 jogadas gr\u00e1tis sem dep\u00f3sito s\u00f3 por subscrever o nosso feed do Telegram! O seu jogo come\u00e7a agora!\" \/>\n<meta name=\"robots\" content=\"index, follow, max-snippet:-1, max-image-preview:large, max-video-preview:-1\" \/>\n<meta property=\"og:locale\" content=\"pt_PT\" \/>\n<meta property=\"og:type\" content=\"article\" \/>\n<meta property=\"og:title\" content=\"100 FS no SpinBetter por subscrever o Telegram | Sem dep\u00f3sito!\" \/>\n<meta property=\"og:description\" content=\"Ganhe 100 jogadas gr\u00e1tis sem dep\u00f3sito s\u00f3 por subscrever o nosso feed do Telegram! O seu jogo come\u00e7a agora!\" \/>\n<meta property=\"og:url\" content=\"https:\/\/spinbetter.cash\/pt\/bonus\/100-free-spins\/\" \/>\n<meta property=\"og:site_name\" content=\"Spinbetter Football PT\" \/>\n<meta property=\"article:modified_time\" content=\"2025-06-12T13:06:24+00:00\" \/>\n<meta name=\"twitter:card\" content=\"summary_large_image\" \/>\n<script type=\"application\/ld+json\" class=\"yoast-schema-graph\">{\"@context\":\"https:\\\/\\\/schema.org\",\"@graph\":[{\"@type\":\"WebPage\",\"@id\":\"https:\\\/\\\/spinbetter.cash\\\/pt\\\/bonus\\\/100-free-spins\\\/\",\"url\":\"https:\\\/\\\/spinbetter.cash\\\/pt\\\/bonus\\\/100-free-spins\\\/\",\"name\":\"100 FS no SpinBetter por subscrever o Telegram | Sem dep\u00f3sito!\",\"isPartOf\":{\"@id\":\"https:\\\/\\\/spinbetter.cash\\\/pt\\\/#website\"},\"datePublished\":\"2025-05-21T08:44:35+00:00\",\"dateModified\":\"2025-06-12T13:06:24+00:00\",\"description\":\"Ganhe 100 jogadas gr\u00e1tis sem dep\u00f3sito s\u00f3 por subscrever o nosso feed do Telegram! O seu jogo come\u00e7a agora!\",\"breadcrumb\":{\"@id\":\"https:\\\/\\\/spinbetter.cash\\\/pt\\\/bonus\\\/100-free-spins\\\/#breadcrumb\"},\"inLanguage\":\"pt-PT\",\"potentialAction\":[{\"@type\":\"ReadAction\",\"target\":[\"https:\\\/\\\/spinbetter.cash\\\/pt\\\/bonus\\\/100-free-spins\\\/\"]}]},{\"@type\":\"BreadcrumbList\",\"@id\":\"https:\\\/\\\/spinbetter.cash\\\/pt\\\/bonus\\\/100-free-spins\\\/#breadcrumb\",\"itemListElement\":[{\"@type\":\"ListItem\",\"position\":1,\"name\":\"Home\",\"item\":\"https:\\\/\\\/spinbetter.cash\\\/pt\\\/\"},{\"@type\":\"ListItem\",\"position\":2,\"name\":\"B\u00f3nus\",\"item\":\"https:\\\/\\\/spinbetter.cash\\\/pt\\\/bonus\\\/\"},{\"@type\":\"ListItem\",\"position\":3,\"name\":\"Ganhe 100 FS &#8211; instantaneamente!\"}]},{\"@type\":\"WebSite\",\"@id\":\"https:\\\/\\\/spinbetter.cash\\\/pt\\\/#website\",\"url\":\"https:\\\/\\\/spinbetter.cash\\\/pt\\\/\",\"name\":\"Spinbetter Football PT\",\"description\":\"\",\"potentialAction\":[{\"@type\":\"SearchAction\",\"target\":{\"@type\":\"EntryPoint\",\"urlTemplate\":\"https:\\\/\\\/spinbetter.cash\\\/pt\\\/?s={search_term_string}\"},\"query-input\":{\"@type\":\"PropertyValueSpecification\",\"valueRequired\":true,\"valueName\":\"search_term_string\"}}],\"inLanguage\":\"pt-PT\"}]}<\/script>\n<!-- \/ Yoast SEO plugin. -->","yoast_head_json":{"title":"100 FS no SpinBetter por subscrever o Telegram | Sem dep\u00f3sito!","description":"Ganhe 100 jogadas gr\u00e1tis sem dep\u00f3sito s\u00f3 por subscrever o nosso feed do Telegram! O seu jogo come\u00e7a agora!","robots":{"index":"index","follow":"follow","max-snippet":"max-snippet:-1","max-image-preview":"max-image-preview:large","max-video-preview":"max-video-preview:-1"},"og_locale":"pt_PT","og_type":"article","og_title":"100 FS no SpinBetter por subscrever o Telegram | Sem dep\u00f3sito!","og_description":"Ganhe 100 jogadas gr\u00e1tis sem dep\u00f3sito s\u00f3 por subscrever o nosso feed do Telegram! O seu jogo come\u00e7a agora!","og_url":"https:\/\/spinbetter.cash\/pt\/bonus\/100-free-spins\/","og_site_name":"Spinbetter Football PT","article_modified_time":"2025-06-12T13:06:24+00:00","twitter_card":"summary_large_image","schema":{"@context":"https:\/\/schema.org","@graph":[{"@type":"WebPage","@id":"https:\/\/spinbetter.cash\/pt\/bonus\/100-free-spins\/","url":"https:\/\/spinbetter.cash\/pt\/bonus\/100-free-spins\/","name":"100 FS no SpinBetter por subscrever o Telegram | Sem dep\u00f3sito!","isPartOf":{"@id":"https:\/\/spinbetter.cash\/pt\/#website"},"datePublished":"2025-05-21T08:44:35+00:00","dateModified":"2025-06-12T13:06:24+00:00","description":"Ganhe 100 jogadas gr\u00e1tis sem dep\u00f3sito s\u00f3 por subscrever o nosso feed do Telegram! O seu jogo come\u00e7a agora!","breadcrumb":{"@id":"https:\/\/spinbetter.cash\/pt\/bonus\/100-free-spins\/#breadcrumb"},"inLanguage":"pt-PT","potentialAction":[{"@type":"ReadAction","target":["https:\/\/spinbetter.cash\/pt\/bonus\/100-free-spins\/"]}]},{"@type":"BreadcrumbList","@id":"https:\/\/spinbetter.cash\/pt\/bonus\/100-free-spins\/#breadcrumb","itemListElement":[{"@type":"ListItem","position":1,"name":"Home","item":"https:\/\/spinbetter.cash\/pt\/"},{"@type":"ListItem","position":2,"name":"B\u00f3nus","item":"https:\/\/spinbetter.cash\/pt\/bonus\/"},{"@type":"ListItem","position":3,"name":"Ganhe 100 FS &#8211; instantaneamente!"}]},{"@type":"WebSite","@id":"https:\/\/spinbetter.cash\/pt\/#website","url":"https:\/\/spinbetter.cash\/pt\/","name":"Spinbetter Football PT","description":"","potentialAction":[{"@type":"SearchAction","target":{"@type":"EntryPoint","urlTemplate":"https:\/\/spinbetter.cash\/pt\/?s={search_term_string}"},"query-input":{"@type":"PropertyValueSpecification","valueRequired":true,"valueName":"search_term_string"}}],"inLanguage":"pt-PT"}]}},"_links":{"self":[{"href":"https:\/\/spinbetter.cash\/pt\/wp-json\/wp\/v2\/pages\/599","targetHints":{"allow":["GET"]}}],"collection":[{"href":"https:\/\/spinbetter.cash\/pt\/wp-json\/wp\/v2\/pages"}],"about":[{"href":"https:\/\/spinbetter.cash\/pt\/wp-json\/wp\/v2\/types\/page"}],"author":[{"embeddable":true,"href":"https:\/\/spinbetter.cash\/pt\/wp-json\/wp\/v2\/users\/1"}],"replies":[{"embeddable":true,"href":"https:\/\/spinbetter.cash\/pt\/wp-json\/wp\/v2\/comments?post=599"}],"version-history":[{"count":4,"href":"https:\/\/spinbetter.cash\/pt\/wp-json\/wp\/v2\/pages\/599\/revisions"}],"predecessor-version":[{"id":603,"href":"https:\/\/spinbetter.cash\/pt\/wp-json\/wp\/v2\/pages\/599\/revisions\/603"}],"up":[{"embeddable":true,"href":"https:\/\/spinbetter.cash\/pt\/wp-json\/wp\/v2\/pages\/152"}],"wp:attachment":[{"href":"https:\/\/spinbetter.cash\/pt\/wp-json\/wp\/v2\/media?parent=599"}],"curies":[{"name":"wp","href":"https:\/\/api.w.org\/{rel}","templated":true}]}}