{"id":587,"date":"2025-05-21T07:48:50","date_gmt":"2025-05-21T07:48:50","guid":{"rendered":"https:\/\/spinbetter.cash\/pt\/?page_id=587"},"modified":"2025-06-12T13:12:08","modified_gmt":"2025-06-12T13:12:08","slug":"bet-now-pay-later","status":"publish","type":"page","link":"https:\/\/spinbetter.cash\/pt\/bonus\/bet-now-pay-later\/","title":{"rendered":"Aposte agora e pague mais tarde"},"content":{"rendered":"","protected":false},"excerpt":{"rendered":"","protected":false},"author":1,"featured_media":0,"parent":152,"menu_order":0,"comment_status":"closed","ping_status":"closed","template":"","meta":{"_acf_changed":false,"footnotes":""},"class_list":["post-587","page","type-page","status-publish","hentry"],"acf":[],"yoast_head":"<!-- This site is optimized with the Yoast SEO plugin v27.3 - https:\/\/yoast.com\/product\/yoast-seo-wordpress\/ -->\n<title>Aposte j\u00e1 e pague depois com a aposta antecipada no SpinBetter!<\/title>\n<meta name=\"description\" content=\"Com a Aposta Avan\u00e7ada da SpinBetter, fa\u00e7a apostas mesmo quando j\u00e1 n\u00e3o tem mais nada na sua conta! Jogue agora!\" \/>\n<meta name=\"robots\" content=\"index, follow, max-snippet:-1, max-image-preview:large, max-video-preview:-1\" \/>\n<meta property=\"og:locale\" content=\"pt_PT\" \/>\n<meta property=\"og:type\" content=\"article\" \/>\n<meta property=\"og:title\" content=\"Aposte j\u00e1 e pague depois com a aposta antecipada no SpinBetter!\" \/>\n<meta property=\"og:description\" content=\"Com a Aposta Avan\u00e7ada da SpinBetter, fa\u00e7a apostas mesmo quando j\u00e1 n\u00e3o tem mais nada na sua conta! Jogue agora!\" \/>\n<meta property=\"og:url\" content=\"https:\/\/spinbetter.cash\/pt\/bonus\/bet-now-pay-later\/\" \/>\n<meta property=\"og:site_name\" content=\"Spinbetter Football PT\" \/>\n<meta property=\"article:modified_time\" content=\"2025-06-12T13:12:08+00:00\" \/>\n<meta name=\"twitter:card\" content=\"summary_large_image\" \/>\n<script type=\"application\/ld+json\" class=\"yoast-schema-graph\">{\"@context\":\"https:\\\/\\\/schema.org\",\"@graph\":[{\"@type\":\"WebPage\",\"@id\":\"https:\\\/\\\/spinbetter.cash\\\/pt\\\/bonus\\\/bet-now-pay-later\\\/\",\"url\":\"https:\\\/\\\/spinbetter.cash\\\/pt\\\/bonus\\\/bet-now-pay-later\\\/\",\"name\":\"Aposte j\u00e1 e pague depois com a aposta antecipada no SpinBetter!\",\"isPartOf\":{\"@id\":\"https:\\\/\\\/spinbetter.cash\\\/pt\\\/#website\"},\"datePublished\":\"2025-05-21T07:48:50+00:00\",\"dateModified\":\"2025-06-12T13:12:08+00:00\",\"description\":\"Com a Aposta Avan\u00e7ada da SpinBetter, fa\u00e7a apostas mesmo quando j\u00e1 n\u00e3o tem mais nada na sua conta! Jogue agora!\",\"breadcrumb\":{\"@id\":\"https:\\\/\\\/spinbetter.cash\\\/pt\\\/bonus\\\/bet-now-pay-later\\\/#breadcrumb\"},\"inLanguage\":\"pt-PT\",\"potentialAction\":[{\"@type\":\"ReadAction\",\"target\":[\"https:\\\/\\\/spinbetter.cash\\\/pt\\\/bonus\\\/bet-now-pay-later\\\/\"]}]},{\"@type\":\"BreadcrumbList\",\"@id\":\"https:\\\/\\\/spinbetter.cash\\\/pt\\\/bonus\\\/bet-now-pay-later\\\/#breadcrumb\",\"itemListElement\":[{\"@type\":\"ListItem\",\"position\":1,\"name\":\"Home\",\"item\":\"https:\\\/\\\/spinbetter.cash\\\/pt\\\/\"},{\"@type\":\"ListItem\",\"position\":2,\"name\":\"B\u00f3nus\",\"item\":\"https:\\\/\\\/spinbetter.cash\\\/pt\\\/bonus\\\/\"},{\"@type\":\"ListItem\",\"position\":3,\"name\":\"Aposte agora e pague mais tarde\"}]},{\"@type\":\"WebSite\",\"@id\":\"https:\\\/\\\/spinbetter.cash\\\/pt\\\/#website\",\"url\":\"https:\\\/\\\/spinbetter.cash\\\/pt\\\/\",\"name\":\"Spinbetter Football PT\",\"description\":\"\",\"potentialAction\":[{\"@type\":\"SearchAction\",\"target\":{\"@type\":\"EntryPoint\",\"urlTemplate\":\"https:\\\/\\\/spinbetter.cash\\\/pt\\\/?s={search_term_string}\"},\"query-input\":{\"@type\":\"PropertyValueSpecification\",\"valueRequired\":true,\"valueName\":\"search_term_string\"}}],\"inLanguage\":\"pt-PT\"}]}<\/script>\n<!-- \/ Yoast SEO plugin. -->","yoast_head_json":{"title":"Aposte j\u00e1 e pague depois com a aposta antecipada no SpinBetter!","description":"Com a Aposta Avan\u00e7ada da SpinBetter, fa\u00e7a apostas mesmo quando j\u00e1 n\u00e3o tem mais nada na sua conta! Jogue agora!","robots":{"index":"index","follow":"follow","max-snippet":"max-snippet:-1","max-image-preview":"max-image-preview:large","max-video-preview":"max-video-preview:-1"},"og_locale":"pt_PT","og_type":"article","og_title":"Aposte j\u00e1 e pague depois com a aposta antecipada no SpinBetter!","og_description":"Com a Aposta Avan\u00e7ada da SpinBetter, fa\u00e7a apostas mesmo quando j\u00e1 n\u00e3o tem mais nada na sua conta! Jogue agora!","og_url":"https:\/\/spinbetter.cash\/pt\/bonus\/bet-now-pay-later\/","og_site_name":"Spinbetter Football PT","article_modified_time":"2025-06-12T13:12:08+00:00","twitter_card":"summary_large_image","schema":{"@context":"https:\/\/schema.org","@graph":[{"@type":"WebPage","@id":"https:\/\/spinbetter.cash\/pt\/bonus\/bet-now-pay-later\/","url":"https:\/\/spinbetter.cash\/pt\/bonus\/bet-now-pay-later\/","name":"Aposte j\u00e1 e pague depois com a aposta antecipada no SpinBetter!","isPartOf":{"@id":"https:\/\/spinbetter.cash\/pt\/#website"},"datePublished":"2025-05-21T07:48:50+00:00","dateModified":"2025-06-12T13:12:08+00:00","description":"Com a Aposta Avan\u00e7ada da SpinBetter, fa\u00e7a apostas mesmo quando j\u00e1 n\u00e3o tem mais nada na sua conta! Jogue agora!","breadcrumb":{"@id":"https:\/\/spinbetter.cash\/pt\/bonus\/bet-now-pay-later\/#breadcrumb"},"inLanguage":"pt-PT","potentialAction":[{"@type":"ReadAction","target":["https:\/\/spinbetter.cash\/pt\/bonus\/bet-now-pay-later\/"]}]},{"@type":"BreadcrumbList","@id":"https:\/\/spinbetter.cash\/pt\/bonus\/bet-now-pay-later\/#breadcrumb","itemListElement":[{"@type":"ListItem","position":1,"name":"Home","item":"https:\/\/spinbetter.cash\/pt\/"},{"@type":"ListItem","position":2,"name":"B\u00f3nus","item":"https:\/\/spinbetter.cash\/pt\/bonus\/"},{"@type":"ListItem","position":3,"name":"Aposte agora e pague mais tarde"}]},{"@type":"WebSite","@id":"https:\/\/spinbetter.cash\/pt\/#website","url":"https:\/\/spinbetter.cash\/pt\/","name":"Spinbetter Football PT","description":"","potentialAction":[{"@type":"SearchAction","target":{"@type":"EntryPoint","urlTemplate":"https:\/\/spinbetter.cash\/pt\/?s={search_term_string}"},"query-input":{"@type":"PropertyValueSpecification","valueRequired":true,"valueName":"search_term_string"}}],"inLanguage":"pt-PT"}]}},"_links":{"self":[{"href":"https:\/\/spinbetter.cash\/pt\/wp-json\/wp\/v2\/pages\/587","targetHints":{"allow":["GET"]}}],"collection":[{"href":"https:\/\/spinbetter.cash\/pt\/wp-json\/wp\/v2\/pages"}],"about":[{"href":"https:\/\/spinbetter.cash\/pt\/wp-json\/wp\/v2\/types\/page"}],"author":[{"embeddable":true,"href":"https:\/\/spinbetter.cash\/pt\/wp-json\/wp\/v2\/users\/1"}],"replies":[{"embeddable":true,"href":"https:\/\/spinbetter.cash\/pt\/wp-json\/wp\/v2\/comments?post=587"}],"version-history":[{"count":3,"href":"https:\/\/spinbetter.cash\/pt\/wp-json\/wp\/v2\/pages\/587\/revisions"}],"predecessor-version":[{"id":590,"href":"https:\/\/spinbetter.cash\/pt\/wp-json\/wp\/v2\/pages\/587\/revisions\/590"}],"up":[{"embeddable":true,"href":"https:\/\/spinbetter.cash\/pt\/wp-json\/wp\/v2\/pages\/152"}],"wp:attachment":[{"href":"https:\/\/spinbetter.cash\/pt\/wp-json\/wp\/v2\/media?parent=587"}],"curies":[{"name":"wp","href":"https:\/\/api.w.org\/{rel}","templated":true}]}}