{"id":434,"date":"2024-10-11T14:32:24","date_gmt":"2024-10-11T14:32:24","guid":{"rendered":"https:\/\/spinbetter.cash\/pt\/?page_id=434"},"modified":"2025-12-05T10:38:22","modified_gmt":"2025-12-05T10:38:22","slug":"player-reviews","status":"publish","type":"page","link":"https:\/\/spinbetter.cash\/pt\/player-reviews\/","title":{"rendered":"Coment\u00e1rios dos jogadores"},"content":{"rendered":"","protected":false},"excerpt":{"rendered":"","protected":false},"author":1,"featured_media":0,"parent":0,"menu_order":0,"comment_status":"closed","ping_status":"closed","template":"","meta":{"_acf_changed":false,"footnotes":""},"class_list":["post-434","page","type-page","status-publish","hentry"],"acf":[],"yoast_head":"<!-- This site is optimized with the Yoast SEO plugin v27.3 - https:\/\/yoast.com\/product\/yoast-seo-wordpress\/ -->\n<title>Avalia\u00e7\u00f5es de jogadores do casino e casa de apostas SpinBetter<\/title>\n<meta name=\"description\" content=\"Leia as avalia\u00e7\u00f5es dos jogadores do SpinBetter - descubra como outros fazem apostas, ganham, ganham b\u00f4nus e aproveitam o jogo!\" \/>\n<meta name=\"robots\" content=\"index, follow, max-snippet:-1, max-image-preview:large, max-video-preview:-1\" \/>\n<meta property=\"og:locale\" content=\"pt_PT\" \/>\n<meta property=\"og:type\" content=\"article\" \/>\n<meta property=\"og:title\" content=\"Avalia\u00e7\u00f5es de jogadores do casino e casa de apostas SpinBetter\" \/>\n<meta property=\"og:description\" content=\"Leia as avalia\u00e7\u00f5es dos jogadores do SpinBetter - descubra como outros fazem apostas, ganham, ganham b\u00f4nus e aproveitam o jogo!\" \/>\n<meta property=\"og:url\" content=\"https:\/\/spinbetter.cash\/pt\/player-reviews\/\" \/>\n<meta property=\"og:site_name\" content=\"Spinbetter Football PT\" \/>\n<meta property=\"article:modified_time\" content=\"2025-12-05T10:38:22+00:00\" \/>\n<meta name=\"twitter:card\" content=\"summary_large_image\" \/>\n<script type=\"application\/ld+json\" class=\"yoast-schema-graph\">{\"@context\":\"https:\\\/\\\/schema.org\",\"@graph\":[{\"@type\":\"WebPage\",\"@id\":\"https:\\\/\\\/spinbetter.cash\\\/pt\\\/player-reviews\\\/\",\"url\":\"https:\\\/\\\/spinbetter.cash\\\/pt\\\/player-reviews\\\/\",\"name\":\"Avalia\u00e7\u00f5es de jogadores do casino e casa de apostas SpinBetter\",\"isPartOf\":{\"@id\":\"https:\\\/\\\/spinbetter.cash\\\/pt\\\/#website\"},\"datePublished\":\"2024-10-11T14:32:24+00:00\",\"dateModified\":\"2025-12-05T10:38:22+00:00\",\"description\":\"Leia as avalia\u00e7\u00f5es dos jogadores do SpinBetter - descubra como outros fazem apostas, ganham, ganham b\u00f4nus e aproveitam o jogo!\",\"breadcrumb\":{\"@id\":\"https:\\\/\\\/spinbetter.cash\\\/pt\\\/player-reviews\\\/#breadcrumb\"},\"inLanguage\":\"pt-PT\",\"potentialAction\":[{\"@type\":\"ReadAction\",\"target\":[\"https:\\\/\\\/spinbetter.cash\\\/pt\\\/player-reviews\\\/\"]}]},{\"@type\":\"BreadcrumbList\",\"@id\":\"https:\\\/\\\/spinbetter.cash\\\/pt\\\/player-reviews\\\/#breadcrumb\",\"itemListElement\":[{\"@type\":\"ListItem\",\"position\":1,\"name\":\"Home\",\"item\":\"https:\\\/\\\/spinbetter.cash\\\/pt\\\/\"},{\"@type\":\"ListItem\",\"position\":2,\"name\":\"Coment\u00e1rios dos jogadores\"}]},{\"@type\":\"WebSite\",\"@id\":\"https:\\\/\\\/spinbetter.cash\\\/pt\\\/#website\",\"url\":\"https:\\\/\\\/spinbetter.cash\\\/pt\\\/\",\"name\":\"Spinbetter Football PT\",\"description\":\"\",\"potentialAction\":[{\"@type\":\"SearchAction\",\"target\":{\"@type\":\"EntryPoint\",\"urlTemplate\":\"https:\\\/\\\/spinbetter.cash\\\/pt\\\/?s={search_term_string}\"},\"query-input\":{\"@type\":\"PropertyValueSpecification\",\"valueRequired\":true,\"valueName\":\"search_term_string\"}}],\"inLanguage\":\"pt-PT\"}]}<\/script>\n<!-- \/ Yoast SEO plugin. -->","yoast_head_json":{"title":"Avalia\u00e7\u00f5es de jogadores do casino e casa de apostas SpinBetter","description":"Leia as avalia\u00e7\u00f5es dos jogadores do SpinBetter - descubra como outros fazem apostas, ganham, ganham b\u00f4nus e aproveitam o jogo!","robots":{"index":"index","follow":"follow","max-snippet":"max-snippet:-1","max-image-preview":"max-image-preview:large","max-video-preview":"max-video-preview:-1"},"og_locale":"pt_PT","og_type":"article","og_title":"Avalia\u00e7\u00f5es de jogadores do casino e casa de apostas SpinBetter","og_description":"Leia as avalia\u00e7\u00f5es dos jogadores do SpinBetter - descubra como outros fazem apostas, ganham, ganham b\u00f4nus e aproveitam o jogo!","og_url":"https:\/\/spinbetter.cash\/pt\/player-reviews\/","og_site_name":"Spinbetter Football PT","article_modified_time":"2025-12-05T10:38:22+00:00","twitter_card":"summary_large_image","schema":{"@context":"https:\/\/schema.org","@graph":[{"@type":"WebPage","@id":"https:\/\/spinbetter.cash\/pt\/player-reviews\/","url":"https:\/\/spinbetter.cash\/pt\/player-reviews\/","name":"Avalia\u00e7\u00f5es de jogadores do casino e casa de apostas SpinBetter","isPartOf":{"@id":"https:\/\/spinbetter.cash\/pt\/#website"},"datePublished":"2024-10-11T14:32:24+00:00","dateModified":"2025-12-05T10:38:22+00:00","description":"Leia as avalia\u00e7\u00f5es dos jogadores do SpinBetter - descubra como outros fazem apostas, ganham, ganham b\u00f4nus e aproveitam o jogo!","breadcrumb":{"@id":"https:\/\/spinbetter.cash\/pt\/player-reviews\/#breadcrumb"},"inLanguage":"pt-PT","potentialAction":[{"@type":"ReadAction","target":["https:\/\/spinbetter.cash\/pt\/player-reviews\/"]}]},{"@type":"BreadcrumbList","@id":"https:\/\/spinbetter.cash\/pt\/player-reviews\/#breadcrumb","itemListElement":[{"@type":"ListItem","position":1,"name":"Home","item":"https:\/\/spinbetter.cash\/pt\/"},{"@type":"ListItem","position":2,"name":"Coment\u00e1rios dos jogadores"}]},{"@type":"WebSite","@id":"https:\/\/spinbetter.cash\/pt\/#website","url":"https:\/\/spinbetter.cash\/pt\/","name":"Spinbetter Football PT","description":"","potentialAction":[{"@type":"SearchAction","target":{"@type":"EntryPoint","urlTemplate":"https:\/\/spinbetter.cash\/pt\/?s={search_term_string}"},"query-input":{"@type":"PropertyValueSpecification","valueRequired":true,"valueName":"search_term_string"}}],"inLanguage":"pt-PT"}]}},"_links":{"self":[{"href":"https:\/\/spinbetter.cash\/pt\/wp-json\/wp\/v2\/pages\/434","targetHints":{"allow":["GET"]}}],"collection":[{"href":"https:\/\/spinbetter.cash\/pt\/wp-json\/wp\/v2\/pages"}],"about":[{"href":"https:\/\/spinbetter.cash\/pt\/wp-json\/wp\/v2\/types\/page"}],"author":[{"embeddable":true,"href":"https:\/\/spinbetter.cash\/pt\/wp-json\/wp\/v2\/users\/1"}],"replies":[{"embeddable":true,"href":"https:\/\/spinbetter.cash\/pt\/wp-json\/wp\/v2\/comments?post=434"}],"version-history":[{"count":23,"href":"https:\/\/spinbetter.cash\/pt\/wp-json\/wp\/v2\/pages\/434\/revisions"}],"predecessor-version":[{"id":706,"href":"https:\/\/spinbetter.cash\/pt\/wp-json\/wp\/v2\/pages\/434\/revisions\/706"}],"wp:attachment":[{"href":"https:\/\/spinbetter.cash\/pt\/wp-json\/wp\/v2\/media?parent=434"}],"curies":[{"name":"wp","href":"https:\/\/api.w.org\/{rel}","templated":true}]}}