{"id":364,"date":"2024-10-11T14:32:41","date_gmt":"2024-10-11T14:32:41","guid":{"rendered":"https:\/\/spinbetter.cash\/pt\/?page_id=364"},"modified":"2026-01-13T08:52:15","modified_gmt":"2026-01-13T08:52:15","slug":"promocode","status":"publish","type":"page","link":"https:\/\/spinbetter.cash\/pt\/promocode\/","title":{"rendered":"Promo \u0441ode"},"content":{"rendered":"","protected":false},"excerpt":{"rendered":"","protected":false},"author":1,"featured_media":0,"parent":0,"menu_order":0,"comment_status":"closed","ping_status":"closed","template":"","meta":{"_acf_changed":false,"footnotes":""},"class_list":["post-364","page","type-page","status-publish","hentry"],"acf":[],"yoast_head":"<!-- This site is optimized with the Yoast SEO plugin v27.3 - https:\/\/yoast.com\/product\/yoast-seo-wordpress\/ -->\n<title>C\u00f3digo Promocional Spinbetter &gt; Ofertas e B\u00f4nus<\/title>\n<meta name=\"description\" content=\"Insira seu c\u00f3digo promocional e desbloqueie b\u00f4nus exclusivos, free spins e recompensas \u2728 Aproveite vantagens extras em apostas e casino com promo\u00e7\u00f5es atualizadas semanalmente.\" \/>\n<meta name=\"robots\" content=\"index, follow, max-snippet:-1, max-image-preview:large, max-video-preview:-1\" \/>\n<meta property=\"og:locale\" content=\"pt_PT\" \/>\n<meta property=\"og:type\" content=\"article\" \/>\n<meta property=\"og:title\" content=\"C\u00f3digo Promocional Spinbetter &gt; Ofertas e B\u00f4nus\" \/>\n<meta property=\"og:description\" content=\"Insira seu c\u00f3digo promocional e desbloqueie b\u00f4nus exclusivos, free spins e recompensas \u2728 Aproveite vantagens extras em apostas e casino com promo\u00e7\u00f5es atualizadas semanalmente.\" \/>\n<meta property=\"og:url\" content=\"https:\/\/spinbetter.cash\/pt\/promocode\/\" \/>\n<meta property=\"og:site_name\" content=\"Spinbetter Football PT\" \/>\n<meta property=\"article:modified_time\" content=\"2026-01-13T08:52:15+00:00\" \/>\n<meta name=\"twitter:card\" content=\"summary_large_image\" \/>\n<script type=\"application\/ld+json\" class=\"yoast-schema-graph\">{\"@context\":\"https:\\\/\\\/schema.org\",\"@graph\":[{\"@type\":\"WebPage\",\"@id\":\"https:\\\/\\\/spinbetter.cash\\\/pt\\\/promocode\\\/\",\"url\":\"https:\\\/\\\/spinbetter.cash\\\/pt\\\/promocode\\\/\",\"name\":\"C\u00f3digo Promocional Spinbetter > Ofertas e B\u00f4nus\",\"isPartOf\":{\"@id\":\"https:\\\/\\\/spinbetter.cash\\\/pt\\\/#website\"},\"datePublished\":\"2024-10-11T14:32:41+00:00\",\"dateModified\":\"2026-01-13T08:52:15+00:00\",\"description\":\"Insira seu c\u00f3digo promocional e desbloqueie b\u00f4nus exclusivos, free spins e recompensas \u2728 Aproveite vantagens extras em apostas e casino com promo\u00e7\u00f5es atualizadas semanalmente.\",\"breadcrumb\":{\"@id\":\"https:\\\/\\\/spinbetter.cash\\\/pt\\\/promocode\\\/#breadcrumb\"},\"inLanguage\":\"pt-PT\",\"potentialAction\":[{\"@type\":\"ReadAction\",\"target\":[\"https:\\\/\\\/spinbetter.cash\\\/pt\\\/promocode\\\/\"]}]},{\"@type\":\"BreadcrumbList\",\"@id\":\"https:\\\/\\\/spinbetter.cash\\\/pt\\\/promocode\\\/#breadcrumb\",\"itemListElement\":[{\"@type\":\"ListItem\",\"position\":1,\"name\":\"Home\",\"item\":\"https:\\\/\\\/spinbetter.cash\\\/pt\\\/\"},{\"@type\":\"ListItem\",\"position\":2,\"name\":\"Promo \u0441ode\"}]},{\"@type\":\"WebSite\",\"@id\":\"https:\\\/\\\/spinbetter.cash\\\/pt\\\/#website\",\"url\":\"https:\\\/\\\/spinbetter.cash\\\/pt\\\/\",\"name\":\"Spinbetter Football PT\",\"description\":\"\",\"potentialAction\":[{\"@type\":\"SearchAction\",\"target\":{\"@type\":\"EntryPoint\",\"urlTemplate\":\"https:\\\/\\\/spinbetter.cash\\\/pt\\\/?s={search_term_string}\"},\"query-input\":{\"@type\":\"PropertyValueSpecification\",\"valueRequired\":true,\"valueName\":\"search_term_string\"}}],\"inLanguage\":\"pt-PT\"}]}<\/script>\n<!-- \/ Yoast SEO plugin. -->","yoast_head_json":{"title":"C\u00f3digo Promocional Spinbetter > Ofertas e B\u00f4nus","description":"Insira seu c\u00f3digo promocional e desbloqueie b\u00f4nus exclusivos, free spins e recompensas \u2728 Aproveite vantagens extras em apostas e casino com promo\u00e7\u00f5es atualizadas semanalmente.","robots":{"index":"index","follow":"follow","max-snippet":"max-snippet:-1","max-image-preview":"max-image-preview:large","max-video-preview":"max-video-preview:-1"},"og_locale":"pt_PT","og_type":"article","og_title":"C\u00f3digo Promocional Spinbetter > Ofertas e B\u00f4nus","og_description":"Insira seu c\u00f3digo promocional e desbloqueie b\u00f4nus exclusivos, free spins e recompensas \u2728 Aproveite vantagens extras em apostas e casino com promo\u00e7\u00f5es atualizadas semanalmente.","og_url":"https:\/\/spinbetter.cash\/pt\/promocode\/","og_site_name":"Spinbetter Football PT","article_modified_time":"2026-01-13T08:52:15+00:00","twitter_card":"summary_large_image","schema":{"@context":"https:\/\/schema.org","@graph":[{"@type":"WebPage","@id":"https:\/\/spinbetter.cash\/pt\/promocode\/","url":"https:\/\/spinbetter.cash\/pt\/promocode\/","name":"C\u00f3digo Promocional Spinbetter > Ofertas e B\u00f4nus","isPartOf":{"@id":"https:\/\/spinbetter.cash\/pt\/#website"},"datePublished":"2024-10-11T14:32:41+00:00","dateModified":"2026-01-13T08:52:15+00:00","description":"Insira seu c\u00f3digo promocional e desbloqueie b\u00f4nus exclusivos, free spins e recompensas \u2728 Aproveite vantagens extras em apostas e casino com promo\u00e7\u00f5es atualizadas semanalmente.","breadcrumb":{"@id":"https:\/\/spinbetter.cash\/pt\/promocode\/#breadcrumb"},"inLanguage":"pt-PT","potentialAction":[{"@type":"ReadAction","target":["https:\/\/spinbetter.cash\/pt\/promocode\/"]}]},{"@type":"BreadcrumbList","@id":"https:\/\/spinbetter.cash\/pt\/promocode\/#breadcrumb","itemListElement":[{"@type":"ListItem","position":1,"name":"Home","item":"https:\/\/spinbetter.cash\/pt\/"},{"@type":"ListItem","position":2,"name":"Promo \u0441ode"}]},{"@type":"WebSite","@id":"https:\/\/spinbetter.cash\/pt\/#website","url":"https:\/\/spinbetter.cash\/pt\/","name":"Spinbetter Football PT","description":"","potentialAction":[{"@type":"SearchAction","target":{"@type":"EntryPoint","urlTemplate":"https:\/\/spinbetter.cash\/pt\/?s={search_term_string}"},"query-input":{"@type":"PropertyValueSpecification","valueRequired":true,"valueName":"search_term_string"}}],"inLanguage":"pt-PT"}]}},"_links":{"self":[{"href":"https:\/\/spinbetter.cash\/pt\/wp-json\/wp\/v2\/pages\/364","targetHints":{"allow":["GET"]}}],"collection":[{"href":"https:\/\/spinbetter.cash\/pt\/wp-json\/wp\/v2\/pages"}],"about":[{"href":"https:\/\/spinbetter.cash\/pt\/wp-json\/wp\/v2\/types\/page"}],"author":[{"embeddable":true,"href":"https:\/\/spinbetter.cash\/pt\/wp-json\/wp\/v2\/users\/1"}],"replies":[{"embeddable":true,"href":"https:\/\/spinbetter.cash\/pt\/wp-json\/wp\/v2\/comments?post=364"}],"version-history":[{"count":35,"href":"https:\/\/spinbetter.cash\/pt\/wp-json\/wp\/v2\/pages\/364\/revisions"}],"predecessor-version":[{"id":732,"href":"https:\/\/spinbetter.cash\/pt\/wp-json\/wp\/v2\/pages\/364\/revisions\/732"}],"wp:attachment":[{"href":"https:\/\/spinbetter.cash\/pt\/wp-json\/wp\/v2\/media?parent=364"}],"curies":[{"name":"wp","href":"https:\/\/api.w.org\/{rel}","templated":true}]}}