{"id":336,"date":"2024-10-11T14:31:35","date_gmt":"2024-10-11T14:31:35","guid":{"rendered":"https:\/\/spinbetter.cash\/pt\/?page_id=336"},"modified":"2025-12-05T10:27:57","modified_gmt":"2025-12-05T10:27:57","slug":"login","status":"publish","type":"page","link":"https:\/\/spinbetter.cash\/pt\/login\/","title":{"rendered":"Iniciar sess\u00e3o"},"content":{"rendered":"","protected":false},"excerpt":{"rendered":"","protected":false},"author":1,"featured_media":0,"parent":0,"menu_order":0,"comment_status":"closed","ping_status":"closed","template":"","meta":{"_acf_changed":false,"footnotes":""},"class_list":["post-336","page","type-page","status-publish","hentry"],"acf":[],"yoast_head":"<!-- This site is optimized with the Yoast SEO plugin v27.3 - https:\/\/yoast.com\/product\/yoast-seo-wordpress\/ -->\n<title>Spinbetter Login \ud83d\udd39 Acesso R\u00e1pido \u00e0 Sua Conta<\/title>\n<meta name=\"description\" content=\"Fa\u00e7a login imediatamente e retome seus jogos favoritos \u2714\ufe0f Consulte b\u00f4nus ativos, acesse apostas esportivas e aproveite uma experi\u00eancia r\u00e1pida, segura e totalmente personalizada.\" \/>\n<meta name=\"robots\" content=\"index, follow, max-snippet:-1, max-image-preview:large, max-video-preview:-1\" \/>\n<meta property=\"og:locale\" content=\"pt_PT\" \/>\n<meta property=\"og:type\" content=\"article\" \/>\n<meta property=\"og:title\" content=\"Spinbetter Login \ud83d\udd39 Acesso R\u00e1pido \u00e0 Sua Conta\" \/>\n<meta property=\"og:description\" content=\"Fa\u00e7a login imediatamente e retome seus jogos favoritos \u2714\ufe0f Consulte b\u00f4nus ativos, acesse apostas esportivas e aproveite uma experi\u00eancia r\u00e1pida, segura e totalmente personalizada.\" \/>\n<meta property=\"og:url\" content=\"https:\/\/spinbetter.cash\/pt\/login\/\" \/>\n<meta property=\"og:site_name\" content=\"Spinbetter Football PT\" \/>\n<meta property=\"article:modified_time\" content=\"2025-12-05T10:27:57+00:00\" \/>\n<meta name=\"twitter:card\" content=\"summary_large_image\" \/>\n<script type=\"application\/ld+json\" class=\"yoast-schema-graph\">{\"@context\":\"https:\\\/\\\/schema.org\",\"@graph\":[{\"@type\":\"WebPage\",\"@id\":\"https:\\\/\\\/spinbetter.cash\\\/pt\\\/login\\\/\",\"url\":\"https:\\\/\\\/spinbetter.cash\\\/pt\\\/login\\\/\",\"name\":\"Spinbetter Login \ud83d\udd39 Acesso R\u00e1pido \u00e0 Sua Conta\",\"isPartOf\":{\"@id\":\"https:\\\/\\\/spinbetter.cash\\\/pt\\\/#website\"},\"datePublished\":\"2024-10-11T14:31:35+00:00\",\"dateModified\":\"2025-12-05T10:27:57+00:00\",\"description\":\"Fa\u00e7a login imediatamente e retome seus jogos favoritos \u2714\ufe0f Consulte b\u00f4nus ativos, acesse apostas esportivas e aproveite uma experi\u00eancia r\u00e1pida, segura e totalmente personalizada.\",\"breadcrumb\":{\"@id\":\"https:\\\/\\\/spinbetter.cash\\\/pt\\\/login\\\/#breadcrumb\"},\"inLanguage\":\"pt-PT\",\"potentialAction\":[{\"@type\":\"ReadAction\",\"target\":[\"https:\\\/\\\/spinbetter.cash\\\/pt\\\/login\\\/\"]}]},{\"@type\":\"BreadcrumbList\",\"@id\":\"https:\\\/\\\/spinbetter.cash\\\/pt\\\/login\\\/#breadcrumb\",\"itemListElement\":[{\"@type\":\"ListItem\",\"position\":1,\"name\":\"Home\",\"item\":\"https:\\\/\\\/spinbetter.cash\\\/pt\\\/\"},{\"@type\":\"ListItem\",\"position\":2,\"name\":\"Iniciar sess\u00e3o\"}]},{\"@type\":\"WebSite\",\"@id\":\"https:\\\/\\\/spinbetter.cash\\\/pt\\\/#website\",\"url\":\"https:\\\/\\\/spinbetter.cash\\\/pt\\\/\",\"name\":\"Spinbetter Football PT\",\"description\":\"\",\"potentialAction\":[{\"@type\":\"SearchAction\",\"target\":{\"@type\":\"EntryPoint\",\"urlTemplate\":\"https:\\\/\\\/spinbetter.cash\\\/pt\\\/?s={search_term_string}\"},\"query-input\":{\"@type\":\"PropertyValueSpecification\",\"valueRequired\":true,\"valueName\":\"search_term_string\"}}],\"inLanguage\":\"pt-PT\"}]}<\/script>\n<!-- \/ Yoast SEO plugin. -->","yoast_head_json":{"title":"Spinbetter Login \ud83d\udd39 Acesso R\u00e1pido \u00e0 Sua Conta","description":"Fa\u00e7a login imediatamente e retome seus jogos favoritos \u2714\ufe0f Consulte b\u00f4nus ativos, acesse apostas esportivas e aproveite uma experi\u00eancia r\u00e1pida, segura e totalmente personalizada.","robots":{"index":"index","follow":"follow","max-snippet":"max-snippet:-1","max-image-preview":"max-image-preview:large","max-video-preview":"max-video-preview:-1"},"og_locale":"pt_PT","og_type":"article","og_title":"Spinbetter Login \ud83d\udd39 Acesso R\u00e1pido \u00e0 Sua Conta","og_description":"Fa\u00e7a login imediatamente e retome seus jogos favoritos \u2714\ufe0f Consulte b\u00f4nus ativos, acesse apostas esportivas e aproveite uma experi\u00eancia r\u00e1pida, segura e totalmente personalizada.","og_url":"https:\/\/spinbetter.cash\/pt\/login\/","og_site_name":"Spinbetter Football PT","article_modified_time":"2025-12-05T10:27:57+00:00","twitter_card":"summary_large_image","schema":{"@context":"https:\/\/schema.org","@graph":[{"@type":"WebPage","@id":"https:\/\/spinbetter.cash\/pt\/login\/","url":"https:\/\/spinbetter.cash\/pt\/login\/","name":"Spinbetter Login \ud83d\udd39 Acesso R\u00e1pido \u00e0 Sua Conta","isPartOf":{"@id":"https:\/\/spinbetter.cash\/pt\/#website"},"datePublished":"2024-10-11T14:31:35+00:00","dateModified":"2025-12-05T10:27:57+00:00","description":"Fa\u00e7a login imediatamente e retome seus jogos favoritos \u2714\ufe0f Consulte b\u00f4nus ativos, acesse apostas esportivas e aproveite uma experi\u00eancia r\u00e1pida, segura e totalmente personalizada.","breadcrumb":{"@id":"https:\/\/spinbetter.cash\/pt\/login\/#breadcrumb"},"inLanguage":"pt-PT","potentialAction":[{"@type":"ReadAction","target":["https:\/\/spinbetter.cash\/pt\/login\/"]}]},{"@type":"BreadcrumbList","@id":"https:\/\/spinbetter.cash\/pt\/login\/#breadcrumb","itemListElement":[{"@type":"ListItem","position":1,"name":"Home","item":"https:\/\/spinbetter.cash\/pt\/"},{"@type":"ListItem","position":2,"name":"Iniciar sess\u00e3o"}]},{"@type":"WebSite","@id":"https:\/\/spinbetter.cash\/pt\/#website","url":"https:\/\/spinbetter.cash\/pt\/","name":"Spinbetter Football PT","description":"","potentialAction":[{"@type":"SearchAction","target":{"@type":"EntryPoint","urlTemplate":"https:\/\/spinbetter.cash\/pt\/?s={search_term_string}"},"query-input":{"@type":"PropertyValueSpecification","valueRequired":true,"valueName":"search_term_string"}}],"inLanguage":"pt-PT"}]}},"_links":{"self":[{"href":"https:\/\/spinbetter.cash\/pt\/wp-json\/wp\/v2\/pages\/336","targetHints":{"allow":["GET"]}}],"collection":[{"href":"https:\/\/spinbetter.cash\/pt\/wp-json\/wp\/v2\/pages"}],"about":[{"href":"https:\/\/spinbetter.cash\/pt\/wp-json\/wp\/v2\/types\/page"}],"author":[{"embeddable":true,"href":"https:\/\/spinbetter.cash\/pt\/wp-json\/wp\/v2\/users\/1"}],"replies":[{"embeddable":true,"href":"https:\/\/spinbetter.cash\/pt\/wp-json\/wp\/v2\/comments?post=336"}],"version-history":[{"count":20,"href":"https:\/\/spinbetter.cash\/pt\/wp-json\/wp\/v2\/pages\/336\/revisions"}],"predecessor-version":[{"id":703,"href":"https:\/\/spinbetter.cash\/pt\/wp-json\/wp\/v2\/pages\/336\/revisions\/703"}],"wp:attachment":[{"href":"https:\/\/spinbetter.cash\/pt\/wp-json\/wp\/v2\/media?parent=336"}],"curies":[{"name":"wp","href":"https:\/\/api.w.org\/{rel}","templated":true}]}}