{"id":320,"date":"2024-10-11T14:30:17","date_gmt":"2024-10-11T14:30:17","guid":{"rendered":"https:\/\/spinbetter.cash\/pt\/?page_id=320"},"modified":"2025-12-05T10:22:07","modified_gmt":"2025-12-05T10:22:07","slug":"sportsbook","status":"publish","type":"page","link":"https:\/\/spinbetter.cash\/pt\/sportsbook\/","title":{"rendered":"Apostas desportivas"},"content":{"rendered":"","protected":false},"excerpt":{"rendered":"","protected":false},"author":1,"featured_media":0,"parent":0,"menu_order":0,"comment_status":"closed","ping_status":"closed","template":"","meta":{"_acf_changed":false,"footnotes":""},"class_list":["post-320","page","type-page","status-publish","hentry"],"acf":[],"yoast_head":"<!-- This site is optimized with the Yoast SEO plugin v27.3 - https:\/\/yoast.com\/product\/yoast-seo-wordpress\/ -->\n<title>Spinbetter Apostas \u25b6\ufe0f Odds ao Vivo &amp; Eventos Esportivos<\/title>\n<meta name=\"description\" content=\"Aposte em futebol, t\u00e9nis, eSports e mercados ao vivo com odds atualizadas \u2b50 Tenha acesso a estat\u00edsticas, m\u00faltiplas op\u00e7\u00f5es de aposta e promo\u00e7\u00f5es que aumentam suas chances.\" \/>\n<meta name=\"robots\" content=\"index, follow, max-snippet:-1, max-image-preview:large, max-video-preview:-1\" \/>\n<meta property=\"og:locale\" content=\"pt_PT\" \/>\n<meta property=\"og:type\" content=\"article\" \/>\n<meta property=\"og:title\" content=\"Spinbetter Apostas \u25b6\ufe0f Odds ao Vivo &amp; Eventos Esportivos\" \/>\n<meta property=\"og:description\" content=\"Aposte em futebol, t\u00e9nis, eSports e mercados ao vivo com odds atualizadas \u2b50 Tenha acesso a estat\u00edsticas, m\u00faltiplas op\u00e7\u00f5es de aposta e promo\u00e7\u00f5es que aumentam suas chances.\" \/>\n<meta property=\"og:url\" content=\"https:\/\/spinbetter.cash\/pt\/sportsbook\/\" \/>\n<meta property=\"og:site_name\" content=\"Spinbetter Football PT\" \/>\n<meta property=\"article:modified_time\" content=\"2025-12-05T10:22:07+00:00\" \/>\n<meta name=\"twitter:card\" content=\"summary_large_image\" \/>\n<script type=\"application\/ld+json\" class=\"yoast-schema-graph\">{\"@context\":\"https:\\\/\\\/schema.org\",\"@graph\":[{\"@type\":\"WebPage\",\"@id\":\"https:\\\/\\\/spinbetter.cash\\\/pt\\\/sportsbook\\\/\",\"url\":\"https:\\\/\\\/spinbetter.cash\\\/pt\\\/sportsbook\\\/\",\"name\":\"Spinbetter Apostas \u25b6\ufe0f Odds ao Vivo & Eventos Esportivos\",\"isPartOf\":{\"@id\":\"https:\\\/\\\/spinbetter.cash\\\/pt\\\/#website\"},\"datePublished\":\"2024-10-11T14:30:17+00:00\",\"dateModified\":\"2025-12-05T10:22:07+00:00\",\"description\":\"Aposte em futebol, t\u00e9nis, eSports e mercados ao vivo com odds atualizadas \u2b50 Tenha acesso a estat\u00edsticas, m\u00faltiplas op\u00e7\u00f5es de aposta e promo\u00e7\u00f5es que aumentam suas chances.\",\"breadcrumb\":{\"@id\":\"https:\\\/\\\/spinbetter.cash\\\/pt\\\/sportsbook\\\/#breadcrumb\"},\"inLanguage\":\"pt-PT\",\"potentialAction\":[{\"@type\":\"ReadAction\",\"target\":[\"https:\\\/\\\/spinbetter.cash\\\/pt\\\/sportsbook\\\/\"]}]},{\"@type\":\"BreadcrumbList\",\"@id\":\"https:\\\/\\\/spinbetter.cash\\\/pt\\\/sportsbook\\\/#breadcrumb\",\"itemListElement\":[{\"@type\":\"ListItem\",\"position\":1,\"name\":\"Home\",\"item\":\"https:\\\/\\\/spinbetter.cash\\\/pt\\\/\"},{\"@type\":\"ListItem\",\"position\":2,\"name\":\"Apostas desportivas\"}]},{\"@type\":\"WebSite\",\"@id\":\"https:\\\/\\\/spinbetter.cash\\\/pt\\\/#website\",\"url\":\"https:\\\/\\\/spinbetter.cash\\\/pt\\\/\",\"name\":\"Spinbetter Football PT\",\"description\":\"\",\"potentialAction\":[{\"@type\":\"SearchAction\",\"target\":{\"@type\":\"EntryPoint\",\"urlTemplate\":\"https:\\\/\\\/spinbetter.cash\\\/pt\\\/?s={search_term_string}\"},\"query-input\":{\"@type\":\"PropertyValueSpecification\",\"valueRequired\":true,\"valueName\":\"search_term_string\"}}],\"inLanguage\":\"pt-PT\"}]}<\/script>\n<!-- \/ Yoast SEO plugin. -->","yoast_head_json":{"title":"Spinbetter Apostas \u25b6\ufe0f Odds ao Vivo & Eventos Esportivos","description":"Aposte em futebol, t\u00e9nis, eSports e mercados ao vivo com odds atualizadas \u2b50 Tenha acesso a estat\u00edsticas, m\u00faltiplas op\u00e7\u00f5es de aposta e promo\u00e7\u00f5es que aumentam suas chances.","robots":{"index":"index","follow":"follow","max-snippet":"max-snippet:-1","max-image-preview":"max-image-preview:large","max-video-preview":"max-video-preview:-1"},"og_locale":"pt_PT","og_type":"article","og_title":"Spinbetter Apostas \u25b6\ufe0f Odds ao Vivo & Eventos Esportivos","og_description":"Aposte em futebol, t\u00e9nis, eSports e mercados ao vivo com odds atualizadas \u2b50 Tenha acesso a estat\u00edsticas, m\u00faltiplas op\u00e7\u00f5es de aposta e promo\u00e7\u00f5es que aumentam suas chances.","og_url":"https:\/\/spinbetter.cash\/pt\/sportsbook\/","og_site_name":"Spinbetter Football PT","article_modified_time":"2025-12-05T10:22:07+00:00","twitter_card":"summary_large_image","schema":{"@context":"https:\/\/schema.org","@graph":[{"@type":"WebPage","@id":"https:\/\/spinbetter.cash\/pt\/sportsbook\/","url":"https:\/\/spinbetter.cash\/pt\/sportsbook\/","name":"Spinbetter Apostas \u25b6\ufe0f Odds ao Vivo & Eventos Esportivos","isPartOf":{"@id":"https:\/\/spinbetter.cash\/pt\/#website"},"datePublished":"2024-10-11T14:30:17+00:00","dateModified":"2025-12-05T10:22:07+00:00","description":"Aposte em futebol, t\u00e9nis, eSports e mercados ao vivo com odds atualizadas \u2b50 Tenha acesso a estat\u00edsticas, m\u00faltiplas op\u00e7\u00f5es de aposta e promo\u00e7\u00f5es que aumentam suas chances.","breadcrumb":{"@id":"https:\/\/spinbetter.cash\/pt\/sportsbook\/#breadcrumb"},"inLanguage":"pt-PT","potentialAction":[{"@type":"ReadAction","target":["https:\/\/spinbetter.cash\/pt\/sportsbook\/"]}]},{"@type":"BreadcrumbList","@id":"https:\/\/spinbetter.cash\/pt\/sportsbook\/#breadcrumb","itemListElement":[{"@type":"ListItem","position":1,"name":"Home","item":"https:\/\/spinbetter.cash\/pt\/"},{"@type":"ListItem","position":2,"name":"Apostas desportivas"}]},{"@type":"WebSite","@id":"https:\/\/spinbetter.cash\/pt\/#website","url":"https:\/\/spinbetter.cash\/pt\/","name":"Spinbetter Football PT","description":"","potentialAction":[{"@type":"SearchAction","target":{"@type":"EntryPoint","urlTemplate":"https:\/\/spinbetter.cash\/pt\/?s={search_term_string}"},"query-input":{"@type":"PropertyValueSpecification","valueRequired":true,"valueName":"search_term_string"}}],"inLanguage":"pt-PT"}]}},"_links":{"self":[{"href":"https:\/\/spinbetter.cash\/pt\/wp-json\/wp\/v2\/pages\/320","targetHints":{"allow":["GET"]}}],"collection":[{"href":"https:\/\/spinbetter.cash\/pt\/wp-json\/wp\/v2\/pages"}],"about":[{"href":"https:\/\/spinbetter.cash\/pt\/wp-json\/wp\/v2\/types\/page"}],"author":[{"embeddable":true,"href":"https:\/\/spinbetter.cash\/pt\/wp-json\/wp\/v2\/users\/1"}],"replies":[{"embeddable":true,"href":"https:\/\/spinbetter.cash\/pt\/wp-json\/wp\/v2\/comments?post=320"}],"version-history":[{"count":15,"href":"https:\/\/spinbetter.cash\/pt\/wp-json\/wp\/v2\/pages\/320\/revisions"}],"predecessor-version":[{"id":701,"href":"https:\/\/spinbetter.cash\/pt\/wp-json\/wp\/v2\/pages\/320\/revisions\/701"}],"wp:attachment":[{"href":"https:\/\/spinbetter.cash\/pt\/wp-json\/wp\/v2\/media?parent=320"}],"curies":[{"name":"wp","href":"https:\/\/api.w.org\/{rel}","templated":true}]}}