{"id":2,"date":"2023-05-18T17:18:34","date_gmt":"2023-05-18T17:18:34","guid":{"rendered":"https:\/\/spinbetter.cash\/pt\/?page_id=2"},"modified":"2025-12-10T21:35:55","modified_gmt":"2025-12-10T21:35:55","slug":"sample-page","status":"publish","type":"page","link":"https:\/\/spinbetter.cash\/pt\/","title":{"rendered":"In\u00edcio"},"content":{"rendered":"","protected":false},"excerpt":{"rendered":"","protected":false},"author":1,"featured_media":0,"parent":0,"menu_order":0,"comment_status":"closed","ping_status":"open","template":"","meta":{"_acf_changed":false,"footnotes":""},"class_list":["post-2","page","type-page","status-publish","hentry"],"acf":[],"yoast_head":"<!-- This site is optimized with the Yoast SEO plugin v27.3 - https:\/\/yoast.com\/product\/yoast-seo-wordpress\/ -->\n<title>Spinbetter Portugal \u26a1 Casino Online e Apostas Esportivas<\/title>\n<meta name=\"description\" content=\"Descubra casino online, apostas esportivas, b\u00f4nus exclusivos e giros gr\u00e1tis \u2714\ufe0f Jogue com total seguran\u00e7a, pagamentos r\u00e1pidos e promo\u00e7\u00f5es di\u00e1rias para todos os n\u00edveis de jogadores.\" \/>\n<meta name=\"robots\" content=\"index, follow, max-snippet:-1, max-image-preview:large, max-video-preview:-1\" \/>\n<meta property=\"og:locale\" content=\"pt_PT\" \/>\n<meta property=\"og:type\" content=\"article\" \/>\n<meta property=\"og:title\" content=\"Spinbetter Portugal \u26a1 Casino Online e Apostas Esportivas\" \/>\n<meta property=\"og:description\" content=\"Descubra casino online, apostas esportivas, b\u00f4nus exclusivos e giros gr\u00e1tis \u2714\ufe0f Jogue com total seguran\u00e7a, pagamentos r\u00e1pidos e promo\u00e7\u00f5es di\u00e1rias para todos os n\u00edveis de jogadores.\" \/>\n<meta property=\"og:url\" content=\"https:\/\/spinbetter.cash\/pt\/\" \/>\n<meta property=\"og:site_name\" content=\"Spinbetter Football PT\" \/>\n<meta property=\"article:modified_time\" content=\"2025-12-10T21:35:55+00:00\" \/>\n<meta name=\"twitter:card\" content=\"summary_large_image\" \/>\n<script type=\"application\/ld+json\" class=\"yoast-schema-graph\">{\"@context\":\"https:\\\/\\\/schema.org\",\"@graph\":[{\"@type\":\"WebPage\",\"@id\":\"https:\\\/\\\/spinbetter.cash\\\/pt\\\/\",\"url\":\"https:\\\/\\\/spinbetter.cash\\\/pt\\\/\",\"name\":\"Spinbetter Portugal \u26a1 Casino Online e Apostas Esportivas\",\"isPartOf\":{\"@id\":\"https:\\\/\\\/spinbetter.cash\\\/pt\\\/#website\"},\"datePublished\":\"2023-05-18T17:18:34+00:00\",\"dateModified\":\"2025-12-10T21:35:55+00:00\",\"description\":\"Descubra casino online, apostas esportivas, b\u00f4nus exclusivos e giros gr\u00e1tis \u2714\ufe0f Jogue com total seguran\u00e7a, pagamentos r\u00e1pidos e promo\u00e7\u00f5es di\u00e1rias para todos os n\u00edveis de jogadores.\",\"breadcrumb\":{\"@id\":\"https:\\\/\\\/spinbetter.cash\\\/pt\\\/#breadcrumb\"},\"inLanguage\":\"pt-PT\",\"potentialAction\":[{\"@type\":\"ReadAction\",\"target\":[\"https:\\\/\\\/spinbetter.cash\\\/pt\\\/\"]}]},{\"@type\":\"BreadcrumbList\",\"@id\":\"https:\\\/\\\/spinbetter.cash\\\/pt\\\/#breadcrumb\",\"itemListElement\":[{\"@type\":\"ListItem\",\"position\":1,\"name\":\"Home\",\"item\":\"https:\\\/\\\/spinbetter.cash\\\/pt\\\/\"},{\"@type\":\"ListItem\",\"position\":2,\"name\":\"In\u00edcio\"}]},{\"@type\":\"WebSite\",\"@id\":\"https:\\\/\\\/spinbetter.cash\\\/pt\\\/#website\",\"url\":\"https:\\\/\\\/spinbetter.cash\\\/pt\\\/\",\"name\":\"Spinbetter Football PT\",\"description\":\"\",\"potentialAction\":[{\"@type\":\"SearchAction\",\"target\":{\"@type\":\"EntryPoint\",\"urlTemplate\":\"https:\\\/\\\/spinbetter.cash\\\/pt\\\/?s={search_term_string}\"},\"query-input\":{\"@type\":\"PropertyValueSpecification\",\"valueRequired\":true,\"valueName\":\"search_term_string\"}}],\"inLanguage\":\"pt-PT\"}]}<\/script>\n<!-- \/ Yoast SEO plugin. -->","yoast_head_json":{"title":"Spinbetter Portugal \u26a1 Casino Online e Apostas Esportivas","description":"Descubra casino online, apostas esportivas, b\u00f4nus exclusivos e giros gr\u00e1tis \u2714\ufe0f Jogue com total seguran\u00e7a, pagamentos r\u00e1pidos e promo\u00e7\u00f5es di\u00e1rias para todos os n\u00edveis de jogadores.","robots":{"index":"index","follow":"follow","max-snippet":"max-snippet:-1","max-image-preview":"max-image-preview:large","max-video-preview":"max-video-preview:-1"},"og_locale":"pt_PT","og_type":"article","og_title":"Spinbetter Portugal \u26a1 Casino Online e Apostas Esportivas","og_description":"Descubra casino online, apostas esportivas, b\u00f4nus exclusivos e giros gr\u00e1tis \u2714\ufe0f Jogue com total seguran\u00e7a, pagamentos r\u00e1pidos e promo\u00e7\u00f5es di\u00e1rias para todos os n\u00edveis de jogadores.","og_url":"https:\/\/spinbetter.cash\/pt\/","og_site_name":"Spinbetter Football PT","article_modified_time":"2025-12-10T21:35:55+00:00","twitter_card":"summary_large_image","schema":{"@context":"https:\/\/schema.org","@graph":[{"@type":"WebPage","@id":"https:\/\/spinbetter.cash\/pt\/","url":"https:\/\/spinbetter.cash\/pt\/","name":"Spinbetter Portugal \u26a1 Casino Online e Apostas Esportivas","isPartOf":{"@id":"https:\/\/spinbetter.cash\/pt\/#website"},"datePublished":"2023-05-18T17:18:34+00:00","dateModified":"2025-12-10T21:35:55+00:00","description":"Descubra casino online, apostas esportivas, b\u00f4nus exclusivos e giros gr\u00e1tis \u2714\ufe0f Jogue com total seguran\u00e7a, pagamentos r\u00e1pidos e promo\u00e7\u00f5es di\u00e1rias para todos os n\u00edveis de jogadores.","breadcrumb":{"@id":"https:\/\/spinbetter.cash\/pt\/#breadcrumb"},"inLanguage":"pt-PT","potentialAction":[{"@type":"ReadAction","target":["https:\/\/spinbetter.cash\/pt\/"]}]},{"@type":"BreadcrumbList","@id":"https:\/\/spinbetter.cash\/pt\/#breadcrumb","itemListElement":[{"@type":"ListItem","position":1,"name":"Home","item":"https:\/\/spinbetter.cash\/pt\/"},{"@type":"ListItem","position":2,"name":"In\u00edcio"}]},{"@type":"WebSite","@id":"https:\/\/spinbetter.cash\/pt\/#website","url":"https:\/\/spinbetter.cash\/pt\/","name":"Spinbetter Football PT","description":"","potentialAction":[{"@type":"SearchAction","target":{"@type":"EntryPoint","urlTemplate":"https:\/\/spinbetter.cash\/pt\/?s={search_term_string}"},"query-input":{"@type":"PropertyValueSpecification","valueRequired":true,"valueName":"search_term_string"}}],"inLanguage":"pt-PT"}]}},"_links":{"self":[{"href":"https:\/\/spinbetter.cash\/pt\/wp-json\/wp\/v2\/pages\/2","targetHints":{"allow":["GET"]}}],"collection":[{"href":"https:\/\/spinbetter.cash\/pt\/wp-json\/wp\/v2\/pages"}],"about":[{"href":"https:\/\/spinbetter.cash\/pt\/wp-json\/wp\/v2\/types\/page"}],"author":[{"embeddable":true,"href":"https:\/\/spinbetter.cash\/pt\/wp-json\/wp\/v2\/users\/1"}],"replies":[{"embeddable":true,"href":"https:\/\/spinbetter.cash\/pt\/wp-json\/wp\/v2\/comments?post=2"}],"version-history":[{"count":121,"href":"https:\/\/spinbetter.cash\/pt\/wp-json\/wp\/v2\/pages\/2\/revisions"}],"predecessor-version":[{"id":729,"href":"https:\/\/spinbetter.cash\/pt\/wp-json\/wp\/v2\/pages\/2\/revisions\/729"}],"wp:attachment":[{"href":"https:\/\/spinbetter.cash\/pt\/wp-json\/wp\/v2\/media?parent=2"}],"curies":[{"name":"wp","href":"https:\/\/api.w.org\/{rel}","templated":true}]}}