{"id":627,"date":"2025-07-03T14:32:51","date_gmt":"2025-07-03T14:32:51","guid":{"rendered":"https:\/\/spinbetter.cash\/pl\/?page_id=627"},"modified":"2025-12-11T16:10:35","modified_gmt":"2025-12-11T16:10:35","slug":"betting-cashback-from-spinbetter","status":"publish","type":"page","link":"https:\/\/spinbetter.cash\/pl\/bonus\/betting-cashback-from-spinbetter\/","title":{"rendered":"Zak\u0142ady CASHBACK od SpinBetter"},"content":{"rendered":"","protected":false},"excerpt":{"rendered":"","protected":false},"author":1,"featured_media":0,"parent":152,"menu_order":0,"comment_status":"closed","ping_status":"closed","template":"","meta":{"_acf_changed":false,"footnotes":""},"class_list":["post-627","page","type-page","status-publish","hentry"],"acf":[],"yoast_head":"<!-- This site is optimized with the Yoast SEO plugin v27.3 - https:\/\/yoast.com\/product\/yoast-seo-wordpress\/ -->\n<title>SpinBetter sports cashback &gt; Twoja szansa na odzyskanie strat<\/title>\n<meta name=\"description\" content=\"Obstawiaj bez obaw w kasynie SpinBetter! Otrzymaj 3% zwrotu co tydzie\u0144 do 1000 EUR. Przegra\u0142e\u015b? SpinBetter zwr\u00f3ci cz\u0119\u015b\u0107 pieni\u0119dzy!\" \/>\n<meta name=\"robots\" content=\"index, follow, max-snippet:-1, max-image-preview:large, max-video-preview:-1\" \/>\n<meta property=\"og:locale\" content=\"pl_PL\" \/>\n<meta property=\"og:type\" content=\"article\" \/>\n<meta property=\"og:title\" content=\"SpinBetter sports cashback &gt; Twoja szansa na odzyskanie strat\" \/>\n<meta property=\"og:description\" content=\"Obstawiaj bez obaw w kasynie SpinBetter! Otrzymaj 3% zwrotu co tydzie\u0144 do 1000 EUR. Przegra\u0142e\u015b? SpinBetter zwr\u00f3ci cz\u0119\u015b\u0107 pieni\u0119dzy!\" \/>\n<meta property=\"og:url\" content=\"https:\/\/spinbetter.cash\/pl\/bonus\/betting-cashback-from-spinbetter\/\" \/>\n<meta property=\"og:site_name\" content=\"Spinbetter Football PL\" \/>\n<meta property=\"article:modified_time\" content=\"2025-12-11T16:10:35+00:00\" \/>\n<meta name=\"twitter:card\" content=\"summary_large_image\" \/>\n<script type=\"application\/ld+json\" class=\"yoast-schema-graph\">{\"@context\":\"https:\\\/\\\/schema.org\",\"@graph\":[{\"@type\":\"WebPage\",\"@id\":\"https:\\\/\\\/spinbetter.cash\\\/pl\\\/bonus\\\/betting-cashback-from-spinbetter\\\/\",\"url\":\"https:\\\/\\\/spinbetter.cash\\\/pl\\\/bonus\\\/betting-cashback-from-spinbetter\\\/\",\"name\":\"SpinBetter sports cashback > Twoja szansa na odzyskanie strat\",\"isPartOf\":{\"@id\":\"https:\\\/\\\/spinbetter.cash\\\/pl\\\/#website\"},\"datePublished\":\"2025-07-03T14:32:51+00:00\",\"dateModified\":\"2025-12-11T16:10:35+00:00\",\"description\":\"Obstawiaj bez obaw w kasynie SpinBetter! Otrzymaj 3% zwrotu co tydzie\u0144 do 1000 EUR. Przegra\u0142e\u015b? SpinBetter zwr\u00f3ci cz\u0119\u015b\u0107 pieni\u0119dzy!\",\"breadcrumb\":{\"@id\":\"https:\\\/\\\/spinbetter.cash\\\/pl\\\/bonus\\\/betting-cashback-from-spinbetter\\\/#breadcrumb\"},\"inLanguage\":\"pl-PL\",\"potentialAction\":[{\"@type\":\"ReadAction\",\"target\":[\"https:\\\/\\\/spinbetter.cash\\\/pl\\\/bonus\\\/betting-cashback-from-spinbetter\\\/\"]}]},{\"@type\":\"BreadcrumbList\",\"@id\":\"https:\\\/\\\/spinbetter.cash\\\/pl\\\/bonus\\\/betting-cashback-from-spinbetter\\\/#breadcrumb\",\"itemListElement\":[{\"@type\":\"ListItem\",\"position\":1,\"name\":\"Home\",\"item\":\"https:\\\/\\\/spinbetter.cash\\\/pl\\\/\"},{\"@type\":\"ListItem\",\"position\":2,\"name\":\"Bonus\",\"item\":\"https:\\\/\\\/spinbetter.cash\\\/pl\\\/bonus\\\/\"},{\"@type\":\"ListItem\",\"position\":3,\"name\":\"Zak\u0142ady CASHBACK od SpinBetter\"}]},{\"@type\":\"WebSite\",\"@id\":\"https:\\\/\\\/spinbetter.cash\\\/pl\\\/#website\",\"url\":\"https:\\\/\\\/spinbetter.cash\\\/pl\\\/\",\"name\":\"Spinbetter Football PL\",\"description\":\"\",\"potentialAction\":[{\"@type\":\"SearchAction\",\"target\":{\"@type\":\"EntryPoint\",\"urlTemplate\":\"https:\\\/\\\/spinbetter.cash\\\/pl\\\/?s={search_term_string}\"},\"query-input\":{\"@type\":\"PropertyValueSpecification\",\"valueRequired\":true,\"valueName\":\"search_term_string\"}}],\"inLanguage\":\"pl-PL\"}]}<\/script>\n<!-- \/ Yoast SEO plugin. -->","yoast_head_json":{"title":"SpinBetter sports cashback > Twoja szansa na odzyskanie strat","description":"Obstawiaj bez obaw w kasynie SpinBetter! Otrzymaj 3% zwrotu co tydzie\u0144 do 1000 EUR. Przegra\u0142e\u015b? SpinBetter zwr\u00f3ci cz\u0119\u015b\u0107 pieni\u0119dzy!","robots":{"index":"index","follow":"follow","max-snippet":"max-snippet:-1","max-image-preview":"max-image-preview:large","max-video-preview":"max-video-preview:-1"},"og_locale":"pl_PL","og_type":"article","og_title":"SpinBetter sports cashback > Twoja szansa na odzyskanie strat","og_description":"Obstawiaj bez obaw w kasynie SpinBetter! Otrzymaj 3% zwrotu co tydzie\u0144 do 1000 EUR. Przegra\u0142e\u015b? SpinBetter zwr\u00f3ci cz\u0119\u015b\u0107 pieni\u0119dzy!","og_url":"https:\/\/spinbetter.cash\/pl\/bonus\/betting-cashback-from-spinbetter\/","og_site_name":"Spinbetter Football PL","article_modified_time":"2025-12-11T16:10:35+00:00","twitter_card":"summary_large_image","schema":{"@context":"https:\/\/schema.org","@graph":[{"@type":"WebPage","@id":"https:\/\/spinbetter.cash\/pl\/bonus\/betting-cashback-from-spinbetter\/","url":"https:\/\/spinbetter.cash\/pl\/bonus\/betting-cashback-from-spinbetter\/","name":"SpinBetter sports cashback > Twoja szansa na odzyskanie strat","isPartOf":{"@id":"https:\/\/spinbetter.cash\/pl\/#website"},"datePublished":"2025-07-03T14:32:51+00:00","dateModified":"2025-12-11T16:10:35+00:00","description":"Obstawiaj bez obaw w kasynie SpinBetter! Otrzymaj 3% zwrotu co tydzie\u0144 do 1000 EUR. Przegra\u0142e\u015b? SpinBetter zwr\u00f3ci cz\u0119\u015b\u0107 pieni\u0119dzy!","breadcrumb":{"@id":"https:\/\/spinbetter.cash\/pl\/bonus\/betting-cashback-from-spinbetter\/#breadcrumb"},"inLanguage":"pl-PL","potentialAction":[{"@type":"ReadAction","target":["https:\/\/spinbetter.cash\/pl\/bonus\/betting-cashback-from-spinbetter\/"]}]},{"@type":"BreadcrumbList","@id":"https:\/\/spinbetter.cash\/pl\/bonus\/betting-cashback-from-spinbetter\/#breadcrumb","itemListElement":[{"@type":"ListItem","position":1,"name":"Home","item":"https:\/\/spinbetter.cash\/pl\/"},{"@type":"ListItem","position":2,"name":"Bonus","item":"https:\/\/spinbetter.cash\/pl\/bonus\/"},{"@type":"ListItem","position":3,"name":"Zak\u0142ady CASHBACK od SpinBetter"}]},{"@type":"WebSite","@id":"https:\/\/spinbetter.cash\/pl\/#website","url":"https:\/\/spinbetter.cash\/pl\/","name":"Spinbetter Football PL","description":"","potentialAction":[{"@type":"SearchAction","target":{"@type":"EntryPoint","urlTemplate":"https:\/\/spinbetter.cash\/pl\/?s={search_term_string}"},"query-input":{"@type":"PropertyValueSpecification","valueRequired":true,"valueName":"search_term_string"}}],"inLanguage":"pl-PL"}]}},"_links":{"self":[{"href":"https:\/\/spinbetter.cash\/pl\/wp-json\/wp\/v2\/pages\/627","targetHints":{"allow":["GET"]}}],"collection":[{"href":"https:\/\/spinbetter.cash\/pl\/wp-json\/wp\/v2\/pages"}],"about":[{"href":"https:\/\/spinbetter.cash\/pl\/wp-json\/wp\/v2\/types\/page"}],"author":[{"embeddable":true,"href":"https:\/\/spinbetter.cash\/pl\/wp-json\/wp\/v2\/users\/1"}],"replies":[{"embeddable":true,"href":"https:\/\/spinbetter.cash\/pl\/wp-json\/wp\/v2\/comments?post=627"}],"version-history":[{"count":2,"href":"https:\/\/spinbetter.cash\/pl\/wp-json\/wp\/v2\/pages\/627\/revisions"}],"predecessor-version":[{"id":690,"href":"https:\/\/spinbetter.cash\/pl\/wp-json\/wp\/v2\/pages\/627\/revisions\/690"}],"up":[{"embeddable":true,"href":"https:\/\/spinbetter.cash\/pl\/wp-json\/wp\/v2\/pages\/152"}],"wp:attachment":[{"href":"https:\/\/spinbetter.cash\/pl\/wp-json\/wp\/v2\/media?parent=627"}],"curies":[{"name":"wp","href":"https:\/\/api.w.org\/{rel}","templated":true}]}}