{"id":607,"date":"2025-05-30T08:36:59","date_gmt":"2025-05-30T08:36:59","guid":{"rendered":"https:\/\/spinbetter.cash\/pl\/?page_id=607"},"modified":"2025-12-11T16:09:37","modified_gmt":"2025-12-11T16:09:37","slug":"bonuses-for-five-deposits","status":"publish","type":"page","link":"https:\/\/spinbetter.cash\/pl\/bonus\/bonuses-for-five-deposits\/","title":{"rendered":"Bonusy od 5 depozyt\u00f3w"},"content":{"rendered":"","protected":false},"excerpt":{"rendered":"","protected":false},"author":1,"featured_media":0,"parent":152,"menu_order":0,"comment_status":"closed","ping_status":"closed","template":"","meta":{"_acf_changed":false,"footnotes":""},"class_list":["post-607","page","type-page","status-publish","hentry"],"acf":[],"yoast_head":"<!-- This site is optimized with the Yoast SEO plugin v27.3 - https:\/\/yoast.com\/product\/yoast-seo-wordpress\/ -->\n<title>Promocja SpinBetter &gt; 5 bonus\u00f3w na zak\u0142ady sportowe<\/title>\n<meta name=\"description\" content=\"Rozpocznij swoj\u0105 przygod\u0119 z SpinBetter i otrzymaj bonusy od pierwszych pi\u0119ciu depozyt\u00f3w na zak\u0142ady sportowe \u2013 do 100 EUR! Do\u0142\u0105cz teraz!\" \/>\n<meta name=\"robots\" content=\"index, follow, max-snippet:-1, max-image-preview:large, max-video-preview:-1\" \/>\n<meta property=\"og:locale\" content=\"pl_PL\" \/>\n<meta property=\"og:type\" content=\"article\" \/>\n<meta property=\"og:title\" content=\"Promocja SpinBetter &gt; 5 bonus\u00f3w na zak\u0142ady sportowe\" \/>\n<meta property=\"og:description\" content=\"Rozpocznij swoj\u0105 przygod\u0119 z SpinBetter i otrzymaj bonusy od pierwszych pi\u0119ciu depozyt\u00f3w na zak\u0142ady sportowe \u2013 do 100 EUR! Do\u0142\u0105cz teraz!\" \/>\n<meta property=\"og:url\" content=\"https:\/\/spinbetter.cash\/pl\/bonus\/bonuses-for-five-deposits\/\" \/>\n<meta property=\"og:site_name\" content=\"Spinbetter Football PL\" \/>\n<meta property=\"article:modified_time\" content=\"2025-12-11T16:09:37+00:00\" \/>\n<meta name=\"twitter:card\" content=\"summary_large_image\" \/>\n<script type=\"application\/ld+json\" class=\"yoast-schema-graph\">{\"@context\":\"https:\\\/\\\/schema.org\",\"@graph\":[{\"@type\":\"WebPage\",\"@id\":\"https:\\\/\\\/spinbetter.cash\\\/pl\\\/bonus\\\/bonuses-for-five-deposits\\\/\",\"url\":\"https:\\\/\\\/spinbetter.cash\\\/pl\\\/bonus\\\/bonuses-for-five-deposits\\\/\",\"name\":\"Promocja SpinBetter > 5 bonus\u00f3w na zak\u0142ady sportowe\",\"isPartOf\":{\"@id\":\"https:\\\/\\\/spinbetter.cash\\\/pl\\\/#website\"},\"datePublished\":\"2025-05-30T08:36:59+00:00\",\"dateModified\":\"2025-12-11T16:09:37+00:00\",\"description\":\"Rozpocznij swoj\u0105 przygod\u0119 z SpinBetter i otrzymaj bonusy od pierwszych pi\u0119ciu depozyt\u00f3w na zak\u0142ady sportowe \u2013 do 100 EUR! Do\u0142\u0105cz teraz!\",\"breadcrumb\":{\"@id\":\"https:\\\/\\\/spinbetter.cash\\\/pl\\\/bonus\\\/bonuses-for-five-deposits\\\/#breadcrumb\"},\"inLanguage\":\"pl-PL\",\"potentialAction\":[{\"@type\":\"ReadAction\",\"target\":[\"https:\\\/\\\/spinbetter.cash\\\/pl\\\/bonus\\\/bonuses-for-five-deposits\\\/\"]}]},{\"@type\":\"BreadcrumbList\",\"@id\":\"https:\\\/\\\/spinbetter.cash\\\/pl\\\/bonus\\\/bonuses-for-five-deposits\\\/#breadcrumb\",\"itemListElement\":[{\"@type\":\"ListItem\",\"position\":1,\"name\":\"Home\",\"item\":\"https:\\\/\\\/spinbetter.cash\\\/pl\\\/\"},{\"@type\":\"ListItem\",\"position\":2,\"name\":\"Bonus\",\"item\":\"https:\\\/\\\/spinbetter.cash\\\/pl\\\/bonus\\\/\"},{\"@type\":\"ListItem\",\"position\":3,\"name\":\"Bonusy od 5 depozyt\u00f3w\"}]},{\"@type\":\"WebSite\",\"@id\":\"https:\\\/\\\/spinbetter.cash\\\/pl\\\/#website\",\"url\":\"https:\\\/\\\/spinbetter.cash\\\/pl\\\/\",\"name\":\"Spinbetter Football PL\",\"description\":\"\",\"potentialAction\":[{\"@type\":\"SearchAction\",\"target\":{\"@type\":\"EntryPoint\",\"urlTemplate\":\"https:\\\/\\\/spinbetter.cash\\\/pl\\\/?s={search_term_string}\"},\"query-input\":{\"@type\":\"PropertyValueSpecification\",\"valueRequired\":true,\"valueName\":\"search_term_string\"}}],\"inLanguage\":\"pl-PL\"}]}<\/script>\n<!-- \/ Yoast SEO plugin. -->","yoast_head_json":{"title":"Promocja SpinBetter > 5 bonus\u00f3w na zak\u0142ady sportowe","description":"Rozpocznij swoj\u0105 przygod\u0119 z SpinBetter i otrzymaj bonusy od pierwszych pi\u0119ciu depozyt\u00f3w na zak\u0142ady sportowe \u2013 do 100 EUR! Do\u0142\u0105cz teraz!","robots":{"index":"index","follow":"follow","max-snippet":"max-snippet:-1","max-image-preview":"max-image-preview:large","max-video-preview":"max-video-preview:-1"},"og_locale":"pl_PL","og_type":"article","og_title":"Promocja SpinBetter > 5 bonus\u00f3w na zak\u0142ady sportowe","og_description":"Rozpocznij swoj\u0105 przygod\u0119 z SpinBetter i otrzymaj bonusy od pierwszych pi\u0119ciu depozyt\u00f3w na zak\u0142ady sportowe \u2013 do 100 EUR! Do\u0142\u0105cz teraz!","og_url":"https:\/\/spinbetter.cash\/pl\/bonus\/bonuses-for-five-deposits\/","og_site_name":"Spinbetter Football PL","article_modified_time":"2025-12-11T16:09:37+00:00","twitter_card":"summary_large_image","schema":{"@context":"https:\/\/schema.org","@graph":[{"@type":"WebPage","@id":"https:\/\/spinbetter.cash\/pl\/bonus\/bonuses-for-five-deposits\/","url":"https:\/\/spinbetter.cash\/pl\/bonus\/bonuses-for-five-deposits\/","name":"Promocja SpinBetter > 5 bonus\u00f3w na zak\u0142ady sportowe","isPartOf":{"@id":"https:\/\/spinbetter.cash\/pl\/#website"},"datePublished":"2025-05-30T08:36:59+00:00","dateModified":"2025-12-11T16:09:37+00:00","description":"Rozpocznij swoj\u0105 przygod\u0119 z SpinBetter i otrzymaj bonusy od pierwszych pi\u0119ciu depozyt\u00f3w na zak\u0142ady sportowe \u2013 do 100 EUR! Do\u0142\u0105cz teraz!","breadcrumb":{"@id":"https:\/\/spinbetter.cash\/pl\/bonus\/bonuses-for-five-deposits\/#breadcrumb"},"inLanguage":"pl-PL","potentialAction":[{"@type":"ReadAction","target":["https:\/\/spinbetter.cash\/pl\/bonus\/bonuses-for-five-deposits\/"]}]},{"@type":"BreadcrumbList","@id":"https:\/\/spinbetter.cash\/pl\/bonus\/bonuses-for-five-deposits\/#breadcrumb","itemListElement":[{"@type":"ListItem","position":1,"name":"Home","item":"https:\/\/spinbetter.cash\/pl\/"},{"@type":"ListItem","position":2,"name":"Bonus","item":"https:\/\/spinbetter.cash\/pl\/bonus\/"},{"@type":"ListItem","position":3,"name":"Bonusy od 5 depozyt\u00f3w"}]},{"@type":"WebSite","@id":"https:\/\/spinbetter.cash\/pl\/#website","url":"https:\/\/spinbetter.cash\/pl\/","name":"Spinbetter Football PL","description":"","potentialAction":[{"@type":"SearchAction","target":{"@type":"EntryPoint","urlTemplate":"https:\/\/spinbetter.cash\/pl\/?s={search_term_string}"},"query-input":{"@type":"PropertyValueSpecification","valueRequired":true,"valueName":"search_term_string"}}],"inLanguage":"pl-PL"}]}},"_links":{"self":[{"href":"https:\/\/spinbetter.cash\/pl\/wp-json\/wp\/v2\/pages\/607","targetHints":{"allow":["GET"]}}],"collection":[{"href":"https:\/\/spinbetter.cash\/pl\/wp-json\/wp\/v2\/pages"}],"about":[{"href":"https:\/\/spinbetter.cash\/pl\/wp-json\/wp\/v2\/types\/page"}],"author":[{"embeddable":true,"href":"https:\/\/spinbetter.cash\/pl\/wp-json\/wp\/v2\/users\/1"}],"replies":[{"embeddable":true,"href":"https:\/\/spinbetter.cash\/pl\/wp-json\/wp\/v2\/comments?post=607"}],"version-history":[{"count":3,"href":"https:\/\/spinbetter.cash\/pl\/wp-json\/wp\/v2\/pages\/607\/revisions"}],"predecessor-version":[{"id":687,"href":"https:\/\/spinbetter.cash\/pl\/wp-json\/wp\/v2\/pages\/607\/revisions\/687"}],"up":[{"embeddable":true,"href":"https:\/\/spinbetter.cash\/pl\/wp-json\/wp\/v2\/pages\/152"}],"wp:attachment":[{"href":"https:\/\/spinbetter.cash\/pl\/wp-json\/wp\/v2\/media?parent=607"}],"curies":[{"name":"wp","href":"https:\/\/api.w.org\/{rel}","templated":true}]}}