{"id":601,"date":"2025-05-20T07:50:03","date_gmt":"2025-05-20T07:50:03","guid":{"rendered":"https:\/\/spinbetter.cash\/pl\/?page_id=601"},"modified":"2025-12-11T16:10:14","modified_gmt":"2025-12-11T16:10:14","slug":"bet-now-pay-later","status":"publish","type":"page","link":"https:\/\/spinbetter.cash\/pl\/bonus\/bet-now-pay-later\/","title":{"rendered":"Postaw teraz &#8211; zap\u0142a\u0107 p\u00f3\u017aniej"},"content":{"rendered":"","protected":false},"excerpt":{"rendered":"","protected":false},"author":1,"featured_media":0,"parent":152,"menu_order":0,"comment_status":"closed","ping_status":"closed","template":"","meta":{"_acf_changed":false,"footnotes":""},"class_list":["post-601","page","type-page","status-publish","hentry"],"acf":[],"yoast_head":"<!-- This site is optimized with the Yoast SEO plugin v27.3 - https:\/\/yoast.com\/product\/yoast-seo-wordpress\/ -->\n<title>Postaw teraz, zap\u0142a\u0107 p\u00f3\u017aniej z Advance Bet w SpinBetter!<\/title>\n<meta name=\"description\" content=\"Dzi\u0119ki Advance Bet od SpinBetter mo\u017cesz obstawia\u0107 zak\u0142ady nawet wtedy, gdy masz zero na koncie! Wykorzystaj niezako\u0144czone zak\u0142ady!\" \/>\n<meta name=\"robots\" content=\"index, follow, max-snippet:-1, max-image-preview:large, max-video-preview:-1\" \/>\n<meta property=\"og:locale\" content=\"pl_PL\" \/>\n<meta property=\"og:type\" content=\"article\" \/>\n<meta property=\"og:title\" content=\"Postaw teraz, zap\u0142a\u0107 p\u00f3\u017aniej z Advance Bet w SpinBetter!\" \/>\n<meta property=\"og:description\" content=\"Dzi\u0119ki Advance Bet od SpinBetter mo\u017cesz obstawia\u0107 zak\u0142ady nawet wtedy, gdy masz zero na koncie! Wykorzystaj niezako\u0144czone zak\u0142ady!\" \/>\n<meta property=\"og:url\" content=\"https:\/\/spinbetter.cash\/pl\/bonus\/bet-now-pay-later\/\" \/>\n<meta property=\"og:site_name\" content=\"Spinbetter Football PL\" \/>\n<meta property=\"article:modified_time\" content=\"2025-12-11T16:10:14+00:00\" \/>\n<meta name=\"twitter:card\" content=\"summary_large_image\" \/>\n<script type=\"application\/ld+json\" class=\"yoast-schema-graph\">{\"@context\":\"https:\\\/\\\/schema.org\",\"@graph\":[{\"@type\":\"WebPage\",\"@id\":\"https:\\\/\\\/spinbetter.cash\\\/pl\\\/bonus\\\/bet-now-pay-later\\\/\",\"url\":\"https:\\\/\\\/spinbetter.cash\\\/pl\\\/bonus\\\/bet-now-pay-later\\\/\",\"name\":\"Postaw teraz, zap\u0142a\u0107 p\u00f3\u017aniej z Advance Bet w SpinBetter!\",\"isPartOf\":{\"@id\":\"https:\\\/\\\/spinbetter.cash\\\/pl\\\/#website\"},\"datePublished\":\"2025-05-20T07:50:03+00:00\",\"dateModified\":\"2025-12-11T16:10:14+00:00\",\"description\":\"Dzi\u0119ki Advance Bet od SpinBetter mo\u017cesz obstawia\u0107 zak\u0142ady nawet wtedy, gdy masz zero na koncie! Wykorzystaj niezako\u0144czone zak\u0142ady!\",\"breadcrumb\":{\"@id\":\"https:\\\/\\\/spinbetter.cash\\\/pl\\\/bonus\\\/bet-now-pay-later\\\/#breadcrumb\"},\"inLanguage\":\"pl-PL\",\"potentialAction\":[{\"@type\":\"ReadAction\",\"target\":[\"https:\\\/\\\/spinbetter.cash\\\/pl\\\/bonus\\\/bet-now-pay-later\\\/\"]}]},{\"@type\":\"BreadcrumbList\",\"@id\":\"https:\\\/\\\/spinbetter.cash\\\/pl\\\/bonus\\\/bet-now-pay-later\\\/#breadcrumb\",\"itemListElement\":[{\"@type\":\"ListItem\",\"position\":1,\"name\":\"Home\",\"item\":\"https:\\\/\\\/spinbetter.cash\\\/pl\\\/\"},{\"@type\":\"ListItem\",\"position\":2,\"name\":\"Bonus\",\"item\":\"https:\\\/\\\/spinbetter.cash\\\/pl\\\/bonus\\\/\"},{\"@type\":\"ListItem\",\"position\":3,\"name\":\"Postaw teraz &#8211; zap\u0142a\u0107 p\u00f3\u017aniej\"}]},{\"@type\":\"WebSite\",\"@id\":\"https:\\\/\\\/spinbetter.cash\\\/pl\\\/#website\",\"url\":\"https:\\\/\\\/spinbetter.cash\\\/pl\\\/\",\"name\":\"Spinbetter Football PL\",\"description\":\"\",\"potentialAction\":[{\"@type\":\"SearchAction\",\"target\":{\"@type\":\"EntryPoint\",\"urlTemplate\":\"https:\\\/\\\/spinbetter.cash\\\/pl\\\/?s={search_term_string}\"},\"query-input\":{\"@type\":\"PropertyValueSpecification\",\"valueRequired\":true,\"valueName\":\"search_term_string\"}}],\"inLanguage\":\"pl-PL\"}]}<\/script>\n<!-- \/ Yoast SEO plugin. -->","yoast_head_json":{"title":"Postaw teraz, zap\u0142a\u0107 p\u00f3\u017aniej z Advance Bet w SpinBetter!","description":"Dzi\u0119ki Advance Bet od SpinBetter mo\u017cesz obstawia\u0107 zak\u0142ady nawet wtedy, gdy masz zero na koncie! Wykorzystaj niezako\u0144czone zak\u0142ady!","robots":{"index":"index","follow":"follow","max-snippet":"max-snippet:-1","max-image-preview":"max-image-preview:large","max-video-preview":"max-video-preview:-1"},"og_locale":"pl_PL","og_type":"article","og_title":"Postaw teraz, zap\u0142a\u0107 p\u00f3\u017aniej z Advance Bet w SpinBetter!","og_description":"Dzi\u0119ki Advance Bet od SpinBetter mo\u017cesz obstawia\u0107 zak\u0142ady nawet wtedy, gdy masz zero na koncie! Wykorzystaj niezako\u0144czone zak\u0142ady!","og_url":"https:\/\/spinbetter.cash\/pl\/bonus\/bet-now-pay-later\/","og_site_name":"Spinbetter Football PL","article_modified_time":"2025-12-11T16:10:14+00:00","twitter_card":"summary_large_image","schema":{"@context":"https:\/\/schema.org","@graph":[{"@type":"WebPage","@id":"https:\/\/spinbetter.cash\/pl\/bonus\/bet-now-pay-later\/","url":"https:\/\/spinbetter.cash\/pl\/bonus\/bet-now-pay-later\/","name":"Postaw teraz, zap\u0142a\u0107 p\u00f3\u017aniej z Advance Bet w SpinBetter!","isPartOf":{"@id":"https:\/\/spinbetter.cash\/pl\/#website"},"datePublished":"2025-05-20T07:50:03+00:00","dateModified":"2025-12-11T16:10:14+00:00","description":"Dzi\u0119ki Advance Bet od SpinBetter mo\u017cesz obstawia\u0107 zak\u0142ady nawet wtedy, gdy masz zero na koncie! Wykorzystaj niezako\u0144czone zak\u0142ady!","breadcrumb":{"@id":"https:\/\/spinbetter.cash\/pl\/bonus\/bet-now-pay-later\/#breadcrumb"},"inLanguage":"pl-PL","potentialAction":[{"@type":"ReadAction","target":["https:\/\/spinbetter.cash\/pl\/bonus\/bet-now-pay-later\/"]}]},{"@type":"BreadcrumbList","@id":"https:\/\/spinbetter.cash\/pl\/bonus\/bet-now-pay-later\/#breadcrumb","itemListElement":[{"@type":"ListItem","position":1,"name":"Home","item":"https:\/\/spinbetter.cash\/pl\/"},{"@type":"ListItem","position":2,"name":"Bonus","item":"https:\/\/spinbetter.cash\/pl\/bonus\/"},{"@type":"ListItem","position":3,"name":"Postaw teraz &#8211; zap\u0142a\u0107 p\u00f3\u017aniej"}]},{"@type":"WebSite","@id":"https:\/\/spinbetter.cash\/pl\/#website","url":"https:\/\/spinbetter.cash\/pl\/","name":"Spinbetter Football PL","description":"","potentialAction":[{"@type":"SearchAction","target":{"@type":"EntryPoint","urlTemplate":"https:\/\/spinbetter.cash\/pl\/?s={search_term_string}"},"query-input":{"@type":"PropertyValueSpecification","valueRequired":true,"valueName":"search_term_string"}}],"inLanguage":"pl-PL"}]}},"_links":{"self":[{"href":"https:\/\/spinbetter.cash\/pl\/wp-json\/wp\/v2\/pages\/601","targetHints":{"allow":["GET"]}}],"collection":[{"href":"https:\/\/spinbetter.cash\/pl\/wp-json\/wp\/v2\/pages"}],"about":[{"href":"https:\/\/spinbetter.cash\/pl\/wp-json\/wp\/v2\/types\/page"}],"author":[{"embeddable":true,"href":"https:\/\/spinbetter.cash\/pl\/wp-json\/wp\/v2\/users\/1"}],"replies":[{"embeddable":true,"href":"https:\/\/spinbetter.cash\/pl\/wp-json\/wp\/v2\/comments?post=601"}],"version-history":[{"count":3,"href":"https:\/\/spinbetter.cash\/pl\/wp-json\/wp\/v2\/pages\/601\/revisions"}],"predecessor-version":[{"id":689,"href":"https:\/\/spinbetter.cash\/pl\/wp-json\/wp\/v2\/pages\/601\/revisions\/689"}],"up":[{"embeddable":true,"href":"https:\/\/spinbetter.cash\/pl\/wp-json\/wp\/v2\/pages\/152"}],"wp:attachment":[{"href":"https:\/\/spinbetter.cash\/pl\/wp-json\/wp\/v2\/media?parent=601"}],"curies":[{"name":"wp","href":"https:\/\/api.w.org\/{rel}","templated":true}]}}