{"id":593,"date":"2025-05-20T07:36:12","date_gmt":"2025-05-20T07:36:12","guid":{"rendered":"https:\/\/spinbetter.cash\/pl\/?page_id=593"},"modified":"2025-12-11T16:13:49","modified_gmt":"2025-12-11T16:13:49","slug":"bet-in-the-app","status":"publish","type":"page","link":"https:\/\/spinbetter.cash\/pl\/bonus\/bet-in-the-app\/","title":{"rendered":"Zak\u0142ady w aplikacji"},"content":{"rendered":"","protected":false},"excerpt":{"rendered":"","protected":false},"author":1,"featured_media":0,"parent":152,"menu_order":0,"comment_status":"closed","ping_status":"closed","template":"","meta":{"_acf_changed":false,"footnotes":""},"class_list":["post-593","page","type-page","status-publish","hentry"],"acf":[],"yoast_head":"<!-- This site is optimized with the Yoast SEO plugin v27.3 - https:\/\/yoast.com\/product\/yoast-seo-wordpress\/ -->\n<title>Obstawiaj w aplikacji SpinBetter &gt; Zdob\u0105d\u017a do 10 \u20ac<\/title>\n<meta name=\"description\" content=\"Chcesz, aby ka\u017cdy zak\u0142ad wygrywa\u0142 wi\u0119cej? Pobierz aplikacj\u0119 SpinBetter i otrzymaj darmowy zak\u0142ad bez depozytu do 10 \u20ac! Obstawiaj w podr\u00f3\u017cy\" \/>\n<meta name=\"robots\" content=\"index, follow, max-snippet:-1, max-image-preview:large, max-video-preview:-1\" \/>\n<meta property=\"og:locale\" content=\"pl_PL\" \/>\n<meta property=\"og:type\" content=\"article\" \/>\n<meta property=\"og:title\" content=\"Obstawiaj w aplikacji SpinBetter &gt; Zdob\u0105d\u017a do 10 \u20ac\" \/>\n<meta property=\"og:description\" content=\"Chcesz, aby ka\u017cdy zak\u0142ad wygrywa\u0142 wi\u0119cej? Pobierz aplikacj\u0119 SpinBetter i otrzymaj darmowy zak\u0142ad bez depozytu do 10 \u20ac! Obstawiaj w podr\u00f3\u017cy\" \/>\n<meta property=\"og:url\" content=\"https:\/\/spinbetter.cash\/pl\/bonus\/bet-in-the-app\/\" \/>\n<meta property=\"og:site_name\" content=\"Spinbetter Football PL\" \/>\n<meta property=\"article:modified_time\" content=\"2025-12-11T16:13:49+00:00\" \/>\n<meta name=\"twitter:card\" content=\"summary_large_image\" \/>\n<script type=\"application\/ld+json\" class=\"yoast-schema-graph\">{\"@context\":\"https:\\\/\\\/schema.org\",\"@graph\":[{\"@type\":\"WebPage\",\"@id\":\"https:\\\/\\\/spinbetter.cash\\\/pl\\\/bonus\\\/bet-in-the-app\\\/\",\"url\":\"https:\\\/\\\/spinbetter.cash\\\/pl\\\/bonus\\\/bet-in-the-app\\\/\",\"name\":\"Obstawiaj w aplikacji SpinBetter > Zdob\u0105d\u017a do 10 \u20ac\",\"isPartOf\":{\"@id\":\"https:\\\/\\\/spinbetter.cash\\\/pl\\\/#website\"},\"datePublished\":\"2025-05-20T07:36:12+00:00\",\"dateModified\":\"2025-12-11T16:13:49+00:00\",\"description\":\"Chcesz, aby ka\u017cdy zak\u0142ad wygrywa\u0142 wi\u0119cej? Pobierz aplikacj\u0119 SpinBetter i otrzymaj darmowy zak\u0142ad bez depozytu do 10 \u20ac! Obstawiaj w podr\u00f3\u017cy\",\"breadcrumb\":{\"@id\":\"https:\\\/\\\/spinbetter.cash\\\/pl\\\/bonus\\\/bet-in-the-app\\\/#breadcrumb\"},\"inLanguage\":\"pl-PL\",\"potentialAction\":[{\"@type\":\"ReadAction\",\"target\":[\"https:\\\/\\\/spinbetter.cash\\\/pl\\\/bonus\\\/bet-in-the-app\\\/\"]}]},{\"@type\":\"BreadcrumbList\",\"@id\":\"https:\\\/\\\/spinbetter.cash\\\/pl\\\/bonus\\\/bet-in-the-app\\\/#breadcrumb\",\"itemListElement\":[{\"@type\":\"ListItem\",\"position\":1,\"name\":\"Home\",\"item\":\"https:\\\/\\\/spinbetter.cash\\\/pl\\\/\"},{\"@type\":\"ListItem\",\"position\":2,\"name\":\"Bonus\",\"item\":\"https:\\\/\\\/spinbetter.cash\\\/pl\\\/bonus\\\/\"},{\"@type\":\"ListItem\",\"position\":3,\"name\":\"Zak\u0142ady w aplikacji\"}]},{\"@type\":\"WebSite\",\"@id\":\"https:\\\/\\\/spinbetter.cash\\\/pl\\\/#website\",\"url\":\"https:\\\/\\\/spinbetter.cash\\\/pl\\\/\",\"name\":\"Spinbetter Football PL\",\"description\":\"\",\"potentialAction\":[{\"@type\":\"SearchAction\",\"target\":{\"@type\":\"EntryPoint\",\"urlTemplate\":\"https:\\\/\\\/spinbetter.cash\\\/pl\\\/?s={search_term_string}\"},\"query-input\":{\"@type\":\"PropertyValueSpecification\",\"valueRequired\":true,\"valueName\":\"search_term_string\"}}],\"inLanguage\":\"pl-PL\"}]}<\/script>\n<!-- \/ Yoast SEO plugin. -->","yoast_head_json":{"title":"Obstawiaj w aplikacji SpinBetter > Zdob\u0105d\u017a do 10 \u20ac","description":"Chcesz, aby ka\u017cdy zak\u0142ad wygrywa\u0142 wi\u0119cej? Pobierz aplikacj\u0119 SpinBetter i otrzymaj darmowy zak\u0142ad bez depozytu do 10 \u20ac! Obstawiaj w podr\u00f3\u017cy","robots":{"index":"index","follow":"follow","max-snippet":"max-snippet:-1","max-image-preview":"max-image-preview:large","max-video-preview":"max-video-preview:-1"},"og_locale":"pl_PL","og_type":"article","og_title":"Obstawiaj w aplikacji SpinBetter > Zdob\u0105d\u017a do 10 \u20ac","og_description":"Chcesz, aby ka\u017cdy zak\u0142ad wygrywa\u0142 wi\u0119cej? Pobierz aplikacj\u0119 SpinBetter i otrzymaj darmowy zak\u0142ad bez depozytu do 10 \u20ac! Obstawiaj w podr\u00f3\u017cy","og_url":"https:\/\/spinbetter.cash\/pl\/bonus\/bet-in-the-app\/","og_site_name":"Spinbetter Football PL","article_modified_time":"2025-12-11T16:13:49+00:00","twitter_card":"summary_large_image","schema":{"@context":"https:\/\/schema.org","@graph":[{"@type":"WebPage","@id":"https:\/\/spinbetter.cash\/pl\/bonus\/bet-in-the-app\/","url":"https:\/\/spinbetter.cash\/pl\/bonus\/bet-in-the-app\/","name":"Obstawiaj w aplikacji SpinBetter > Zdob\u0105d\u017a do 10 \u20ac","isPartOf":{"@id":"https:\/\/spinbetter.cash\/pl\/#website"},"datePublished":"2025-05-20T07:36:12+00:00","dateModified":"2025-12-11T16:13:49+00:00","description":"Chcesz, aby ka\u017cdy zak\u0142ad wygrywa\u0142 wi\u0119cej? Pobierz aplikacj\u0119 SpinBetter i otrzymaj darmowy zak\u0142ad bez depozytu do 10 \u20ac! Obstawiaj w podr\u00f3\u017cy","breadcrumb":{"@id":"https:\/\/spinbetter.cash\/pl\/bonus\/bet-in-the-app\/#breadcrumb"},"inLanguage":"pl-PL","potentialAction":[{"@type":"ReadAction","target":["https:\/\/spinbetter.cash\/pl\/bonus\/bet-in-the-app\/"]}]},{"@type":"BreadcrumbList","@id":"https:\/\/spinbetter.cash\/pl\/bonus\/bet-in-the-app\/#breadcrumb","itemListElement":[{"@type":"ListItem","position":1,"name":"Home","item":"https:\/\/spinbetter.cash\/pl\/"},{"@type":"ListItem","position":2,"name":"Bonus","item":"https:\/\/spinbetter.cash\/pl\/bonus\/"},{"@type":"ListItem","position":3,"name":"Zak\u0142ady w aplikacji"}]},{"@type":"WebSite","@id":"https:\/\/spinbetter.cash\/pl\/#website","url":"https:\/\/spinbetter.cash\/pl\/","name":"Spinbetter Football PL","description":"","potentialAction":[{"@type":"SearchAction","target":{"@type":"EntryPoint","urlTemplate":"https:\/\/spinbetter.cash\/pl\/?s={search_term_string}"},"query-input":{"@type":"PropertyValueSpecification","valueRequired":true,"valueName":"search_term_string"}}],"inLanguage":"pl-PL"}]}},"_links":{"self":[{"href":"https:\/\/spinbetter.cash\/pl\/wp-json\/wp\/v2\/pages\/593","targetHints":{"allow":["GET"]}}],"collection":[{"href":"https:\/\/spinbetter.cash\/pl\/wp-json\/wp\/v2\/pages"}],"about":[{"href":"https:\/\/spinbetter.cash\/pl\/wp-json\/wp\/v2\/types\/page"}],"author":[{"embeddable":true,"href":"https:\/\/spinbetter.cash\/pl\/wp-json\/wp\/v2\/users\/1"}],"replies":[{"embeddable":true,"href":"https:\/\/spinbetter.cash\/pl\/wp-json\/wp\/v2\/comments?post=593"}],"version-history":[{"count":4,"href":"https:\/\/spinbetter.cash\/pl\/wp-json\/wp\/v2\/pages\/593\/revisions"}],"predecessor-version":[{"id":699,"href":"https:\/\/spinbetter.cash\/pl\/wp-json\/wp\/v2\/pages\/593\/revisions\/699"}],"up":[{"embeddable":true,"href":"https:\/\/spinbetter.cash\/pl\/wp-json\/wp\/v2\/pages\/152"}],"wp:attachment":[{"href":"https:\/\/spinbetter.cash\/pl\/wp-json\/wp\/v2\/media?parent=593"}],"curies":[{"name":"wp","href":"https:\/\/api.w.org\/{rel}","templated":true}]}}