{"id":449,"date":"2024-10-11T14:31:53","date_gmt":"2024-10-11T14:31:53","guid":{"rendered":"https:\/\/spinbetter.cash\/pl\/?page_id=449"},"modified":"2025-12-11T16:11:37","modified_gmt":"2025-12-11T16:11:37","slug":"mirror","status":"publish","type":"page","link":"https:\/\/spinbetter.cash\/pl\/mirror\/","title":{"rendered":"Lustro"},"content":{"rendered":"","protected":false},"excerpt":{"rendered":"","protected":false},"author":1,"featured_media":0,"parent":0,"menu_order":0,"comment_status":"closed","ping_status":"closed","template":"","meta":{"_acf_changed":false,"footnotes":""},"class_list":["post-449","page","type-page","status-publish","hentry"],"acf":[],"yoast_head":"<!-- This site is optimized with the Yoast SEO plugin v27.3 - https:\/\/yoast.com\/product\/yoast-seo-wordpress\/ -->\n<title>SpinBetter Mirror | Szybki dost\u0119p do strony bez blokowania!<\/title>\n<meta name=\"description\" content=\"U\u017cyj lustrzanego odbicia SpinBetter, aby omin\u0105\u0107 blokady. Otw\u00f3rz stron\u0119, obstawiaj zak\u0142ady sportowe i graj w kasynie bez ogranicze\u0144!\" \/>\n<meta name=\"robots\" content=\"index, follow, max-snippet:-1, max-image-preview:large, max-video-preview:-1\" \/>\n<meta property=\"og:locale\" content=\"pl_PL\" \/>\n<meta property=\"og:type\" content=\"article\" \/>\n<meta property=\"og:title\" content=\"SpinBetter Mirror | Szybki dost\u0119p do strony bez blokowania!\" \/>\n<meta property=\"og:description\" content=\"U\u017cyj lustrzanego odbicia SpinBetter, aby omin\u0105\u0107 blokady. Otw\u00f3rz stron\u0119, obstawiaj zak\u0142ady sportowe i graj w kasynie bez ogranicze\u0144!\" \/>\n<meta property=\"og:url\" content=\"https:\/\/spinbetter.cash\/pl\/mirror\/\" \/>\n<meta property=\"og:site_name\" content=\"Spinbetter Football PL\" \/>\n<meta property=\"article:modified_time\" content=\"2025-12-11T16:11:37+00:00\" \/>\n<meta name=\"twitter:card\" content=\"summary_large_image\" \/>\n<script type=\"application\/ld+json\" class=\"yoast-schema-graph\">{\"@context\":\"https:\\\/\\\/schema.org\",\"@graph\":[{\"@type\":\"WebPage\",\"@id\":\"https:\\\/\\\/spinbetter.cash\\\/pl\\\/mirror\\\/\",\"url\":\"https:\\\/\\\/spinbetter.cash\\\/pl\\\/mirror\\\/\",\"name\":\"SpinBetter Mirror | Szybki dost\u0119p do strony bez blokowania!\",\"isPartOf\":{\"@id\":\"https:\\\/\\\/spinbetter.cash\\\/pl\\\/#website\"},\"datePublished\":\"2024-10-11T14:31:53+00:00\",\"dateModified\":\"2025-12-11T16:11:37+00:00\",\"description\":\"U\u017cyj lustrzanego odbicia SpinBetter, aby omin\u0105\u0107 blokady. Otw\u00f3rz stron\u0119, obstawiaj zak\u0142ady sportowe i graj w kasynie bez ogranicze\u0144!\",\"breadcrumb\":{\"@id\":\"https:\\\/\\\/spinbetter.cash\\\/pl\\\/mirror\\\/#breadcrumb\"},\"inLanguage\":\"pl-PL\",\"potentialAction\":[{\"@type\":\"ReadAction\",\"target\":[\"https:\\\/\\\/spinbetter.cash\\\/pl\\\/mirror\\\/\"]}]},{\"@type\":\"BreadcrumbList\",\"@id\":\"https:\\\/\\\/spinbetter.cash\\\/pl\\\/mirror\\\/#breadcrumb\",\"itemListElement\":[{\"@type\":\"ListItem\",\"position\":1,\"name\":\"Home\",\"item\":\"https:\\\/\\\/spinbetter.cash\\\/pl\\\/\"},{\"@type\":\"ListItem\",\"position\":2,\"name\":\"Lustro\"}]},{\"@type\":\"WebSite\",\"@id\":\"https:\\\/\\\/spinbetter.cash\\\/pl\\\/#website\",\"url\":\"https:\\\/\\\/spinbetter.cash\\\/pl\\\/\",\"name\":\"Spinbetter Football PL\",\"description\":\"\",\"potentialAction\":[{\"@type\":\"SearchAction\",\"target\":{\"@type\":\"EntryPoint\",\"urlTemplate\":\"https:\\\/\\\/spinbetter.cash\\\/pl\\\/?s={search_term_string}\"},\"query-input\":{\"@type\":\"PropertyValueSpecification\",\"valueRequired\":true,\"valueName\":\"search_term_string\"}}],\"inLanguage\":\"pl-PL\"}]}<\/script>\n<!-- \/ Yoast SEO plugin. -->","yoast_head_json":{"title":"SpinBetter Mirror | Szybki dost\u0119p do strony bez blokowania!","description":"U\u017cyj lustrzanego odbicia SpinBetter, aby omin\u0105\u0107 blokady. Otw\u00f3rz stron\u0119, obstawiaj zak\u0142ady sportowe i graj w kasynie bez ogranicze\u0144!","robots":{"index":"index","follow":"follow","max-snippet":"max-snippet:-1","max-image-preview":"max-image-preview:large","max-video-preview":"max-video-preview:-1"},"og_locale":"pl_PL","og_type":"article","og_title":"SpinBetter Mirror | Szybki dost\u0119p do strony bez blokowania!","og_description":"U\u017cyj lustrzanego odbicia SpinBetter, aby omin\u0105\u0107 blokady. Otw\u00f3rz stron\u0119, obstawiaj zak\u0142ady sportowe i graj w kasynie bez ogranicze\u0144!","og_url":"https:\/\/spinbetter.cash\/pl\/mirror\/","og_site_name":"Spinbetter Football PL","article_modified_time":"2025-12-11T16:11:37+00:00","twitter_card":"summary_large_image","schema":{"@context":"https:\/\/schema.org","@graph":[{"@type":"WebPage","@id":"https:\/\/spinbetter.cash\/pl\/mirror\/","url":"https:\/\/spinbetter.cash\/pl\/mirror\/","name":"SpinBetter Mirror | Szybki dost\u0119p do strony bez blokowania!","isPartOf":{"@id":"https:\/\/spinbetter.cash\/pl\/#website"},"datePublished":"2024-10-11T14:31:53+00:00","dateModified":"2025-12-11T16:11:37+00:00","description":"U\u017cyj lustrzanego odbicia SpinBetter, aby omin\u0105\u0107 blokady. Otw\u00f3rz stron\u0119, obstawiaj zak\u0142ady sportowe i graj w kasynie bez ogranicze\u0144!","breadcrumb":{"@id":"https:\/\/spinbetter.cash\/pl\/mirror\/#breadcrumb"},"inLanguage":"pl-PL","potentialAction":[{"@type":"ReadAction","target":["https:\/\/spinbetter.cash\/pl\/mirror\/"]}]},{"@type":"BreadcrumbList","@id":"https:\/\/spinbetter.cash\/pl\/mirror\/#breadcrumb","itemListElement":[{"@type":"ListItem","position":1,"name":"Home","item":"https:\/\/spinbetter.cash\/pl\/"},{"@type":"ListItem","position":2,"name":"Lustro"}]},{"@type":"WebSite","@id":"https:\/\/spinbetter.cash\/pl\/#website","url":"https:\/\/spinbetter.cash\/pl\/","name":"Spinbetter Football PL","description":"","potentialAction":[{"@type":"SearchAction","target":{"@type":"EntryPoint","urlTemplate":"https:\/\/spinbetter.cash\/pl\/?s={search_term_string}"},"query-input":{"@type":"PropertyValueSpecification","valueRequired":true,"valueName":"search_term_string"}}],"inLanguage":"pl-PL"}]}},"_links":{"self":[{"href":"https:\/\/spinbetter.cash\/pl\/wp-json\/wp\/v2\/pages\/449","targetHints":{"allow":["GET"]}}],"collection":[{"href":"https:\/\/spinbetter.cash\/pl\/wp-json\/wp\/v2\/pages"}],"about":[{"href":"https:\/\/spinbetter.cash\/pl\/wp-json\/wp\/v2\/types\/page"}],"author":[{"embeddable":true,"href":"https:\/\/spinbetter.cash\/pl\/wp-json\/wp\/v2\/users\/1"}],"replies":[{"embeddable":true,"href":"https:\/\/spinbetter.cash\/pl\/wp-json\/wp\/v2\/comments?post=449"}],"version-history":[{"count":24,"href":"https:\/\/spinbetter.cash\/pl\/wp-json\/wp\/v2\/pages\/449\/revisions"}],"predecessor-version":[{"id":693,"href":"https:\/\/spinbetter.cash\/pl\/wp-json\/wp\/v2\/pages\/449\/revisions\/693"}],"wp:attachment":[{"href":"https:\/\/spinbetter.cash\/pl\/wp-json\/wp\/v2\/media?parent=449"}],"curies":[{"name":"wp","href":"https:\/\/api.w.org\/{rel}","templated":true}]}}