{"id":434,"date":"2024-10-11T14:32:24","date_gmt":"2024-10-11T14:32:24","guid":{"rendered":"https:\/\/spinbetter.cash\/pl\/?page_id=434"},"modified":"2025-12-11T16:12:12","modified_gmt":"2025-12-11T16:12:12","slug":"player-reviews","status":"publish","type":"page","link":"https:\/\/spinbetter.cash\/pl\/player-reviews\/","title":{"rendered":"Recenzje graczy"},"content":{"rendered":"","protected":false},"excerpt":{"rendered":"","protected":false},"author":1,"featured_media":0,"parent":0,"menu_order":0,"comment_status":"closed","ping_status":"closed","template":"","meta":{"_acf_changed":false,"footnotes":""},"class_list":["post-434","page","type-page","status-publish","hentry"],"acf":[],"yoast_head":"<!-- This site is optimized with the Yoast SEO plugin v27.3 - https:\/\/yoast.com\/product\/yoast-seo-wordpress\/ -->\n<title>Opinie graczy o kasynie i bukmacherze SpinBetter<\/title>\n<meta name=\"description\" content=\"Przeczytaj, co gracze m\u00f3wi\u0105 o SpinBetter - dowiedz si\u0119, jak obstawiaj\u0105, wygrywaj\u0105 i otrzymuj\u0105 hojne bonusy!\" \/>\n<meta name=\"robots\" content=\"index, follow, max-snippet:-1, max-image-preview:large, max-video-preview:-1\" \/>\n<meta property=\"og:locale\" content=\"pl_PL\" \/>\n<meta property=\"og:type\" content=\"article\" \/>\n<meta property=\"og:title\" content=\"Opinie graczy o kasynie i bukmacherze SpinBetter\" \/>\n<meta property=\"og:description\" content=\"Przeczytaj, co gracze m\u00f3wi\u0105 o SpinBetter - dowiedz si\u0119, jak obstawiaj\u0105, wygrywaj\u0105 i otrzymuj\u0105 hojne bonusy!\" \/>\n<meta property=\"og:url\" content=\"https:\/\/spinbetter.cash\/pl\/player-reviews\/\" \/>\n<meta property=\"og:site_name\" content=\"Spinbetter Football PL\" \/>\n<meta property=\"article:modified_time\" content=\"2025-12-11T16:12:12+00:00\" \/>\n<meta name=\"twitter:card\" content=\"summary_large_image\" \/>\n<script type=\"application\/ld+json\" class=\"yoast-schema-graph\">{\"@context\":\"https:\\\/\\\/schema.org\",\"@graph\":[{\"@type\":\"WebPage\",\"@id\":\"https:\\\/\\\/spinbetter.cash\\\/pl\\\/player-reviews\\\/\",\"url\":\"https:\\\/\\\/spinbetter.cash\\\/pl\\\/player-reviews\\\/\",\"name\":\"Opinie graczy o kasynie i bukmacherze SpinBetter\",\"isPartOf\":{\"@id\":\"https:\\\/\\\/spinbetter.cash\\\/pl\\\/#website\"},\"datePublished\":\"2024-10-11T14:32:24+00:00\",\"dateModified\":\"2025-12-11T16:12:12+00:00\",\"description\":\"Przeczytaj, co gracze m\u00f3wi\u0105 o SpinBetter - dowiedz si\u0119, jak obstawiaj\u0105, wygrywaj\u0105 i otrzymuj\u0105 hojne bonusy!\",\"breadcrumb\":{\"@id\":\"https:\\\/\\\/spinbetter.cash\\\/pl\\\/player-reviews\\\/#breadcrumb\"},\"inLanguage\":\"pl-PL\",\"potentialAction\":[{\"@type\":\"ReadAction\",\"target\":[\"https:\\\/\\\/spinbetter.cash\\\/pl\\\/player-reviews\\\/\"]}]},{\"@type\":\"BreadcrumbList\",\"@id\":\"https:\\\/\\\/spinbetter.cash\\\/pl\\\/player-reviews\\\/#breadcrumb\",\"itemListElement\":[{\"@type\":\"ListItem\",\"position\":1,\"name\":\"Home\",\"item\":\"https:\\\/\\\/spinbetter.cash\\\/pl\\\/\"},{\"@type\":\"ListItem\",\"position\":2,\"name\":\"Recenzje graczy\"}]},{\"@type\":\"WebSite\",\"@id\":\"https:\\\/\\\/spinbetter.cash\\\/pl\\\/#website\",\"url\":\"https:\\\/\\\/spinbetter.cash\\\/pl\\\/\",\"name\":\"Spinbetter Football PL\",\"description\":\"\",\"potentialAction\":[{\"@type\":\"SearchAction\",\"target\":{\"@type\":\"EntryPoint\",\"urlTemplate\":\"https:\\\/\\\/spinbetter.cash\\\/pl\\\/?s={search_term_string}\"},\"query-input\":{\"@type\":\"PropertyValueSpecification\",\"valueRequired\":true,\"valueName\":\"search_term_string\"}}],\"inLanguage\":\"pl-PL\"}]}<\/script>\n<!-- \/ Yoast SEO plugin. -->","yoast_head_json":{"title":"Opinie graczy o kasynie i bukmacherze SpinBetter","description":"Przeczytaj, co gracze m\u00f3wi\u0105 o SpinBetter - dowiedz si\u0119, jak obstawiaj\u0105, wygrywaj\u0105 i otrzymuj\u0105 hojne bonusy!","robots":{"index":"index","follow":"follow","max-snippet":"max-snippet:-1","max-image-preview":"max-image-preview:large","max-video-preview":"max-video-preview:-1"},"og_locale":"pl_PL","og_type":"article","og_title":"Opinie graczy o kasynie i bukmacherze SpinBetter","og_description":"Przeczytaj, co gracze m\u00f3wi\u0105 o SpinBetter - dowiedz si\u0119, jak obstawiaj\u0105, wygrywaj\u0105 i otrzymuj\u0105 hojne bonusy!","og_url":"https:\/\/spinbetter.cash\/pl\/player-reviews\/","og_site_name":"Spinbetter Football PL","article_modified_time":"2025-12-11T16:12:12+00:00","twitter_card":"summary_large_image","schema":{"@context":"https:\/\/schema.org","@graph":[{"@type":"WebPage","@id":"https:\/\/spinbetter.cash\/pl\/player-reviews\/","url":"https:\/\/spinbetter.cash\/pl\/player-reviews\/","name":"Opinie graczy o kasynie i bukmacherze SpinBetter","isPartOf":{"@id":"https:\/\/spinbetter.cash\/pl\/#website"},"datePublished":"2024-10-11T14:32:24+00:00","dateModified":"2025-12-11T16:12:12+00:00","description":"Przeczytaj, co gracze m\u00f3wi\u0105 o SpinBetter - dowiedz si\u0119, jak obstawiaj\u0105, wygrywaj\u0105 i otrzymuj\u0105 hojne bonusy!","breadcrumb":{"@id":"https:\/\/spinbetter.cash\/pl\/player-reviews\/#breadcrumb"},"inLanguage":"pl-PL","potentialAction":[{"@type":"ReadAction","target":["https:\/\/spinbetter.cash\/pl\/player-reviews\/"]}]},{"@type":"BreadcrumbList","@id":"https:\/\/spinbetter.cash\/pl\/player-reviews\/#breadcrumb","itemListElement":[{"@type":"ListItem","position":1,"name":"Home","item":"https:\/\/spinbetter.cash\/pl\/"},{"@type":"ListItem","position":2,"name":"Recenzje graczy"}]},{"@type":"WebSite","@id":"https:\/\/spinbetter.cash\/pl\/#website","url":"https:\/\/spinbetter.cash\/pl\/","name":"Spinbetter Football PL","description":"","potentialAction":[{"@type":"SearchAction","target":{"@type":"EntryPoint","urlTemplate":"https:\/\/spinbetter.cash\/pl\/?s={search_term_string}"},"query-input":{"@type":"PropertyValueSpecification","valueRequired":true,"valueName":"search_term_string"}}],"inLanguage":"pl-PL"}]}},"_links":{"self":[{"href":"https:\/\/spinbetter.cash\/pl\/wp-json\/wp\/v2\/pages\/434","targetHints":{"allow":["GET"]}}],"collection":[{"href":"https:\/\/spinbetter.cash\/pl\/wp-json\/wp\/v2\/pages"}],"about":[{"href":"https:\/\/spinbetter.cash\/pl\/wp-json\/wp\/v2\/types\/page"}],"author":[{"embeddable":true,"href":"https:\/\/spinbetter.cash\/pl\/wp-json\/wp\/v2\/users\/1"}],"replies":[{"embeddable":true,"href":"https:\/\/spinbetter.cash\/pl\/wp-json\/wp\/v2\/comments?post=434"}],"version-history":[{"count":22,"href":"https:\/\/spinbetter.cash\/pl\/wp-json\/wp\/v2\/pages\/434\/revisions"}],"predecessor-version":[{"id":694,"href":"https:\/\/spinbetter.cash\/pl\/wp-json\/wp\/v2\/pages\/434\/revisions\/694"}],"wp:attachment":[{"href":"https:\/\/spinbetter.cash\/pl\/wp-json\/wp\/v2\/media?parent=434"}],"curies":[{"name":"wp","href":"https:\/\/api.w.org\/{rel}","templated":true}]}}