{"id":416,"date":"2024-10-11T14:31:11","date_gmt":"2024-10-11T14:31:11","guid":{"rendered":"https:\/\/spinbetter.cash\/pl\/?page_id=416"},"modified":"2025-12-11T16:09:04","modified_gmt":"2025-12-11T16:09:04","slug":"download","status":"publish","type":"page","link":"https:\/\/spinbetter.cash\/pl\/download\/","title":{"rendered":"Pobierz"},"content":{"rendered":"","protected":false},"excerpt":{"rendered":"","protected":false},"author":1,"featured_media":0,"parent":0,"menu_order":0,"comment_status":"closed","ping_status":"closed","template":"","meta":{"_acf_changed":false,"footnotes":""},"class_list":["post-416","page","type-page","status-publish","hentry"],"acf":[],"yoast_head":"<!-- This site is optimized with the Yoast SEO plugin v27.3 - https:\/\/yoast.com\/product\/yoast-seo-wordpress\/ -->\n<title>SpinBetter Aplikacja \u2b50 Pobierz Kasyno Online na Smartfon<\/title>\n<meta name=\"description\" content=\"SpinBetter Aplikacja \u2728 korzystaj z certyfikowanej mobilnej platformy z p\u0142ynn\u0105 nawigacj\u0105, bezpiecznym zarz\u0105dzaniem kontem, szybkimi aktualizacjami i wygodnym dost\u0119pem do pe\u0142nej oferty serwisu.\" \/>\n<meta name=\"robots\" content=\"index, follow, max-snippet:-1, max-image-preview:large, max-video-preview:-1\" \/>\n<meta property=\"og:locale\" content=\"pl_PL\" \/>\n<meta property=\"og:type\" content=\"article\" \/>\n<meta property=\"og:title\" content=\"SpinBetter Aplikacja \u2b50 Pobierz Kasyno Online na Smartfon\" \/>\n<meta property=\"og:description\" content=\"SpinBetter Aplikacja \u2728 korzystaj z certyfikowanej mobilnej platformy z p\u0142ynn\u0105 nawigacj\u0105, bezpiecznym zarz\u0105dzaniem kontem, szybkimi aktualizacjami i wygodnym dost\u0119pem do pe\u0142nej oferty serwisu.\" \/>\n<meta property=\"og:url\" content=\"https:\/\/spinbetter.cash\/pl\/download\/\" \/>\n<meta property=\"og:site_name\" content=\"Spinbetter Football PL\" \/>\n<meta property=\"article:modified_time\" content=\"2025-12-11T16:09:04+00:00\" \/>\n<meta name=\"twitter:card\" content=\"summary_large_image\" \/>\n<script type=\"application\/ld+json\" class=\"yoast-schema-graph\">{\"@context\":\"https:\\\/\\\/schema.org\",\"@graph\":[{\"@type\":\"WebPage\",\"@id\":\"https:\\\/\\\/spinbetter.cash\\\/pl\\\/download\\\/\",\"url\":\"https:\\\/\\\/spinbetter.cash\\\/pl\\\/download\\\/\",\"name\":\"SpinBetter Aplikacja \u2b50 Pobierz Kasyno Online na Smartfon\",\"isPartOf\":{\"@id\":\"https:\\\/\\\/spinbetter.cash\\\/pl\\\/#website\"},\"datePublished\":\"2024-10-11T14:31:11+00:00\",\"dateModified\":\"2025-12-11T16:09:04+00:00\",\"description\":\"SpinBetter Aplikacja \u2728 korzystaj z certyfikowanej mobilnej platformy z p\u0142ynn\u0105 nawigacj\u0105, bezpiecznym zarz\u0105dzaniem kontem, szybkimi aktualizacjami i wygodnym dost\u0119pem do pe\u0142nej oferty serwisu.\",\"breadcrumb\":{\"@id\":\"https:\\\/\\\/spinbetter.cash\\\/pl\\\/download\\\/#breadcrumb\"},\"inLanguage\":\"pl-PL\",\"potentialAction\":[{\"@type\":\"ReadAction\",\"target\":[\"https:\\\/\\\/spinbetter.cash\\\/pl\\\/download\\\/\"]}]},{\"@type\":\"BreadcrumbList\",\"@id\":\"https:\\\/\\\/spinbetter.cash\\\/pl\\\/download\\\/#breadcrumb\",\"itemListElement\":[{\"@type\":\"ListItem\",\"position\":1,\"name\":\"Home\",\"item\":\"https:\\\/\\\/spinbetter.cash\\\/pl\\\/\"},{\"@type\":\"ListItem\",\"position\":2,\"name\":\"Pobierz\"}]},{\"@type\":\"WebSite\",\"@id\":\"https:\\\/\\\/spinbetter.cash\\\/pl\\\/#website\",\"url\":\"https:\\\/\\\/spinbetter.cash\\\/pl\\\/\",\"name\":\"Spinbetter Football PL\",\"description\":\"\",\"potentialAction\":[{\"@type\":\"SearchAction\",\"target\":{\"@type\":\"EntryPoint\",\"urlTemplate\":\"https:\\\/\\\/spinbetter.cash\\\/pl\\\/?s={search_term_string}\"},\"query-input\":{\"@type\":\"PropertyValueSpecification\",\"valueRequired\":true,\"valueName\":\"search_term_string\"}}],\"inLanguage\":\"pl-PL\"}]}<\/script>\n<!-- \/ Yoast SEO plugin. -->","yoast_head_json":{"title":"SpinBetter Aplikacja \u2b50 Pobierz Kasyno Online na Smartfon","description":"SpinBetter Aplikacja \u2728 korzystaj z certyfikowanej mobilnej platformy z p\u0142ynn\u0105 nawigacj\u0105, bezpiecznym zarz\u0105dzaniem kontem, szybkimi aktualizacjami i wygodnym dost\u0119pem do pe\u0142nej oferty serwisu.","robots":{"index":"index","follow":"follow","max-snippet":"max-snippet:-1","max-image-preview":"max-image-preview:large","max-video-preview":"max-video-preview:-1"},"og_locale":"pl_PL","og_type":"article","og_title":"SpinBetter Aplikacja \u2b50 Pobierz Kasyno Online na Smartfon","og_description":"SpinBetter Aplikacja \u2728 korzystaj z certyfikowanej mobilnej platformy z p\u0142ynn\u0105 nawigacj\u0105, bezpiecznym zarz\u0105dzaniem kontem, szybkimi aktualizacjami i wygodnym dost\u0119pem do pe\u0142nej oferty serwisu.","og_url":"https:\/\/spinbetter.cash\/pl\/download\/","og_site_name":"Spinbetter Football PL","article_modified_time":"2025-12-11T16:09:04+00:00","twitter_card":"summary_large_image","schema":{"@context":"https:\/\/schema.org","@graph":[{"@type":"WebPage","@id":"https:\/\/spinbetter.cash\/pl\/download\/","url":"https:\/\/spinbetter.cash\/pl\/download\/","name":"SpinBetter Aplikacja \u2b50 Pobierz Kasyno Online na Smartfon","isPartOf":{"@id":"https:\/\/spinbetter.cash\/pl\/#website"},"datePublished":"2024-10-11T14:31:11+00:00","dateModified":"2025-12-11T16:09:04+00:00","description":"SpinBetter Aplikacja \u2728 korzystaj z certyfikowanej mobilnej platformy z p\u0142ynn\u0105 nawigacj\u0105, bezpiecznym zarz\u0105dzaniem kontem, szybkimi aktualizacjami i wygodnym dost\u0119pem do pe\u0142nej oferty serwisu.","breadcrumb":{"@id":"https:\/\/spinbetter.cash\/pl\/download\/#breadcrumb"},"inLanguage":"pl-PL","potentialAction":[{"@type":"ReadAction","target":["https:\/\/spinbetter.cash\/pl\/download\/"]}]},{"@type":"BreadcrumbList","@id":"https:\/\/spinbetter.cash\/pl\/download\/#breadcrumb","itemListElement":[{"@type":"ListItem","position":1,"name":"Home","item":"https:\/\/spinbetter.cash\/pl\/"},{"@type":"ListItem","position":2,"name":"Pobierz"}]},{"@type":"WebSite","@id":"https:\/\/spinbetter.cash\/pl\/#website","url":"https:\/\/spinbetter.cash\/pl\/","name":"Spinbetter Football PL","description":"","potentialAction":[{"@type":"SearchAction","target":{"@type":"EntryPoint","urlTemplate":"https:\/\/spinbetter.cash\/pl\/?s={search_term_string}"},"query-input":{"@type":"PropertyValueSpecification","valueRequired":true,"valueName":"search_term_string"}}],"inLanguage":"pl-PL"}]}},"_links":{"self":[{"href":"https:\/\/spinbetter.cash\/pl\/wp-json\/wp\/v2\/pages\/416","targetHints":{"allow":["GET"]}}],"collection":[{"href":"https:\/\/spinbetter.cash\/pl\/wp-json\/wp\/v2\/pages"}],"about":[{"href":"https:\/\/spinbetter.cash\/pl\/wp-json\/wp\/v2\/types\/page"}],"author":[{"embeddable":true,"href":"https:\/\/spinbetter.cash\/pl\/wp-json\/wp\/v2\/users\/1"}],"replies":[{"embeddable":true,"href":"https:\/\/spinbetter.cash\/pl\/wp-json\/wp\/v2\/comments?post=416"}],"version-history":[{"count":27,"href":"https:\/\/spinbetter.cash\/pl\/wp-json\/wp\/v2\/pages\/416\/revisions"}],"predecessor-version":[{"id":685,"href":"https:\/\/spinbetter.cash\/pl\/wp-json\/wp\/v2\/pages\/416\/revisions\/685"}],"wp:attachment":[{"href":"https:\/\/spinbetter.cash\/pl\/wp-json\/wp\/v2\/media?parent=416"}],"curies":[{"name":"wp","href":"https:\/\/api.w.org\/{rel}","templated":true}]}}